{"id":1738,"date":"2024-11-18T11:26:28","date_gmt":"2024-11-18T10:26:28","guid":{"rendered":"https:\/\/sailproof.shop\/?page_id=1738"},"modified":"2026-03-24T14:34:45","modified_gmt":"2026-03-24T13:34:45","slug":"versand","status":"publish","type":"page","link":"https:\/\/sailproof.shop\/de\/versand\/","title":{"rendered":"Versand"},"content":{"rendered":"\n<h2 class=\"wp-block-heading\">Versand<\/h2>\n\n\n\n<p>Unsere Versandkosten beinhalten Verpackungs-, Bearbeitungs- und Transportkosten. Sie werden an der Kasse berechnet und k\u00f6nnen vor der Best\u00e4tigung der Bestellung eingesehen werden. Je nach Zielort und Gewicht k\u00f6nnen die Versandkosten ab einem bestimmten Betrag angeboten werden, abh\u00e4ngig vom gew\u00e4hlten Betreiber. Alle unten genannten Preise sind inklusive Steuern.<\/p>\n\n\n\n<p>Wir liefern in die ganze Welt. Ein Tracking-Link wird Ihnen nach Best\u00e4tigung der Bestellung zugesandt. Wir legen gro\u00dfen Wert darauf, Ihre Pakete so schnell wie m\u00f6glich zu versenden. Je nach Zielort dauert dies in der Regel zwischen 3 und 8 Werktagen. Die genauen Fristen werden Ihnen im Tracking-Link best\u00e4tigt, den Sie beim Versand erhalten. Wir bem\u00fchen uns, dass Sie Ihren Artikel innerhalb des angegebenen Zeitrahmens erhalten. Diese Lieferzeiten werden jedoch nur zu Informationszwecken genannt und SailProof kann nicht f\u00fcr eventuelle Verz\u00f6gerungen verantwortlich gemacht werden.<\/p>\n\n\n\n<p>Wir sind\u00a0daran\u00a0gew\u00f6hnt, in <strong>abgelegeneRegionen<\/strong>\u00a0zu\u00a0liefern (wie die Karibik, S\u00fcdostasien, den Indischen\u00a0Ozean\u00a0oder\u00a0zu den Pazifikinseln). Z\u00f6gern Sie nicht, uns\u00a0vor der Bestellung\u00a0zu\u00a0kontaktieren, um die beste\u00a0L\u00f6sung\u00a0zu\u00a0finden. Wir haben\u00a0au\u00dferdem\u00a0weltweit\u00a0<strong>Vertriebspartner<\/strong>: Bitte pr\u00fcfen Sie dazu\u00a0<a href=\"https:\/\/sailproof.shop\/de\/wo-sie-uns-finden-koennen\/\" target=\"_blank\" rel=\"noreferrer noopener\">die vollst\u00e4ndige\u00a0Liste. <\/a>Diese\u00a0haben das ben\u00f6tigte\u00a0Ger\u00e4t\u00a0m\u00f6glicherweise nicht auf Lager, aber Sie k\u00f6nnen\u00a0Ihr Paket vorab\u00a0sicher\u00a0dorthin\u00a0liefern\u00a0lassen und es bei\u00a0Ihrer\u00a0Ankunft\u00a0im Hafen abholen.<\/p>\n\n\n\n<h3 class=\"wp-block-heading\"><strong>Lieferzeiten<\/strong><\/h3>\n\n\n\n<p><strong>STANDARD<\/strong>&nbsp;Lieferungen&nbsp;&nbsp;(nur&nbsp;innerhalb der <strong>Europ\u00e4ischen<\/strong><strong> Union<\/strong>) werden&nbsp;\u00fcber&nbsp;<strong>DPD<\/strong>&nbsp;versendet. \u00dcbliche&nbsp;Lieferzeiten&nbsp;sind:<\/p>\n\n\n\n<ul class=\"wp-block-list\">\n<li>Benelux: 1\u00a0Werktag<\/li>\n\n\n\n<li>Frankreich: 2 Werktage<\/li>\n\n\n\n<li>Deutschland: 2 Werktage<\/li>\n\n\n\n<li>Spanien, Italien: 3-4 Werktage<\/li>\n\n\n\n<li>Andere L\u00e4nder: 1-6 Werktage, bitte <a href=\"https:\/\/www.dpd.com\/be\/en\/sending\/international-delivery\/delivery-time\/\" target=\"_blank\" rel=\"noreferrer noopener\">pr\u00fcfen Sie hier\u00a0genaue\u00a0Informationen\u00a0dazu. <\/a>\u00a0<\/li>\n<\/ul>\n\n\n\n<p><strong>EXPRESS<\/strong>&nbsp;Lieferungen&nbsp;werden&nbsp;\u00fcber&nbsp;<strong>DHL<\/strong>&nbsp;versendet. \u00dcbliche&nbsp;Lieferzeiten&nbsp;sind:<\/p>\n\n\n\n<ul class=\"wp-block-list\">\n<li>Benelux: 1 Werktag<\/li>\n\n\n\n<li>Frankreich: 1-2 Werktage<\/li>\n\n\n\n<li>Deutschland, D\u00e4nemark: 1-2 Werktage<\/li>\n\n\n\n<li>Spanien, Italien: 2-3 Werktage<\/li>\n\n\n\n<li>Andere EU-L\u00e4nder: 1-4 Werktage<\/li>\n\n\n\n<li>USA-Kanada: 2-4 Werktage\u00a0(ausgenommen\u00a0abgelegene\u00a0Regionen)<\/li>\n\n\n\n<li>Australien-Neuseeland Zealand: 3-5 Werktage\u00a0(ausgenommen\u00a0abgelegene\u00a0Regionen)<\/li>\n\n\n\n<li>Rest der Welt: 3-7 Werktage<\/li>\n<\/ul>\n\n\n\n<p>Hinweis: Um maximale Sicherheit zu&nbsp;gew\u00e4hrleisten, werden&nbsp;<strong>Lieferungen<\/strong><strong>mit<\/strong><strong>hohem<\/strong><strong>Warenwert<\/strong> (\u00fcber 400 \u20ac inkl. MwSt.) ausschlie\u00dflich per EXPRESS-Versand&nbsp;mit DHL abgewickelt.<\/p>\n\n\n\n<h3 class=\"wp-block-heading\">Besch\u00e4digtes paket?<\/h3>\n\n\n\n<p>Wir achten auch darauf, die Produkte so gut wie m\u00f6glich zu verpacken, um sicherzustellen, dass Sie sie in perfektem Zustand erhalten. Ein Unfall kann jedoch immer passieren. Wenn Ihr Paket besch\u00e4digt ankommt, kontaktieren Sie uns bitte so schnell wie m\u00f6glich \u00fcber das Formular auf der Kontaktseite oder per E-Mail. Vergessen Sie nicht, Fotos des Pakets beizuf\u00fcgen.<\/p>\n\n\n\n<h3 class=\"wp-block-heading\">Lieferungen ausserhalb der Europ\u00e4ischen Union<\/h3>\n\n\n\n<p>Au\u00dferhalb der Europ\u00e4ischen Union sind die Preise ohne Mehrwertsteuer angegeben. F\u00fcr diese Bestellungen berechnen wir keine europ\u00e4ische Steuer. Je nach Bestimmungsort k\u00f6nnen f\u00fcr diese Bestellungen nationale Steuern und Zollgeb\u00fchren anfallen, die Sie bei Erhalt des Pakets im Land entrichten m\u00fcssen. Alle Kosten, die durch die Bestellung entstehen (Z\u00f6lle, Steuern, Einfuhrabgaben, Lagergeb\u00fchren oder andere Geb\u00fchren), sind vom Empf\u00e4nger zu tragen.<\/p>\n\n\n\n<p>SailProof deckt eventuelle Transportsch\u00e4den. Der Zoll hat das Recht, Pakete zu pr\u00fcfen und zu \u00f6ffnen, um Kontrollen durchzuf\u00fchren. Wenn Sie weitere Informationen \u00fcber Zollformalit\u00e4ten, Verz\u00f6gerungen und deren Kosten w\u00fcnschen, wenden Sie sich bitte an die Zollbeh\u00f6rden Ihres Landes. Au\u00dferhalb Europas liegen die Kosten f\u00fcr die R\u00fccksendung von Waren ebenfalls in der Verantwortung des Kunden, es sei denn, SailProof hat im Voraus etwas anderes vereinbart.<\/p>\n\n\n\n<p>Es ist zu beachten, dass internationale Sendungen in bestimmte L\u00e4nder Lieferbeschr\u00e4nkungen unterliegen k\u00f6nnen. Es liegt in Ihrer Verantwortung, sich zu vergewissern, dass die von Ihnen bestellten Produkte mit den im Bestimmungsland geltenden Gesetzen \u00fcbereinstimmen. Es ist auch m\u00f6glich, dass die Herstellergarantie nicht gilt, dass Herstellerleistungen nicht erbracht werden, dass Sicherheitshinweise und Anleitungen nicht in die Landessprache \u00fcbersetzt sind, dass Produkte (und Zubeh\u00f6r) nicht der im Land geltenden Gesetzgebung entsprechen, dass Kennzeichnungsangaben und -anforderungen nicht den lokalen Normen entsprechen und dass Produkte nicht an die aktuellen Spannungen und elektrischen Normen des Ziellandes angepasst sind.<\/p>\n","protected":false},"excerpt":{"rendered":"<p>Versand Unsere Versandkosten beinhalten Verpackungs-, Bearbeitungs- und Transportkosten. Sie werden an der Kasse berechnet und k\u00f6nnen vor der Best\u00e4tigung der Bestellung eingesehen werden. Je nach Zielort und Gewicht k\u00f6nnen die Versandkosten ab einem bestimmten Betrag angeboten werden, abh\u00e4ngig vom gew\u00e4hlten Betreiber. Alle unten genannten Preise sind inklusive Steuern. Wir liefern in die ganze Welt. Ein [&hellip;]<\/p>\n","protected":false},"author":1,"featured_media":0,"parent":0,"menu_order":0,"comment_status":"closed","ping_status":"closed","template":"","meta":{"footnotes":""},"class_list":["post-1738","page","type-page","status-publish","has-post-thumbnail","hentry"],"yoast_head":"<!-- This site is optimized with the Yoast SEO plugin v27.5 - https:\/\/yoast.com\/product\/yoast-seo-wordpress\/ -->\n<title>Informationen zu den Lieferungen<\/title>\n<meta name=\"description\" content=\"Wir liefern unsere robusten Tabletten, wasserdichte Ger\u00e4te f\u00fcr Segler und Bootsbesitzer auf der ganzen Welt, \u00fcberpr\u00fcfen\" \/>\n<meta name=\"robots\" content=\"index, follow, max-snippet:-1, max-image-preview:large, max-video-preview:-1\" \/>\n<link rel=\"canonical\" href=\"https:\/\/sailproof.shop\/de\/versand\/\" \/>\n<meta property=\"og:locale\" content=\"de_DE\" \/>\n<meta property=\"og:type\" content=\"article\" \/>\n<meta property=\"og:title\" content=\"Informationen zu den Lieferungen\" \/>\n<meta property=\"og:description\" content=\"Wir liefern unsere robusten Tabletten, wasserdichte Ger\u00e4te f\u00fcr Segler und Bootsbesitzer auf der ganzen Welt, \u00fcberpr\u00fcfen\" \/>\n<meta property=\"og:url\" content=\"https:\/\/sailproof.shop\/de\/versand\/\" \/>\n<meta property=\"og:site_name\" content=\"SailProof shop\" \/>\n<meta property=\"article:publisher\" content=\"https:\/\/www.facebook.com\/sailproof\" \/>\n<meta property=\"article:modified_time\" content=\"2026-03-24T13:34:45+00:00\" \/>\n<meta property=\"og:image\" content=\"https:\/\/sailproof.shop\/wp-content\/uploads\/2025\/01\/SailProof.png\" \/>\n\t<meta property=\"og:image:width\" content=\"1200\" \/>\n\t<meta property=\"og:image:height\" content=\"675\" \/>\n\t<meta property=\"og:image:type\" content=\"image\/png\" \/>\n<meta name=\"twitter:card\" content=\"summary_large_image\" \/>\n<meta name=\"twitter:site\" content=\"@SailproofShop\" \/>\n<meta name=\"twitter:label1\" content=\"Gesch\u00e4tzte Lesezeit\" \/>\n\t<meta name=\"twitter:data1\" content=\"3\u00a0Minute\" \/>\n<script type=\"application\/ld+json\" class=\"yoast-schema-graph\">{\"@context\":\"https:\\\/\\\/schema.org\",\"@graph\":[{\"@type\":\"WebPage\",\"@id\":\"https:\\\/\\\/sailproof.shop\\\/de\\\/versand\\\/\",\"url\":\"https:\\\/\\\/sailproof.shop\\\/de\\\/versand\\\/\",\"name\":\"Informationen zu den Lieferungen\",\"isPartOf\":{\"@id\":\"https:\\\/\\\/sailproof.shop\\\/de\\\/#website\"},\"datePublished\":\"2024-11-18T10:26:28+00:00\",\"dateModified\":\"2026-03-24T13:34:45+00:00\",\"description\":\"Wir liefern unsere robusten Tabletten, wasserdichte Ger\u00e4te f\u00fcr Segler und Bootsbesitzer auf der ganzen Welt, \u00fcberpr\u00fcfen\",\"breadcrumb\":{\"@id\":\"https:\\\/\\\/sailproof.shop\\\/de\\\/versand\\\/#breadcrumb\"},\"inLanguage\":\"de\",\"potentialAction\":[{\"@type\":\"ReadAction\",\"target\":[\"https:\\\/\\\/sailproof.shop\\\/de\\\/versand\\\/\"]}]},{\"@type\":\"BreadcrumbList\",\"@id\":\"https:\\\/\\\/sailproof.shop\\\/de\\\/versand\\\/#breadcrumb\",\"itemListElement\":[{\"@type\":\"ListItem\",\"position\":1,\"name\":\"Startseite\",\"item\":\"https:\\\/\\\/sailproof.shop\\\/de\\\/\"},{\"@type\":\"ListItem\",\"position\":2,\"name\":\"Versand\"}]},{\"@type\":\"WebSite\",\"@id\":\"https:\\\/\\\/sailproof.shop\\\/de\\\/#website\",\"url\":\"https:\\\/\\\/sailproof.shop\\\/de\\\/\",\"name\":\"SailProof Shop\",\"description\":\"Rugged tablets and waterproof electronic device for sailors\",\"publisher\":{\"@id\":\"https:\\\/\\\/sailproof.shop\\\/de\\\/#organization\"},\"alternateName\":\"SailProof Shop\",\"potentialAction\":[{\"@type\":\"SearchAction\",\"target\":{\"@type\":\"EntryPoint\",\"urlTemplate\":\"https:\\\/\\\/sailproof.shop\\\/de\\\/?s={search_term_string}\"},\"query-input\":{\"@type\":\"PropertyValueSpecification\",\"valueRequired\":true,\"valueName\":\"search_term_string\"}}],\"inLanguage\":\"de\"},{\"@type\":\"Organization\",\"@id\":\"https:\\\/\\\/sailproof.shop\\\/de\\\/#organization\",\"name\":\"SailProof Shop\",\"url\":\"https:\\\/\\\/sailproof.shop\\\/de\\\/\",\"logo\":{\"@type\":\"ImageObject\",\"inLanguage\":\"de\",\"@id\":\"https:\\\/\\\/sailproof.shop\\\/de\\\/#\\\/schema\\\/logo\\\/image\\\/\",\"url\":\"https:\\\/\\\/sailproof.shop\\\/wp-content\\\/uploads\\\/2024\\\/10\\\/Logo-SailProof.png\",\"contentUrl\":\"https:\\\/\\\/sailproof.shop\\\/wp-content\\\/uploads\\\/2024\\\/10\\\/Logo-SailProof.png\",\"width\":160,\"height\":57,\"caption\":\"SailProof Shop\"},\"image\":{\"@id\":\"https:\\\/\\\/sailproof.shop\\\/de\\\/#\\\/schema\\\/logo\\\/image\\\/\"},\"sameAs\":[\"https:\\\/\\\/www.facebook.com\\\/sailproof\",\"https:\\\/\\\/x.com\\\/SailproofShop\",\"https:\\\/\\\/instagram.com\\\/sail.proof\",\"https:\\\/\\\/www.linkedin.com\\\/company\\\/sailproofshop\\\/\",\"https:\\\/\\\/www.pinterest.com\\\/SailProof\\\/\",\"https:\\\/\\\/www.youtube.com\\\/channel\\\/UClR4lWJvI8KoSGnCbLYPaFg\"]}]}<\/script>\n<!-- \/ Yoast SEO plugin. -->","yoast_head_json":{"title":"Informationen zu den Lieferungen","description":"Wir liefern unsere robusten Tabletten, wasserdichte Ger\u00e4te f\u00fcr Segler und Bootsbesitzer auf der ganzen Welt, \u00fcberpr\u00fcfen","robots":{"index":"index","follow":"follow","max-snippet":"max-snippet:-1","max-image-preview":"max-image-preview:large","max-video-preview":"max-video-preview:-1"},"canonical":"https:\/\/sailproof.shop\/de\/versand\/","og_locale":"de_DE","og_type":"article","og_title":"Informationen zu den Lieferungen","og_description":"Wir liefern unsere robusten Tabletten, wasserdichte Ger\u00e4te f\u00fcr Segler und Bootsbesitzer auf der ganzen Welt, \u00fcberpr\u00fcfen","og_url":"https:\/\/sailproof.shop\/de\/versand\/","og_site_name":"SailProof shop","article_publisher":"https:\/\/www.facebook.com\/sailproof","article_modified_time":"2026-03-24T13:34:45+00:00","og_image":[{"width":1200,"height":675,"url":"https:\/\/sailproof.shop\/wp-content\/uploads\/2025\/01\/SailProof.png","type":"image\/png"}],"twitter_card":"summary_large_image","twitter_site":"@SailproofShop","twitter_misc":{"Gesch\u00e4tzte Lesezeit":"3\u00a0Minute"},"schema":{"@context":"https:\/\/schema.org","@graph":[{"@type":"WebPage","@id":"https:\/\/sailproof.shop\/de\/versand\/","url":"https:\/\/sailproof.shop\/de\/versand\/","name":"Informationen zu den Lieferungen","isPartOf":{"@id":"https:\/\/sailproof.shop\/de\/#website"},"datePublished":"2024-11-18T10:26:28+00:00","dateModified":"2026-03-24T13:34:45+00:00","description":"Wir liefern unsere robusten Tabletten, wasserdichte Ger\u00e4te f\u00fcr Segler und Bootsbesitzer auf der ganzen Welt, \u00fcberpr\u00fcfen","breadcrumb":{"@id":"https:\/\/sailproof.shop\/de\/versand\/#breadcrumb"},"inLanguage":"de","potentialAction":[{"@type":"ReadAction","target":["https:\/\/sailproof.shop\/de\/versand\/"]}]},{"@type":"BreadcrumbList","@id":"https:\/\/sailproof.shop\/de\/versand\/#breadcrumb","itemListElement":[{"@type":"ListItem","position":1,"name":"Startseite","item":"https:\/\/sailproof.shop\/de\/"},{"@type":"ListItem","position":2,"name":"Versand"}]},{"@type":"WebSite","@id":"https:\/\/sailproof.shop\/de\/#website","url":"https:\/\/sailproof.shop\/de\/","name":"SailProof Shop","description":"Rugged tablets and waterproof electronic device for sailors","publisher":{"@id":"https:\/\/sailproof.shop\/de\/#organization"},"alternateName":"SailProof Shop","potentialAction":[{"@type":"SearchAction","target":{"@type":"EntryPoint","urlTemplate":"https:\/\/sailproof.shop\/de\/?s={search_term_string}"},"query-input":{"@type":"PropertyValueSpecification","valueRequired":true,"valueName":"search_term_string"}}],"inLanguage":"de"},{"@type":"Organization","@id":"https:\/\/sailproof.shop\/de\/#organization","name":"SailProof Shop","url":"https:\/\/sailproof.shop\/de\/","logo":{"@type":"ImageObject","inLanguage":"de","@id":"https:\/\/sailproof.shop\/de\/#\/schema\/logo\/image\/","url":"https:\/\/sailproof.shop\/wp-content\/uploads\/2024\/10\/Logo-SailProof.png","contentUrl":"https:\/\/sailproof.shop\/wp-content\/uploads\/2024\/10\/Logo-SailProof.png","width":160,"height":57,"caption":"SailProof Shop"},"image":{"@id":"https:\/\/sailproof.shop\/de\/#\/schema\/logo\/image\/"},"sameAs":["https:\/\/www.facebook.com\/sailproof","https:\/\/x.com\/SailproofShop","https:\/\/instagram.com\/sail.proof","https:\/\/www.linkedin.com\/company\/sailproofshop\/","https:\/\/www.pinterest.com\/SailProof\/","https:\/\/www.youtube.com\/channel\/UClR4lWJvI8KoSGnCbLYPaFg"]}]}},"_links":{"self":[{"href":"https:\/\/sailproof.shop\/de\/wp-json\/wp\/v2\/pages\/1738","targetHints":{"allow":["GET"]}}],"collection":[{"href":"https:\/\/sailproof.shop\/de\/wp-json\/wp\/v2\/pages"}],"about":[{"href":"https:\/\/sailproof.shop\/de\/wp-json\/wp\/v2\/types\/page"}],"author":[{"embeddable":true,"href":"https:\/\/sailproof.shop\/de\/wp-json\/wp\/v2\/users\/1"}],"replies":[{"embeddable":true,"href":"https:\/\/sailproof.shop\/de\/wp-json\/wp\/v2\/comments?post=1738"}],"version-history":[{"count":7,"href":"https:\/\/sailproof.shop\/de\/wp-json\/wp\/v2\/pages\/1738\/revisions"}],"predecessor-version":[{"id":101098,"href":"https:\/\/sailproof.shop\/de\/wp-json\/wp\/v2\/pages\/1738\/revisions\/101098"}],"wp:attachment":[{"href":"https:\/\/sailproof.shop\/de\/wp-json\/wp\/v2\/media?parent=1738"}],"curies":[{"name":"wp","href":"https:\/\/api.w.org\/{rel}","templated":true}]}}