{"id":1755,"date":"2024-11-18T11:31:49","date_gmt":"2024-11-18T10:31:49","guid":{"rendered":"https:\/\/sailproof.shop\/?page_id=1755"},"modified":"2026-03-24T14:34:45","modified_gmt":"2026-03-24T13:34:45","slug":"rueckgabe","status":"publish","type":"page","link":"https:\/\/sailproof.shop\/de\/rueckgabe\/","title":{"rendered":"R\u00fcckgabe"},"content":{"rendered":"\n<h2 class=\"wp-block-heading\">R\u00fcckgabe<\/h2>\n\n\n\n<p>Wir werden das Produkt entweder ersetzen oder den Wert der zur\u00fcckgesandten Ware nach Erhalt und Pr\u00fcfung der Artikel erstatten. Z\u00f6gern Sie nicht, uns \u00fcber unser&nbsp;<a href=\"https:\/\/sailproof.shop\/de\/kontakt\/\">Kontaktformular hier<\/a>&nbsp;zu kontaktieren.<\/p>\n\n\n\n<h3 class=\"wp-block-heading\">Widerrufsrecht<\/h3>\n\n\n\n<p>Der Verbraucher, der Produkte beim Verk\u00e4ufer bestellt, hat eine Frist von 14 Kalendertagen ab dem Datum der Lieferung der Produkte oder der Benachrichtigung \u00fcber deren Verf\u00fcgbarkeit am gew\u00e4hlten Abholort, um dem Verk\u00e4ufer mitzuteilen, dass er vom Kauf zur\u00fccktreten m\u00f6chte, ohne Strafen und ohne Angabe von Gr\u00fcnden.<\/p>\n\n\n\n<p>Der Verbraucher kann dem Verk\u00e4ufer seinen Wunsch, vom Kauf zur\u00fcckzutreten, mit Hilfe des\u00a0<a href=\"https:\/\/sailproof.shop\/withdrawalde\/\">hier verf\u00fcgbaren<\/a>\u00a0R\u00fccktrittsformulars mitteilen. Wenn diese Frist an einem Samstag, Sonntag oder Feiertag abl\u00e4uft, wird sie auf den n\u00e4chsten Werktag verl\u00e4ngert.<\/p>\n\n\n\n<p>Der Verbraucher hat das\/die Produkt(e), von dessen\/deren Kauf er zur\u00fcckgetreten ist, in einwandfreiem Zustand und in der Originalverpackung zur\u00fcckzusenden. Nur die unmittelbaren Kosten der R\u00fccksendung gehen ausschlie\u00dflich zu Lasten des Verbrauchers. Der Verk\u00e4ufer erstattet den gezahlten Betrag so schnell wie m\u00f6glich, sp\u00e4testens jedoch innerhalb von 14 Tagen nach der R\u00fccksendung.<\/p>\n\n\n\n<p>Der Verbraucher, der ein Produkt vor Ablauf der Widerrufsfrist \u00f6ffnet oder benutzt, gilt als Verzicht auf die Aus\u00fcbung des Widerrufsrechts in Bezug auf dieses Produkt.<\/p>\n\n\n\n<p>Der Verbraucher kann das Widerrufsrecht nicht aus\u00fcben, wenn einer der in Artikel 53 des Buches VI des Wirtschaftsgesetzbuches genannten Ausnahmef\u00e4lle vorliegt.<\/p>\n","protected":false},"excerpt":{"rendered":"<p>R\u00fcckgabe Wir werden das Produkt entweder ersetzen oder den Wert der zur\u00fcckgesandten Ware nach Erhalt und Pr\u00fcfung der Artikel erstatten. Z\u00f6gern Sie nicht, uns \u00fcber unser&nbsp;Kontaktformular hier&nbsp;zu kontaktieren. Widerrufsrecht Der Verbraucher, der Produkte beim Verk\u00e4ufer bestellt, hat eine Frist von 14 Kalendertagen ab dem Datum der Lieferung der Produkte oder der Benachrichtigung \u00fcber deren Verf\u00fcgbarkeit [&hellip;]<\/p>\n","protected":false},"author":1,"featured_media":0,"parent":0,"menu_order":0,"comment_status":"closed","ping_status":"closed","template":"","meta":{"footnotes":""},"class_list":["post-1755","page","type-page","status-publish","has-post-thumbnail","hentry"],"yoast_head":"<!-- This site is optimized with the Yoast SEO plugin v27.3 - https:\/\/yoast.com\/product\/yoast-seo-wordpress\/ -->\n<title>Informationen \u00fcber Retouren<\/title>\n<meta name=\"description\" content=\"Alle Informationen, die Sie \u00fcber unsere R\u00fcckgabebedingungen und das Widerrufsrecht ben\u00f6tigen\" \/>\n<meta name=\"robots\" content=\"index, follow, max-snippet:-1, max-image-preview:large, max-video-preview:-1\" \/>\n<link rel=\"canonical\" href=\"https:\/\/sailproof.shop\/de\/rueckgabe\/\" \/>\n<meta property=\"og:locale\" content=\"de_DE\" \/>\n<meta property=\"og:type\" content=\"article\" \/>\n<meta property=\"og:title\" content=\"Informationen \u00fcber Retouren\" \/>\n<meta property=\"og:description\" content=\"Alle Informationen, die Sie \u00fcber unsere R\u00fcckgabebedingungen und das Widerrufsrecht ben\u00f6tigen\" \/>\n<meta property=\"og:url\" content=\"https:\/\/sailproof.shop\/de\/rueckgabe\/\" \/>\n<meta property=\"og:site_name\" content=\"SailProof shop\" \/>\n<meta property=\"article:publisher\" content=\"https:\/\/www.facebook.com\/sailproof\" \/>\n<meta property=\"article:modified_time\" content=\"2026-03-24T13:34:45+00:00\" \/>\n<meta property=\"og:image\" content=\"https:\/\/sailproof.shop\/wp-content\/uploads\/2025\/01\/SailProof.png\" \/>\n\t<meta property=\"og:image:width\" content=\"1200\" \/>\n\t<meta property=\"og:image:height\" content=\"675\" \/>\n\t<meta property=\"og:image:type\" content=\"image\/png\" \/>\n<meta name=\"twitter:card\" content=\"summary_large_image\" \/>\n<meta name=\"twitter:site\" content=\"@SailproofShop\" \/>\n<meta name=\"twitter:label1\" content=\"Gesch\u00e4tzte Lesezeit\" \/>\n\t<meta name=\"twitter:data1\" content=\"1\u00a0Minute\" \/>\n<script type=\"application\/ld+json\" class=\"yoast-schema-graph\">{\"@context\":\"https:\\\/\\\/schema.org\",\"@graph\":[{\"@type\":\"WebPage\",\"@id\":\"https:\\\/\\\/sailproof.shop\\\/de\\\/rueckgabe\\\/\",\"url\":\"https:\\\/\\\/sailproof.shop\\\/de\\\/rueckgabe\\\/\",\"name\":\"Informationen \u00fcber Retouren\",\"isPartOf\":{\"@id\":\"https:\\\/\\\/sailproof.shop\\\/de\\\/#website\"},\"datePublished\":\"2024-11-18T10:31:49+00:00\",\"dateModified\":\"2026-03-24T13:34:45+00:00\",\"description\":\"Alle Informationen, die Sie \u00fcber unsere R\u00fcckgabebedingungen und das Widerrufsrecht ben\u00f6tigen\",\"breadcrumb\":{\"@id\":\"https:\\\/\\\/sailproof.shop\\\/de\\\/rueckgabe\\\/#breadcrumb\"},\"inLanguage\":\"de\",\"potentialAction\":[{\"@type\":\"ReadAction\",\"target\":[\"https:\\\/\\\/sailproof.shop\\\/de\\\/rueckgabe\\\/\"]}]},{\"@type\":\"BreadcrumbList\",\"@id\":\"https:\\\/\\\/sailproof.shop\\\/de\\\/rueckgabe\\\/#breadcrumb\",\"itemListElement\":[{\"@type\":\"ListItem\",\"position\":1,\"name\":\"Startseite\",\"item\":\"https:\\\/\\\/sailproof.shop\\\/de\\\/\"},{\"@type\":\"ListItem\",\"position\":2,\"name\":\"R\u00fcckgabe\"}]},{\"@type\":\"WebSite\",\"@id\":\"https:\\\/\\\/sailproof.shop\\\/de\\\/#website\",\"url\":\"https:\\\/\\\/sailproof.shop\\\/de\\\/\",\"name\":\"SailProof Shop\",\"description\":\"Rugged tablets and waterproof electronic device for sailors\",\"publisher\":{\"@id\":\"https:\\\/\\\/sailproof.shop\\\/de\\\/#organization\"},\"alternateName\":\"SailProof Shop\",\"potentialAction\":[{\"@type\":\"SearchAction\",\"target\":{\"@type\":\"EntryPoint\",\"urlTemplate\":\"https:\\\/\\\/sailproof.shop\\\/de\\\/?s={search_term_string}\"},\"query-input\":{\"@type\":\"PropertyValueSpecification\",\"valueRequired\":true,\"valueName\":\"search_term_string\"}}],\"inLanguage\":\"de\"},{\"@type\":\"Organization\",\"@id\":\"https:\\\/\\\/sailproof.shop\\\/de\\\/#organization\",\"name\":\"SailProof Shop\",\"url\":\"https:\\\/\\\/sailproof.shop\\\/de\\\/\",\"logo\":{\"@type\":\"ImageObject\",\"inLanguage\":\"de\",\"@id\":\"https:\\\/\\\/sailproof.shop\\\/de\\\/#\\\/schema\\\/logo\\\/image\\\/\",\"url\":\"https:\\\/\\\/sailproof.shop\\\/wp-content\\\/uploads\\\/2024\\\/10\\\/Logo-SailProof.png\",\"contentUrl\":\"https:\\\/\\\/sailproof.shop\\\/wp-content\\\/uploads\\\/2024\\\/10\\\/Logo-SailProof.png\",\"width\":160,\"height\":57,\"caption\":\"SailProof Shop\"},\"image\":{\"@id\":\"https:\\\/\\\/sailproof.shop\\\/de\\\/#\\\/schema\\\/logo\\\/image\\\/\"},\"sameAs\":[\"https:\\\/\\\/www.facebook.com\\\/sailproof\",\"https:\\\/\\\/x.com\\\/SailproofShop\",\"https:\\\/\\\/instagram.com\\\/sail.proof\",\"https:\\\/\\\/www.linkedin.com\\\/company\\\/sailproofshop\\\/\",\"https:\\\/\\\/www.pinterest.com\\\/SailProof\\\/\",\"https:\\\/\\\/www.youtube.com\\\/channel\\\/UClR4lWJvI8KoSGnCbLYPaFg\"]}]}<\/script>\n<!-- \/ Yoast SEO plugin. -->","yoast_head_json":{"title":"Informationen \u00fcber Retouren","description":"Alle Informationen, die Sie \u00fcber unsere R\u00fcckgabebedingungen und das Widerrufsrecht ben\u00f6tigen","robots":{"index":"index","follow":"follow","max-snippet":"max-snippet:-1","max-image-preview":"max-image-preview:large","max-video-preview":"max-video-preview:-1"},"canonical":"https:\/\/sailproof.shop\/de\/rueckgabe\/","og_locale":"de_DE","og_type":"article","og_title":"Informationen \u00fcber Retouren","og_description":"Alle Informationen, die Sie \u00fcber unsere R\u00fcckgabebedingungen und das Widerrufsrecht ben\u00f6tigen","og_url":"https:\/\/sailproof.shop\/de\/rueckgabe\/","og_site_name":"SailProof shop","article_publisher":"https:\/\/www.facebook.com\/sailproof","article_modified_time":"2026-03-24T13:34:45+00:00","og_image":[{"width":1200,"height":675,"url":"https:\/\/sailproof.shop\/wp-content\/uploads\/2025\/01\/SailProof.png","type":"image\/png"}],"twitter_card":"summary_large_image","twitter_site":"@SailproofShop","twitter_misc":{"Gesch\u00e4tzte Lesezeit":"1\u00a0Minute"},"schema":{"@context":"https:\/\/schema.org","@graph":[{"@type":"WebPage","@id":"https:\/\/sailproof.shop\/de\/rueckgabe\/","url":"https:\/\/sailproof.shop\/de\/rueckgabe\/","name":"Informationen \u00fcber Retouren","isPartOf":{"@id":"https:\/\/sailproof.shop\/de\/#website"},"datePublished":"2024-11-18T10:31:49+00:00","dateModified":"2026-03-24T13:34:45+00:00","description":"Alle Informationen, die Sie \u00fcber unsere R\u00fcckgabebedingungen und das Widerrufsrecht ben\u00f6tigen","breadcrumb":{"@id":"https:\/\/sailproof.shop\/de\/rueckgabe\/#breadcrumb"},"inLanguage":"de","potentialAction":[{"@type":"ReadAction","target":["https:\/\/sailproof.shop\/de\/rueckgabe\/"]}]},{"@type":"BreadcrumbList","@id":"https:\/\/sailproof.shop\/de\/rueckgabe\/#breadcrumb","itemListElement":[{"@type":"ListItem","position":1,"name":"Startseite","item":"https:\/\/sailproof.shop\/de\/"},{"@type":"ListItem","position":2,"name":"R\u00fcckgabe"}]},{"@type":"WebSite","@id":"https:\/\/sailproof.shop\/de\/#website","url":"https:\/\/sailproof.shop\/de\/","name":"SailProof Shop","description":"Rugged tablets and waterproof electronic device for sailors","publisher":{"@id":"https:\/\/sailproof.shop\/de\/#organization"},"alternateName":"SailProof Shop","potentialAction":[{"@type":"SearchAction","target":{"@type":"EntryPoint","urlTemplate":"https:\/\/sailproof.shop\/de\/?s={search_term_string}"},"query-input":{"@type":"PropertyValueSpecification","valueRequired":true,"valueName":"search_term_string"}}],"inLanguage":"de"},{"@type":"Organization","@id":"https:\/\/sailproof.shop\/de\/#organization","name":"SailProof Shop","url":"https:\/\/sailproof.shop\/de\/","logo":{"@type":"ImageObject","inLanguage":"de","@id":"https:\/\/sailproof.shop\/de\/#\/schema\/logo\/image\/","url":"https:\/\/sailproof.shop\/wp-content\/uploads\/2024\/10\/Logo-SailProof.png","contentUrl":"https:\/\/sailproof.shop\/wp-content\/uploads\/2024\/10\/Logo-SailProof.png","width":160,"height":57,"caption":"SailProof Shop"},"image":{"@id":"https:\/\/sailproof.shop\/de\/#\/schema\/logo\/image\/"},"sameAs":["https:\/\/www.facebook.com\/sailproof","https:\/\/x.com\/SailproofShop","https:\/\/instagram.com\/sail.proof","https:\/\/www.linkedin.com\/company\/sailproofshop\/","https:\/\/www.pinterest.com\/SailProof\/","https:\/\/www.youtube.com\/channel\/UClR4lWJvI8KoSGnCbLYPaFg"]}]}},"_links":{"self":[{"href":"https:\/\/sailproof.shop\/de\/wp-json\/wp\/v2\/pages\/1755","targetHints":{"allow":["GET"]}}],"collection":[{"href":"https:\/\/sailproof.shop\/de\/wp-json\/wp\/v2\/pages"}],"about":[{"href":"https:\/\/sailproof.shop\/de\/wp-json\/wp\/v2\/types\/page"}],"author":[{"embeddable":true,"href":"https:\/\/sailproof.shop\/de\/wp-json\/wp\/v2\/users\/1"}],"replies":[{"embeddable":true,"href":"https:\/\/sailproof.shop\/de\/wp-json\/wp\/v2\/comments?post=1755"}],"version-history":[{"count":2,"href":"https:\/\/sailproof.shop\/de\/wp-json\/wp\/v2\/pages\/1755\/revisions"}],"predecessor-version":[{"id":1919,"href":"https:\/\/sailproof.shop\/de\/wp-json\/wp\/v2\/pages\/1755\/revisions\/1919"}],"wp:attachment":[{"href":"https:\/\/sailproof.shop\/de\/wp-json\/wp\/v2\/media?parent=1755"}],"curies":[{"name":"wp","href":"https:\/\/api.w.org\/{rel}","templated":true}]}}