{"id":1781,"date":"2024-11-18T11:09:19","date_gmt":"2024-11-18T10:09:19","guid":{"rendered":"https:\/\/sailproof.shop\/?page_id=1781"},"modified":"2026-03-24T14:34:45","modified_gmt":"2026-03-24T13:34:45","slug":"datenschutzrichtlinie","status":"publish","type":"page","link":"https:\/\/sailproof.shop\/de\/datenschutzrichtlinie\/","title":{"rendered":"Datenschutz"},"content":{"rendered":"\n<h2 class=\"wp-block-heading\"><strong>Identit\u00e4t<\/strong><\/h2>\n\n<p>Die Webseite sailproof.shop wird ver\u00f6ffentlicht von SAIL AGENCY SRL mit Sitz in der Avenue des Dessus-de-Lives 2 in LOYERS (Belgien), VAT BE0788460441<\/p>\n\n<h2 class=\"wp-block-heading\"><strong>Kontakt<\/strong><\/h2>\n\n<p>Den sailproof.shop-Kundenservice erreichen Sie \u00fcber den\u00a0<a href=\"https:\/\/sailproof.shop\/de\/kontakt\/\">Link Kontakt<\/a>\u00a0auf unserer Webseite sailproof.shop oder per E-Mail an\u00a0<a href=\"mailto:info@sailproof.shop\">info@sailproof.shop<\/a>.<\/p>\n\n<h2 class=\"wp-block-heading\"><strong>Datenschutz<\/strong><\/h2>\n\n<p>Wenn Sie die Webseite sailproof.shop besuchen, werden Sie m\u00f6glicherweise aufgefordert, verschiedene pers\u00f6nliche Daten wie Ihren Namen, Ihre E-Mail-Adresse und Ihre Postanschrift anzugeben. Wir sammeln die pers\u00f6nlichen Daten eines Benutzers in strikter \u00dcbereinstimmung mit dem Gesetz vom 8. Dezember 1992 \u00fcber den Schutz der Privatsph\u00e4re, ge\u00e4ndert durch das Gesetz vom 11. Dezember 1998 zur Umsetzung der Richtlinie 95\/46\/EG vom 24. Oktober 1995.<\/p>\n<p>Die pers\u00f6nlichen Daten des Benutzers k\u00f6nnen f\u00fcr den internen Gebrauch und f\u00fcr Marketingzwecke verwendet werden. Ihre pers\u00f6nlichen Daten werden ausschlie\u00dflich in den Datenbanken von SAIL AGENCY verarbeitet, deren Einzelheiten oben angegeben sind. Sie geben Ihre ausdr\u00fcckliche Zustimmung zu dieser Verarbeitung. Der Zweck ist, Sie \u00fcber unsere Produkte und Dienstleistungen zu informieren. Sie werden niemals ohne Ihre ausdr\u00fcckliche Zustimmung an andere Unternehmen weitergegeben. Sie behalten das Recht auf Zugang zu Ihren Daten und k\u00f6nnen diese im Falle eines Fehlers \u00e4ndern. Sie k\u00f6nnen auch jederzeit der Verarbeitung Ihrer personenbezogenen Daten f\u00fcr Direktmarketingzwecke widersprechen.<\/p>\n\n<h2 class=\"wp-block-heading\"><strong>Geistiges Eigentum<br \/><\/strong><\/h2>\n\n<p>Diese Webseite ist durch geistige Eigentumsrechte gesch\u00fctzt, einschlie\u00dflich Urheberrechte, Designs, Marken, Domainnamen, Patente, Know-how, Software oder Datenbanken. SAIL AGENCY und\/oder ihre Partner bleiben die Eigent\u00fcmer aller dieser Inhalte und der damit verbundenen Rechte. SAIL AGENCY gew\u00e4hrt Ihnen eine begrenzte, nicht-exklusive, widerrufbare, unterlizenzierbare Lizenz f\u00fcr diese Inhalte f\u00fcr den einfachen Zugang, die Navigation und die Nutzung im Zusammenhang mit dieser Site. Diese Lizenz gew\u00e4hrt Ihnen keine weiteren Rechte, insbesondere nicht das Recht, diese Inhalte kommerziell zu verwerten.<\/p>\n\n<h2 class=\"wp-block-heading\">Cookies<\/h2>\n\n<p>Bei den Cookies handelt es sich in der Regel um kleine Textdateien, die im Verzeichnis oder Programmdaten-Unterordner des Browsers Ihres Computers gespeichert werden. Cookies werden erstellt, wenn Sie mit Ihrem Browser eine Webseite besuchen, die Cookies als Hilfsmittel verwendet, um Ihre Bewegungen auf der Webseite zu verfolgen, um dort weiterzumachen, wo Sie aufgeh\u00f6rt haben, als Sie die Webseite verlassen haben, um sich an Ihre Anmeldedaten, Pr\u00e4ferenzen und andere Personalisierungsfunktionen zu erinnern.<\/p>\n<p>Cookies enthalten nicht viele Informationen, au\u00dfer der URL der Webseite, die das Cookie erstellt hat, die Dauer der F\u00e4higkeiten und Auswirkungen des Cookies und eine Zufallszahl. Aufgrund der begrenzten Informationen, die in einem Cookie enthalten sind, k\u00f6nnen sie im Allgemeinen nicht dazu verwendet werden, Ihre Identit\u00e4t oder pers\u00f6nlich identifizierbare Informationen preiszugeben.<\/p>\n<p>Es gibt zwei Arten von Cookies: Sitzungscookies und dauerhafte Cookies. Sitzungs-Cookies werden vor\u00fcbergehend im Unterordner Ihres Browsers angelegt, wenn Sie eine Webseite besuchen. Sobald Sie die Webseite verlassen, wird das Session-Cookie gel\u00f6scht. Im Gegensatz dazu verbleiben die dauerhaften Cookie-Dateien im Unterordner Ihres Browsers und werden reaktiviert, sobald Sie die Webseite besuchen, die dieses spezielle Cookie erstellt hat. Ein persistenter Cookie verbleibt f\u00fcr die in der Cookie-Datei definierte Dauer im Unterordner des Browsers.<\/p>\n<p>Wenn Sie keine Cookies erhalten m\u00f6chten, k\u00f6nnen Sie Ihren Browser im Men\u00fc \u201eOptionen\u201c oder \u201eEinstellungen\u201c so einstellen, dass er sie einschr\u00e4nkt oder blockiert. Sie k\u00f6nnen Cookies von Fall zu Fall annehmen oder ablehnen oder sie ein f\u00fcr alle Mal ablehnen. Diese \u00c4nderungen k\u00f6nnen jedoch Ihre Zugangsbedingungen zu unseren Diensten, die die Verwendung von Cookies erfordern, ver\u00e4ndern. Wenn Ihr Browser also so konfiguriert ist, dass er alle Cookies ablehnt, k\u00f6nnen Sie keine Eink\u00e4ufe t\u00e4tigen oder wesentliche Funktionen unserer Webseite nutzen, wie z. B. das Speichern von Artikeln in Ihrem Warenkorb.<\/p>\n\n<p><strong>Sie k\u00f6nnen Ihre Einwilligung jederzeit widerrufen, indem Sie auf das Zahnrad unten links klicken<\/strong><\/p>\n\n<p>\u00a0<\/p>\n","protected":false},"excerpt":{"rendered":"<p>Identit\u00e4t Die Webseite sailproof.shop wird ver\u00f6ffentlicht von SAIL AGENCY SRL mit Sitz in der Avenue des Dessus-de-Lives 2 in LOYERS (Belgien), VAT BE0788460441 Kontakt Den sailproof.shop-Kundenservice erreichen Sie \u00fcber den\u00a0Link Kontakt\u00a0auf unserer Webseite sailproof.shop oder per E-Mail an\u00a0info@sailproof.shop. Datenschutz Wenn Sie die Webseite sailproof.shop besuchen, werden Sie m\u00f6glicherweise aufgefordert, verschiedene pers\u00f6nliche Daten wie Ihren Namen, [&hellip;]<\/p>\n","protected":false},"author":1,"featured_media":0,"parent":0,"menu_order":0,"comment_status":"closed","ping_status":"closed","template":"","meta":{"footnotes":""},"class_list":["post-1781","page","type-page","status-publish","has-post-thumbnail","hentry"],"yoast_head":"<!-- This site is optimized with the Yoast SEO plugin v27.4 - https:\/\/yoast.com\/product\/yoast-seo-wordpress\/ -->\n<title>Datenschutzrichtlinie<\/title>\n<meta name=\"description\" content=\"Alles \u00fcber das, was wir mit Ihren personenbezogenen Daten machen und wie Sie Ihre Einwilligung dazu einfach widerrufen k\u00f6nnen.\" \/>\n<meta name=\"robots\" content=\"index, follow, max-snippet:-1, max-image-preview:large, max-video-preview:-1\" \/>\n<link rel=\"canonical\" href=\"https:\/\/sailproof.shop\/de\/datenschutzrichtlinie\/\" \/>\n<meta property=\"og:locale\" content=\"de_DE\" \/>\n<meta property=\"og:type\" content=\"article\" \/>\n<meta property=\"og:title\" content=\"Datenschutzrichtlinie\" \/>\n<meta property=\"og:description\" content=\"Alles \u00fcber das, was wir mit Ihren personenbezogenen Daten machen und wie Sie Ihre Einwilligung dazu einfach widerrufen k\u00f6nnen.\" \/>\n<meta property=\"og:url\" content=\"https:\/\/sailproof.shop\/de\/datenschutzrichtlinie\/\" \/>\n<meta property=\"og:site_name\" content=\"SailProof shop\" \/>\n<meta property=\"article:publisher\" content=\"https:\/\/www.facebook.com\/sailproof\" \/>\n<meta property=\"article:modified_time\" content=\"2026-03-24T13:34:45+00:00\" \/>\n<meta property=\"og:image\" content=\"https:\/\/sailproof.shop\/wp-content\/uploads\/2025\/01\/SailProof.png\" \/>\n\t<meta property=\"og:image:width\" content=\"1200\" \/>\n\t<meta property=\"og:image:height\" content=\"675\" \/>\n\t<meta property=\"og:image:type\" content=\"image\/png\" \/>\n<meta name=\"twitter:card\" content=\"summary_large_image\" \/>\n<meta name=\"twitter:site\" content=\"@SailproofShop\" \/>\n<script type=\"application\/ld+json\" class=\"yoast-schema-graph\">{\"@context\":\"https:\\\/\\\/schema.org\",\"@graph\":[{\"@type\":\"WebPage\",\"@id\":\"https:\\\/\\\/sailproof.shop\\\/de\\\/datenschutzrichtlinie\\\/\",\"url\":\"https:\\\/\\\/sailproof.shop\\\/de\\\/datenschutzrichtlinie\\\/\",\"name\":\"Datenschutzrichtlinie\",\"isPartOf\":{\"@id\":\"https:\\\/\\\/sailproof.shop\\\/de\\\/#website\"},\"datePublished\":\"2024-11-18T10:09:19+00:00\",\"dateModified\":\"2026-03-24T13:34:45+00:00\",\"description\":\"Alles \u00fcber das, was wir mit Ihren personenbezogenen Daten machen und wie Sie Ihre Einwilligung dazu einfach widerrufen k\u00f6nnen.\",\"breadcrumb\":{\"@id\":\"https:\\\/\\\/sailproof.shop\\\/de\\\/datenschutzrichtlinie\\\/#breadcrumb\"},\"inLanguage\":\"de\",\"potentialAction\":[{\"@type\":\"ReadAction\",\"target\":[\"https:\\\/\\\/sailproof.shop\\\/de\\\/datenschutzrichtlinie\\\/\"]}]},{\"@type\":\"BreadcrumbList\",\"@id\":\"https:\\\/\\\/sailproof.shop\\\/de\\\/datenschutzrichtlinie\\\/#breadcrumb\",\"itemListElement\":[{\"@type\":\"ListItem\",\"position\":1,\"name\":\"Startseite\",\"item\":\"https:\\\/\\\/sailproof.shop\\\/de\\\/\"},{\"@type\":\"ListItem\",\"position\":2,\"name\":\"Datenschutz\"}]},{\"@type\":\"WebSite\",\"@id\":\"https:\\\/\\\/sailproof.shop\\\/de\\\/#website\",\"url\":\"https:\\\/\\\/sailproof.shop\\\/de\\\/\",\"name\":\"SailProof Shop\",\"description\":\"Rugged tablets and waterproof electronic device for sailors\",\"publisher\":{\"@id\":\"https:\\\/\\\/sailproof.shop\\\/de\\\/#organization\"},\"alternateName\":\"SailProof Shop\",\"potentialAction\":[{\"@type\":\"SearchAction\",\"target\":{\"@type\":\"EntryPoint\",\"urlTemplate\":\"https:\\\/\\\/sailproof.shop\\\/de\\\/?s={search_term_string}\"},\"query-input\":{\"@type\":\"PropertyValueSpecification\",\"valueRequired\":true,\"valueName\":\"search_term_string\"}}],\"inLanguage\":\"de\"},{\"@type\":\"Organization\",\"@id\":\"https:\\\/\\\/sailproof.shop\\\/de\\\/#organization\",\"name\":\"SailProof Shop\",\"url\":\"https:\\\/\\\/sailproof.shop\\\/de\\\/\",\"logo\":{\"@type\":\"ImageObject\",\"inLanguage\":\"de\",\"@id\":\"https:\\\/\\\/sailproof.shop\\\/de\\\/#\\\/schema\\\/logo\\\/image\\\/\",\"url\":\"https:\\\/\\\/sailproof.shop\\\/wp-content\\\/uploads\\\/2024\\\/10\\\/Logo-SailProof.png\",\"contentUrl\":\"https:\\\/\\\/sailproof.shop\\\/wp-content\\\/uploads\\\/2024\\\/10\\\/Logo-SailProof.png\",\"width\":160,\"height\":57,\"caption\":\"SailProof Shop\"},\"image\":{\"@id\":\"https:\\\/\\\/sailproof.shop\\\/de\\\/#\\\/schema\\\/logo\\\/image\\\/\"},\"sameAs\":[\"https:\\\/\\\/www.facebook.com\\\/sailproof\",\"https:\\\/\\\/x.com\\\/SailproofShop\",\"https:\\\/\\\/instagram.com\\\/sail.proof\",\"https:\\\/\\\/www.linkedin.com\\\/company\\\/sailproofshop\\\/\",\"https:\\\/\\\/www.pinterest.com\\\/SailProof\\\/\",\"https:\\\/\\\/www.youtube.com\\\/channel\\\/UClR4lWJvI8KoSGnCbLYPaFg\"]}]}<\/script>\n<!-- \/ Yoast SEO plugin. -->","yoast_head_json":{"title":"Datenschutzrichtlinie","description":"Alles \u00fcber das, was wir mit Ihren personenbezogenen Daten machen und wie Sie Ihre Einwilligung dazu einfach widerrufen k\u00f6nnen.","robots":{"index":"index","follow":"follow","max-snippet":"max-snippet:-1","max-image-preview":"max-image-preview:large","max-video-preview":"max-video-preview:-1"},"canonical":"https:\/\/sailproof.shop\/de\/datenschutzrichtlinie\/","og_locale":"de_DE","og_type":"article","og_title":"Datenschutzrichtlinie","og_description":"Alles \u00fcber das, was wir mit Ihren personenbezogenen Daten machen und wie Sie Ihre Einwilligung dazu einfach widerrufen k\u00f6nnen.","og_url":"https:\/\/sailproof.shop\/de\/datenschutzrichtlinie\/","og_site_name":"SailProof shop","article_publisher":"https:\/\/www.facebook.com\/sailproof","article_modified_time":"2026-03-24T13:34:45+00:00","og_image":[{"width":1200,"height":675,"url":"https:\/\/sailproof.shop\/wp-content\/uploads\/2025\/01\/SailProof.png","type":"image\/png"}],"twitter_card":"summary_large_image","twitter_site":"@SailproofShop","schema":{"@context":"https:\/\/schema.org","@graph":[{"@type":"WebPage","@id":"https:\/\/sailproof.shop\/de\/datenschutzrichtlinie\/","url":"https:\/\/sailproof.shop\/de\/datenschutzrichtlinie\/","name":"Datenschutzrichtlinie","isPartOf":{"@id":"https:\/\/sailproof.shop\/de\/#website"},"datePublished":"2024-11-18T10:09:19+00:00","dateModified":"2026-03-24T13:34:45+00:00","description":"Alles \u00fcber das, was wir mit Ihren personenbezogenen Daten machen und wie Sie Ihre Einwilligung dazu einfach widerrufen k\u00f6nnen.","breadcrumb":{"@id":"https:\/\/sailproof.shop\/de\/datenschutzrichtlinie\/#breadcrumb"},"inLanguage":"de","potentialAction":[{"@type":"ReadAction","target":["https:\/\/sailproof.shop\/de\/datenschutzrichtlinie\/"]}]},{"@type":"BreadcrumbList","@id":"https:\/\/sailproof.shop\/de\/datenschutzrichtlinie\/#breadcrumb","itemListElement":[{"@type":"ListItem","position":1,"name":"Startseite","item":"https:\/\/sailproof.shop\/de\/"},{"@type":"ListItem","position":2,"name":"Datenschutz"}]},{"@type":"WebSite","@id":"https:\/\/sailproof.shop\/de\/#website","url":"https:\/\/sailproof.shop\/de\/","name":"SailProof Shop","description":"Rugged tablets and waterproof electronic device for sailors","publisher":{"@id":"https:\/\/sailproof.shop\/de\/#organization"},"alternateName":"SailProof Shop","potentialAction":[{"@type":"SearchAction","target":{"@type":"EntryPoint","urlTemplate":"https:\/\/sailproof.shop\/de\/?s={search_term_string}"},"query-input":{"@type":"PropertyValueSpecification","valueRequired":true,"valueName":"search_term_string"}}],"inLanguage":"de"},{"@type":"Organization","@id":"https:\/\/sailproof.shop\/de\/#organization","name":"SailProof Shop","url":"https:\/\/sailproof.shop\/de\/","logo":{"@type":"ImageObject","inLanguage":"de","@id":"https:\/\/sailproof.shop\/de\/#\/schema\/logo\/image\/","url":"https:\/\/sailproof.shop\/wp-content\/uploads\/2024\/10\/Logo-SailProof.png","contentUrl":"https:\/\/sailproof.shop\/wp-content\/uploads\/2024\/10\/Logo-SailProof.png","width":160,"height":57,"caption":"SailProof Shop"},"image":{"@id":"https:\/\/sailproof.shop\/de\/#\/schema\/logo\/image\/"},"sameAs":["https:\/\/www.facebook.com\/sailproof","https:\/\/x.com\/SailproofShop","https:\/\/instagram.com\/sail.proof","https:\/\/www.linkedin.com\/company\/sailproofshop\/","https:\/\/www.pinterest.com\/SailProof\/","https:\/\/www.youtube.com\/channel\/UClR4lWJvI8KoSGnCbLYPaFg"]}]}},"_links":{"self":[{"href":"https:\/\/sailproof.shop\/de\/wp-json\/wp\/v2\/pages\/1781","targetHints":{"allow":["GET"]}}],"collection":[{"href":"https:\/\/sailproof.shop\/de\/wp-json\/wp\/v2\/pages"}],"about":[{"href":"https:\/\/sailproof.shop\/de\/wp-json\/wp\/v2\/types\/page"}],"author":[{"embeddable":true,"href":"https:\/\/sailproof.shop\/de\/wp-json\/wp\/v2\/users\/1"}],"replies":[{"embeddable":true,"href":"https:\/\/sailproof.shop\/de\/wp-json\/wp\/v2\/comments?post=1781"}],"version-history":[{"count":24,"href":"https:\/\/sailproof.shop\/de\/wp-json\/wp\/v2\/pages\/1781\/revisions"}],"predecessor-version":[{"id":8780,"href":"https:\/\/sailproof.shop\/de\/wp-json\/wp\/v2\/pages\/1781\/revisions\/8780"}],"wp:attachment":[{"href":"https:\/\/sailproof.shop\/de\/wp-json\/wp\/v2\/media?parent=1781"}],"curies":[{"name":"wp","href":"https:\/\/api.w.org\/{rel}","templated":true}]}}