{"id":6971,"date":"2024-12-18T11:57:31","date_gmt":"2024-12-18T10:57:31","guid":{"rendered":"https:\/\/sailproof.shop\/product\/rokk-kabelbinder-basis\/"},"modified":"2026-03-24T14:34:45","modified_gmt":"2026-03-24T13:34:45","slug":"rokk-kabelbinder-sockel","status":"publish","type":"product","link":"https:\/\/sailproof.shop\/de\/produkt\/rokk-kabelbinder-sockel\/","title":{"rendered":"ROKK Kabelbinder Sockel"},"content":{"rendered":"<p>\u00dcbergro\u00dfer Rohrsockel, kompatibel mit quadratischen und runden Profilen, geeignet f\u00fcr eine Vielzahl von nicht standardisierten Rohrgr\u00f6\u00dfen.<\/p>\n","protected":false},"excerpt":{"rendered":"<p>\u00dcbergro\u00dfer Schienensockel f\u00fcr die ROKK Mini-Halterung.<br \/>\nPasst auf eine breite Palette von nicht standardisierten Schienengr\u00f6\u00dfen. Gesichert mit 2 Kabelbindern.<br \/>\ndem Kabelbindersatz k\u00f6nnen Sie Ihr Tablet an \u00fcbergro\u00dfen Schienen und anderen Rohren und Profilen mit einem Mindestdurchmesser von 60 mm (2,3\u201e) und einem H\u00f6chstdurchmesser von 100 mm (3,9\u201c) befestigen. Nur Basis: Sie ben\u00f6tigen eine Tablet-Halterung (RLS508) und einen verstellbaren K\u00f6rper (RLS-AM). Separat erh\u00e4ltlich<\/p>\n","protected":false},"featured_media":5710,"template":"","meta":[],"product_brand":[907],"product_cat":[651],"product_tag":[738,739],"class_list":{"0":"post-6971","1":"product","2":"type-product","3":"status-publish","4":"has-post-thumbnail","6":"product_brand-scanstrut","7":"product_cat-tablet-halterungen","8":"product_tag-2-jahre-garantie","9":"product_tag-schnelle-lieferung","11":"first","12":"instock","13":"taxable","14":"shipping-taxable","15":"purchasable","16":"product-type-simple"},"supplier_id":null,"supplier_sku":"","barcode":null,"atum_controlled":true,"out_stock_date":null,"out_stock_threshold":null,"inheritable":false,"inbound_stock":0,"stock_on_hold":0,"sold_today":0,"sales_last_days":0,"out_stock_days":0,"lost_sales":0,"has_location":false,"update_date":"2026-04-23T01:09:32","atum_locations":[],"atum_stock_status":"instock","restock_status":false,"low_stock_amount":2,"sales_update_date":"2026-04-23T01:09:32","calc_backorders":0,"yoast_head":"<!-- This site is optimized with the Yoast SEO plugin v27.4 - https:\/\/yoast.com\/product\/yoast-seo-wordpress\/ -->\n<title>ROKK Kabelbinder Sockel - SailProof shop<\/title>\n<meta name=\"description\" content=\"\u00dcbergro\u00dfer Rohrsockel, kompatibel mit quadratischen und runden Profilen, geeignet f\u00fcr eine Vielzahl von nicht standardisierten Rohrgr\u00f6\u00dfen.\" \/>\n<meta name=\"robots\" content=\"index, follow, max-snippet:-1, max-image-preview:large, max-video-preview:-1\" \/>\n<link rel=\"canonical\" href=\"https:\/\/sailproof.shop\/de\/produkt\/rokk-kabelbinder-sockel\/\" \/>\n<meta property=\"og:locale\" content=\"de_DE\" \/>\n<meta property=\"og:type\" content=\"article\" \/>\n<meta property=\"og:title\" content=\"ROKK Kabelbinder Sockel - SailProof shop\" \/>\n<meta property=\"og:description\" content=\"\u00dcbergro\u00dfer Rohrsockel, kompatibel mit quadratischen und runden Profilen, geeignet f\u00fcr eine Vielzahl von nicht standardisierten Rohrgr\u00f6\u00dfen.\" \/>\n<meta property=\"og:url\" content=\"https:\/\/sailproof.shop\/de\/produkt\/rokk-kabelbinder-sockel\/\" \/>\n<meta property=\"og:site_name\" content=\"SailProof shop\" \/>\n<meta property=\"article:publisher\" content=\"https:\/\/www.facebook.com\/sailproof\" \/>\n<meta property=\"article:modified_time\" content=\"2026-03-24T13:34:45+00:00\" \/>\n<meta property=\"og:image\" content=\"https:\/\/sailproof.shop\/wp-content\/uploads\/2024\/12\/RoKK_tablet_cable_base-3.jpg\" \/>\n\t<meta property=\"og:image:width\" content=\"800\" \/>\n\t<meta property=\"og:image:height\" content=\"800\" \/>\n\t<meta property=\"og:image:type\" content=\"image\/jpeg\" \/>\n<meta name=\"twitter:card\" content=\"summary_large_image\" \/>\n<meta name=\"twitter:site\" content=\"@SailproofShop\" \/>\n<meta name=\"twitter:label1\" content=\"Gesch\u00e4tzte Lesezeit\" \/>\n\t<meta name=\"twitter:data1\" content=\"1\u00a0Minute\" \/>\n<script type=\"application\/ld+json\" class=\"yoast-schema-graph\">{\"@context\":\"https:\\\/\\\/schema.org\",\"@graph\":[{\"@type\":\"WebPage\",\"@id\":\"https:\\\/\\\/sailproof.shop\\\/de\\\/produkt\\\/rokk-kabelbinder-sockel\\\/\",\"url\":\"https:\\\/\\\/sailproof.shop\\\/de\\\/produkt\\\/rokk-kabelbinder-sockel\\\/\",\"name\":\"ROKK Kabelbinder Sockel - SailProof shop\",\"isPartOf\":{\"@id\":\"https:\\\/\\\/sailproof.shop\\\/de\\\/#website\"},\"primaryImageOfPage\":{\"@id\":\"https:\\\/\\\/sailproof.shop\\\/de\\\/produkt\\\/rokk-kabelbinder-sockel\\\/#primaryimage\"},\"image\":{\"@id\":\"https:\\\/\\\/sailproof.shop\\\/de\\\/produkt\\\/rokk-kabelbinder-sockel\\\/#primaryimage\"},\"thumbnailUrl\":\"https:\\\/\\\/sailproof.shop\\\/wp-content\\\/uploads\\\/2024\\\/12\\\/RoKK_tablet_cable_base-3.jpg\",\"datePublished\":\"2024-12-18T10:57:31+00:00\",\"dateModified\":\"2026-03-24T13:34:45+00:00\",\"description\":\"\u00dcbergro\u00dfer Rohrsockel, kompatibel mit quadratischen und runden Profilen, geeignet f\u00fcr eine Vielzahl von nicht standardisierten Rohrgr\u00f6\u00dfen.\",\"breadcrumb\":{\"@id\":\"https:\\\/\\\/sailproof.shop\\\/de\\\/produkt\\\/rokk-kabelbinder-sockel\\\/#breadcrumb\"},\"inLanguage\":\"de\",\"potentialAction\":[{\"@type\":\"ReadAction\",\"target\":[\"https:\\\/\\\/sailproof.shop\\\/de\\\/produkt\\\/rokk-kabelbinder-sockel\\\/\"]}]},{\"@type\":\"ImageObject\",\"inLanguage\":\"de\",\"@id\":\"https:\\\/\\\/sailproof.shop\\\/de\\\/produkt\\\/rokk-kabelbinder-sockel\\\/#primaryimage\",\"url\":\"https:\\\/\\\/sailproof.shop\\\/wp-content\\\/uploads\\\/2024\\\/12\\\/RoKK_tablet_cable_base-3.jpg\",\"contentUrl\":\"https:\\\/\\\/sailproof.shop\\\/wp-content\\\/uploads\\\/2024\\\/12\\\/RoKK_tablet_cable_base-3.jpg\",\"width\":800,\"height\":800,\"caption\":\"ROKK cable tie base\"},{\"@type\":\"BreadcrumbList\",\"@id\":\"https:\\\/\\\/sailproof.shop\\\/de\\\/produkt\\\/rokk-kabelbinder-sockel\\\/#breadcrumb\",\"itemListElement\":[{\"@type\":\"ListItem\",\"position\":1,\"name\":\"Startseite\",\"item\":\"https:\\\/\\\/sailproof.shop\\\/de\\\/\"},{\"@type\":\"ListItem\",\"position\":2,\"name\":\"Shop\",\"item\":\"https:\\\/\\\/sailproof.shop\\\/de\\\/shop\\\/\"},{\"@type\":\"ListItem\",\"position\":3,\"name\":\"Halterungen\",\"item\":\"https:\\\/\\\/sailproof.shop\\\/de\\\/produkt-kategorie\\\/halterungen\\\/\"},{\"@type\":\"ListItem\",\"position\":4,\"name\":\"Tablet Halterungen\",\"item\":\"https:\\\/\\\/sailproof.shop\\\/de\\\/produkt-kategorie\\\/halterungen\\\/tablet-halterungen\\\/\"},{\"@type\":\"ListItem\",\"position\":5,\"name\":\"ROKK Kabelbinder Sockel\"}]},{\"@type\":\"WebSite\",\"@id\":\"https:\\\/\\\/sailproof.shop\\\/de\\\/#website\",\"url\":\"https:\\\/\\\/sailproof.shop\\\/de\\\/\",\"name\":\"SailProof Shop\",\"description\":\"Rugged tablets and waterproof electronic device for sailors\",\"publisher\":{\"@id\":\"https:\\\/\\\/sailproof.shop\\\/de\\\/#organization\"},\"alternateName\":\"SailProof Shop\",\"potentialAction\":[{\"@type\":\"SearchAction\",\"target\":{\"@type\":\"EntryPoint\",\"urlTemplate\":\"https:\\\/\\\/sailproof.shop\\\/de\\\/?s={search_term_string}\"},\"query-input\":{\"@type\":\"PropertyValueSpecification\",\"valueRequired\":true,\"valueName\":\"search_term_string\"}}],\"inLanguage\":\"de\"},{\"@type\":\"Organization\",\"@id\":\"https:\\\/\\\/sailproof.shop\\\/de\\\/#organization\",\"name\":\"SailProof Shop\",\"url\":\"https:\\\/\\\/sailproof.shop\\\/de\\\/\",\"logo\":{\"@type\":\"ImageObject\",\"inLanguage\":\"de\",\"@id\":\"https:\\\/\\\/sailproof.shop\\\/de\\\/#\\\/schema\\\/logo\\\/image\\\/\",\"url\":\"https:\\\/\\\/sailproof.shop\\\/wp-content\\\/uploads\\\/2024\\\/10\\\/Logo-SailProof.png\",\"contentUrl\":\"https:\\\/\\\/sailproof.shop\\\/wp-content\\\/uploads\\\/2024\\\/10\\\/Logo-SailProof.png\",\"width\":160,\"height\":57,\"caption\":\"SailProof Shop\"},\"image\":{\"@id\":\"https:\\\/\\\/sailproof.shop\\\/de\\\/#\\\/schema\\\/logo\\\/image\\\/\"},\"sameAs\":[\"https:\\\/\\\/www.facebook.com\\\/sailproof\",\"https:\\\/\\\/x.com\\\/SailproofShop\",\"https:\\\/\\\/instagram.com\\\/sail.proof\",\"https:\\\/\\\/www.linkedin.com\\\/company\\\/sailproofshop\\\/\",\"https:\\\/\\\/www.pinterest.com\\\/SailProof\\\/\",\"https:\\\/\\\/www.youtube.com\\\/channel\\\/UClR4lWJvI8KoSGnCbLYPaFg\"]}]}<\/script>\n<!-- \/ Yoast SEO plugin. -->","yoast_head_json":{"title":"ROKK Kabelbinder Sockel - SailProof shop","description":"\u00dcbergro\u00dfer Rohrsockel, kompatibel mit quadratischen und runden Profilen, geeignet f\u00fcr eine Vielzahl von nicht standardisierten Rohrgr\u00f6\u00dfen.","robots":{"index":"index","follow":"follow","max-snippet":"max-snippet:-1","max-image-preview":"max-image-preview:large","max-video-preview":"max-video-preview:-1"},"canonical":"https:\/\/sailproof.shop\/de\/produkt\/rokk-kabelbinder-sockel\/","og_locale":"de_DE","og_type":"article","og_title":"ROKK Kabelbinder Sockel - SailProof shop","og_description":"\u00dcbergro\u00dfer Rohrsockel, kompatibel mit quadratischen und runden Profilen, geeignet f\u00fcr eine Vielzahl von nicht standardisierten Rohrgr\u00f6\u00dfen.","og_url":"https:\/\/sailproof.shop\/de\/produkt\/rokk-kabelbinder-sockel\/","og_site_name":"SailProof shop","article_publisher":"https:\/\/www.facebook.com\/sailproof","article_modified_time":"2026-03-24T13:34:45+00:00","og_image":[{"width":800,"height":800,"url":"https:\/\/sailproof.shop\/wp-content\/uploads\/2024\/12\/RoKK_tablet_cable_base-3.jpg","type":"image\/jpeg"}],"twitter_card":"summary_large_image","twitter_site":"@SailproofShop","twitter_misc":{"Gesch\u00e4tzte Lesezeit":"1\u00a0Minute"},"schema":{"@context":"https:\/\/schema.org","@graph":[{"@type":"WebPage","@id":"https:\/\/sailproof.shop\/de\/produkt\/rokk-kabelbinder-sockel\/","url":"https:\/\/sailproof.shop\/de\/produkt\/rokk-kabelbinder-sockel\/","name":"ROKK Kabelbinder Sockel - SailProof shop","isPartOf":{"@id":"https:\/\/sailproof.shop\/de\/#website"},"primaryImageOfPage":{"@id":"https:\/\/sailproof.shop\/de\/produkt\/rokk-kabelbinder-sockel\/#primaryimage"},"image":{"@id":"https:\/\/sailproof.shop\/de\/produkt\/rokk-kabelbinder-sockel\/#primaryimage"},"thumbnailUrl":"https:\/\/sailproof.shop\/wp-content\/uploads\/2024\/12\/RoKK_tablet_cable_base-3.jpg","datePublished":"2024-12-18T10:57:31+00:00","dateModified":"2026-03-24T13:34:45+00:00","description":"\u00dcbergro\u00dfer Rohrsockel, kompatibel mit quadratischen und runden Profilen, geeignet f\u00fcr eine Vielzahl von nicht standardisierten Rohrgr\u00f6\u00dfen.","breadcrumb":{"@id":"https:\/\/sailproof.shop\/de\/produkt\/rokk-kabelbinder-sockel\/#breadcrumb"},"inLanguage":"de","potentialAction":[{"@type":"ReadAction","target":["https:\/\/sailproof.shop\/de\/produkt\/rokk-kabelbinder-sockel\/"]}]},{"@type":"ImageObject","inLanguage":"de","@id":"https:\/\/sailproof.shop\/de\/produkt\/rokk-kabelbinder-sockel\/#primaryimage","url":"https:\/\/sailproof.shop\/wp-content\/uploads\/2024\/12\/RoKK_tablet_cable_base-3.jpg","contentUrl":"https:\/\/sailproof.shop\/wp-content\/uploads\/2024\/12\/RoKK_tablet_cable_base-3.jpg","width":800,"height":800,"caption":"ROKK cable tie base"},{"@type":"BreadcrumbList","@id":"https:\/\/sailproof.shop\/de\/produkt\/rokk-kabelbinder-sockel\/#breadcrumb","itemListElement":[{"@type":"ListItem","position":1,"name":"Startseite","item":"https:\/\/sailproof.shop\/de\/"},{"@type":"ListItem","position":2,"name":"Shop","item":"https:\/\/sailproof.shop\/de\/shop\/"},{"@type":"ListItem","position":3,"name":"Halterungen","item":"https:\/\/sailproof.shop\/de\/produkt-kategorie\/halterungen\/"},{"@type":"ListItem","position":4,"name":"Tablet Halterungen","item":"https:\/\/sailproof.shop\/de\/produkt-kategorie\/halterungen\/tablet-halterungen\/"},{"@type":"ListItem","position":5,"name":"ROKK Kabelbinder Sockel"}]},{"@type":"WebSite","@id":"https:\/\/sailproof.shop\/de\/#website","url":"https:\/\/sailproof.shop\/de\/","name":"SailProof Shop","description":"Rugged tablets and waterproof electronic device for sailors","publisher":{"@id":"https:\/\/sailproof.shop\/de\/#organization"},"alternateName":"SailProof Shop","potentialAction":[{"@type":"SearchAction","target":{"@type":"EntryPoint","urlTemplate":"https:\/\/sailproof.shop\/de\/?s={search_term_string}"},"query-input":{"@type":"PropertyValueSpecification","valueRequired":true,"valueName":"search_term_string"}}],"inLanguage":"de"},{"@type":"Organization","@id":"https:\/\/sailproof.shop\/de\/#organization","name":"SailProof Shop","url":"https:\/\/sailproof.shop\/de\/","logo":{"@type":"ImageObject","inLanguage":"de","@id":"https:\/\/sailproof.shop\/de\/#\/schema\/logo\/image\/","url":"https:\/\/sailproof.shop\/wp-content\/uploads\/2024\/10\/Logo-SailProof.png","contentUrl":"https:\/\/sailproof.shop\/wp-content\/uploads\/2024\/10\/Logo-SailProof.png","width":160,"height":57,"caption":"SailProof Shop"},"image":{"@id":"https:\/\/sailproof.shop\/de\/#\/schema\/logo\/image\/"},"sameAs":["https:\/\/www.facebook.com\/sailproof","https:\/\/x.com\/SailproofShop","https:\/\/instagram.com\/sail.proof","https:\/\/www.linkedin.com\/company\/sailproofshop\/","https:\/\/www.pinterest.com\/SailProof\/","https:\/\/www.youtube.com\/channel\/UClR4lWJvI8KoSGnCbLYPaFg"]}]}},"_links":{"self":[{"href":"https:\/\/sailproof.shop\/de\/wp-json\/wp\/v2\/product\/6971","targetHints":{"allow":["GET"]}}],"collection":[{"href":"https:\/\/sailproof.shop\/de\/wp-json\/wp\/v2\/product"}],"about":[{"href":"https:\/\/sailproof.shop\/de\/wp-json\/wp\/v2\/types\/product"}],"wp:featuredmedia":[{"embeddable":true,"href":"https:\/\/sailproof.shop\/de\/wp-json\/wp\/v2\/media\/5710"}],"wp:attachment":[{"href":"https:\/\/sailproof.shop\/de\/wp-json\/wp\/v2\/media?parent=6971"}],"wp:term":[{"taxonomy":"product_brand","embeddable":true,"href":"https:\/\/sailproof.shop\/de\/wp-json\/wp\/v2\/product_brand?post=6971"},{"taxonomy":"product_cat","embeddable":true,"href":"https:\/\/sailproof.shop\/de\/wp-json\/wp\/v2\/product_cat?post=6971"},{"taxonomy":"product_tag","embeddable":true,"href":"https:\/\/sailproof.shop\/de\/wp-json\/wp\/v2\/product_tag?post=6971"}],"curies":[{"name":"wp","href":"https:\/\/api.w.org\/{rel}","templated":true}]}}