{"id":99706,"date":"2025-09-12T10:19:40","date_gmt":"2025-09-12T09:19:40","guid":{"rendered":"https:\/\/sailproof.shop\/?post_type=product&#038;p=99706"},"modified":"2026-03-24T14:34:45","modified_gmt":"2026-03-24T13:34:45","slug":"ram-doppelte-u-bolzen-kugelsockel-fur-125mm-1-2532mm-reling-copy","status":"publish","type":"product","link":"https:\/\/sailproof.shop\/de\/produkt\/ram-doppelte-u-bolzen-kugelsockel-fur-125mm-1-2532mm-reling-copy\/","title":{"rendered":"RAM Langer Doppelgelenkarm f\u00fcr 1,5 Zoll Kugel"},"content":{"rendered":"<p>Das RAM-201U-D besteht aus einem langen Doppelgelenkarm, der 1,5 Zoll Kugelhalterungen in C-Gr\u00f6\u00dfe, Ger\u00e4tehalterungen und Adapter aufnimmt. Mit einer Gesamtl\u00e4nge von 23 cm ist dies der l\u00e4ngste RAM\u00ae Doppelgelenkarm in C-Gr\u00f6\u00dfe und erweitert die Reichweite deiner bevorzugten Halterungsl\u00f6sung. Der einfach einstellbare Knopf erm\u00f6glicht nahezu unbegrenzte Verstellm\u00f6glichkeiten.  <\/p>\n","protected":false},"excerpt":{"rendered":"<p>RAM langer Doppelgelenkarm f\u00fcr 1,5 Zoll Kugelhalterungen, L\u00e4nge ca. 23 cm. Zu verwenden in Kombination mit einer Montagebasis und der 75\u00d775mm VESA-Platte als Halterung f\u00fcr unsere STS13 und STS15 Marine Touchscreens. <\/p>\n","protected":false},"featured_media":99718,"template":"","meta":[],"product_brand":[912],"product_cat":[652],"product_tag":[738,739],"class_list":{"0":"post-99706","1":"product","2":"type-product","3":"status-publish","4":"has-post-thumbnail","6":"product_brand-ram-mounts","7":"product_cat-touchscreen-halterungen-halterungen","8":"product_tag-2-jahre-garantie","9":"product_tag-schnelle-lieferung","11":"first","12":"instock","13":"taxable","14":"shipping-taxable","15":"purchasable","16":"product-type-simple"},"supplier_id":null,"supplier_sku":"","barcode":null,"atum_controlled":true,"out_stock_date":null,"out_stock_threshold":0,"inheritable":false,"inbound_stock":0,"stock_on_hold":0,"sold_today":0,"sales_last_days":0,"out_stock_days":0,"lost_sales":0,"has_location":false,"update_date":"2026-04-15T00:47:45","atum_locations":[],"atum_stock_status":"instock","restock_status":false,"low_stock_amount":2,"sales_update_date":"2026-04-15T00:47:45","calc_backorders":0,"yoast_head":"<!-- This site is optimized with the Yoast SEO plugin v27.3 - https:\/\/yoast.com\/product\/yoast-seo-wordpress\/ -->\n<title>RAM Langer Doppelgelenkarm f\u00fcr 1,5 Zoll Kugel - SailProof shop<\/title>\n<meta name=\"description\" content=\"RAM langer Doppelgelenkarm f\u00fcr 1,5 Zoll Kugelhalterungen f\u00fcr unsere STS13 und STS15 Marine Touchscreens.\" \/>\n<meta name=\"robots\" content=\"index, follow, max-snippet:-1, max-image-preview:large, max-video-preview:-1\" \/>\n<link rel=\"canonical\" href=\"https:\/\/sailproof.shop\/de\/produkt\/ram-doppelte-u-bolzen-kugelsockel-fur-125mm-1-2532mm-reling-copy\/\" \/>\n<meta property=\"og:locale\" content=\"de_DE\" \/>\n<meta property=\"og:type\" content=\"article\" \/>\n<meta property=\"og:title\" content=\"RAM Langer Doppelgelenkarm f\u00fcr 1,5 Zoll Kugel - SailProof shop\" \/>\n<meta property=\"og:description\" content=\"RAM langer Doppelgelenkarm f\u00fcr 1,5 Zoll Kugelhalterungen f\u00fcr unsere STS13 und STS15 Marine Touchscreens.\" \/>\n<meta property=\"og:url\" content=\"https:\/\/sailproof.shop\/de\/produkt\/ram-doppelte-u-bolzen-kugelsockel-fur-125mm-1-2532mm-reling-copy\/\" \/>\n<meta property=\"og:site_name\" content=\"SailProof shop\" \/>\n<meta property=\"article:publisher\" content=\"https:\/\/www.facebook.com\/sailproof\" \/>\n<meta property=\"article:modified_time\" content=\"2026-03-24T13:34:45+00:00\" \/>\n<meta property=\"og:image\" content=\"https:\/\/sailproof.shop\/wp-content\/uploads\/2025\/09\/RAM-201U-D-Arm.jpg\" \/>\n\t<meta property=\"og:image:width\" content=\"800\" \/>\n\t<meta property=\"og:image:height\" content=\"800\" \/>\n\t<meta property=\"og:image:type\" content=\"image\/jpeg\" \/>\n<meta name=\"twitter:card\" content=\"summary_large_image\" \/>\n<meta name=\"twitter:site\" content=\"@SailproofShop\" \/>\n<script type=\"application\/ld+json\" class=\"yoast-schema-graph\">{\"@context\":\"https:\\\/\\\/schema.org\",\"@graph\":[{\"@type\":\"WebPage\",\"@id\":\"https:\\\/\\\/sailproof.shop\\\/de\\\/produkt\\\/ram-doppelte-u-bolzen-kugelsockel-fur-125mm-1-2532mm-reling-copy\\\/\",\"url\":\"https:\\\/\\\/sailproof.shop\\\/de\\\/produkt\\\/ram-doppelte-u-bolzen-kugelsockel-fur-125mm-1-2532mm-reling-copy\\\/\",\"name\":\"RAM Langer Doppelgelenkarm f\u00fcr 1,5 Zoll Kugel - SailProof shop\",\"isPartOf\":{\"@id\":\"https:\\\/\\\/sailproof.shop\\\/de\\\/#website\"},\"primaryImageOfPage\":{\"@id\":\"https:\\\/\\\/sailproof.shop\\\/de\\\/produkt\\\/ram-doppelte-u-bolzen-kugelsockel-fur-125mm-1-2532mm-reling-copy\\\/#primaryimage\"},\"image\":{\"@id\":\"https:\\\/\\\/sailproof.shop\\\/de\\\/produkt\\\/ram-doppelte-u-bolzen-kugelsockel-fur-125mm-1-2532mm-reling-copy\\\/#primaryimage\"},\"thumbnailUrl\":\"https:\\\/\\\/sailproof.shop\\\/wp-content\\\/uploads\\\/2025\\\/09\\\/RAM-201U-D-Arm.jpg\",\"datePublished\":\"2025-09-12T09:19:40+00:00\",\"dateModified\":\"2026-03-24T13:34:45+00:00\",\"description\":\"RAM langer Doppelgelenkarm f\u00fcr 1,5 Zoll Kugelhalterungen f\u00fcr unsere STS13 und STS15 Marine Touchscreens.\",\"breadcrumb\":{\"@id\":\"https:\\\/\\\/sailproof.shop\\\/de\\\/produkt\\\/ram-doppelte-u-bolzen-kugelsockel-fur-125mm-1-2532mm-reling-copy\\\/#breadcrumb\"},\"inLanguage\":\"de\",\"potentialAction\":[{\"@type\":\"ReadAction\",\"target\":[\"https:\\\/\\\/sailproof.shop\\\/de\\\/produkt\\\/ram-doppelte-u-bolzen-kugelsockel-fur-125mm-1-2532mm-reling-copy\\\/\"]}]},{\"@type\":\"ImageObject\",\"inLanguage\":\"de\",\"@id\":\"https:\\\/\\\/sailproof.shop\\\/de\\\/produkt\\\/ram-doppelte-u-bolzen-kugelsockel-fur-125mm-1-2532mm-reling-copy\\\/#primaryimage\",\"url\":\"https:\\\/\\\/sailproof.shop\\\/wp-content\\\/uploads\\\/2025\\\/09\\\/RAM-201U-D-Arm.jpg\",\"contentUrl\":\"https:\\\/\\\/sailproof.shop\\\/wp-content\\\/uploads\\\/2025\\\/09\\\/RAM-201U-D-Arm.jpg\",\"width\":800,\"height\":800,\"caption\":\"RAM Long Double Socket Arm for 1.5\\\" Ball\"},{\"@type\":\"BreadcrumbList\",\"@id\":\"https:\\\/\\\/sailproof.shop\\\/de\\\/produkt\\\/ram-doppelte-u-bolzen-kugelsockel-fur-125mm-1-2532mm-reling-copy\\\/#breadcrumb\",\"itemListElement\":[{\"@type\":\"ListItem\",\"position\":1,\"name\":\"Startseite\",\"item\":\"https:\\\/\\\/sailproof.shop\\\/de\\\/\"},{\"@type\":\"ListItem\",\"position\":2,\"name\":\"Shop\",\"item\":\"https:\\\/\\\/sailproof.shop\\\/de\\\/shop\\\/\"},{\"@type\":\"ListItem\",\"position\":3,\"name\":\"Halterungen\",\"item\":\"https:\\\/\\\/sailproof.shop\\\/de\\\/produkt-kategorie\\\/halterungen\\\/\"},{\"@type\":\"ListItem\",\"position\":4,\"name\":\"Touchscreen Halterungen\",\"item\":\"https:\\\/\\\/sailproof.shop\\\/de\\\/produkt-kategorie\\\/halterungen\\\/touchscreen-halterungen-halterungen\\\/\"},{\"@type\":\"ListItem\",\"position\":5,\"name\":\"Private: RAM Langer Doppelgelenkarm f\u00fcr 1,5 Zoll Kugel\"}]},{\"@type\":\"WebSite\",\"@id\":\"https:\\\/\\\/sailproof.shop\\\/de\\\/#website\",\"url\":\"https:\\\/\\\/sailproof.shop\\\/de\\\/\",\"name\":\"SailProof Shop\",\"description\":\"Rugged tablets and waterproof electronic device for sailors\",\"publisher\":{\"@id\":\"https:\\\/\\\/sailproof.shop\\\/de\\\/#organization\"},\"alternateName\":\"SailProof Shop\",\"potentialAction\":[{\"@type\":\"SearchAction\",\"target\":{\"@type\":\"EntryPoint\",\"urlTemplate\":\"https:\\\/\\\/sailproof.shop\\\/de\\\/?s={search_term_string}\"},\"query-input\":{\"@type\":\"PropertyValueSpecification\",\"valueRequired\":true,\"valueName\":\"search_term_string\"}}],\"inLanguage\":\"de\"},{\"@type\":\"Organization\",\"@id\":\"https:\\\/\\\/sailproof.shop\\\/de\\\/#organization\",\"name\":\"SailProof Shop\",\"url\":\"https:\\\/\\\/sailproof.shop\\\/de\\\/\",\"logo\":{\"@type\":\"ImageObject\",\"inLanguage\":\"de\",\"@id\":\"https:\\\/\\\/sailproof.shop\\\/de\\\/#\\\/schema\\\/logo\\\/image\\\/\",\"url\":\"https:\\\/\\\/sailproof.shop\\\/wp-content\\\/uploads\\\/2024\\\/10\\\/Logo-SailProof.png\",\"contentUrl\":\"https:\\\/\\\/sailproof.shop\\\/wp-content\\\/uploads\\\/2024\\\/10\\\/Logo-SailProof.png\",\"width\":160,\"height\":57,\"caption\":\"SailProof Shop\"},\"image\":{\"@id\":\"https:\\\/\\\/sailproof.shop\\\/de\\\/#\\\/schema\\\/logo\\\/image\\\/\"},\"sameAs\":[\"https:\\\/\\\/www.facebook.com\\\/sailproof\",\"https:\\\/\\\/x.com\\\/SailproofShop\",\"https:\\\/\\\/instagram.com\\\/sail.proof\",\"https:\\\/\\\/www.linkedin.com\\\/company\\\/sailproofshop\\\/\",\"https:\\\/\\\/www.pinterest.com\\\/SailProof\\\/\",\"https:\\\/\\\/www.youtube.com\\\/channel\\\/UClR4lWJvI8KoSGnCbLYPaFg\"]}]}<\/script>\n<!-- \/ Yoast SEO plugin. -->","yoast_head_json":{"title":"RAM Langer Doppelgelenkarm f\u00fcr 1,5 Zoll Kugel - SailProof shop","description":"RAM langer Doppelgelenkarm f\u00fcr 1,5 Zoll Kugelhalterungen f\u00fcr unsere STS13 und STS15 Marine Touchscreens.","robots":{"index":"index","follow":"follow","max-snippet":"max-snippet:-1","max-image-preview":"max-image-preview:large","max-video-preview":"max-video-preview:-1"},"canonical":"https:\/\/sailproof.shop\/de\/produkt\/ram-doppelte-u-bolzen-kugelsockel-fur-125mm-1-2532mm-reling-copy\/","og_locale":"de_DE","og_type":"article","og_title":"RAM Langer Doppelgelenkarm f\u00fcr 1,5 Zoll Kugel - SailProof shop","og_description":"RAM langer Doppelgelenkarm f\u00fcr 1,5 Zoll Kugelhalterungen f\u00fcr unsere STS13 und STS15 Marine Touchscreens.","og_url":"https:\/\/sailproof.shop\/de\/produkt\/ram-doppelte-u-bolzen-kugelsockel-fur-125mm-1-2532mm-reling-copy\/","og_site_name":"SailProof shop","article_publisher":"https:\/\/www.facebook.com\/sailproof","article_modified_time":"2026-03-24T13:34:45+00:00","og_image":[{"width":800,"height":800,"url":"https:\/\/sailproof.shop\/wp-content\/uploads\/2025\/09\/RAM-201U-D-Arm.jpg","type":"image\/jpeg"}],"twitter_card":"summary_large_image","twitter_site":"@SailproofShop","schema":{"@context":"https:\/\/schema.org","@graph":[{"@type":"WebPage","@id":"https:\/\/sailproof.shop\/de\/produkt\/ram-doppelte-u-bolzen-kugelsockel-fur-125mm-1-2532mm-reling-copy\/","url":"https:\/\/sailproof.shop\/de\/produkt\/ram-doppelte-u-bolzen-kugelsockel-fur-125mm-1-2532mm-reling-copy\/","name":"RAM Langer Doppelgelenkarm f\u00fcr 1,5 Zoll Kugel - SailProof shop","isPartOf":{"@id":"https:\/\/sailproof.shop\/de\/#website"},"primaryImageOfPage":{"@id":"https:\/\/sailproof.shop\/de\/produkt\/ram-doppelte-u-bolzen-kugelsockel-fur-125mm-1-2532mm-reling-copy\/#primaryimage"},"image":{"@id":"https:\/\/sailproof.shop\/de\/produkt\/ram-doppelte-u-bolzen-kugelsockel-fur-125mm-1-2532mm-reling-copy\/#primaryimage"},"thumbnailUrl":"https:\/\/sailproof.shop\/wp-content\/uploads\/2025\/09\/RAM-201U-D-Arm.jpg","datePublished":"2025-09-12T09:19:40+00:00","dateModified":"2026-03-24T13:34:45+00:00","description":"RAM langer Doppelgelenkarm f\u00fcr 1,5 Zoll Kugelhalterungen f\u00fcr unsere STS13 und STS15 Marine Touchscreens.","breadcrumb":{"@id":"https:\/\/sailproof.shop\/de\/produkt\/ram-doppelte-u-bolzen-kugelsockel-fur-125mm-1-2532mm-reling-copy\/#breadcrumb"},"inLanguage":"de","potentialAction":[{"@type":"ReadAction","target":["https:\/\/sailproof.shop\/de\/produkt\/ram-doppelte-u-bolzen-kugelsockel-fur-125mm-1-2532mm-reling-copy\/"]}]},{"@type":"ImageObject","inLanguage":"de","@id":"https:\/\/sailproof.shop\/de\/produkt\/ram-doppelte-u-bolzen-kugelsockel-fur-125mm-1-2532mm-reling-copy\/#primaryimage","url":"https:\/\/sailproof.shop\/wp-content\/uploads\/2025\/09\/RAM-201U-D-Arm.jpg","contentUrl":"https:\/\/sailproof.shop\/wp-content\/uploads\/2025\/09\/RAM-201U-D-Arm.jpg","width":800,"height":800,"caption":"RAM Long Double Socket Arm for 1.5\" Ball"},{"@type":"BreadcrumbList","@id":"https:\/\/sailproof.shop\/de\/produkt\/ram-doppelte-u-bolzen-kugelsockel-fur-125mm-1-2532mm-reling-copy\/#breadcrumb","itemListElement":[{"@type":"ListItem","position":1,"name":"Startseite","item":"https:\/\/sailproof.shop\/de\/"},{"@type":"ListItem","position":2,"name":"Shop","item":"https:\/\/sailproof.shop\/de\/shop\/"},{"@type":"ListItem","position":3,"name":"Halterungen","item":"https:\/\/sailproof.shop\/de\/produkt-kategorie\/halterungen\/"},{"@type":"ListItem","position":4,"name":"Touchscreen Halterungen","item":"https:\/\/sailproof.shop\/de\/produkt-kategorie\/halterungen\/touchscreen-halterungen-halterungen\/"},{"@type":"ListItem","position":5,"name":"Private: RAM Langer Doppelgelenkarm f\u00fcr 1,5 Zoll Kugel"}]},{"@type":"WebSite","@id":"https:\/\/sailproof.shop\/de\/#website","url":"https:\/\/sailproof.shop\/de\/","name":"SailProof Shop","description":"Rugged tablets and waterproof electronic device for sailors","publisher":{"@id":"https:\/\/sailproof.shop\/de\/#organization"},"alternateName":"SailProof Shop","potentialAction":[{"@type":"SearchAction","target":{"@type":"EntryPoint","urlTemplate":"https:\/\/sailproof.shop\/de\/?s={search_term_string}"},"query-input":{"@type":"PropertyValueSpecification","valueRequired":true,"valueName":"search_term_string"}}],"inLanguage":"de"},{"@type":"Organization","@id":"https:\/\/sailproof.shop\/de\/#organization","name":"SailProof Shop","url":"https:\/\/sailproof.shop\/de\/","logo":{"@type":"ImageObject","inLanguage":"de","@id":"https:\/\/sailproof.shop\/de\/#\/schema\/logo\/image\/","url":"https:\/\/sailproof.shop\/wp-content\/uploads\/2024\/10\/Logo-SailProof.png","contentUrl":"https:\/\/sailproof.shop\/wp-content\/uploads\/2024\/10\/Logo-SailProof.png","width":160,"height":57,"caption":"SailProof Shop"},"image":{"@id":"https:\/\/sailproof.shop\/de\/#\/schema\/logo\/image\/"},"sameAs":["https:\/\/www.facebook.com\/sailproof","https:\/\/x.com\/SailproofShop","https:\/\/instagram.com\/sail.proof","https:\/\/www.linkedin.com\/company\/sailproofshop\/","https:\/\/www.pinterest.com\/SailProof\/","https:\/\/www.youtube.com\/channel\/UClR4lWJvI8KoSGnCbLYPaFg"]}]}},"_links":{"self":[{"href":"https:\/\/sailproof.shop\/de\/wp-json\/wp\/v2\/product\/99706","targetHints":{"allow":["GET"]}}],"collection":[{"href":"https:\/\/sailproof.shop\/de\/wp-json\/wp\/v2\/product"}],"about":[{"href":"https:\/\/sailproof.shop\/de\/wp-json\/wp\/v2\/types\/product"}],"wp:featuredmedia":[{"embeddable":true,"href":"https:\/\/sailproof.shop\/de\/wp-json\/wp\/v2\/media\/99718"}],"wp:attachment":[{"href":"https:\/\/sailproof.shop\/de\/wp-json\/wp\/v2\/media?parent=99706"}],"wp:term":[{"taxonomy":"product_brand","embeddable":true,"href":"https:\/\/sailproof.shop\/de\/wp-json\/wp\/v2\/product_brand?post=99706"},{"taxonomy":"product_cat","embeddable":true,"href":"https:\/\/sailproof.shop\/de\/wp-json\/wp\/v2\/product_cat?post=99706"},{"taxonomy":"product_tag","embeddable":true,"href":"https:\/\/sailproof.shop\/de\/wp-json\/wp\/v2\/product_tag?post=99706"}],"curies":[{"name":"wp","href":"https:\/\/api.w.org\/{rel}","templated":true}]}}