{"id":1740,"date":"2024-11-18T11:26:28","date_gmt":"2024-11-18T10:26:28","guid":{"rendered":"https:\/\/sailproof.shop\/?page_id=1740"},"modified":"2026-03-24T14:34:45","modified_gmt":"2026-03-24T13:34:45","slug":"envio","status":"publish","type":"page","link":"https:\/\/sailproof.shop\/es\/envio\/","title":{"rendered":"Env\u00edo"},"content":{"rendered":"\n<h2 class=\"wp-block-heading\">Env\u00edo<\/h2>\n\n\n\n<p>Nuestros gastos de env\u00edo incluyen el embalaje, la manipulaci\u00f3n y los gastos de env\u00edo. Se calculan en el momento de la compra y pueden consultarse antes de confirmar el pedido. Seg\u00fan el destino y el peso, los gastos de env\u00edo pueden ofrecerse a partir de una cierta cantidad, dependiendo del operador elegido. Todos los precios que figuran a continuaci\u00f3n incluyen impuestos.<\/p>\n\n\n\n<p>Realizamos env\u00edos a todo el mundo. Se le enviar\u00e1 un enlace de seguimiento despu\u00e9s de la validaci\u00f3n del pedido. Para nosotros es una cuesti\u00f3n de responsabilidad enviar sus paquetes lo antes posible. Dependiendo del destino, esto tomar\u00e1 generalmente entre 3 y 8 d\u00edas h\u00e1biles. Los plazos exactos se confirmar\u00e1n en el enlace de seguimiento proporcionado en el momento del env\u00edo. Haremos todo lo posible para asegurarnos de que reciba su art\u00edculo dentro del plazo especificado. Sin embargo, estos plazos de entrega se mencionan solo a t\u00edtulo informativo, y SailProof no se hace responsable de ning\u00fan retraso.<\/p>\n\n\n\n<p>Estamos acostumbrados a realizar env\u00edos a <strong>zonas remotas<\/strong> (como el Caribe, el Sudeste Asi\u00e1tico, el Oc\u00e9ano \u00cdndico o las Islas del Pac\u00edfico). No dudes en contactarnos antes de realizar tu pedido para que podamos encontrar la mejor soluci\u00f3n. Tambi\u00e9n contamos con <strong>distribuidores <\/strong>en todo el mundo: puedes consultar la <u><a href=\"https:\/\/sailproof.shop\/es\/donde-encontrarnos\/\" target=\"_blank\" rel=\"noreferrer noopener\">lista<\/a><\/u><a href=\"https:\/\/sailproof.shop\/es\/donde-encontrarnos\/\"><u> completa aqu\u00ed.<\/u><\/a> Es posible que no tengan el dispositivo que necesitas en stock, pero puedes enviar de forma segura tu paquete a sus instalaciones para recogerlo cuando llegues al puerto.<\/p>\n\n\n\n<h3 class=\"wp-block-heading\">Plazos de entrega<\/h3>\n\n\n\n<p>Env\u00edos <strong>EST\u00c1NDAR<\/strong> (solo <strong>Uni\u00f3n Europea<\/strong>) se gestionan a trav\u00e9s de <strong>DPD<\/strong>. Los plazos habituales son:<\/p>\n\n\n\n<ul class=\"wp-block-list\">\n<li>Benelux: 1 d\u00eda laborable<\/li>\n\n\n\n<li>Francia: 2 d\u00edas laborables<\/li>\n\n\n\n<li>Alemania: 2 d\u00edas laborables<\/li>\n\n\n\n<li>Espa\u00f1a, Italia: 3-4 d\u00edas laborables<\/li>\n\n\n\n<li>Otros pa\u00edses: 1-6 d\u00edas laborables; por favor, <a href=\"https:\/\/www.dpd.com\/be\/en\/sending\/international-delivery\/delivery-time\/#calculator\"><u>consulta aqu\u00ed para obtener informaci\u00f3n <\/u><\/a><u><a href=\"https:\/\/www.dpd.com\/be\/en\/sending\/international-delivery\/delivery-time\/#calculator\" target=\"_blank\" rel=\"noreferrer noopener\">m\u00e1s<\/a><\/u><a href=\"https:\/\/www.dpd.com\/be\/en\/sending\/international-delivery\/delivery-time\/#calculator\"><u> precisa.<\/u><\/a><\/li>\n<\/ul>\n\n\n\n<p>Env\u00edos <strong>EXPRESS<\/strong>&nbsp;se gestionan a trav\u00e9s de&nbsp;<strong>DHL<\/strong>. Los plazos habituales son:<\/p>\n\n\n\n<ul class=\"wp-block-list\">\n<li>Benelux: 1 d\u00eda laborable<\/li>\n\n\n\n<li>Francia: 1-2 d\u00edas laborable(s)<\/li>\n\n\n\n<li>Alemania, Dinamarca: 1-2 d\u00edas laborable(s)<\/li>\n\n\n\n<li>Espa\u00f1a, Italia: 2-3 d\u00edas laborables<\/li>\n\n\n\n<li>Otros paises de la Uni\u00f3n Europea: 1-4 d\u00edas laborable(s)<\/li>\n\n\n\n<li>EEUU-Canad\u00e1: 2-4 d\u00edas laborables (excepto zonas de dif\u00edcil acceso)<\/li>\n\n\n\n<li>Australia-Nueva Zelanda: 3-5 d\u00edas laborables (excepto zonas de dif\u00edcil acceso)<\/li>\n\n\n\n<li>Resto del mundo: 3-7 d\u00edas laborables<\/li>\n<\/ul>\n\n\n\n<p>Nota: Para garantizar la m\u00e1xima seguridad, los <strong>env\u00edos de alto valor<\/strong> (superiores a 400 \u20ac IVA incluido) se procesan exclusivamente mediante env\u00edo EXPRESS con DHL.<\/p>\n\n\n\n<h3 class=\"wp-block-heading\">\u00bfPaquete da\u00f1ado?<\/h3>\n\n\n\n<p>Tambi\u00e9n nos encargamos de empaquetar los productos lo mejor posible para asegurarnos de que los recibas en perfecto estado. Sin embargo, siempre puede ocurrir un accidente. Si su paquete llega da\u00f1ado, por favor, cont\u00e1ctenos lo antes posible mediante el formulario de la p\u00e1gina de contacto o por correo electr\u00f3nico. No te olvide incluir fotos del paquete.<\/p>\n\n\n\n<h3 class=\"wp-block-heading\">Entreguas fuera de la Uni\u00f3n Europea<\/h3>\n\n\n\n<p>Fuera de la Uni\u00f3n Europea, los precios se indican sin IVA. En estos pedidos, no cobramos ning\u00fan impuesto europeo. Seg\u00fan el destino, estos pedidos pueden estar sujetos a impuestos nacionales y tasas aduaneras que deben pagarse al recibir el paquete en el pa\u00eds. Los gastos generados por el pedido (derechos de aduana, impuestos, derechos de importaci\u00f3n, gastos de almacenamiento o cualquier otro cargo) son responsabilidad del destinatario.<\/p>\n\n\n\n<p>SailProof cubre cualquier da\u00f1o del transporte. Aduanas tiene el derecho de revisar y abrir los paquetes para llevar a cabo los controles. Si desea m\u00e1s informaci\u00f3n sobre las formalidades aduaneras, los retrasos y su coste, p\u00f3ngase en contacto con las autoridades aduaneras de su pa\u00eds. Fuera de Europa, los gastos de devoluci\u00f3n de la mercanc\u00eda tambi\u00e9n corren a cargo del cliente, a menos que SailProof haya acordado lo contrario por adelantado.<\/p>\n\n\n\n<p>Cabe se\u00f1alar que los env\u00edos internacionales a determinados pa\u00edses pueden estar sujetos a restricciones de entrega. Es responsabilidad suya asegurarse de que los productos que solicite se ajusten a la legislaci\u00f3n vigente en el pa\u00eds de destino. Tambi\u00e9n es posible que no se aplique la garant\u00eda del fabricante, el fabricante no preste servicios, las instrucciones de seguridad o de uso no est\u00e9n traducidas al idioma local, los productos (y los accesorios) no cumplan la legislaci\u00f3n vigente en el pa\u00eds, las indicaciones y los requisitos de mercado no cumplan las normas locales o los productos no se adapten a los voltajes actuales y a las normas el\u00e9ctricas del pa\u00eds de destino.<\/p>\n","protected":false},"excerpt":{"rendered":"<p>Env\u00edo Nuestros gastos de env\u00edo incluyen el embalaje, la manipulaci\u00f3n y los gastos de env\u00edo. Se calculan en el momento de la compra y pueden consultarse antes de confirmar el pedido. Seg\u00fan el destino y el peso, los gastos de env\u00edo pueden ofrecerse a partir de una cierta cantidad, dependiendo del operador elegido. Todos los [&hellip;]<\/p>\n","protected":false},"author":1,"featured_media":0,"parent":0,"menu_order":0,"comment_status":"closed","ping_status":"closed","template":"","meta":{"footnotes":""},"class_list":["post-1740","page","type-page","status-publish","has-post-thumbnail","hentry"],"yoast_head":"<!-- This site is optimized with the Yoast SEO plugin v27.4 - https:\/\/yoast.com\/product\/yoast-seo-wordpress\/ -->\n<title>Informaci\u00f3n de env\u00edo<\/title>\n<meta name=\"description\" content=\"Env\u00edo de tablet resistente y materiales resistente a l&#039;agua en todo el mundo\" \/>\n<meta name=\"robots\" content=\"index, follow, max-snippet:-1, max-image-preview:large, max-video-preview:-1\" \/>\n<link rel=\"canonical\" href=\"https:\/\/sailproof.shop\/es\/envio\/\" \/>\n<meta property=\"og:locale\" content=\"es_ES\" \/>\n<meta property=\"og:type\" content=\"article\" \/>\n<meta property=\"og:title\" content=\"Informaci\u00f3n de env\u00edo\" \/>\n<meta property=\"og:description\" content=\"Env\u00edo de tablet resistente y materiales resistente a l&#039;agua en todo el mundo\" \/>\n<meta property=\"og:url\" content=\"https:\/\/sailproof.shop\/es\/envio\/\" \/>\n<meta property=\"og:site_name\" content=\"SailProof shop\" \/>\n<meta property=\"article:publisher\" content=\"https:\/\/www.facebook.com\/sailproof\" \/>\n<meta property=\"article:modified_time\" content=\"2026-03-24T13:34:45+00:00\" \/>\n<meta property=\"og:image\" content=\"https:\/\/sailproof.shop\/wp-content\/uploads\/2025\/01\/SailProof.png\" \/>\n\t<meta property=\"og:image:width\" content=\"1200\" \/>\n\t<meta property=\"og:image:height\" content=\"675\" \/>\n\t<meta property=\"og:image:type\" content=\"image\/png\" \/>\n<meta name=\"twitter:card\" content=\"summary_large_image\" \/>\n<meta name=\"twitter:site\" content=\"@SailproofShop\" \/>\n<meta name=\"twitter:label1\" content=\"Tiempo de lectura\" \/>\n\t<meta name=\"twitter:data1\" content=\"4 minuto\" \/>\n<script type=\"application\/ld+json\" class=\"yoast-schema-graph\">{\"@context\":\"https:\\\/\\\/schema.org\",\"@graph\":[{\"@type\":\"WebPage\",\"@id\":\"https:\\\/\\\/sailproof.shop\\\/es\\\/envio\\\/\",\"url\":\"https:\\\/\\\/sailproof.shop\\\/es\\\/envio\\\/\",\"name\":\"Informaci\u00f3n de env\u00edo\",\"isPartOf\":{\"@id\":\"https:\\\/\\\/sailproof.shop\\\/es\\\/#website\"},\"datePublished\":\"2024-11-18T10:26:28+00:00\",\"dateModified\":\"2026-03-24T13:34:45+00:00\",\"description\":\"Env\u00edo de tablet resistente y materiales resistente a l'agua en todo el mundo\",\"breadcrumb\":{\"@id\":\"https:\\\/\\\/sailproof.shop\\\/es\\\/envio\\\/#breadcrumb\"},\"inLanguage\":\"es\",\"potentialAction\":[{\"@type\":\"ReadAction\",\"target\":[\"https:\\\/\\\/sailproof.shop\\\/es\\\/envio\\\/\"]}]},{\"@type\":\"BreadcrumbList\",\"@id\":\"https:\\\/\\\/sailproof.shop\\\/es\\\/envio\\\/#breadcrumb\",\"itemListElement\":[{\"@type\":\"ListItem\",\"position\":1,\"name\":\"Inicio\",\"item\":\"https:\\\/\\\/sailproof.shop\\\/es\\\/\"},{\"@type\":\"ListItem\",\"position\":2,\"name\":\"Env\u00edo\"}]},{\"@type\":\"WebSite\",\"@id\":\"https:\\\/\\\/sailproof.shop\\\/es\\\/#website\",\"url\":\"https:\\\/\\\/sailproof.shop\\\/es\\\/\",\"name\":\"SailProof Shop\",\"description\":\"Rugged tablets and waterproof electronic device for sailors\",\"publisher\":{\"@id\":\"https:\\\/\\\/sailproof.shop\\\/es\\\/#organization\"},\"alternateName\":\"SailProof Shop\",\"potentialAction\":[{\"@type\":\"SearchAction\",\"target\":{\"@type\":\"EntryPoint\",\"urlTemplate\":\"https:\\\/\\\/sailproof.shop\\\/es\\\/?s={search_term_string}\"},\"query-input\":{\"@type\":\"PropertyValueSpecification\",\"valueRequired\":true,\"valueName\":\"search_term_string\"}}],\"inLanguage\":\"es\"},{\"@type\":\"Organization\",\"@id\":\"https:\\\/\\\/sailproof.shop\\\/es\\\/#organization\",\"name\":\"SailProof Shop\",\"url\":\"https:\\\/\\\/sailproof.shop\\\/es\\\/\",\"logo\":{\"@type\":\"ImageObject\",\"inLanguage\":\"es\",\"@id\":\"https:\\\/\\\/sailproof.shop\\\/es\\\/#\\\/schema\\\/logo\\\/image\\\/\",\"url\":\"https:\\\/\\\/sailproof.shop\\\/wp-content\\\/uploads\\\/2024\\\/10\\\/Logo-SailProof.png\",\"contentUrl\":\"https:\\\/\\\/sailproof.shop\\\/wp-content\\\/uploads\\\/2024\\\/10\\\/Logo-SailProof.png\",\"width\":160,\"height\":57,\"caption\":\"SailProof Shop\"},\"image\":{\"@id\":\"https:\\\/\\\/sailproof.shop\\\/es\\\/#\\\/schema\\\/logo\\\/image\\\/\"},\"sameAs\":[\"https:\\\/\\\/www.facebook.com\\\/sailproof\",\"https:\\\/\\\/x.com\\\/SailproofShop\",\"https:\\\/\\\/instagram.com\\\/sail.proof\",\"https:\\\/\\\/www.linkedin.com\\\/company\\\/sailproofshop\\\/\",\"https:\\\/\\\/www.pinterest.com\\\/SailProof\\\/\",\"https:\\\/\\\/www.youtube.com\\\/channel\\\/UClR4lWJvI8KoSGnCbLYPaFg\"]}]}<\/script>\n<!-- \/ Yoast SEO plugin. -->","yoast_head_json":{"title":"Informaci\u00f3n de env\u00edo","description":"Env\u00edo de tablet resistente y materiales resistente a l'agua en todo el mundo","robots":{"index":"index","follow":"follow","max-snippet":"max-snippet:-1","max-image-preview":"max-image-preview:large","max-video-preview":"max-video-preview:-1"},"canonical":"https:\/\/sailproof.shop\/es\/envio\/","og_locale":"es_ES","og_type":"article","og_title":"Informaci\u00f3n de env\u00edo","og_description":"Env\u00edo de tablet resistente y materiales resistente a l'agua en todo el mundo","og_url":"https:\/\/sailproof.shop\/es\/envio\/","og_site_name":"SailProof shop","article_publisher":"https:\/\/www.facebook.com\/sailproof","article_modified_time":"2026-03-24T13:34:45+00:00","og_image":[{"width":1200,"height":675,"url":"https:\/\/sailproof.shop\/wp-content\/uploads\/2025\/01\/SailProof.png","type":"image\/png"}],"twitter_card":"summary_large_image","twitter_site":"@SailproofShop","twitter_misc":{"Tiempo de lectura":"4 minuto"},"schema":{"@context":"https:\/\/schema.org","@graph":[{"@type":"WebPage","@id":"https:\/\/sailproof.shop\/es\/envio\/","url":"https:\/\/sailproof.shop\/es\/envio\/","name":"Informaci\u00f3n de env\u00edo","isPartOf":{"@id":"https:\/\/sailproof.shop\/es\/#website"},"datePublished":"2024-11-18T10:26:28+00:00","dateModified":"2026-03-24T13:34:45+00:00","description":"Env\u00edo de tablet resistente y materiales resistente a l'agua en todo el mundo","breadcrumb":{"@id":"https:\/\/sailproof.shop\/es\/envio\/#breadcrumb"},"inLanguage":"es","potentialAction":[{"@type":"ReadAction","target":["https:\/\/sailproof.shop\/es\/envio\/"]}]},{"@type":"BreadcrumbList","@id":"https:\/\/sailproof.shop\/es\/envio\/#breadcrumb","itemListElement":[{"@type":"ListItem","position":1,"name":"Inicio","item":"https:\/\/sailproof.shop\/es\/"},{"@type":"ListItem","position":2,"name":"Env\u00edo"}]},{"@type":"WebSite","@id":"https:\/\/sailproof.shop\/es\/#website","url":"https:\/\/sailproof.shop\/es\/","name":"SailProof Shop","description":"Rugged tablets and waterproof electronic device for sailors","publisher":{"@id":"https:\/\/sailproof.shop\/es\/#organization"},"alternateName":"SailProof Shop","potentialAction":[{"@type":"SearchAction","target":{"@type":"EntryPoint","urlTemplate":"https:\/\/sailproof.shop\/es\/?s={search_term_string}"},"query-input":{"@type":"PropertyValueSpecification","valueRequired":true,"valueName":"search_term_string"}}],"inLanguage":"es"},{"@type":"Organization","@id":"https:\/\/sailproof.shop\/es\/#organization","name":"SailProof Shop","url":"https:\/\/sailproof.shop\/es\/","logo":{"@type":"ImageObject","inLanguage":"es","@id":"https:\/\/sailproof.shop\/es\/#\/schema\/logo\/image\/","url":"https:\/\/sailproof.shop\/wp-content\/uploads\/2024\/10\/Logo-SailProof.png","contentUrl":"https:\/\/sailproof.shop\/wp-content\/uploads\/2024\/10\/Logo-SailProof.png","width":160,"height":57,"caption":"SailProof Shop"},"image":{"@id":"https:\/\/sailproof.shop\/es\/#\/schema\/logo\/image\/"},"sameAs":["https:\/\/www.facebook.com\/sailproof","https:\/\/x.com\/SailproofShop","https:\/\/instagram.com\/sail.proof","https:\/\/www.linkedin.com\/company\/sailproofshop\/","https:\/\/www.pinterest.com\/SailProof\/","https:\/\/www.youtube.com\/channel\/UClR4lWJvI8KoSGnCbLYPaFg"]}]}},"_links":{"self":[{"href":"https:\/\/sailproof.shop\/es\/wp-json\/wp\/v2\/pages\/1740","targetHints":{"allow":["GET"]}}],"collection":[{"href":"https:\/\/sailproof.shop\/es\/wp-json\/wp\/v2\/pages"}],"about":[{"href":"https:\/\/sailproof.shop\/es\/wp-json\/wp\/v2\/types\/page"}],"author":[{"embeddable":true,"href":"https:\/\/sailproof.shop\/es\/wp-json\/wp\/v2\/users\/1"}],"replies":[{"embeddable":true,"href":"https:\/\/sailproof.shop\/es\/wp-json\/wp\/v2\/comments?post=1740"}],"version-history":[{"count":3,"href":"https:\/\/sailproof.shop\/es\/wp-json\/wp\/v2\/pages\/1740\/revisions"}],"predecessor-version":[{"id":101103,"href":"https:\/\/sailproof.shop\/es\/wp-json\/wp\/v2\/pages\/1740\/revisions\/101103"}],"wp:attachment":[{"href":"https:\/\/sailproof.shop\/es\/wp-json\/wp\/v2\/media?parent=1740"}],"curies":[{"name":"wp","href":"https:\/\/api.w.org\/{rel}","templated":true}]}}