{"id":1783,"date":"2024-11-18T11:09:19","date_gmt":"2024-11-18T10:09:19","guid":{"rendered":"https:\/\/sailproof.shop\/?page_id=1783"},"modified":"2026-03-24T14:34:45","modified_gmt":"2026-03-24T13:34:45","slug":"politica-de-privacidad","status":"publish","type":"page","link":"https:\/\/sailproof.shop\/es\/politica-de-privacidad\/","title":{"rendered":"Pol\u00edtica de privacidad"},"content":{"rendered":"\n<h2 class=\"wp-block-heading\">Identidad&nbsp;<\/h2>\n\n\n\n<p>El sitio web sailproof.shop est\u00e1 publicado por SAIL AGENCY SRL cuyo domicilio social se encuentra en Avenue des Dessus-de-Lives 2 en LOYERS (B\u00e9lgica), IVA BE0788460441<\/p>\n\n\n\n<h2 class=\"wp-block-heading\">Contacto&nbsp;<\/h2>\n\n\n\n<p>Se puede acceder al servicio de atenci\u00f3n al cliente de sailproof.shop a trav\u00e9s del\u00a0<a href=\"https:\/\/sailproof.shop\/es\/contacto\/\">Enlace de contacto<\/a>\u00a0en nuestro sitio web sailproof.shop o a trav\u00e9s del correo electr\u00f3nico\u00a0<a href=\"mailto:info@sailproof.shop\">info@sailproof.shop<\/a>.<\/p>\n\n\n\n<h2 class=\"wp-block-heading\">Pol\u00edtica de privacidad&nbsp;<\/h2>\n\n\n\n<p>Cuando visite el sitio web de sailproof.shop, es posible que se le pida que proporcione varios datos personales, como su nombre, direcci\u00f3n de correo electr\u00f3nico y direcci\u00f3n postal. Recopilamos los datos personales de los usuarios en estricto cumplimiento de la ley del 8 de diciembre de 1992 sobre la protecci\u00f3n de la privacidad, modificada por la ley del 11 de diciembre de 1998 que transpone la Directiva 95\/46\/CE del 24 de octubre de 1995. Los datos personales de los usuarios pueden ser utilizados para uso interno y con fines de marketing. Sus datos personales solo ser\u00e1n procesados en las bases de datos de SAIL AGENCY, cuyos detalles se indican m\u00e1s arriba. <\/p>\n\n\n\n<p>Usted da su permiso expreso para este procesamiento. El prop\u00f3sito es el de mantenerlo informado sobre nuestros productos y servicios. Nunca se compartir\u00e1n con otras compa\u00f1\u00edas sin su consentimiento expreso. Tiene derecho a acceder a sus datos y puede cambiarlos en caso de error. Tambi\u00e9n puede oponerse en cualquier momento al procesamiento de sus datos personales para fines de comercializaci\u00f3n directa.<\/p>\n\n\n\n<h2 class=\"wp-block-heading\">Propiedad intelectual&nbsp;<\/h2>\n\n\n\n<p>Este sitio est\u00e1 protegido por derechos de propiedad intelectual, incluidos derechos de autor, dise\u00f1os, marcas comerciales, nombres de dominio, patentes, conocimientos t\u00e9cnicos, programas inform\u00e1ticos o bases de datos. SAIL.AGENCY y\/o sus socios siguen siendo los propietarios de todos esos contenidos y derechos asociados. SAIL.AGENCY le concede una licencia limitada, no exclusiva, revocable y sublicenciable de estos contenidos para el simple acceso, navegaci\u00f3n y uso relacionados con este Sitio. Esta licencia no le otorga ning\u00fan otro derecho, en particular el derecho a explotar comercialmente este contenido.<\/p>\n\n\n\n<h2 class=\"wp-block-heading\">Acerca&nbsp;de las cookies&nbsp;<\/h2>\n\n\n\n<p>Las cookies son generalmente peque\u00f1os archivos de texto que se almacenan en el directorio o subcarpetas de datos de programa del navegador de su ordenador. Las cookies se crean cuando usted utiliza su navegador para visitar un sitio web que utiliza cookies como ayuda para rastrear sus movimientos en el sitio, retomar el lugar donde lo dej\u00f3 cuando abandon\u00f3 el sitio, y recordar sus credenciales de inicio de sesi\u00f3n, preferencias y otras caracter\u00edsticas de personalizaci\u00f3n. Las cookies no contienen mucha informaci\u00f3n, aparte de la URL del sitio web que cre\u00f3 la cookie, la duraci\u00f3n de las capacidades y efectos de la cookie y un n\u00famero aleatorio. <\/p>\n\n\n\n<p>Debido a la limitada informaci\u00f3n que contiene una cookie, generalmente no puede utilizarse para revelar su identidad o informaci\u00f3n de identificaci\u00f3n personal. Hay dos tipos de cookies: cookies de sesi\u00f3n y cookies persistentes. Las cookies de sesi\u00f3n se crean temporalmente en la subcarpeta de su navegador cuando visita un sitio web. Una vez que abandona el sitio, la cookie de sesi\u00f3n se borra. Por otro lado, los archivos de cookies persistentes permanecen en la subcarpeta de su navegador y se reactivan una vez que visita el sitio web que cre\u00f3 esta cookie espec\u00edfica. <\/p>\n\n\n\n<p>Una cookie persistente permanece en la subcarpeta del navegador durante el tiempo definido en el archivo de la cookie. Si no desea recibir cookies, puede configurar su navegador para limitarlas o bloquearlas en el men\u00fa Opciones o Preferencias. Puede aceptar o rechazar las cookies una a una o rechazarlas de una vez por todas. Sin embargo, estas modificaciones pueden alterar las condiciones de acceso a nuestros servicios que requieren el uso de cookies. Por lo tanto, si su navegador est\u00e1 configurado para rechazar todas las cookies, no podr\u00e1 realizar compras o disfrutar de las caracter\u00edsticas esenciales de nuestro sitio, como el almacenamiento de art\u00edculos en su cesta de la compra.<\/p>\n\n\n\n<p><strong>Puede revocar su consentimiento en cualquier momento haciendo clic en la rueda dentada de la esquina inferior izquierda.<\/strong><\/p>\n","protected":false},"excerpt":{"rendered":"<p>Identidad&nbsp; El sitio web sailproof.shop est\u00e1 publicado por SAIL AGENCY SRL cuyo domicilio social se encuentra en Avenue des Dessus-de-Lives 2 en LOYERS (B\u00e9lgica), IVA BE0788460441 Contacto&nbsp; Se puede acceder al servicio de atenci\u00f3n al cliente de sailproof.shop a trav\u00e9s del\u00a0Enlace de contacto\u00a0en nuestro sitio web sailproof.shop o a trav\u00e9s del correo electr\u00f3nico\u00a0info@sailproof.shop. Pol\u00edtica de [&hellip;]<\/p>\n","protected":false},"author":1,"featured_media":0,"parent":0,"menu_order":0,"comment_status":"closed","ping_status":"closed","template":"","meta":{"footnotes":""},"class_list":["post-1783","page","type-page","status-publish","has-post-thumbnail","hentry"],"yoast_head":"<!-- This site is optimized with the Yoast SEO plugin v27.3 - https:\/\/yoast.com\/product\/yoast-seo-wordpress\/ -->\n<title>Pol\u00edtica de privacidad<\/title>\n<meta name=\"description\" content=\"Pol\u00edtica de privacidad, datos personales y c\u00f3mo f\u00e1cilmente revocar su consentimiento\" \/>\n<meta name=\"robots\" content=\"index, follow, max-snippet:-1, max-image-preview:large, max-video-preview:-1\" \/>\n<link rel=\"canonical\" href=\"https:\/\/sailproof.shop\/es\/politica-de-privacidad\/\" \/>\n<meta property=\"og:locale\" content=\"es_ES\" \/>\n<meta property=\"og:type\" content=\"article\" \/>\n<meta property=\"og:title\" content=\"Pol\u00edtica de privacidad\" \/>\n<meta property=\"og:description\" content=\"Pol\u00edtica de privacidad, datos personales y c\u00f3mo f\u00e1cilmente revocar su consentimiento\" \/>\n<meta property=\"og:url\" content=\"https:\/\/sailproof.shop\/es\/politica-de-privacidad\/\" \/>\n<meta property=\"og:site_name\" content=\"SailProof shop\" \/>\n<meta property=\"article:publisher\" content=\"https:\/\/www.facebook.com\/sailproof\" \/>\n<meta property=\"article:modified_time\" content=\"2026-03-24T13:34:45+00:00\" \/>\n<meta property=\"og:image\" content=\"https:\/\/sailproof.shop\/wp-content\/uploads\/2025\/01\/SailProof.png\" \/>\n\t<meta property=\"og:image:width\" content=\"1200\" \/>\n\t<meta property=\"og:image:height\" content=\"675\" \/>\n\t<meta property=\"og:image:type\" content=\"image\/png\" \/>\n<meta name=\"twitter:card\" content=\"summary_large_image\" \/>\n<meta name=\"twitter:site\" content=\"@SailproofShop\" \/>\n<meta name=\"twitter:label1\" content=\"Tiempo de lectura\" \/>\n\t<meta name=\"twitter:data1\" content=\"3 minuto\" \/>\n<script type=\"application\/ld+json\" class=\"yoast-schema-graph\">{\"@context\":\"https:\\\/\\\/schema.org\",\"@graph\":[{\"@type\":\"WebPage\",\"@id\":\"https:\\\/\\\/sailproof.shop\\\/es\\\/politica-de-privacidad\\\/\",\"url\":\"https:\\\/\\\/sailproof.shop\\\/es\\\/politica-de-privacidad\\\/\",\"name\":\"Pol\u00edtica de privacidad\",\"isPartOf\":{\"@id\":\"https:\\\/\\\/sailproof.shop\\\/es\\\/#website\"},\"datePublished\":\"2024-11-18T10:09:19+00:00\",\"dateModified\":\"2026-03-24T13:34:45+00:00\",\"description\":\"Pol\u00edtica de privacidad, datos personales y c\u00f3mo f\u00e1cilmente revocar su consentimiento\",\"breadcrumb\":{\"@id\":\"https:\\\/\\\/sailproof.shop\\\/es\\\/politica-de-privacidad\\\/#breadcrumb\"},\"inLanguage\":\"es\",\"potentialAction\":[{\"@type\":\"ReadAction\",\"target\":[\"https:\\\/\\\/sailproof.shop\\\/es\\\/politica-de-privacidad\\\/\"]}]},{\"@type\":\"BreadcrumbList\",\"@id\":\"https:\\\/\\\/sailproof.shop\\\/es\\\/politica-de-privacidad\\\/#breadcrumb\",\"itemListElement\":[{\"@type\":\"ListItem\",\"position\":1,\"name\":\"Inicio\",\"item\":\"https:\\\/\\\/sailproof.shop\\\/es\\\/\"},{\"@type\":\"ListItem\",\"position\":2,\"name\":\"Pol\u00edtica de privacidad\"}]},{\"@type\":\"WebSite\",\"@id\":\"https:\\\/\\\/sailproof.shop\\\/es\\\/#website\",\"url\":\"https:\\\/\\\/sailproof.shop\\\/es\\\/\",\"name\":\"SailProof Shop\",\"description\":\"Rugged tablets and waterproof electronic device for sailors\",\"publisher\":{\"@id\":\"https:\\\/\\\/sailproof.shop\\\/es\\\/#organization\"},\"alternateName\":\"SailProof Shop\",\"potentialAction\":[{\"@type\":\"SearchAction\",\"target\":{\"@type\":\"EntryPoint\",\"urlTemplate\":\"https:\\\/\\\/sailproof.shop\\\/es\\\/?s={search_term_string}\"},\"query-input\":{\"@type\":\"PropertyValueSpecification\",\"valueRequired\":true,\"valueName\":\"search_term_string\"}}],\"inLanguage\":\"es\"},{\"@type\":\"Organization\",\"@id\":\"https:\\\/\\\/sailproof.shop\\\/es\\\/#organization\",\"name\":\"SailProof Shop\",\"url\":\"https:\\\/\\\/sailproof.shop\\\/es\\\/\",\"logo\":{\"@type\":\"ImageObject\",\"inLanguage\":\"es\",\"@id\":\"https:\\\/\\\/sailproof.shop\\\/es\\\/#\\\/schema\\\/logo\\\/image\\\/\",\"url\":\"https:\\\/\\\/sailproof.shop\\\/wp-content\\\/uploads\\\/2024\\\/10\\\/Logo-SailProof.png\",\"contentUrl\":\"https:\\\/\\\/sailproof.shop\\\/wp-content\\\/uploads\\\/2024\\\/10\\\/Logo-SailProof.png\",\"width\":160,\"height\":57,\"caption\":\"SailProof Shop\"},\"image\":{\"@id\":\"https:\\\/\\\/sailproof.shop\\\/es\\\/#\\\/schema\\\/logo\\\/image\\\/\"},\"sameAs\":[\"https:\\\/\\\/www.facebook.com\\\/sailproof\",\"https:\\\/\\\/x.com\\\/SailproofShop\",\"https:\\\/\\\/instagram.com\\\/sail.proof\",\"https:\\\/\\\/www.linkedin.com\\\/company\\\/sailproofshop\\\/\",\"https:\\\/\\\/www.pinterest.com\\\/SailProof\\\/\",\"https:\\\/\\\/www.youtube.com\\\/channel\\\/UClR4lWJvI8KoSGnCbLYPaFg\"]}]}<\/script>\n<!-- \/ Yoast SEO plugin. -->","yoast_head_json":{"title":"Pol\u00edtica de privacidad","description":"Pol\u00edtica de privacidad, datos personales y c\u00f3mo f\u00e1cilmente revocar su consentimiento","robots":{"index":"index","follow":"follow","max-snippet":"max-snippet:-1","max-image-preview":"max-image-preview:large","max-video-preview":"max-video-preview:-1"},"canonical":"https:\/\/sailproof.shop\/es\/politica-de-privacidad\/","og_locale":"es_ES","og_type":"article","og_title":"Pol\u00edtica de privacidad","og_description":"Pol\u00edtica de privacidad, datos personales y c\u00f3mo f\u00e1cilmente revocar su consentimiento","og_url":"https:\/\/sailproof.shop\/es\/politica-de-privacidad\/","og_site_name":"SailProof shop","article_publisher":"https:\/\/www.facebook.com\/sailproof","article_modified_time":"2026-03-24T13:34:45+00:00","og_image":[{"width":1200,"height":675,"url":"https:\/\/sailproof.shop\/wp-content\/uploads\/2025\/01\/SailProof.png","type":"image\/png"}],"twitter_card":"summary_large_image","twitter_site":"@SailproofShop","twitter_misc":{"Tiempo de lectura":"3 minuto"},"schema":{"@context":"https:\/\/schema.org","@graph":[{"@type":"WebPage","@id":"https:\/\/sailproof.shop\/es\/politica-de-privacidad\/","url":"https:\/\/sailproof.shop\/es\/politica-de-privacidad\/","name":"Pol\u00edtica de privacidad","isPartOf":{"@id":"https:\/\/sailproof.shop\/es\/#website"},"datePublished":"2024-11-18T10:09:19+00:00","dateModified":"2026-03-24T13:34:45+00:00","description":"Pol\u00edtica de privacidad, datos personales y c\u00f3mo f\u00e1cilmente revocar su consentimiento","breadcrumb":{"@id":"https:\/\/sailproof.shop\/es\/politica-de-privacidad\/#breadcrumb"},"inLanguage":"es","potentialAction":[{"@type":"ReadAction","target":["https:\/\/sailproof.shop\/es\/politica-de-privacidad\/"]}]},{"@type":"BreadcrumbList","@id":"https:\/\/sailproof.shop\/es\/politica-de-privacidad\/#breadcrumb","itemListElement":[{"@type":"ListItem","position":1,"name":"Inicio","item":"https:\/\/sailproof.shop\/es\/"},{"@type":"ListItem","position":2,"name":"Pol\u00edtica de privacidad"}]},{"@type":"WebSite","@id":"https:\/\/sailproof.shop\/es\/#website","url":"https:\/\/sailproof.shop\/es\/","name":"SailProof Shop","description":"Rugged tablets and waterproof electronic device for sailors","publisher":{"@id":"https:\/\/sailproof.shop\/es\/#organization"},"alternateName":"SailProof Shop","potentialAction":[{"@type":"SearchAction","target":{"@type":"EntryPoint","urlTemplate":"https:\/\/sailproof.shop\/es\/?s={search_term_string}"},"query-input":{"@type":"PropertyValueSpecification","valueRequired":true,"valueName":"search_term_string"}}],"inLanguage":"es"},{"@type":"Organization","@id":"https:\/\/sailproof.shop\/es\/#organization","name":"SailProof Shop","url":"https:\/\/sailproof.shop\/es\/","logo":{"@type":"ImageObject","inLanguage":"es","@id":"https:\/\/sailproof.shop\/es\/#\/schema\/logo\/image\/","url":"https:\/\/sailproof.shop\/wp-content\/uploads\/2024\/10\/Logo-SailProof.png","contentUrl":"https:\/\/sailproof.shop\/wp-content\/uploads\/2024\/10\/Logo-SailProof.png","width":160,"height":57,"caption":"SailProof Shop"},"image":{"@id":"https:\/\/sailproof.shop\/es\/#\/schema\/logo\/image\/"},"sameAs":["https:\/\/www.facebook.com\/sailproof","https:\/\/x.com\/SailproofShop","https:\/\/instagram.com\/sail.proof","https:\/\/www.linkedin.com\/company\/sailproofshop\/","https:\/\/www.pinterest.com\/SailProof\/","https:\/\/www.youtube.com\/channel\/UClR4lWJvI8KoSGnCbLYPaFg"]}]}},"_links":{"self":[{"href":"https:\/\/sailproof.shop\/es\/wp-json\/wp\/v2\/pages\/1783","targetHints":{"allow":["GET"]}}],"collection":[{"href":"https:\/\/sailproof.shop\/es\/wp-json\/wp\/v2\/pages"}],"about":[{"href":"https:\/\/sailproof.shop\/es\/wp-json\/wp\/v2\/types\/page"}],"author":[{"embeddable":true,"href":"https:\/\/sailproof.shop\/es\/wp-json\/wp\/v2\/users\/1"}],"replies":[{"embeddable":true,"href":"https:\/\/sailproof.shop\/es\/wp-json\/wp\/v2\/comments?post=1783"}],"version-history":[{"count":4,"href":"https:\/\/sailproof.shop\/es\/wp-json\/wp\/v2\/pages\/1783\/revisions"}],"predecessor-version":[{"id":4768,"href":"https:\/\/sailproof.shop\/es\/wp-json\/wp\/v2\/pages\/1783\/revisions\/4768"}],"wp:attachment":[{"href":"https:\/\/sailproof.shop\/es\/wp-json\/wp\/v2\/media?parent=1783"}],"curies":[{"name":"wp","href":"https:\/\/api.w.org\/{rel}","templated":true}]}}