{"id":6484,"date":"2024-12-18T14:34:04","date_gmt":"2024-12-18T13:34:04","guid":{"rendered":"https:\/\/sailproof.shop\/product\/base-atornillable-rokk\/"},"modified":"2026-03-31T17:43:50","modified_gmt":"2026-03-31T16:43:50","slug":"base-atornillable-rokk","status":"publish","type":"product","link":"https:\/\/sailproof.shop\/es\/producto\/base-atornillable-rokk\/","title":{"rendered":"Base atornillable ROKK"},"content":{"rendered":"<p>Base universal para una instalaci\u00f3n r\u00e1pida y sencilla en cualquier superficie plana, proporcionando un dise\u00f1o de perfil bajo cuando la tableta no est\u00e1 instalada.<\/p>\n","protected":false},"excerpt":{"rendered":"<p>Base atornillable para el soporte de montaje ROKK.<br \/>\nSolo la base: necesitas un soporte para tableta (RLS508) y un cuerpo ajustable (RLS-AM). Se vende por separado. <\/p>\n","protected":false},"featured_media":5921,"template":"","meta":[],"product_brand":[909],"product_cat":[667],"product_tag":[742,743],"class_list":{"0":"post-6484","1":"product","2":"type-product","3":"status-publish","4":"has-post-thumbnail","6":"product_brand-scanstrut","7":"product_cat-soportes-para-tabletas","8":"product_tag-2-anos-de-garantia","9":"product_tag-entrega-rapida","11":"first","12":"instock","13":"taxable","14":"shipping-taxable","15":"purchasable","16":"product-type-simple"},"supplier_id":null,"supplier_sku":"","barcode":null,"atum_controlled":true,"out_stock_date":null,"out_stock_threshold":null,"inheritable":false,"inbound_stock":0,"stock_on_hold":4,"sold_today":0,"sales_last_days":0,"out_stock_days":0,"lost_sales":0,"has_location":false,"update_date":"2026-04-10T00:22:13","atum_locations":[],"atum_stock_status":"instock","restock_status":false,"low_stock_amount":3,"sales_update_date":"2026-04-10T00:22:13","calc_backorders":0,"yoast_head":"<!-- This site is optimized with the Yoast SEO plugin v27.3 - https:\/\/yoast.com\/product\/yoast-seo-wordpress\/ -->\n<title>Base atornillable ROKK - SailProof shop<\/title>\n<meta name=\"description\" content=\"Base atornillada para el soporte de tableta ROKK.\" \/>\n<meta name=\"robots\" content=\"index, follow, max-snippet:-1, max-image-preview:large, max-video-preview:-1\" \/>\n<link rel=\"canonical\" href=\"https:\/\/sailproof.shop\/es\/producto\/base-atornillable-rokk\/\" \/>\n<meta property=\"og:locale\" content=\"es_ES\" \/>\n<meta property=\"og:type\" content=\"article\" \/>\n<meta property=\"og:title\" content=\"Base atornillable ROKK - SailProof shop\" \/>\n<meta property=\"og:description\" content=\"Base atornillada para el soporte de tableta ROKK.\" \/>\n<meta property=\"og:url\" content=\"https:\/\/sailproof.shop\/es\/producto\/base-atornillable-rokk\/\" \/>\n<meta property=\"og:site_name\" content=\"SailProof shop\" \/>\n<meta property=\"article:publisher\" content=\"https:\/\/www.facebook.com\/sailproof\" \/>\n<meta property=\"article:modified_time\" content=\"2026-03-31T16:43:50+00:00\" \/>\n<meta property=\"og:image\" content=\"https:\/\/sailproof.shop\/wp-content\/uploads\/2024\/12\/RoKK_tablet_screw_base-2.jpg\" \/>\n\t<meta property=\"og:image:width\" content=\"900\" \/>\n\t<meta property=\"og:image:height\" content=\"900\" \/>\n\t<meta property=\"og:image:type\" content=\"image\/jpeg\" \/>\n<meta name=\"twitter:card\" content=\"summary_large_image\" \/>\n<meta name=\"twitter:site\" content=\"@SailproofShop\" \/>\n<script type=\"application\/ld+json\" class=\"yoast-schema-graph\">{\"@context\":\"https:\\\/\\\/schema.org\",\"@graph\":[{\"@type\":\"WebPage\",\"@id\":\"https:\\\/\\\/sailproof.shop\\\/es\\\/producto\\\/base-atornillable-rokk\\\/\",\"url\":\"https:\\\/\\\/sailproof.shop\\\/es\\\/producto\\\/base-atornillable-rokk\\\/\",\"name\":\"Base atornillable ROKK - SailProof shop\",\"isPartOf\":{\"@id\":\"https:\\\/\\\/sailproof.shop\\\/es\\\/#website\"},\"primaryImageOfPage\":{\"@id\":\"https:\\\/\\\/sailproof.shop\\\/es\\\/producto\\\/base-atornillable-rokk\\\/#primaryimage\"},\"image\":{\"@id\":\"https:\\\/\\\/sailproof.shop\\\/es\\\/producto\\\/base-atornillable-rokk\\\/#primaryimage\"},\"thumbnailUrl\":\"https:\\\/\\\/sailproof.shop\\\/wp-content\\\/uploads\\\/2024\\\/12\\\/RoKK_tablet_screw_base-2.jpg\",\"datePublished\":\"2024-12-18T13:34:04+00:00\",\"dateModified\":\"2026-03-31T16:43:50+00:00\",\"description\":\"Base atornillada para el soporte de tableta ROKK.\",\"breadcrumb\":{\"@id\":\"https:\\\/\\\/sailproof.shop\\\/es\\\/producto\\\/base-atornillable-rokk\\\/#breadcrumb\"},\"inLanguage\":\"es\",\"potentialAction\":[{\"@type\":\"ReadAction\",\"target\":[\"https:\\\/\\\/sailproof.shop\\\/es\\\/producto\\\/base-atornillable-rokk\\\/\"]}]},{\"@type\":\"ImageObject\",\"inLanguage\":\"es\",\"@id\":\"https:\\\/\\\/sailproof.shop\\\/es\\\/producto\\\/base-atornillable-rokk\\\/#primaryimage\",\"url\":\"https:\\\/\\\/sailproof.shop\\\/wp-content\\\/uploads\\\/2024\\\/12\\\/RoKK_tablet_screw_base-2.jpg\",\"contentUrl\":\"https:\\\/\\\/sailproof.shop\\\/wp-content\\\/uploads\\\/2024\\\/12\\\/RoKK_tablet_screw_base-2.jpg\",\"width\":900,\"height\":900,\"caption\":\"ROKK screw base\"},{\"@type\":\"BreadcrumbList\",\"@id\":\"https:\\\/\\\/sailproof.shop\\\/es\\\/producto\\\/base-atornillable-rokk\\\/#breadcrumb\",\"itemListElement\":[{\"@type\":\"ListItem\",\"position\":1,\"name\":\"Inicio\",\"item\":\"https:\\\/\\\/sailproof.shop\\\/es\\\/\"},{\"@type\":\"ListItem\",\"position\":2,\"name\":\"Tienda\",\"item\":\"https:\\\/\\\/sailproof.shop\\\/es\\\/tienda\\\/\"},{\"@type\":\"ListItem\",\"position\":3,\"name\":\"Soportes\",\"item\":\"https:\\\/\\\/sailproof.shop\\\/es\\\/categoria-producto\\\/soportes\\\/\"},{\"@type\":\"ListItem\",\"position\":4,\"name\":\"Soportes para tabletas\",\"item\":\"https:\\\/\\\/sailproof.shop\\\/es\\\/categoria-producto\\\/soportes\\\/soportes-para-tabletas\\\/\"},{\"@type\":\"ListItem\",\"position\":5,\"name\":\"Base atornillable ROKK\"}]},{\"@type\":\"WebSite\",\"@id\":\"https:\\\/\\\/sailproof.shop\\\/es\\\/#website\",\"url\":\"https:\\\/\\\/sailproof.shop\\\/es\\\/\",\"name\":\"SailProof Shop\",\"description\":\"Rugged tablets and waterproof electronic device for sailors\",\"publisher\":{\"@id\":\"https:\\\/\\\/sailproof.shop\\\/es\\\/#organization\"},\"alternateName\":\"SailProof Shop\",\"potentialAction\":[{\"@type\":\"SearchAction\",\"target\":{\"@type\":\"EntryPoint\",\"urlTemplate\":\"https:\\\/\\\/sailproof.shop\\\/es\\\/?s={search_term_string}\"},\"query-input\":{\"@type\":\"PropertyValueSpecification\",\"valueRequired\":true,\"valueName\":\"search_term_string\"}}],\"inLanguage\":\"es\"},{\"@type\":\"Organization\",\"@id\":\"https:\\\/\\\/sailproof.shop\\\/es\\\/#organization\",\"name\":\"SailProof Shop\",\"url\":\"https:\\\/\\\/sailproof.shop\\\/es\\\/\",\"logo\":{\"@type\":\"ImageObject\",\"inLanguage\":\"es\",\"@id\":\"https:\\\/\\\/sailproof.shop\\\/es\\\/#\\\/schema\\\/logo\\\/image\\\/\",\"url\":\"https:\\\/\\\/sailproof.shop\\\/wp-content\\\/uploads\\\/2024\\\/10\\\/Logo-SailProof.png\",\"contentUrl\":\"https:\\\/\\\/sailproof.shop\\\/wp-content\\\/uploads\\\/2024\\\/10\\\/Logo-SailProof.png\",\"width\":160,\"height\":57,\"caption\":\"SailProof Shop\"},\"image\":{\"@id\":\"https:\\\/\\\/sailproof.shop\\\/es\\\/#\\\/schema\\\/logo\\\/image\\\/\"},\"sameAs\":[\"https:\\\/\\\/www.facebook.com\\\/sailproof\",\"https:\\\/\\\/x.com\\\/SailproofShop\",\"https:\\\/\\\/instagram.com\\\/sail.proof\",\"https:\\\/\\\/www.linkedin.com\\\/company\\\/sailproofshop\\\/\",\"https:\\\/\\\/www.pinterest.com\\\/SailProof\\\/\",\"https:\\\/\\\/www.youtube.com\\\/channel\\\/UClR4lWJvI8KoSGnCbLYPaFg\"]}]}<\/script>\n<!-- \/ Yoast SEO plugin. -->","yoast_head_json":{"title":"Base atornillable ROKK - SailProof shop","description":"Base atornillada para el soporte de tableta ROKK.","robots":{"index":"index","follow":"follow","max-snippet":"max-snippet:-1","max-image-preview":"max-image-preview:large","max-video-preview":"max-video-preview:-1"},"canonical":"https:\/\/sailproof.shop\/es\/producto\/base-atornillable-rokk\/","og_locale":"es_ES","og_type":"article","og_title":"Base atornillable ROKK - SailProof shop","og_description":"Base atornillada para el soporte de tableta ROKK.","og_url":"https:\/\/sailproof.shop\/es\/producto\/base-atornillable-rokk\/","og_site_name":"SailProof shop","article_publisher":"https:\/\/www.facebook.com\/sailproof","article_modified_time":"2026-03-31T16:43:50+00:00","og_image":[{"width":900,"height":900,"url":"https:\/\/sailproof.shop\/wp-content\/uploads\/2024\/12\/RoKK_tablet_screw_base-2.jpg","type":"image\/jpeg"}],"twitter_card":"summary_large_image","twitter_site":"@SailproofShop","schema":{"@context":"https:\/\/schema.org","@graph":[{"@type":"WebPage","@id":"https:\/\/sailproof.shop\/es\/producto\/base-atornillable-rokk\/","url":"https:\/\/sailproof.shop\/es\/producto\/base-atornillable-rokk\/","name":"Base atornillable ROKK - SailProof shop","isPartOf":{"@id":"https:\/\/sailproof.shop\/es\/#website"},"primaryImageOfPage":{"@id":"https:\/\/sailproof.shop\/es\/producto\/base-atornillable-rokk\/#primaryimage"},"image":{"@id":"https:\/\/sailproof.shop\/es\/producto\/base-atornillable-rokk\/#primaryimage"},"thumbnailUrl":"https:\/\/sailproof.shop\/wp-content\/uploads\/2024\/12\/RoKK_tablet_screw_base-2.jpg","datePublished":"2024-12-18T13:34:04+00:00","dateModified":"2026-03-31T16:43:50+00:00","description":"Base atornillada para el soporte de tableta ROKK.","breadcrumb":{"@id":"https:\/\/sailproof.shop\/es\/producto\/base-atornillable-rokk\/#breadcrumb"},"inLanguage":"es","potentialAction":[{"@type":"ReadAction","target":["https:\/\/sailproof.shop\/es\/producto\/base-atornillable-rokk\/"]}]},{"@type":"ImageObject","inLanguage":"es","@id":"https:\/\/sailproof.shop\/es\/producto\/base-atornillable-rokk\/#primaryimage","url":"https:\/\/sailproof.shop\/wp-content\/uploads\/2024\/12\/RoKK_tablet_screw_base-2.jpg","contentUrl":"https:\/\/sailproof.shop\/wp-content\/uploads\/2024\/12\/RoKK_tablet_screw_base-2.jpg","width":900,"height":900,"caption":"ROKK screw base"},{"@type":"BreadcrumbList","@id":"https:\/\/sailproof.shop\/es\/producto\/base-atornillable-rokk\/#breadcrumb","itemListElement":[{"@type":"ListItem","position":1,"name":"Inicio","item":"https:\/\/sailproof.shop\/es\/"},{"@type":"ListItem","position":2,"name":"Tienda","item":"https:\/\/sailproof.shop\/es\/tienda\/"},{"@type":"ListItem","position":3,"name":"Soportes","item":"https:\/\/sailproof.shop\/es\/categoria-producto\/soportes\/"},{"@type":"ListItem","position":4,"name":"Soportes para tabletas","item":"https:\/\/sailproof.shop\/es\/categoria-producto\/soportes\/soportes-para-tabletas\/"},{"@type":"ListItem","position":5,"name":"Base atornillable ROKK"}]},{"@type":"WebSite","@id":"https:\/\/sailproof.shop\/es\/#website","url":"https:\/\/sailproof.shop\/es\/","name":"SailProof Shop","description":"Rugged tablets and waterproof electronic device for sailors","publisher":{"@id":"https:\/\/sailproof.shop\/es\/#organization"},"alternateName":"SailProof Shop","potentialAction":[{"@type":"SearchAction","target":{"@type":"EntryPoint","urlTemplate":"https:\/\/sailproof.shop\/es\/?s={search_term_string}"},"query-input":{"@type":"PropertyValueSpecification","valueRequired":true,"valueName":"search_term_string"}}],"inLanguage":"es"},{"@type":"Organization","@id":"https:\/\/sailproof.shop\/es\/#organization","name":"SailProof Shop","url":"https:\/\/sailproof.shop\/es\/","logo":{"@type":"ImageObject","inLanguage":"es","@id":"https:\/\/sailproof.shop\/es\/#\/schema\/logo\/image\/","url":"https:\/\/sailproof.shop\/wp-content\/uploads\/2024\/10\/Logo-SailProof.png","contentUrl":"https:\/\/sailproof.shop\/wp-content\/uploads\/2024\/10\/Logo-SailProof.png","width":160,"height":57,"caption":"SailProof Shop"},"image":{"@id":"https:\/\/sailproof.shop\/es\/#\/schema\/logo\/image\/"},"sameAs":["https:\/\/www.facebook.com\/sailproof","https:\/\/x.com\/SailproofShop","https:\/\/instagram.com\/sail.proof","https:\/\/www.linkedin.com\/company\/sailproofshop\/","https:\/\/www.pinterest.com\/SailProof\/","https:\/\/www.youtube.com\/channel\/UClR4lWJvI8KoSGnCbLYPaFg"]}]}},"_links":{"self":[{"href":"https:\/\/sailproof.shop\/es\/wp-json\/wp\/v2\/product\/6484","targetHints":{"allow":["GET"]}}],"collection":[{"href":"https:\/\/sailproof.shop\/es\/wp-json\/wp\/v2\/product"}],"about":[{"href":"https:\/\/sailproof.shop\/es\/wp-json\/wp\/v2\/types\/product"}],"wp:featuredmedia":[{"embeddable":true,"href":"https:\/\/sailproof.shop\/es\/wp-json\/wp\/v2\/media\/5921"}],"wp:attachment":[{"href":"https:\/\/sailproof.shop\/es\/wp-json\/wp\/v2\/media?parent=6484"}],"wp:term":[{"taxonomy":"product_brand","embeddable":true,"href":"https:\/\/sailproof.shop\/es\/wp-json\/wp\/v2\/product_brand?post=6484"},{"taxonomy":"product_cat","embeddable":true,"href":"https:\/\/sailproof.shop\/es\/wp-json\/wp\/v2\/product_cat?post=6484"},{"taxonomy":"product_tag","embeddable":true,"href":"https:\/\/sailproof.shop\/es\/wp-json\/wp\/v2\/product_tag?post=6484"}],"curies":[{"name":"wp","href":"https:\/\/api.w.org\/{rel}","templated":true}]}}