{"id":6493,"date":"2024-12-18T11:16:35","date_gmt":"2024-12-18T10:16:35","guid":{"rendered":"https:\/\/sailproof.shop\/product\/tableta-resistente-de-8-pulgadas-sp08x-de-gama-alta\/"},"modified":"2026-04-01T17:43:15","modified_gmt":"2026-04-01T16:43:15","slug":"tableta-resistente-de-8-pulgadas-sp08x-de-gama-alta","status":"publish","type":"product","link":"https:\/\/sailproof.shop\/es\/producto\/tableta-resistente-de-8-pulgadas-sp08x-de-gama-alta\/","title":{"rendered":"Tableta Resistente de 8 pulgadas SP08X de gama alta"},"content":{"rendered":"<p>Tableta resistente e impermeable dise\u00f1ada para entornos exigentes y alto rendimiento.<\/p>\n","protected":false},"excerpt":{"rendered":"<p>Descubre nuestro modelo de gama alta de 8 pulgadas, la tableta resistente m\u00e1s r\u00e1pida dise\u00f1ada para marineros y propietarios de embarcaciones:<\/p>\n<ul>\n<li>Una pantalla realmente legible bajo la luz del sol<\/li>\n<li>T\u00e1ctil mojada y con guantes<\/li>\n<li>Una bater\u00eda duradera para navegar m\u00e1s de un d\u00eda<\/li>\n<li>Chip GPS de doble frecuencia muy preciso<\/li>\n<li>Una carcasa resistente IP67<\/li>\n<li>Una nueva CPU, la m\u00e1s r\u00e1pida del mercado de navegaci\u00f3n mar\u00edtima, m\u00e1s memoria, nuevos sensores, conexi\u00f3n m\u00f3vil 5G, Wifi 6 y Bluetooth 5.2<\/li>\n<li>Opcional: conector y cable de carga impermeables<\/li>\n<\/ul>\n","protected":false},"featured_media":5199,"template":"","meta":[],"product_brand":[904],"product_cat":[669],"product_tag":[742,743],"class_list":{"0":"post-6493","1":"product","2":"type-product","3":"status-publish","4":"has-post-thumbnail","6":"product_brand-sailproof","7":"product_cat-tabletas-resistentes","8":"product_tag-2-anos-de-garantia","9":"product_tag-entrega-rapida","11":"first","12":"instock","13":"taxable","14":"shipping-taxable","15":"purchasable","16":"product-type-variable"},"supplier_id":null,"supplier_sku":"","barcode":null,"atum_controlled":true,"out_stock_date":null,"out_stock_threshold":null,"inheritable":true,"inbound_stock":0,"stock_on_hold":5,"sold_today":2,"sales_last_days":3,"out_stock_days":0,"lost_sales":0,"has_location":false,"update_date":"2026-04-03T10:02:49","atum_locations":[],"atum_stock_status":"instock","restock_status":false,"low_stock_amount":5,"sales_update_date":"2026-04-03T02:15:47","calc_backorders":0,"yoast_head":"<!-- This site is optimized with the Yoast SEO plugin v27.3 - https:\/\/yoast.com\/product\/yoast-seo-wordpress\/ -->\n<title>SailProof SP08X 8-inch fast sunlight readable Android rugged tablet<\/title>\n<meta name=\"description\" content=\"La tableta resistente definitiva para navegantes y propietarios de barcos. Pantalla legible a la luz del sol, r\u00e1pida, con un chip GPS preciso para navegaci\u00f3n mar\u00edtima y cuerpo impermeable.\" \/>\n<meta name=\"robots\" content=\"index, follow, max-snippet:-1, max-image-preview:large, max-video-preview:-1\" \/>\n<link rel=\"canonical\" href=\"https:\/\/sailproof.shop\/es\/producto\/tableta-resistente-de-8-pulgadas-sp08x-de-gama-alta\/\" \/>\n<meta property=\"og:locale\" content=\"es_ES\" \/>\n<meta property=\"og:type\" content=\"article\" \/>\n<meta property=\"og:title\" content=\"SailProof SP08X 8-inch fast sunlight readable Android rugged tablet\" \/>\n<meta property=\"og:description\" content=\"La tableta resistente definitiva para navegantes y propietarios de barcos. Pantalla legible a la luz del sol, r\u00e1pida, con un chip GPS preciso para navegaci\u00f3n mar\u00edtima y cuerpo impermeable.\" \/>\n<meta property=\"og:url\" content=\"https:\/\/sailproof.shop\/es\/producto\/tableta-resistente-de-8-pulgadas-sp08x-de-gama-alta\/\" \/>\n<meta property=\"og:site_name\" content=\"SailProof shop\" \/>\n<meta property=\"article:publisher\" content=\"https:\/\/www.facebook.com\/sailproof\" \/>\n<meta property=\"article:modified_time\" content=\"2026-04-01T16:43:15+00:00\" \/>\n<meta property=\"og:image\" content=\"https:\/\/sailproof.shop\/wp-content\/uploads\/2024\/12\/SailProof_Rugged_Tablet_SP08X-min-1.jpg\" \/>\n\t<meta property=\"og:image:width\" content=\"1000\" \/>\n\t<meta property=\"og:image:height\" content=\"1000\" \/>\n\t<meta property=\"og:image:type\" content=\"image\/jpeg\" \/>\n<meta name=\"twitter:card\" content=\"summary_large_image\" \/>\n<meta name=\"twitter:site\" content=\"@SailproofShop\" \/>\n<script type=\"application\/ld+json\" class=\"yoast-schema-graph\">{\"@context\":\"https:\\\/\\\/schema.org\",\"@graph\":[{\"@type\":\"WebPage\",\"@id\":\"https:\\\/\\\/sailproof.shop\\\/es\\\/producto\\\/tableta-resistente-de-8-pulgadas-sp08x-de-gama-alta\\\/\",\"url\":\"https:\\\/\\\/sailproof.shop\\\/es\\\/producto\\\/tableta-resistente-de-8-pulgadas-sp08x-de-gama-alta\\\/\",\"name\":\"SailProof SP08X 8-inch fast sunlight readable Android rugged tablet\",\"isPartOf\":{\"@id\":\"https:\\\/\\\/sailproof.shop\\\/es\\\/#website\"},\"primaryImageOfPage\":{\"@id\":\"https:\\\/\\\/sailproof.shop\\\/es\\\/producto\\\/tableta-resistente-de-8-pulgadas-sp08x-de-gama-alta\\\/#primaryimage\"},\"image\":{\"@id\":\"https:\\\/\\\/sailproof.shop\\\/es\\\/producto\\\/tableta-resistente-de-8-pulgadas-sp08x-de-gama-alta\\\/#primaryimage\"},\"thumbnailUrl\":\"https:\\\/\\\/sailproof.shop\\\/wp-content\\\/uploads\\\/2024\\\/12\\\/SailProof_Rugged_Tablet_SP08X-min-1.jpg\",\"datePublished\":\"2024-12-18T10:16:35+00:00\",\"dateModified\":\"2026-04-01T16:43:15+00:00\",\"description\":\"La tableta resistente definitiva para navegantes y propietarios de barcos. Pantalla legible a la luz del sol, r\u00e1pida, con un chip GPS preciso para navegaci\u00f3n mar\u00edtima y cuerpo impermeable.\",\"breadcrumb\":{\"@id\":\"https:\\\/\\\/sailproof.shop\\\/es\\\/producto\\\/tableta-resistente-de-8-pulgadas-sp08x-de-gama-alta\\\/#breadcrumb\"},\"inLanguage\":\"es\",\"potentialAction\":[{\"@type\":\"ReadAction\",\"target\":[\"https:\\\/\\\/sailproof.shop\\\/es\\\/producto\\\/tableta-resistente-de-8-pulgadas-sp08x-de-gama-alta\\\/\"]}]},{\"@type\":\"ImageObject\",\"inLanguage\":\"es\",\"@id\":\"https:\\\/\\\/sailproof.shop\\\/es\\\/producto\\\/tableta-resistente-de-8-pulgadas-sp08x-de-gama-alta\\\/#primaryimage\",\"url\":\"https:\\\/\\\/sailproof.shop\\\/wp-content\\\/uploads\\\/2024\\\/12\\\/SailProof_Rugged_Tablet_SP08X-min-1.jpg\",\"contentUrl\":\"https:\\\/\\\/sailproof.shop\\\/wp-content\\\/uploads\\\/2024\\\/12\\\/SailProof_Rugged_Tablet_SP08X-min-1.jpg\",\"width\":1000,\"height\":1000,\"caption\":\"Tableta resistente e impermeable SailProof SP08X de alta gama\"},{\"@type\":\"BreadcrumbList\",\"@id\":\"https:\\\/\\\/sailproof.shop\\\/es\\\/producto\\\/tableta-resistente-de-8-pulgadas-sp08x-de-gama-alta\\\/#breadcrumb\",\"itemListElement\":[{\"@type\":\"ListItem\",\"position\":1,\"name\":\"Inicio\",\"item\":\"https:\\\/\\\/sailproof.shop\\\/es\\\/\"},{\"@type\":\"ListItem\",\"position\":2,\"name\":\"Tienda\",\"item\":\"https:\\\/\\\/sailproof.shop\\\/es\\\/tienda\\\/\"},{\"@type\":\"ListItem\",\"position\":3,\"name\":\"Tabletas resistentes\",\"item\":\"https:\\\/\\\/sailproof.shop\\\/es\\\/categoria-producto\\\/tabletas-resistentes\\\/\"},{\"@type\":\"ListItem\",\"position\":4,\"name\":\"Tableta Resistente de 8 pulgadas SP08X de gama alta\"}]},{\"@type\":\"WebSite\",\"@id\":\"https:\\\/\\\/sailproof.shop\\\/es\\\/#website\",\"url\":\"https:\\\/\\\/sailproof.shop\\\/es\\\/\",\"name\":\"SailProof Shop\",\"description\":\"Rugged tablets and waterproof electronic device for sailors\",\"publisher\":{\"@id\":\"https:\\\/\\\/sailproof.shop\\\/es\\\/#organization\"},\"alternateName\":\"SailProof Shop\",\"potentialAction\":[{\"@type\":\"SearchAction\",\"target\":{\"@type\":\"EntryPoint\",\"urlTemplate\":\"https:\\\/\\\/sailproof.shop\\\/es\\\/?s={search_term_string}\"},\"query-input\":{\"@type\":\"PropertyValueSpecification\",\"valueRequired\":true,\"valueName\":\"search_term_string\"}}],\"inLanguage\":\"es\"},{\"@type\":\"Organization\",\"@id\":\"https:\\\/\\\/sailproof.shop\\\/es\\\/#organization\",\"name\":\"SailProof Shop\",\"url\":\"https:\\\/\\\/sailproof.shop\\\/es\\\/\",\"logo\":{\"@type\":\"ImageObject\",\"inLanguage\":\"es\",\"@id\":\"https:\\\/\\\/sailproof.shop\\\/es\\\/#\\\/schema\\\/logo\\\/image\\\/\",\"url\":\"https:\\\/\\\/sailproof.shop\\\/wp-content\\\/uploads\\\/2024\\\/10\\\/Logo-SailProof.png\",\"contentUrl\":\"https:\\\/\\\/sailproof.shop\\\/wp-content\\\/uploads\\\/2024\\\/10\\\/Logo-SailProof.png\",\"width\":160,\"height\":57,\"caption\":\"SailProof Shop\"},\"image\":{\"@id\":\"https:\\\/\\\/sailproof.shop\\\/es\\\/#\\\/schema\\\/logo\\\/image\\\/\"},\"sameAs\":[\"https:\\\/\\\/www.facebook.com\\\/sailproof\",\"https:\\\/\\\/x.com\\\/SailproofShop\",\"https:\\\/\\\/instagram.com\\\/sail.proof\",\"https:\\\/\\\/www.linkedin.com\\\/company\\\/sailproofshop\\\/\",\"https:\\\/\\\/www.pinterest.com\\\/SailProof\\\/\",\"https:\\\/\\\/www.youtube.com\\\/channel\\\/UClR4lWJvI8KoSGnCbLYPaFg\"]}]}<\/script>\n<!-- \/ Yoast SEO plugin. -->","yoast_head_json":{"title":"SailProof SP08X 8-inch fast sunlight readable Android rugged tablet","description":"La tableta resistente definitiva para navegantes y propietarios de barcos. Pantalla legible a la luz del sol, r\u00e1pida, con un chip GPS preciso para navegaci\u00f3n mar\u00edtima y cuerpo impermeable.","robots":{"index":"index","follow":"follow","max-snippet":"max-snippet:-1","max-image-preview":"max-image-preview:large","max-video-preview":"max-video-preview:-1"},"canonical":"https:\/\/sailproof.shop\/es\/producto\/tableta-resistente-de-8-pulgadas-sp08x-de-gama-alta\/","og_locale":"es_ES","og_type":"article","og_title":"SailProof SP08X 8-inch fast sunlight readable Android rugged tablet","og_description":"La tableta resistente definitiva para navegantes y propietarios de barcos. Pantalla legible a la luz del sol, r\u00e1pida, con un chip GPS preciso para navegaci\u00f3n mar\u00edtima y cuerpo impermeable.","og_url":"https:\/\/sailproof.shop\/es\/producto\/tableta-resistente-de-8-pulgadas-sp08x-de-gama-alta\/","og_site_name":"SailProof shop","article_publisher":"https:\/\/www.facebook.com\/sailproof","article_modified_time":"2026-04-01T16:43:15+00:00","og_image":[{"width":1000,"height":1000,"url":"https:\/\/sailproof.shop\/wp-content\/uploads\/2024\/12\/SailProof_Rugged_Tablet_SP08X-min-1.jpg","type":"image\/jpeg"}],"twitter_card":"summary_large_image","twitter_site":"@SailproofShop","schema":{"@context":"https:\/\/schema.org","@graph":[{"@type":"WebPage","@id":"https:\/\/sailproof.shop\/es\/producto\/tableta-resistente-de-8-pulgadas-sp08x-de-gama-alta\/","url":"https:\/\/sailproof.shop\/es\/producto\/tableta-resistente-de-8-pulgadas-sp08x-de-gama-alta\/","name":"SailProof SP08X 8-inch fast sunlight readable Android rugged tablet","isPartOf":{"@id":"https:\/\/sailproof.shop\/es\/#website"},"primaryImageOfPage":{"@id":"https:\/\/sailproof.shop\/es\/producto\/tableta-resistente-de-8-pulgadas-sp08x-de-gama-alta\/#primaryimage"},"image":{"@id":"https:\/\/sailproof.shop\/es\/producto\/tableta-resistente-de-8-pulgadas-sp08x-de-gama-alta\/#primaryimage"},"thumbnailUrl":"https:\/\/sailproof.shop\/wp-content\/uploads\/2024\/12\/SailProof_Rugged_Tablet_SP08X-min-1.jpg","datePublished":"2024-12-18T10:16:35+00:00","dateModified":"2026-04-01T16:43:15+00:00","description":"La tableta resistente definitiva para navegantes y propietarios de barcos. Pantalla legible a la luz del sol, r\u00e1pida, con un chip GPS preciso para navegaci\u00f3n mar\u00edtima y cuerpo impermeable.","breadcrumb":{"@id":"https:\/\/sailproof.shop\/es\/producto\/tableta-resistente-de-8-pulgadas-sp08x-de-gama-alta\/#breadcrumb"},"inLanguage":"es","potentialAction":[{"@type":"ReadAction","target":["https:\/\/sailproof.shop\/es\/producto\/tableta-resistente-de-8-pulgadas-sp08x-de-gama-alta\/"]}]},{"@type":"ImageObject","inLanguage":"es","@id":"https:\/\/sailproof.shop\/es\/producto\/tableta-resistente-de-8-pulgadas-sp08x-de-gama-alta\/#primaryimage","url":"https:\/\/sailproof.shop\/wp-content\/uploads\/2024\/12\/SailProof_Rugged_Tablet_SP08X-min-1.jpg","contentUrl":"https:\/\/sailproof.shop\/wp-content\/uploads\/2024\/12\/SailProof_Rugged_Tablet_SP08X-min-1.jpg","width":1000,"height":1000,"caption":"Tableta resistente e impermeable SailProof SP08X de alta gama"},{"@type":"BreadcrumbList","@id":"https:\/\/sailproof.shop\/es\/producto\/tableta-resistente-de-8-pulgadas-sp08x-de-gama-alta\/#breadcrumb","itemListElement":[{"@type":"ListItem","position":1,"name":"Inicio","item":"https:\/\/sailproof.shop\/es\/"},{"@type":"ListItem","position":2,"name":"Tienda","item":"https:\/\/sailproof.shop\/es\/tienda\/"},{"@type":"ListItem","position":3,"name":"Tabletas resistentes","item":"https:\/\/sailproof.shop\/es\/categoria-producto\/tabletas-resistentes\/"},{"@type":"ListItem","position":4,"name":"Tableta Resistente de 8 pulgadas SP08X de gama alta"}]},{"@type":"WebSite","@id":"https:\/\/sailproof.shop\/es\/#website","url":"https:\/\/sailproof.shop\/es\/","name":"SailProof Shop","description":"Rugged tablets and waterproof electronic device for sailors","publisher":{"@id":"https:\/\/sailproof.shop\/es\/#organization"},"alternateName":"SailProof Shop","potentialAction":[{"@type":"SearchAction","target":{"@type":"EntryPoint","urlTemplate":"https:\/\/sailproof.shop\/es\/?s={search_term_string}"},"query-input":{"@type":"PropertyValueSpecification","valueRequired":true,"valueName":"search_term_string"}}],"inLanguage":"es"},{"@type":"Organization","@id":"https:\/\/sailproof.shop\/es\/#organization","name":"SailProof Shop","url":"https:\/\/sailproof.shop\/es\/","logo":{"@type":"ImageObject","inLanguage":"es","@id":"https:\/\/sailproof.shop\/es\/#\/schema\/logo\/image\/","url":"https:\/\/sailproof.shop\/wp-content\/uploads\/2024\/10\/Logo-SailProof.png","contentUrl":"https:\/\/sailproof.shop\/wp-content\/uploads\/2024\/10\/Logo-SailProof.png","width":160,"height":57,"caption":"SailProof Shop"},"image":{"@id":"https:\/\/sailproof.shop\/es\/#\/schema\/logo\/image\/"},"sameAs":["https:\/\/www.facebook.com\/sailproof","https:\/\/x.com\/SailproofShop","https:\/\/instagram.com\/sail.proof","https:\/\/www.linkedin.com\/company\/sailproofshop\/","https:\/\/www.pinterest.com\/SailProof\/","https:\/\/www.youtube.com\/channel\/UClR4lWJvI8KoSGnCbLYPaFg"]}]}},"_links":{"self":[{"href":"https:\/\/sailproof.shop\/es\/wp-json\/wp\/v2\/product\/6493","targetHints":{"allow":["GET"]}}],"collection":[{"href":"https:\/\/sailproof.shop\/es\/wp-json\/wp\/v2\/product"}],"about":[{"href":"https:\/\/sailproof.shop\/es\/wp-json\/wp\/v2\/types\/product"}],"wp:featuredmedia":[{"embeddable":true,"href":"https:\/\/sailproof.shop\/es\/wp-json\/wp\/v2\/media\/5199"}],"wp:attachment":[{"href":"https:\/\/sailproof.shop\/es\/wp-json\/wp\/v2\/media?parent=6493"}],"wp:term":[{"taxonomy":"product_brand","embeddable":true,"href":"https:\/\/sailproof.shop\/es\/wp-json\/wp\/v2\/product_brand?post=6493"},{"taxonomy":"product_cat","embeddable":true,"href":"https:\/\/sailproof.shop\/es\/wp-json\/wp\/v2\/product_cat?post=6493"},{"taxonomy":"product_tag","embeddable":true,"href":"https:\/\/sailproof.shop\/es\/wp-json\/wp\/v2\/product_tag?post=6493"}],"curies":[{"name":"wp","href":"https:\/\/api.w.org\/{rel}","templated":true}]}}