{"id":6494,"date":"2024-12-18T09:51:54","date_gmt":"2024-12-18T08:51:54","guid":{"rendered":"https:\/\/sailproof.shop\/product\/sp10s-tablet-resistente-android-de-10-pulgadas\/"},"modified":"2026-03-31T17:40:44","modified_gmt":"2026-03-31T16:40:44","slug":"sp10s-tablet-resistente-android-de-10-pulgadas","status":"publish","type":"product","link":"https:\/\/sailproof.shop\/es\/producto\/sp10s-tablet-resistente-android-de-10-pulgadas\/","title":{"rendered":"Tableta SP10S Resistente Android de 10 pulgadas"},"content":{"rendered":"<p>Tableta resistente de 10 pulgadas con pantalla legible a la luz del sol y protecci\u00f3n impermeable IP67.<\/p>\n","protected":false},"excerpt":{"rendered":"<p>\u00a1Nuestro nuevo \u00e9xito de ventas! Una tableta Android resistente de 10 pulgadas, dise\u00f1ada especialmente para navegantes y propietarios de embarcaciones: <\/p>\n<ul>\n<li>Una pantalla realmente legible a la luz del sol y t\u00e1ctil mojada y con guantes<\/li>\n<li>Ahora compatible con gafas polarizadas<\/li>\n<li>Una bater\u00eda duradera para navegar m\u00e1s de un d\u00eda<\/li>\n<li>Chip GPS de doble frecuencia muy preciso<\/li>\n<li>Una carcasa resistente IP67<\/li>\n<\/ul>\n","protected":false},"featured_media":8066,"template":"","meta":[],"product_brand":[904],"product_cat":[669],"product_tag":[742,743],"class_list":{"0":"post-6494","1":"product","2":"type-product","3":"status-publish","4":"has-post-thumbnail","6":"product_brand-sailproof","7":"product_cat-tabletas-resistentes","8":"product_tag-2-anos-de-garantia","9":"product_tag-entrega-rapida","11":"first","12":"onbackorder","13":"taxable","14":"shipping-taxable","15":"purchasable","16":"product-type-simple"},"supplier_id":null,"supplier_sku":"","barcode":null,"atum_controlled":true,"out_stock_date":null,"out_stock_threshold":null,"inheritable":false,"inbound_stock":0,"stock_on_hold":14,"sold_today":0,"sales_last_days":4,"out_stock_days":0,"lost_sales":0,"has_location":false,"update_date":"2026-04-09T00:16:47","atum_locations":[],"atum_stock_status":"onbackorder","restock_status":false,"low_stock_amount":5,"sales_update_date":"2026-04-09T00:16:47","calc_backorders":-9,"yoast_head":"<!-- This site is optimized with the Yoast SEO plugin v27.3 - https:\/\/yoast.com\/product\/yoast-seo-wordpress\/ -->\n<title>Tableta SP10S Resistente Android de 10 pulgadas - SailProof shop<\/title>\n<meta name=\"description\" content=\"La nueva tableta resistente Android de 10 pulgadas para navegantes y propietarios de barcos. Legible a la luz del sol, una bater\u00eda potente y un chip GPS preciso en un cuerpo resistente al agua.\" \/>\n<meta name=\"robots\" content=\"index, follow, max-snippet:-1, max-image-preview:large, max-video-preview:-1\" \/>\n<link rel=\"canonical\" href=\"https:\/\/sailproof.shop\/es\/producto\/sp10s-tablet-resistente-android-de-10-pulgadas\/\" \/>\n<meta property=\"og:locale\" content=\"es_ES\" \/>\n<meta property=\"og:type\" content=\"article\" \/>\n<meta property=\"og:title\" content=\"Tableta SP10S Resistente Android de 10 pulgadas - SailProof shop\" \/>\n<meta property=\"og:description\" content=\"La nueva tableta resistente Android de 10 pulgadas para navegantes y propietarios de barcos. Legible a la luz del sol, una bater\u00eda potente y un chip GPS preciso en un cuerpo resistente al agua.\" \/>\n<meta property=\"og:url\" content=\"https:\/\/sailproof.shop\/es\/producto\/sp10s-tablet-resistente-android-de-10-pulgadas\/\" \/>\n<meta property=\"og:site_name\" content=\"SailProof shop\" \/>\n<meta property=\"article:publisher\" content=\"https:\/\/www.facebook.com\/sailproof\" \/>\n<meta property=\"article:modified_time\" content=\"2026-03-31T16:40:44+00:00\" \/>\n<meta property=\"og:image\" content=\"https:\/\/sailproof.shop\/wp-content\/uploads\/2024\/12\/SP10S-SailProof-rugged-tablet.jpg\" \/>\n\t<meta property=\"og:image:width\" content=\"1000\" \/>\n\t<meta property=\"og:image:height\" content=\"1000\" \/>\n\t<meta property=\"og:image:type\" content=\"image\/jpeg\" \/>\n<meta name=\"twitter:card\" content=\"summary_large_image\" \/>\n<meta name=\"twitter:site\" content=\"@SailproofShop\" \/>\n<script type=\"application\/ld+json\" class=\"yoast-schema-graph\">{\"@context\":\"https:\\\/\\\/schema.org\",\"@graph\":[{\"@type\":\"WebPage\",\"@id\":\"https:\\\/\\\/sailproof.shop\\\/es\\\/producto\\\/sp10s-tablet-resistente-android-de-10-pulgadas\\\/\",\"url\":\"https:\\\/\\\/sailproof.shop\\\/es\\\/producto\\\/sp10s-tablet-resistente-android-de-10-pulgadas\\\/\",\"name\":\"Tableta SP10S Resistente Android de 10 pulgadas - SailProof shop\",\"isPartOf\":{\"@id\":\"https:\\\/\\\/sailproof.shop\\\/es\\\/#website\"},\"primaryImageOfPage\":{\"@id\":\"https:\\\/\\\/sailproof.shop\\\/es\\\/producto\\\/sp10s-tablet-resistente-android-de-10-pulgadas\\\/#primaryimage\"},\"image\":{\"@id\":\"https:\\\/\\\/sailproof.shop\\\/es\\\/producto\\\/sp10s-tablet-resistente-android-de-10-pulgadas\\\/#primaryimage\"},\"thumbnailUrl\":\"https:\\\/\\\/sailproof.shop\\\/wp-content\\\/uploads\\\/2024\\\/12\\\/SP10S-SailProof-rugged-tablet.jpg\",\"datePublished\":\"2024-12-18T08:51:54+00:00\",\"dateModified\":\"2026-03-31T16:40:44+00:00\",\"description\":\"La nueva tableta resistente Android de 10 pulgadas para navegantes y propietarios de barcos. Legible a la luz del sol, una bater\u00eda potente y un chip GPS preciso en un cuerpo resistente al agua.\",\"breadcrumb\":{\"@id\":\"https:\\\/\\\/sailproof.shop\\\/es\\\/producto\\\/sp10s-tablet-resistente-android-de-10-pulgadas\\\/#breadcrumb\"},\"inLanguage\":\"es\",\"potentialAction\":[{\"@type\":\"ReadAction\",\"target\":[\"https:\\\/\\\/sailproof.shop\\\/es\\\/producto\\\/sp10s-tablet-resistente-android-de-10-pulgadas\\\/\"]}]},{\"@type\":\"ImageObject\",\"inLanguage\":\"es\",\"@id\":\"https:\\\/\\\/sailproof.shop\\\/es\\\/producto\\\/sp10s-tablet-resistente-android-de-10-pulgadas\\\/#primaryimage\",\"url\":\"https:\\\/\\\/sailproof.shop\\\/wp-content\\\/uploads\\\/2024\\\/12\\\/SP10S-SailProof-rugged-tablet.jpg\",\"contentUrl\":\"https:\\\/\\\/sailproof.shop\\\/wp-content\\\/uploads\\\/2024\\\/12\\\/SP10S-SailProof-rugged-tablet.jpg\",\"width\":1000,\"height\":1000},{\"@type\":\"BreadcrumbList\",\"@id\":\"https:\\\/\\\/sailproof.shop\\\/es\\\/producto\\\/sp10s-tablet-resistente-android-de-10-pulgadas\\\/#breadcrumb\",\"itemListElement\":[{\"@type\":\"ListItem\",\"position\":1,\"name\":\"Inicio\",\"item\":\"https:\\\/\\\/sailproof.shop\\\/es\\\/\"},{\"@type\":\"ListItem\",\"position\":2,\"name\":\"Tienda\",\"item\":\"https:\\\/\\\/sailproof.shop\\\/es\\\/tienda\\\/\"},{\"@type\":\"ListItem\",\"position\":3,\"name\":\"Tabletas resistentes\",\"item\":\"https:\\\/\\\/sailproof.shop\\\/es\\\/categoria-producto\\\/tabletas-resistentes\\\/\"},{\"@type\":\"ListItem\",\"position\":4,\"name\":\"Tableta SP10S Resistente Android de 10 pulgadas\"}]},{\"@type\":\"WebSite\",\"@id\":\"https:\\\/\\\/sailproof.shop\\\/es\\\/#website\",\"url\":\"https:\\\/\\\/sailproof.shop\\\/es\\\/\",\"name\":\"SailProof Shop\",\"description\":\"Rugged tablets and waterproof electronic device for sailors\",\"publisher\":{\"@id\":\"https:\\\/\\\/sailproof.shop\\\/es\\\/#organization\"},\"alternateName\":\"SailProof Shop\",\"potentialAction\":[{\"@type\":\"SearchAction\",\"target\":{\"@type\":\"EntryPoint\",\"urlTemplate\":\"https:\\\/\\\/sailproof.shop\\\/es\\\/?s={search_term_string}\"},\"query-input\":{\"@type\":\"PropertyValueSpecification\",\"valueRequired\":true,\"valueName\":\"search_term_string\"}}],\"inLanguage\":\"es\"},{\"@type\":\"Organization\",\"@id\":\"https:\\\/\\\/sailproof.shop\\\/es\\\/#organization\",\"name\":\"SailProof Shop\",\"url\":\"https:\\\/\\\/sailproof.shop\\\/es\\\/\",\"logo\":{\"@type\":\"ImageObject\",\"inLanguage\":\"es\",\"@id\":\"https:\\\/\\\/sailproof.shop\\\/es\\\/#\\\/schema\\\/logo\\\/image\\\/\",\"url\":\"https:\\\/\\\/sailproof.shop\\\/wp-content\\\/uploads\\\/2024\\\/10\\\/Logo-SailProof.png\",\"contentUrl\":\"https:\\\/\\\/sailproof.shop\\\/wp-content\\\/uploads\\\/2024\\\/10\\\/Logo-SailProof.png\",\"width\":160,\"height\":57,\"caption\":\"SailProof Shop\"},\"image\":{\"@id\":\"https:\\\/\\\/sailproof.shop\\\/es\\\/#\\\/schema\\\/logo\\\/image\\\/\"},\"sameAs\":[\"https:\\\/\\\/www.facebook.com\\\/sailproof\",\"https:\\\/\\\/x.com\\\/SailproofShop\",\"https:\\\/\\\/instagram.com\\\/sail.proof\",\"https:\\\/\\\/www.linkedin.com\\\/company\\\/sailproofshop\\\/\",\"https:\\\/\\\/www.pinterest.com\\\/SailProof\\\/\",\"https:\\\/\\\/www.youtube.com\\\/channel\\\/UClR4lWJvI8KoSGnCbLYPaFg\"]}]}<\/script>\n<!-- \/ Yoast SEO plugin. -->","yoast_head_json":{"title":"Tableta SP10S Resistente Android de 10 pulgadas - SailProof shop","description":"La nueva tableta resistente Android de 10 pulgadas para navegantes y propietarios de barcos. Legible a la luz del sol, una bater\u00eda potente y un chip GPS preciso en un cuerpo resistente al agua.","robots":{"index":"index","follow":"follow","max-snippet":"max-snippet:-1","max-image-preview":"max-image-preview:large","max-video-preview":"max-video-preview:-1"},"canonical":"https:\/\/sailproof.shop\/es\/producto\/sp10s-tablet-resistente-android-de-10-pulgadas\/","og_locale":"es_ES","og_type":"article","og_title":"Tableta SP10S Resistente Android de 10 pulgadas - SailProof shop","og_description":"La nueva tableta resistente Android de 10 pulgadas para navegantes y propietarios de barcos. Legible a la luz del sol, una bater\u00eda potente y un chip GPS preciso en un cuerpo resistente al agua.","og_url":"https:\/\/sailproof.shop\/es\/producto\/sp10s-tablet-resistente-android-de-10-pulgadas\/","og_site_name":"SailProof shop","article_publisher":"https:\/\/www.facebook.com\/sailproof","article_modified_time":"2026-03-31T16:40:44+00:00","og_image":[{"width":1000,"height":1000,"url":"https:\/\/sailproof.shop\/wp-content\/uploads\/2024\/12\/SP10S-SailProof-rugged-tablet.jpg","type":"image\/jpeg"}],"twitter_card":"summary_large_image","twitter_site":"@SailproofShop","schema":{"@context":"https:\/\/schema.org","@graph":[{"@type":"WebPage","@id":"https:\/\/sailproof.shop\/es\/producto\/sp10s-tablet-resistente-android-de-10-pulgadas\/","url":"https:\/\/sailproof.shop\/es\/producto\/sp10s-tablet-resistente-android-de-10-pulgadas\/","name":"Tableta SP10S Resistente Android de 10 pulgadas - SailProof shop","isPartOf":{"@id":"https:\/\/sailproof.shop\/es\/#website"},"primaryImageOfPage":{"@id":"https:\/\/sailproof.shop\/es\/producto\/sp10s-tablet-resistente-android-de-10-pulgadas\/#primaryimage"},"image":{"@id":"https:\/\/sailproof.shop\/es\/producto\/sp10s-tablet-resistente-android-de-10-pulgadas\/#primaryimage"},"thumbnailUrl":"https:\/\/sailproof.shop\/wp-content\/uploads\/2024\/12\/SP10S-SailProof-rugged-tablet.jpg","datePublished":"2024-12-18T08:51:54+00:00","dateModified":"2026-03-31T16:40:44+00:00","description":"La nueva tableta resistente Android de 10 pulgadas para navegantes y propietarios de barcos. Legible a la luz del sol, una bater\u00eda potente y un chip GPS preciso en un cuerpo resistente al agua.","breadcrumb":{"@id":"https:\/\/sailproof.shop\/es\/producto\/sp10s-tablet-resistente-android-de-10-pulgadas\/#breadcrumb"},"inLanguage":"es","potentialAction":[{"@type":"ReadAction","target":["https:\/\/sailproof.shop\/es\/producto\/sp10s-tablet-resistente-android-de-10-pulgadas\/"]}]},{"@type":"ImageObject","inLanguage":"es","@id":"https:\/\/sailproof.shop\/es\/producto\/sp10s-tablet-resistente-android-de-10-pulgadas\/#primaryimage","url":"https:\/\/sailproof.shop\/wp-content\/uploads\/2024\/12\/SP10S-SailProof-rugged-tablet.jpg","contentUrl":"https:\/\/sailproof.shop\/wp-content\/uploads\/2024\/12\/SP10S-SailProof-rugged-tablet.jpg","width":1000,"height":1000},{"@type":"BreadcrumbList","@id":"https:\/\/sailproof.shop\/es\/producto\/sp10s-tablet-resistente-android-de-10-pulgadas\/#breadcrumb","itemListElement":[{"@type":"ListItem","position":1,"name":"Inicio","item":"https:\/\/sailproof.shop\/es\/"},{"@type":"ListItem","position":2,"name":"Tienda","item":"https:\/\/sailproof.shop\/es\/tienda\/"},{"@type":"ListItem","position":3,"name":"Tabletas resistentes","item":"https:\/\/sailproof.shop\/es\/categoria-producto\/tabletas-resistentes\/"},{"@type":"ListItem","position":4,"name":"Tableta SP10S Resistente Android de 10 pulgadas"}]},{"@type":"WebSite","@id":"https:\/\/sailproof.shop\/es\/#website","url":"https:\/\/sailproof.shop\/es\/","name":"SailProof Shop","description":"Rugged tablets and waterproof electronic device for sailors","publisher":{"@id":"https:\/\/sailproof.shop\/es\/#organization"},"alternateName":"SailProof Shop","potentialAction":[{"@type":"SearchAction","target":{"@type":"EntryPoint","urlTemplate":"https:\/\/sailproof.shop\/es\/?s={search_term_string}"},"query-input":{"@type":"PropertyValueSpecification","valueRequired":true,"valueName":"search_term_string"}}],"inLanguage":"es"},{"@type":"Organization","@id":"https:\/\/sailproof.shop\/es\/#organization","name":"SailProof Shop","url":"https:\/\/sailproof.shop\/es\/","logo":{"@type":"ImageObject","inLanguage":"es","@id":"https:\/\/sailproof.shop\/es\/#\/schema\/logo\/image\/","url":"https:\/\/sailproof.shop\/wp-content\/uploads\/2024\/10\/Logo-SailProof.png","contentUrl":"https:\/\/sailproof.shop\/wp-content\/uploads\/2024\/10\/Logo-SailProof.png","width":160,"height":57,"caption":"SailProof Shop"},"image":{"@id":"https:\/\/sailproof.shop\/es\/#\/schema\/logo\/image\/"},"sameAs":["https:\/\/www.facebook.com\/sailproof","https:\/\/x.com\/SailproofShop","https:\/\/instagram.com\/sail.proof","https:\/\/www.linkedin.com\/company\/sailproofshop\/","https:\/\/www.pinterest.com\/SailProof\/","https:\/\/www.youtube.com\/channel\/UClR4lWJvI8KoSGnCbLYPaFg"]}]}},"_links":{"self":[{"href":"https:\/\/sailproof.shop\/es\/wp-json\/wp\/v2\/product\/6494","targetHints":{"allow":["GET"]}}],"collection":[{"href":"https:\/\/sailproof.shop\/es\/wp-json\/wp\/v2\/product"}],"about":[{"href":"https:\/\/sailproof.shop\/es\/wp-json\/wp\/v2\/types\/product"}],"wp:featuredmedia":[{"embeddable":true,"href":"https:\/\/sailproof.shop\/es\/wp-json\/wp\/v2\/media\/8066"}],"wp:attachment":[{"href":"https:\/\/sailproof.shop\/es\/wp-json\/wp\/v2\/media?parent=6494"}],"wp:term":[{"taxonomy":"product_brand","embeddable":true,"href":"https:\/\/sailproof.shop\/es\/wp-json\/wp\/v2\/product_brand?post=6494"},{"taxonomy":"product_cat","embeddable":true,"href":"https:\/\/sailproof.shop\/es\/wp-json\/wp\/v2\/product_cat?post=6494"},{"taxonomy":"product_tag","embeddable":true,"href":"https:\/\/sailproof.shop\/es\/wp-json\/wp\/v2\/product_tag?post=6494"}],"curies":[{"name":"wp","href":"https:\/\/api.w.org\/{rel}","templated":true}]}}