{"id":6499,"date":"2024-12-17T16:10:27","date_gmt":"2024-12-17T16:10:27","guid":{"rendered":"https:\/\/sailproof.shop\/product\/pantalla-tactil-de-10%e2%80%b3-a-prueba-de-agua-y-legible-a-la-luz-del-sol\/"},"modified":"2026-03-31T17:40:49","modified_gmt":"2026-03-31T16:40:49","slug":"pantalla-tactil-de-10%e2%80%b3-a-prueba-de-agua-y-legible-a-la-luz-del-sol","status":"publish","type":"product","link":"https:\/\/sailproof.shop\/es\/producto\/pantalla-tactil-de-10%e2%80%b3-a-prueba-de-agua-y-legible-a-la-luz-del-sol\/","title":{"rendered":"Pantalla t\u00e1ctil de 10\u2033 a prueba de agua y legible a la luz del sol"},"content":{"rendered":"<p>Pantalla t\u00e1ctil resistente al agua y legible a la luz del sol para navegaci\u00f3n en PC<\/p>\n","protected":false},"excerpt":{"rendered":"<p>\u00bfAficionado a la navegaci\u00f3n en PC con software de Windows como OpenCPN, ScanNav, SimSail, Coastal Explorer, PC Plotter, Time Zero MaxSea, Adrena, Expedition o cualquier otro software de navegaci\u00f3n para PC o Mac?<br \/>\n\u00bfSiempre has so\u00f1ado con seguir tu progreso en el mapa desde tu ba\u00f1era, bajo la luz del sol y las salpicaduras del mar?<\/p>\n<p>Ahora es finalmente posible con nuestra pantalla t\u00e1ctil impermeable de 10,1 pulgadas legible a la luz del sol.<br \/>\nCon\u00e9ctala como segunda pantalla a tu PC en la mesa de cartas, col\u00f3cala en un soporte VESA en la ba\u00f1era, y nunca m\u00e1s tendr\u00e1s que dejar la ba\u00f1era ni apartar la vista del mar para comprobar tu posici\u00f3n.<\/p>\n","protected":false},"featured_media":100419,"template":"","meta":[],"product_brand":[904],"product_cat":[670],"product_tag":[742,743],"class_list":{"0":"post-6499","1":"product","2":"type-product","3":"status-publish","4":"has-post-thumbnail","6":"product_brand-sailproof","7":"product_cat-pantallas-tactiles","8":"product_tag-2-anos-de-garantia","9":"product_tag-entrega-rapida","11":"first","12":"onbackorder","13":"taxable","14":"shipping-taxable","15":"purchasable","16":"product-type-simple"},"supplier_id":null,"supplier_sku":"","barcode":null,"atum_controlled":true,"out_stock_date":"2026-04-22 11:19:03","out_stock_threshold":null,"inheritable":false,"inbound_stock":0,"stock_on_hold":1,"sold_today":0,"sales_last_days":8,"out_stock_days":4,"lost_sales":2761,"has_location":false,"update_date":"2026-04-27T01:23:11","atum_locations":[],"atum_stock_status":"onbackorder","restock_status":false,"low_stock_amount":6,"sales_update_date":"2026-04-27T01:23:11","calc_backorders":0,"yoast_head":"<!-- This site is optimized with the Yoast SEO plugin v27.4 - https:\/\/yoast.com\/product\/yoast-seo-wordpress\/ -->\n<title>Pantalla t\u00e1ctil de 10\u2033 a prueba de agua y legible a la luz del sol - SailProof shop<\/title>\n<meta name=\"description\" content=\"Una pantalla t\u00e1ctil de 10,1 pulgadas resistente al agua y legible a la luz del sol para instalar en la cabina de su embarcaci\u00f3n para una navegaci\u00f3n segura con cartograf\u00eda de PC.\" \/>\n<meta name=\"robots\" content=\"index, follow, max-snippet:-1, max-image-preview:large, max-video-preview:-1\" \/>\n<link rel=\"canonical\" href=\"https:\/\/sailproof.shop\/es\/producto\/pantalla-tactil-de-10%e2%80%b3-a-prueba-de-agua-y-legible-a-la-luz-del-sol\/\" \/>\n<meta property=\"og:locale\" content=\"es_ES\" \/>\n<meta property=\"og:type\" content=\"article\" \/>\n<meta property=\"og:title\" content=\"Pantalla t\u00e1ctil de 10\u2033 a prueba de agua y legible a la luz del sol - SailProof shop\" \/>\n<meta property=\"og:description\" content=\"Una pantalla t\u00e1ctil de 10,1 pulgadas resistente al agua y legible a la luz del sol para instalar en la cabina de su embarcaci\u00f3n para una navegaci\u00f3n segura con cartograf\u00eda de PC.\" \/>\n<meta property=\"og:url\" content=\"https:\/\/sailproof.shop\/es\/producto\/pantalla-tactil-de-10%e2%80%b3-a-prueba-de-agua-y-legible-a-la-luz-del-sol\/\" \/>\n<meta property=\"og:site_name\" content=\"SailProof shop\" \/>\n<meta property=\"article:publisher\" content=\"https:\/\/www.facebook.com\/sailproof\" \/>\n<meta property=\"article:modified_time\" content=\"2026-03-31T16:40:49+00:00\" \/>\n<meta property=\"og:image\" content=\"https:\/\/sailproof.shop\/wp-content\/uploads\/2024\/12\/STS10_SailProofTouchscreen00-min-1.jpg\" \/>\n\t<meta property=\"og:image:width\" content=\"1000\" \/>\n\t<meta property=\"og:image:height\" content=\"793\" \/>\n\t<meta property=\"og:image:type\" content=\"image\/jpeg\" \/>\n<meta name=\"twitter:card\" content=\"summary_large_image\" \/>\n<meta name=\"twitter:site\" content=\"@SailproofShop\" \/>\n<script type=\"application\/ld+json\" class=\"yoast-schema-graph\">{\"@context\":\"https:\\\/\\\/schema.org\",\"@graph\":[{\"@type\":\"WebPage\",\"@id\":\"https:\\\/\\\/sailproof.shop\\\/es\\\/producto\\\/pantalla-tactil-de-10%e2%80%b3-a-prueba-de-agua-y-legible-a-la-luz-del-sol\\\/\",\"url\":\"https:\\\/\\\/sailproof.shop\\\/es\\\/producto\\\/pantalla-tactil-de-10%e2%80%b3-a-prueba-de-agua-y-legible-a-la-luz-del-sol\\\/\",\"name\":\"Pantalla t\u00e1ctil de 10\u2033 a prueba de agua y legible a la luz del sol - SailProof shop\",\"isPartOf\":{\"@id\":\"https:\\\/\\\/sailproof.shop\\\/es\\\/#website\"},\"primaryImageOfPage\":{\"@id\":\"https:\\\/\\\/sailproof.shop\\\/es\\\/producto\\\/pantalla-tactil-de-10%e2%80%b3-a-prueba-de-agua-y-legible-a-la-luz-del-sol\\\/#primaryimage\"},\"image\":{\"@id\":\"https:\\\/\\\/sailproof.shop\\\/es\\\/producto\\\/pantalla-tactil-de-10%e2%80%b3-a-prueba-de-agua-y-legible-a-la-luz-del-sol\\\/#primaryimage\"},\"thumbnailUrl\":\"https:\\\/\\\/sailproof.shop\\\/wp-content\\\/uploads\\\/2024\\\/12\\\/STS10_SailProofTouchscreen00-min-1.jpg\",\"datePublished\":\"2024-12-17T16:10:27+00:00\",\"dateModified\":\"2026-03-31T16:40:49+00:00\",\"description\":\"Una pantalla t\u00e1ctil de 10,1 pulgadas resistente al agua y legible a la luz del sol para instalar en la cabina de su embarcaci\u00f3n para una navegaci\u00f3n segura con cartograf\u00eda de PC.\",\"breadcrumb\":{\"@id\":\"https:\\\/\\\/sailproof.shop\\\/es\\\/producto\\\/pantalla-tactil-de-10%e2%80%b3-a-prueba-de-agua-y-legible-a-la-luz-del-sol\\\/#breadcrumb\"},\"inLanguage\":\"es\",\"potentialAction\":[{\"@type\":\"ReadAction\",\"target\":[\"https:\\\/\\\/sailproof.shop\\\/es\\\/producto\\\/pantalla-tactil-de-10%e2%80%b3-a-prueba-de-agua-y-legible-a-la-luz-del-sol\\\/\"]}]},{\"@type\":\"ImageObject\",\"inLanguage\":\"es\",\"@id\":\"https:\\\/\\\/sailproof.shop\\\/es\\\/producto\\\/pantalla-tactil-de-10%e2%80%b3-a-prueba-de-agua-y-legible-a-la-luz-del-sol\\\/#primaryimage\",\"url\":\"https:\\\/\\\/sailproof.shop\\\/wp-content\\\/uploads\\\/2024\\\/12\\\/STS10_SailProofTouchscreen00-min-1.jpg\",\"contentUrl\":\"https:\\\/\\\/sailproof.shop\\\/wp-content\\\/uploads\\\/2024\\\/12\\\/STS10_SailProofTouchscreen00-min-1.jpg\",\"width\":1000,\"height\":793,\"caption\":\"SailProof STS10 sunlight readable waterproof touchscreen\"},{\"@type\":\"BreadcrumbList\",\"@id\":\"https:\\\/\\\/sailproof.shop\\\/es\\\/producto\\\/pantalla-tactil-de-10%e2%80%b3-a-prueba-de-agua-y-legible-a-la-luz-del-sol\\\/#breadcrumb\",\"itemListElement\":[{\"@type\":\"ListItem\",\"position\":1,\"name\":\"Inicio\",\"item\":\"https:\\\/\\\/sailproof.shop\\\/es\\\/\"},{\"@type\":\"ListItem\",\"position\":2,\"name\":\"Tienda\",\"item\":\"https:\\\/\\\/sailproof.shop\\\/es\\\/tienda\\\/\"},{\"@type\":\"ListItem\",\"position\":3,\"name\":\"Pantallas t\u00e1ctiles\",\"item\":\"https:\\\/\\\/sailproof.shop\\\/es\\\/categoria-producto\\\/pantallas-tactiles\\\/\"},{\"@type\":\"ListItem\",\"position\":4,\"name\":\"Pantalla t\u00e1ctil de 10\u2033 a prueba de agua y legible a la luz del sol\"}]},{\"@type\":\"WebSite\",\"@id\":\"https:\\\/\\\/sailproof.shop\\\/es\\\/#website\",\"url\":\"https:\\\/\\\/sailproof.shop\\\/es\\\/\",\"name\":\"SailProof Shop\",\"description\":\"Rugged tablets and waterproof electronic device for sailors\",\"publisher\":{\"@id\":\"https:\\\/\\\/sailproof.shop\\\/es\\\/#organization\"},\"alternateName\":\"SailProof Shop\",\"potentialAction\":[{\"@type\":\"SearchAction\",\"target\":{\"@type\":\"EntryPoint\",\"urlTemplate\":\"https:\\\/\\\/sailproof.shop\\\/es\\\/?s={search_term_string}\"},\"query-input\":{\"@type\":\"PropertyValueSpecification\",\"valueRequired\":true,\"valueName\":\"search_term_string\"}}],\"inLanguage\":\"es\"},{\"@type\":\"Organization\",\"@id\":\"https:\\\/\\\/sailproof.shop\\\/es\\\/#organization\",\"name\":\"SailProof Shop\",\"url\":\"https:\\\/\\\/sailproof.shop\\\/es\\\/\",\"logo\":{\"@type\":\"ImageObject\",\"inLanguage\":\"es\",\"@id\":\"https:\\\/\\\/sailproof.shop\\\/es\\\/#\\\/schema\\\/logo\\\/image\\\/\",\"url\":\"https:\\\/\\\/sailproof.shop\\\/wp-content\\\/uploads\\\/2024\\\/10\\\/Logo-SailProof.png\",\"contentUrl\":\"https:\\\/\\\/sailproof.shop\\\/wp-content\\\/uploads\\\/2024\\\/10\\\/Logo-SailProof.png\",\"width\":160,\"height\":57,\"caption\":\"SailProof Shop\"},\"image\":{\"@id\":\"https:\\\/\\\/sailproof.shop\\\/es\\\/#\\\/schema\\\/logo\\\/image\\\/\"},\"sameAs\":[\"https:\\\/\\\/www.facebook.com\\\/sailproof\",\"https:\\\/\\\/x.com\\\/SailproofShop\",\"https:\\\/\\\/instagram.com\\\/sail.proof\",\"https:\\\/\\\/www.linkedin.com\\\/company\\\/sailproofshop\\\/\",\"https:\\\/\\\/www.pinterest.com\\\/SailProof\\\/\",\"https:\\\/\\\/www.youtube.com\\\/channel\\\/UClR4lWJvI8KoSGnCbLYPaFg\"]}]}<\/script>\n<!-- \/ Yoast SEO plugin. -->","yoast_head_json":{"title":"Pantalla t\u00e1ctil de 10\u2033 a prueba de agua y legible a la luz del sol - SailProof shop","description":"Una pantalla t\u00e1ctil de 10,1 pulgadas resistente al agua y legible a la luz del sol para instalar en la cabina de su embarcaci\u00f3n para una navegaci\u00f3n segura con cartograf\u00eda de PC.","robots":{"index":"index","follow":"follow","max-snippet":"max-snippet:-1","max-image-preview":"max-image-preview:large","max-video-preview":"max-video-preview:-1"},"canonical":"https:\/\/sailproof.shop\/es\/producto\/pantalla-tactil-de-10%e2%80%b3-a-prueba-de-agua-y-legible-a-la-luz-del-sol\/","og_locale":"es_ES","og_type":"article","og_title":"Pantalla t\u00e1ctil de 10\u2033 a prueba de agua y legible a la luz del sol - SailProof shop","og_description":"Una pantalla t\u00e1ctil de 10,1 pulgadas resistente al agua y legible a la luz del sol para instalar en la cabina de su embarcaci\u00f3n para una navegaci\u00f3n segura con cartograf\u00eda de PC.","og_url":"https:\/\/sailproof.shop\/es\/producto\/pantalla-tactil-de-10%e2%80%b3-a-prueba-de-agua-y-legible-a-la-luz-del-sol\/","og_site_name":"SailProof shop","article_publisher":"https:\/\/www.facebook.com\/sailproof","article_modified_time":"2026-03-31T16:40:49+00:00","og_image":[{"width":1000,"height":793,"url":"https:\/\/sailproof.shop\/wp-content\/uploads\/2024\/12\/STS10_SailProofTouchscreen00-min-1.jpg","type":"image\/jpeg"}],"twitter_card":"summary_large_image","twitter_site":"@SailproofShop","schema":{"@context":"https:\/\/schema.org","@graph":[{"@type":"WebPage","@id":"https:\/\/sailproof.shop\/es\/producto\/pantalla-tactil-de-10%e2%80%b3-a-prueba-de-agua-y-legible-a-la-luz-del-sol\/","url":"https:\/\/sailproof.shop\/es\/producto\/pantalla-tactil-de-10%e2%80%b3-a-prueba-de-agua-y-legible-a-la-luz-del-sol\/","name":"Pantalla t\u00e1ctil de 10\u2033 a prueba de agua y legible a la luz del sol - SailProof shop","isPartOf":{"@id":"https:\/\/sailproof.shop\/es\/#website"},"primaryImageOfPage":{"@id":"https:\/\/sailproof.shop\/es\/producto\/pantalla-tactil-de-10%e2%80%b3-a-prueba-de-agua-y-legible-a-la-luz-del-sol\/#primaryimage"},"image":{"@id":"https:\/\/sailproof.shop\/es\/producto\/pantalla-tactil-de-10%e2%80%b3-a-prueba-de-agua-y-legible-a-la-luz-del-sol\/#primaryimage"},"thumbnailUrl":"https:\/\/sailproof.shop\/wp-content\/uploads\/2024\/12\/STS10_SailProofTouchscreen00-min-1.jpg","datePublished":"2024-12-17T16:10:27+00:00","dateModified":"2026-03-31T16:40:49+00:00","description":"Una pantalla t\u00e1ctil de 10,1 pulgadas resistente al agua y legible a la luz del sol para instalar en la cabina de su embarcaci\u00f3n para una navegaci\u00f3n segura con cartograf\u00eda de PC.","breadcrumb":{"@id":"https:\/\/sailproof.shop\/es\/producto\/pantalla-tactil-de-10%e2%80%b3-a-prueba-de-agua-y-legible-a-la-luz-del-sol\/#breadcrumb"},"inLanguage":"es","potentialAction":[{"@type":"ReadAction","target":["https:\/\/sailproof.shop\/es\/producto\/pantalla-tactil-de-10%e2%80%b3-a-prueba-de-agua-y-legible-a-la-luz-del-sol\/"]}]},{"@type":"ImageObject","inLanguage":"es","@id":"https:\/\/sailproof.shop\/es\/producto\/pantalla-tactil-de-10%e2%80%b3-a-prueba-de-agua-y-legible-a-la-luz-del-sol\/#primaryimage","url":"https:\/\/sailproof.shop\/wp-content\/uploads\/2024\/12\/STS10_SailProofTouchscreen00-min-1.jpg","contentUrl":"https:\/\/sailproof.shop\/wp-content\/uploads\/2024\/12\/STS10_SailProofTouchscreen00-min-1.jpg","width":1000,"height":793,"caption":"SailProof STS10 sunlight readable waterproof touchscreen"},{"@type":"BreadcrumbList","@id":"https:\/\/sailproof.shop\/es\/producto\/pantalla-tactil-de-10%e2%80%b3-a-prueba-de-agua-y-legible-a-la-luz-del-sol\/#breadcrumb","itemListElement":[{"@type":"ListItem","position":1,"name":"Inicio","item":"https:\/\/sailproof.shop\/es\/"},{"@type":"ListItem","position":2,"name":"Tienda","item":"https:\/\/sailproof.shop\/es\/tienda\/"},{"@type":"ListItem","position":3,"name":"Pantallas t\u00e1ctiles","item":"https:\/\/sailproof.shop\/es\/categoria-producto\/pantallas-tactiles\/"},{"@type":"ListItem","position":4,"name":"Pantalla t\u00e1ctil de 10\u2033 a prueba de agua y legible a la luz del sol"}]},{"@type":"WebSite","@id":"https:\/\/sailproof.shop\/es\/#website","url":"https:\/\/sailproof.shop\/es\/","name":"SailProof Shop","description":"Rugged tablets and waterproof electronic device for sailors","publisher":{"@id":"https:\/\/sailproof.shop\/es\/#organization"},"alternateName":"SailProof Shop","potentialAction":[{"@type":"SearchAction","target":{"@type":"EntryPoint","urlTemplate":"https:\/\/sailproof.shop\/es\/?s={search_term_string}"},"query-input":{"@type":"PropertyValueSpecification","valueRequired":true,"valueName":"search_term_string"}}],"inLanguage":"es"},{"@type":"Organization","@id":"https:\/\/sailproof.shop\/es\/#organization","name":"SailProof Shop","url":"https:\/\/sailproof.shop\/es\/","logo":{"@type":"ImageObject","inLanguage":"es","@id":"https:\/\/sailproof.shop\/es\/#\/schema\/logo\/image\/","url":"https:\/\/sailproof.shop\/wp-content\/uploads\/2024\/10\/Logo-SailProof.png","contentUrl":"https:\/\/sailproof.shop\/wp-content\/uploads\/2024\/10\/Logo-SailProof.png","width":160,"height":57,"caption":"SailProof Shop"},"image":{"@id":"https:\/\/sailproof.shop\/es\/#\/schema\/logo\/image\/"},"sameAs":["https:\/\/www.facebook.com\/sailproof","https:\/\/x.com\/SailproofShop","https:\/\/instagram.com\/sail.proof","https:\/\/www.linkedin.com\/company\/sailproofshop\/","https:\/\/www.pinterest.com\/SailProof\/","https:\/\/www.youtube.com\/channel\/UClR4lWJvI8KoSGnCbLYPaFg"]}]}},"_links":{"self":[{"href":"https:\/\/sailproof.shop\/es\/wp-json\/wp\/v2\/product\/6499","targetHints":{"allow":["GET"]}}],"collection":[{"href":"https:\/\/sailproof.shop\/es\/wp-json\/wp\/v2\/product"}],"about":[{"href":"https:\/\/sailproof.shop\/es\/wp-json\/wp\/v2\/types\/product"}],"wp:featuredmedia":[{"embeddable":true,"href":"https:\/\/sailproof.shop\/es\/wp-json\/wp\/v2\/media\/100419"}],"wp:attachment":[{"href":"https:\/\/sailproof.shop\/es\/wp-json\/wp\/v2\/media?parent=6499"}],"wp:term":[{"taxonomy":"product_brand","embeddable":true,"href":"https:\/\/sailproof.shop\/es\/wp-json\/wp\/v2\/product_brand?post=6499"},{"taxonomy":"product_cat","embeddable":true,"href":"https:\/\/sailproof.shop\/es\/wp-json\/wp\/v2\/product_cat?post=6499"},{"taxonomy":"product_tag","embeddable":true,"href":"https:\/\/sailproof.shop\/es\/wp-json\/wp\/v2\/product_tag?post=6499"}],"curies":[{"name":"wp","href":"https:\/\/api.w.org\/{rel}","templated":true}]}}