{"id":6500,"date":"2024-12-18T10:50:36","date_gmt":"2024-12-18T09:50:36","guid":{"rendered":"https:\/\/sailproof.shop\/product\/bolso-de-hombro-para-tablet\/"},"modified":"2026-03-31T17:40:41","modified_gmt":"2026-03-31T16:40:41","slug":"bolso-de-hombro-para-tablet","status":"publish","type":"product","link":"https:\/\/sailproof.shop\/es\/producto\/bolso-de-hombro-para-tablet\/","title":{"rendered":"Bolso de hombro para tablet"},"content":{"rendered":"<p>Bolsa de transporte para tablets SP08 y SP10 con dise\u00f1o reforzado y resistente al agua.<\/p>\n","protected":false},"excerpt":{"rendered":"<p>Uno bolso de hombro para llevar tu tablet SailProof. Impermeable, s\u00f3lido, adecuado al tama\u00f1o de la tableta, equipado con una conexi\u00f3n a una bater\u00eda externa, ser\u00e1 un compa\u00f1ero ideal para acompa\u00f1arte en tu pr\u00f3ximas aventuras de navegaci\u00f3n. <\/p>\n","protected":false},"featured_media":5586,"template":"","meta":[],"product_brand":[904],"product_cat":[664,749],"product_tag":[742,743],"class_list":{"0":"post-6500","1":"product","2":"type-product","3":"status-publish","4":"has-post-thumbnail","6":"product_brand-sailproof","7":"product_cat-accesorios-para-tabletas-resistentes","8":"product_cat-bolsas","9":"product_tag-2-anos-de-garantia","10":"product_tag-entrega-rapida","12":"first","13":"instock","14":"taxable","15":"shipping-taxable","16":"purchasable","17":"product-type-simple"},"supplier_id":null,"supplier_sku":"","barcode":null,"atum_controlled":true,"out_stock_date":null,"out_stock_threshold":null,"inheritable":false,"inbound_stock":0,"stock_on_hold":1,"sold_today":0,"sales_last_days":0,"out_stock_days":0,"lost_sales":0,"has_location":false,"update_date":"2026-04-05T00:06:57","atum_locations":[],"atum_stock_status":"instock","restock_status":false,"low_stock_amount":10,"sales_update_date":"2026-04-05T00:06:57","calc_backorders":0,"yoast_head":"<!-- This site is optimized with the Yoast SEO plugin v27.3 - https:\/\/yoast.com\/product\/yoast-seo-wordpress\/ -->\n<title>Bolso de hombro para tablet - SailProof shop<\/title>\n<meta name=\"description\" content=\"Una bolsa de hombro resistente al agua para llevar su tableta SAILPROOF SP08 o SP10 y accesorios con conexi\u00f3n Powerbank\" \/>\n<meta name=\"robots\" content=\"index, follow, max-snippet:-1, max-image-preview:large, max-video-preview:-1\" \/>\n<link rel=\"canonical\" href=\"https:\/\/sailproof.shop\/es\/producto\/bolso-de-hombro-para-tablet\/\" \/>\n<meta property=\"og:locale\" content=\"es_ES\" \/>\n<meta property=\"og:type\" content=\"article\" \/>\n<meta property=\"og:title\" content=\"Bolso de hombro para tablet - SailProof shop\" \/>\n<meta property=\"og:description\" content=\"Una bolsa de hombro resistente al agua para llevar su tableta SAILPROOF SP08 o SP10 y accesorios con conexi\u00f3n Powerbank\" \/>\n<meta property=\"og:url\" content=\"https:\/\/sailproof.shop\/es\/producto\/bolso-de-hombro-para-tablet\/\" \/>\n<meta property=\"og:site_name\" content=\"SailProof shop\" \/>\n<meta property=\"article:publisher\" content=\"https:\/\/www.facebook.com\/sailproof\" \/>\n<meta property=\"article:modified_time\" content=\"2026-03-31T16:40:41+00:00\" \/>\n<meta property=\"og:image\" content=\"https:\/\/sailproof.shop\/wp-content\/uploads\/2024\/12\/SailProof_Shoulder_bag_rugged_tablet-min-1.jpg\" \/>\n\t<meta property=\"og:image:width\" content=\"900\" \/>\n\t<meta property=\"og:image:height\" content=\"900\" \/>\n\t<meta property=\"og:image:type\" content=\"image\/jpeg\" \/>\n<meta name=\"twitter:card\" content=\"summary_large_image\" \/>\n<meta name=\"twitter:site\" content=\"@SailproofShop\" \/>\n<script type=\"application\/ld+json\" class=\"yoast-schema-graph\">{\"@context\":\"https:\\\/\\\/schema.org\",\"@graph\":[{\"@type\":\"WebPage\",\"@id\":\"https:\\\/\\\/sailproof.shop\\\/es\\\/producto\\\/bolso-de-hombro-para-tablet\\\/\",\"url\":\"https:\\\/\\\/sailproof.shop\\\/es\\\/producto\\\/bolso-de-hombro-para-tablet\\\/\",\"name\":\"Bolso de hombro para tablet - SailProof shop\",\"isPartOf\":{\"@id\":\"https:\\\/\\\/sailproof.shop\\\/es\\\/#website\"},\"primaryImageOfPage\":{\"@id\":\"https:\\\/\\\/sailproof.shop\\\/es\\\/producto\\\/bolso-de-hombro-para-tablet\\\/#primaryimage\"},\"image\":{\"@id\":\"https:\\\/\\\/sailproof.shop\\\/es\\\/producto\\\/bolso-de-hombro-para-tablet\\\/#primaryimage\"},\"thumbnailUrl\":\"https:\\\/\\\/sailproof.shop\\\/wp-content\\\/uploads\\\/2024\\\/12\\\/SailProof_Shoulder_bag_rugged_tablet-min-1.jpg\",\"datePublished\":\"2024-12-18T09:50:36+00:00\",\"dateModified\":\"2026-03-31T16:40:41+00:00\",\"description\":\"Una bolsa de hombro resistente al agua para llevar su tableta SAILPROOF SP08 o SP10 y accesorios con conexi\u00f3n Powerbank\",\"breadcrumb\":{\"@id\":\"https:\\\/\\\/sailproof.shop\\\/es\\\/producto\\\/bolso-de-hombro-para-tablet\\\/#breadcrumb\"},\"inLanguage\":\"es\",\"potentialAction\":[{\"@type\":\"ReadAction\",\"target\":[\"https:\\\/\\\/sailproof.shop\\\/es\\\/producto\\\/bolso-de-hombro-para-tablet\\\/\"]}]},{\"@type\":\"ImageObject\",\"inLanguage\":\"es\",\"@id\":\"https:\\\/\\\/sailproof.shop\\\/es\\\/producto\\\/bolso-de-hombro-para-tablet\\\/#primaryimage\",\"url\":\"https:\\\/\\\/sailproof.shop\\\/wp-content\\\/uploads\\\/2024\\\/12\\\/SailProof_Shoulder_bag_rugged_tablet-min-1.jpg\",\"contentUrl\":\"https:\\\/\\\/sailproof.shop\\\/wp-content\\\/uploads\\\/2024\\\/12\\\/SailProof_Shoulder_bag_rugged_tablet-min-1.jpg\",\"width\":900,\"height\":900,\"caption\":\"SailProof shoulder bag for rugged tablets\"},{\"@type\":\"BreadcrumbList\",\"@id\":\"https:\\\/\\\/sailproof.shop\\\/es\\\/producto\\\/bolso-de-hombro-para-tablet\\\/#breadcrumb\",\"itemListElement\":[{\"@type\":\"ListItem\",\"position\":1,\"name\":\"Inicio\",\"item\":\"https:\\\/\\\/sailproof.shop\\\/es\\\/\"},{\"@type\":\"ListItem\",\"position\":2,\"name\":\"Tienda\",\"item\":\"https:\\\/\\\/sailproof.shop\\\/es\\\/tienda\\\/\"},{\"@type\":\"ListItem\",\"position\":3,\"name\":\"Accesorios\",\"item\":\"https:\\\/\\\/sailproof.shop\\\/es\\\/categoria-producto\\\/accesorios\\\/\"},{\"@type\":\"ListItem\",\"position\":4,\"name\":\"Accesorios para tabletas resistentes\",\"item\":\"https:\\\/\\\/sailproof.shop\\\/es\\\/categoria-producto\\\/accesorios\\\/accesorios-para-tabletas-resistentes\\\/\"},{\"@type\":\"ListItem\",\"position\":5,\"name\":\"Bolso de hombro para tablet\"}]},{\"@type\":\"WebSite\",\"@id\":\"https:\\\/\\\/sailproof.shop\\\/es\\\/#website\",\"url\":\"https:\\\/\\\/sailproof.shop\\\/es\\\/\",\"name\":\"SailProof Shop\",\"description\":\"Rugged tablets and waterproof electronic device for sailors\",\"publisher\":{\"@id\":\"https:\\\/\\\/sailproof.shop\\\/es\\\/#organization\"},\"alternateName\":\"SailProof Shop\",\"potentialAction\":[{\"@type\":\"SearchAction\",\"target\":{\"@type\":\"EntryPoint\",\"urlTemplate\":\"https:\\\/\\\/sailproof.shop\\\/es\\\/?s={search_term_string}\"},\"query-input\":{\"@type\":\"PropertyValueSpecification\",\"valueRequired\":true,\"valueName\":\"search_term_string\"}}],\"inLanguage\":\"es\"},{\"@type\":\"Organization\",\"@id\":\"https:\\\/\\\/sailproof.shop\\\/es\\\/#organization\",\"name\":\"SailProof Shop\",\"url\":\"https:\\\/\\\/sailproof.shop\\\/es\\\/\",\"logo\":{\"@type\":\"ImageObject\",\"inLanguage\":\"es\",\"@id\":\"https:\\\/\\\/sailproof.shop\\\/es\\\/#\\\/schema\\\/logo\\\/image\\\/\",\"url\":\"https:\\\/\\\/sailproof.shop\\\/wp-content\\\/uploads\\\/2024\\\/10\\\/Logo-SailProof.png\",\"contentUrl\":\"https:\\\/\\\/sailproof.shop\\\/wp-content\\\/uploads\\\/2024\\\/10\\\/Logo-SailProof.png\",\"width\":160,\"height\":57,\"caption\":\"SailProof Shop\"},\"image\":{\"@id\":\"https:\\\/\\\/sailproof.shop\\\/es\\\/#\\\/schema\\\/logo\\\/image\\\/\"},\"sameAs\":[\"https:\\\/\\\/www.facebook.com\\\/sailproof\",\"https:\\\/\\\/x.com\\\/SailproofShop\",\"https:\\\/\\\/instagram.com\\\/sail.proof\",\"https:\\\/\\\/www.linkedin.com\\\/company\\\/sailproofshop\\\/\",\"https:\\\/\\\/www.pinterest.com\\\/SailProof\\\/\",\"https:\\\/\\\/www.youtube.com\\\/channel\\\/UClR4lWJvI8KoSGnCbLYPaFg\"]}]}<\/script>\n<!-- \/ Yoast SEO plugin. -->","yoast_head_json":{"title":"Bolso de hombro para tablet - SailProof shop","description":"Una bolsa de hombro resistente al agua para llevar su tableta SAILPROOF SP08 o SP10 y accesorios con conexi\u00f3n Powerbank","robots":{"index":"index","follow":"follow","max-snippet":"max-snippet:-1","max-image-preview":"max-image-preview:large","max-video-preview":"max-video-preview:-1"},"canonical":"https:\/\/sailproof.shop\/es\/producto\/bolso-de-hombro-para-tablet\/","og_locale":"es_ES","og_type":"article","og_title":"Bolso de hombro para tablet - SailProof shop","og_description":"Una bolsa de hombro resistente al agua para llevar su tableta SAILPROOF SP08 o SP10 y accesorios con conexi\u00f3n Powerbank","og_url":"https:\/\/sailproof.shop\/es\/producto\/bolso-de-hombro-para-tablet\/","og_site_name":"SailProof shop","article_publisher":"https:\/\/www.facebook.com\/sailproof","article_modified_time":"2026-03-31T16:40:41+00:00","og_image":[{"width":900,"height":900,"url":"https:\/\/sailproof.shop\/wp-content\/uploads\/2024\/12\/SailProof_Shoulder_bag_rugged_tablet-min-1.jpg","type":"image\/jpeg"}],"twitter_card":"summary_large_image","twitter_site":"@SailproofShop","schema":{"@context":"https:\/\/schema.org","@graph":[{"@type":"WebPage","@id":"https:\/\/sailproof.shop\/es\/producto\/bolso-de-hombro-para-tablet\/","url":"https:\/\/sailproof.shop\/es\/producto\/bolso-de-hombro-para-tablet\/","name":"Bolso de hombro para tablet - SailProof shop","isPartOf":{"@id":"https:\/\/sailproof.shop\/es\/#website"},"primaryImageOfPage":{"@id":"https:\/\/sailproof.shop\/es\/producto\/bolso-de-hombro-para-tablet\/#primaryimage"},"image":{"@id":"https:\/\/sailproof.shop\/es\/producto\/bolso-de-hombro-para-tablet\/#primaryimage"},"thumbnailUrl":"https:\/\/sailproof.shop\/wp-content\/uploads\/2024\/12\/SailProof_Shoulder_bag_rugged_tablet-min-1.jpg","datePublished":"2024-12-18T09:50:36+00:00","dateModified":"2026-03-31T16:40:41+00:00","description":"Una bolsa de hombro resistente al agua para llevar su tableta SAILPROOF SP08 o SP10 y accesorios con conexi\u00f3n Powerbank","breadcrumb":{"@id":"https:\/\/sailproof.shop\/es\/producto\/bolso-de-hombro-para-tablet\/#breadcrumb"},"inLanguage":"es","potentialAction":[{"@type":"ReadAction","target":["https:\/\/sailproof.shop\/es\/producto\/bolso-de-hombro-para-tablet\/"]}]},{"@type":"ImageObject","inLanguage":"es","@id":"https:\/\/sailproof.shop\/es\/producto\/bolso-de-hombro-para-tablet\/#primaryimage","url":"https:\/\/sailproof.shop\/wp-content\/uploads\/2024\/12\/SailProof_Shoulder_bag_rugged_tablet-min-1.jpg","contentUrl":"https:\/\/sailproof.shop\/wp-content\/uploads\/2024\/12\/SailProof_Shoulder_bag_rugged_tablet-min-1.jpg","width":900,"height":900,"caption":"SailProof shoulder bag for rugged tablets"},{"@type":"BreadcrumbList","@id":"https:\/\/sailproof.shop\/es\/producto\/bolso-de-hombro-para-tablet\/#breadcrumb","itemListElement":[{"@type":"ListItem","position":1,"name":"Inicio","item":"https:\/\/sailproof.shop\/es\/"},{"@type":"ListItem","position":2,"name":"Tienda","item":"https:\/\/sailproof.shop\/es\/tienda\/"},{"@type":"ListItem","position":3,"name":"Accesorios","item":"https:\/\/sailproof.shop\/es\/categoria-producto\/accesorios\/"},{"@type":"ListItem","position":4,"name":"Accesorios para tabletas resistentes","item":"https:\/\/sailproof.shop\/es\/categoria-producto\/accesorios\/accesorios-para-tabletas-resistentes\/"},{"@type":"ListItem","position":5,"name":"Bolso de hombro para tablet"}]},{"@type":"WebSite","@id":"https:\/\/sailproof.shop\/es\/#website","url":"https:\/\/sailproof.shop\/es\/","name":"SailProof Shop","description":"Rugged tablets and waterproof electronic device for sailors","publisher":{"@id":"https:\/\/sailproof.shop\/es\/#organization"},"alternateName":"SailProof Shop","potentialAction":[{"@type":"SearchAction","target":{"@type":"EntryPoint","urlTemplate":"https:\/\/sailproof.shop\/es\/?s={search_term_string}"},"query-input":{"@type":"PropertyValueSpecification","valueRequired":true,"valueName":"search_term_string"}}],"inLanguage":"es"},{"@type":"Organization","@id":"https:\/\/sailproof.shop\/es\/#organization","name":"SailProof Shop","url":"https:\/\/sailproof.shop\/es\/","logo":{"@type":"ImageObject","inLanguage":"es","@id":"https:\/\/sailproof.shop\/es\/#\/schema\/logo\/image\/","url":"https:\/\/sailproof.shop\/wp-content\/uploads\/2024\/10\/Logo-SailProof.png","contentUrl":"https:\/\/sailproof.shop\/wp-content\/uploads\/2024\/10\/Logo-SailProof.png","width":160,"height":57,"caption":"SailProof Shop"},"image":{"@id":"https:\/\/sailproof.shop\/es\/#\/schema\/logo\/image\/"},"sameAs":["https:\/\/www.facebook.com\/sailproof","https:\/\/x.com\/SailproofShop","https:\/\/instagram.com\/sail.proof","https:\/\/www.linkedin.com\/company\/sailproofshop\/","https:\/\/www.pinterest.com\/SailProof\/","https:\/\/www.youtube.com\/channel\/UClR4lWJvI8KoSGnCbLYPaFg"]}]}},"_links":{"self":[{"href":"https:\/\/sailproof.shop\/es\/wp-json\/wp\/v2\/product\/6500","targetHints":{"allow":["GET"]}}],"collection":[{"href":"https:\/\/sailproof.shop\/es\/wp-json\/wp\/v2\/product"}],"about":[{"href":"https:\/\/sailproof.shop\/es\/wp-json\/wp\/v2\/types\/product"}],"wp:featuredmedia":[{"embeddable":true,"href":"https:\/\/sailproof.shop\/es\/wp-json\/wp\/v2\/media\/5586"}],"wp:attachment":[{"href":"https:\/\/sailproof.shop\/es\/wp-json\/wp\/v2\/media?parent=6500"}],"wp:term":[{"taxonomy":"product_brand","embeddable":true,"href":"https:\/\/sailproof.shop\/es\/wp-json\/wp\/v2\/product_brand?post=6500"},{"taxonomy":"product_cat","embeddable":true,"href":"https:\/\/sailproof.shop\/es\/wp-json\/wp\/v2\/product_cat?post=6500"},{"taxonomy":"product_tag","embeddable":true,"href":"https:\/\/sailproof.shop\/es\/wp-json\/wp\/v2\/product_tag?post=6500"}],"curies":[{"name":"wp","href":"https:\/\/api.w.org\/{rel}","templated":true}]}}