{"id":99751,"date":"2025-09-12T10:53:31","date_gmt":"2025-09-12T09:53:31","guid":{"rendered":"https:\/\/sailproof.shop\/?post_type=product&#038;p=99751"},"modified":"2026-03-24T14:34:45","modified_gmt":"2026-03-24T13:34:45","slug":"base-de-bola-ram-con-doble-perno-en-u-para-rieles-de-25-mm-32-mm-copy-2","status":"publish","type":"product","link":"https:\/\/sailproof.shop\/es\/producto\/base-de-bola-ram-con-doble-perno-en-u-para-rieles-de-25-mm-32-mm-copy-2\/","title":{"rendered":"Soporte RAM con placa redonda y bola &#8211; tama\u00f1o C"},"content":{"rendered":"<p>El soporte RAM-202U consiste en una bola de goma tama\u00f1o C de 1,5&#8243; conectada a una placa redonda de 2,5&#8243; de di\u00e1metro, fabricada en aluminio marino con recubrimiento en polvo. Este componente de montaje incluye agujeros preperforados seg\u00fan el patr\u00f3n de agujeros universal AMPS. <\/p>\n","protected":false},"excerpt":{"rendered":"<div class=\"row rowmargin\">\n<div class=\"col-md-12\">\n<div class=\"product-description\">\n<p>Soporte redondo RAM\u00ae con bola de 1,5&#8243; tama\u00f1o C, para adaptarse al soporte RAM con la placa VESA 75&#215;75 mm y al brazo largo para nuestras pantallas t\u00e1ctiles marinas STS10, STS13 y STS15.<\/p>\n<\/div>\n<\/div>\n<\/div>\n","protected":false},"featured_media":99732,"template":"","meta":[],"product_brand":[914],"product_cat":[668],"product_tag":[742,743],"class_list":{"0":"post-99751","1":"product","2":"type-product","3":"status-publish","4":"has-post-thumbnail","6":"product_brand-ram-mounts","7":"product_cat-soportes-para-pantallas-tactiles","8":"product_tag-2-anos-de-garantia","9":"product_tag-entrega-rapida","11":"first","12":"instock","13":"taxable","14":"shipping-taxable","15":"purchasable","16":"product-type-simple"},"supplier_id":null,"supplier_sku":"","barcode":null,"atum_controlled":true,"out_stock_date":null,"out_stock_threshold":0,"inheritable":false,"inbound_stock":0,"stock_on_hold":1,"sold_today":1,"sales_last_days":1,"out_stock_days":0,"lost_sales":0,"has_location":false,"update_date":"2026-04-15T09:59:40","atum_locations":[],"atum_stock_status":"instock","restock_status":false,"low_stock_amount":2,"sales_update_date":"2026-04-15T09:58:11","calc_backorders":0,"yoast_head":"<!-- This site is optimized with the Yoast SEO plugin v27.3 - https:\/\/yoast.com\/product\/yoast-seo-wordpress\/ -->\n<title>Soporte RAM con placa redonda y bola - tama\u00f1o C - SailProof shop<\/title>\n<meta name=\"description\" content=\"Soporte redondo RAM\u00ae con bola de 1,5&quot; tama\u00f1o C, para adaptarse al soporte RAM con la placa VESA 75x75 mm y al brazo largo para nuestras pantallas t\u00e1ctiles marinas STS10, STS13 y STS15.\" \/>\n<meta name=\"robots\" content=\"index, follow, max-snippet:-1, max-image-preview:large, max-video-preview:-1\" \/>\n<link rel=\"canonical\" href=\"https:\/\/sailproof.shop\/es\/producto\/base-de-bola-ram-con-doble-perno-en-u-para-rieles-de-25-mm-32-mm-copy-2\/\" \/>\n<meta property=\"og:locale\" content=\"es_ES\" \/>\n<meta property=\"og:type\" content=\"article\" \/>\n<meta property=\"og:title\" content=\"Soporte RAM con placa redonda y bola - tama\u00f1o C - SailProof shop\" \/>\n<meta property=\"og:description\" content=\"Soporte redondo RAM\u00ae con bola de 1,5&quot; tama\u00f1o C, para adaptarse al soporte RAM con la placa VESA 75x75 mm y al brazo largo para nuestras pantallas t\u00e1ctiles marinas STS10, STS13 y STS15.\" \/>\n<meta property=\"og:url\" content=\"https:\/\/sailproof.shop\/es\/producto\/base-de-bola-ram-con-doble-perno-en-u-para-rieles-de-25-mm-32-mm-copy-2\/\" \/>\n<meta property=\"og:site_name\" content=\"SailProof shop\" \/>\n<meta property=\"article:publisher\" content=\"https:\/\/www.facebook.com\/sailproof\" \/>\n<meta property=\"article:modified_time\" content=\"2026-03-24T13:34:45+00:00\" \/>\n<meta property=\"og:image\" content=\"https:\/\/sailproof.shop\/wp-content\/uploads\/2025\/09\/RAM-202U-Ball-.jpg\" \/>\n\t<meta property=\"og:image:width\" content=\"800\" \/>\n\t<meta property=\"og:image:height\" content=\"800\" \/>\n\t<meta property=\"og:image:type\" content=\"image\/jpeg\" \/>\n<meta name=\"twitter:card\" content=\"summary_large_image\" \/>\n<meta name=\"twitter:site\" content=\"@SailproofShop\" \/>\n<script type=\"application\/ld+json\" class=\"yoast-schema-graph\">{\"@context\":\"https:\\\/\\\/schema.org\",\"@graph\":[{\"@type\":\"WebPage\",\"@id\":\"https:\\\/\\\/sailproof.shop\\\/es\\\/producto\\\/base-de-bola-ram-con-doble-perno-en-u-para-rieles-de-25-mm-32-mm-copy-2\\\/\",\"url\":\"https:\\\/\\\/sailproof.shop\\\/es\\\/producto\\\/base-de-bola-ram-con-doble-perno-en-u-para-rieles-de-25-mm-32-mm-copy-2\\\/\",\"name\":\"Soporte RAM con placa redonda y bola - tama\u00f1o C - SailProof shop\",\"isPartOf\":{\"@id\":\"https:\\\/\\\/sailproof.shop\\\/es\\\/#website\"},\"primaryImageOfPage\":{\"@id\":\"https:\\\/\\\/sailproof.shop\\\/es\\\/producto\\\/base-de-bola-ram-con-doble-perno-en-u-para-rieles-de-25-mm-32-mm-copy-2\\\/#primaryimage\"},\"image\":{\"@id\":\"https:\\\/\\\/sailproof.shop\\\/es\\\/producto\\\/base-de-bola-ram-con-doble-perno-en-u-para-rieles-de-25-mm-32-mm-copy-2\\\/#primaryimage\"},\"thumbnailUrl\":\"https:\\\/\\\/sailproof.shop\\\/wp-content\\\/uploads\\\/2025\\\/09\\\/RAM-202U-Ball-.jpg\",\"datePublished\":\"2025-09-12T09:53:31+00:00\",\"dateModified\":\"2026-03-24T13:34:45+00:00\",\"description\":\"Soporte redondo RAM\u00ae con bola de 1,5\\\" tama\u00f1o C, para adaptarse al soporte RAM con la placa VESA 75x75 mm y al brazo largo para nuestras pantallas t\u00e1ctiles marinas STS10, STS13 y STS15.\",\"breadcrumb\":{\"@id\":\"https:\\\/\\\/sailproof.shop\\\/es\\\/producto\\\/base-de-bola-ram-con-doble-perno-en-u-para-rieles-de-25-mm-32-mm-copy-2\\\/#breadcrumb\"},\"inLanguage\":\"es\",\"potentialAction\":[{\"@type\":\"ReadAction\",\"target\":[\"https:\\\/\\\/sailproof.shop\\\/es\\\/producto\\\/base-de-bola-ram-con-doble-perno-en-u-para-rieles-de-25-mm-32-mm-copy-2\\\/\"]}]},{\"@type\":\"ImageObject\",\"inLanguage\":\"es\",\"@id\":\"https:\\\/\\\/sailproof.shop\\\/es\\\/producto\\\/base-de-bola-ram-con-doble-perno-en-u-para-rieles-de-25-mm-32-mm-copy-2\\\/#primaryimage\",\"url\":\"https:\\\/\\\/sailproof.shop\\\/wp-content\\\/uploads\\\/2025\\\/09\\\/RAM-202U-Ball-.jpg\",\"contentUrl\":\"https:\\\/\\\/sailproof.shop\\\/wp-content\\\/uploads\\\/2025\\\/09\\\/RAM-202U-Ball-.jpg\",\"width\":800,\"height\":800,\"caption\":\"RAM\u00ae Round Plate with 1,5\\\" Ball\"},{\"@type\":\"BreadcrumbList\",\"@id\":\"https:\\\/\\\/sailproof.shop\\\/es\\\/producto\\\/base-de-bola-ram-con-doble-perno-en-u-para-rieles-de-25-mm-32-mm-copy-2\\\/#breadcrumb\",\"itemListElement\":[{\"@type\":\"ListItem\",\"position\":1,\"name\":\"Inicio\",\"item\":\"https:\\\/\\\/sailproof.shop\\\/es\\\/\"},{\"@type\":\"ListItem\",\"position\":2,\"name\":\"Tienda\",\"item\":\"https:\\\/\\\/sailproof.shop\\\/es\\\/tienda\\\/\"},{\"@type\":\"ListItem\",\"position\":3,\"name\":\"Soportes\",\"item\":\"https:\\\/\\\/sailproof.shop\\\/es\\\/categoria-producto\\\/soportes\\\/\"},{\"@type\":\"ListItem\",\"position\":4,\"name\":\"Soportes para pantallas t\u00e1ctiles\",\"item\":\"https:\\\/\\\/sailproof.shop\\\/es\\\/categoria-producto\\\/soportes\\\/soportes-para-pantallas-tactiles\\\/\"},{\"@type\":\"ListItem\",\"position\":5,\"name\":\"Private: Soporte RAM con placa redonda y bola &#8211; tama\u00f1o C\"}]},{\"@type\":\"WebSite\",\"@id\":\"https:\\\/\\\/sailproof.shop\\\/es\\\/#website\",\"url\":\"https:\\\/\\\/sailproof.shop\\\/es\\\/\",\"name\":\"SailProof Shop\",\"description\":\"Rugged tablets and waterproof electronic device for sailors\",\"publisher\":{\"@id\":\"https:\\\/\\\/sailproof.shop\\\/es\\\/#organization\"},\"alternateName\":\"SailProof Shop\",\"potentialAction\":[{\"@type\":\"SearchAction\",\"target\":{\"@type\":\"EntryPoint\",\"urlTemplate\":\"https:\\\/\\\/sailproof.shop\\\/es\\\/?s={search_term_string}\"},\"query-input\":{\"@type\":\"PropertyValueSpecification\",\"valueRequired\":true,\"valueName\":\"search_term_string\"}}],\"inLanguage\":\"es\"},{\"@type\":\"Organization\",\"@id\":\"https:\\\/\\\/sailproof.shop\\\/es\\\/#organization\",\"name\":\"SailProof Shop\",\"url\":\"https:\\\/\\\/sailproof.shop\\\/es\\\/\",\"logo\":{\"@type\":\"ImageObject\",\"inLanguage\":\"es\",\"@id\":\"https:\\\/\\\/sailproof.shop\\\/es\\\/#\\\/schema\\\/logo\\\/image\\\/\",\"url\":\"https:\\\/\\\/sailproof.shop\\\/wp-content\\\/uploads\\\/2024\\\/10\\\/Logo-SailProof.png\",\"contentUrl\":\"https:\\\/\\\/sailproof.shop\\\/wp-content\\\/uploads\\\/2024\\\/10\\\/Logo-SailProof.png\",\"width\":160,\"height\":57,\"caption\":\"SailProof Shop\"},\"image\":{\"@id\":\"https:\\\/\\\/sailproof.shop\\\/es\\\/#\\\/schema\\\/logo\\\/image\\\/\"},\"sameAs\":[\"https:\\\/\\\/www.facebook.com\\\/sailproof\",\"https:\\\/\\\/x.com\\\/SailproofShop\",\"https:\\\/\\\/instagram.com\\\/sail.proof\",\"https:\\\/\\\/www.linkedin.com\\\/company\\\/sailproofshop\\\/\",\"https:\\\/\\\/www.pinterest.com\\\/SailProof\\\/\",\"https:\\\/\\\/www.youtube.com\\\/channel\\\/UClR4lWJvI8KoSGnCbLYPaFg\"]}]}<\/script>\n<!-- \/ Yoast SEO plugin. -->","yoast_head_json":{"title":"Soporte RAM con placa redonda y bola - tama\u00f1o C - SailProof shop","description":"Soporte redondo RAM\u00ae con bola de 1,5\" tama\u00f1o C, para adaptarse al soporte RAM con la placa VESA 75x75 mm y al brazo largo para nuestras pantallas t\u00e1ctiles marinas STS10, STS13 y STS15.","robots":{"index":"index","follow":"follow","max-snippet":"max-snippet:-1","max-image-preview":"max-image-preview:large","max-video-preview":"max-video-preview:-1"},"canonical":"https:\/\/sailproof.shop\/es\/producto\/base-de-bola-ram-con-doble-perno-en-u-para-rieles-de-25-mm-32-mm-copy-2\/","og_locale":"es_ES","og_type":"article","og_title":"Soporte RAM con placa redonda y bola - tama\u00f1o C - SailProof shop","og_description":"Soporte redondo RAM\u00ae con bola de 1,5\" tama\u00f1o C, para adaptarse al soporte RAM con la placa VESA 75x75 mm y al brazo largo para nuestras pantallas t\u00e1ctiles marinas STS10, STS13 y STS15.","og_url":"https:\/\/sailproof.shop\/es\/producto\/base-de-bola-ram-con-doble-perno-en-u-para-rieles-de-25-mm-32-mm-copy-2\/","og_site_name":"SailProof shop","article_publisher":"https:\/\/www.facebook.com\/sailproof","article_modified_time":"2026-03-24T13:34:45+00:00","og_image":[{"width":800,"height":800,"url":"https:\/\/sailproof.shop\/wp-content\/uploads\/2025\/09\/RAM-202U-Ball-.jpg","type":"image\/jpeg"}],"twitter_card":"summary_large_image","twitter_site":"@SailproofShop","schema":{"@context":"https:\/\/schema.org","@graph":[{"@type":"WebPage","@id":"https:\/\/sailproof.shop\/es\/producto\/base-de-bola-ram-con-doble-perno-en-u-para-rieles-de-25-mm-32-mm-copy-2\/","url":"https:\/\/sailproof.shop\/es\/producto\/base-de-bola-ram-con-doble-perno-en-u-para-rieles-de-25-mm-32-mm-copy-2\/","name":"Soporte RAM con placa redonda y bola - tama\u00f1o C - SailProof shop","isPartOf":{"@id":"https:\/\/sailproof.shop\/es\/#website"},"primaryImageOfPage":{"@id":"https:\/\/sailproof.shop\/es\/producto\/base-de-bola-ram-con-doble-perno-en-u-para-rieles-de-25-mm-32-mm-copy-2\/#primaryimage"},"image":{"@id":"https:\/\/sailproof.shop\/es\/producto\/base-de-bola-ram-con-doble-perno-en-u-para-rieles-de-25-mm-32-mm-copy-2\/#primaryimage"},"thumbnailUrl":"https:\/\/sailproof.shop\/wp-content\/uploads\/2025\/09\/RAM-202U-Ball-.jpg","datePublished":"2025-09-12T09:53:31+00:00","dateModified":"2026-03-24T13:34:45+00:00","description":"Soporte redondo RAM\u00ae con bola de 1,5\" tama\u00f1o C, para adaptarse al soporte RAM con la placa VESA 75x75 mm y al brazo largo para nuestras pantallas t\u00e1ctiles marinas STS10, STS13 y STS15.","breadcrumb":{"@id":"https:\/\/sailproof.shop\/es\/producto\/base-de-bola-ram-con-doble-perno-en-u-para-rieles-de-25-mm-32-mm-copy-2\/#breadcrumb"},"inLanguage":"es","potentialAction":[{"@type":"ReadAction","target":["https:\/\/sailproof.shop\/es\/producto\/base-de-bola-ram-con-doble-perno-en-u-para-rieles-de-25-mm-32-mm-copy-2\/"]}]},{"@type":"ImageObject","inLanguage":"es","@id":"https:\/\/sailproof.shop\/es\/producto\/base-de-bola-ram-con-doble-perno-en-u-para-rieles-de-25-mm-32-mm-copy-2\/#primaryimage","url":"https:\/\/sailproof.shop\/wp-content\/uploads\/2025\/09\/RAM-202U-Ball-.jpg","contentUrl":"https:\/\/sailproof.shop\/wp-content\/uploads\/2025\/09\/RAM-202U-Ball-.jpg","width":800,"height":800,"caption":"RAM\u00ae Round Plate with 1,5\" Ball"},{"@type":"BreadcrumbList","@id":"https:\/\/sailproof.shop\/es\/producto\/base-de-bola-ram-con-doble-perno-en-u-para-rieles-de-25-mm-32-mm-copy-2\/#breadcrumb","itemListElement":[{"@type":"ListItem","position":1,"name":"Inicio","item":"https:\/\/sailproof.shop\/es\/"},{"@type":"ListItem","position":2,"name":"Tienda","item":"https:\/\/sailproof.shop\/es\/tienda\/"},{"@type":"ListItem","position":3,"name":"Soportes","item":"https:\/\/sailproof.shop\/es\/categoria-producto\/soportes\/"},{"@type":"ListItem","position":4,"name":"Soportes para pantallas t\u00e1ctiles","item":"https:\/\/sailproof.shop\/es\/categoria-producto\/soportes\/soportes-para-pantallas-tactiles\/"},{"@type":"ListItem","position":5,"name":"Private: Soporte RAM con placa redonda y bola &#8211; tama\u00f1o C"}]},{"@type":"WebSite","@id":"https:\/\/sailproof.shop\/es\/#website","url":"https:\/\/sailproof.shop\/es\/","name":"SailProof Shop","description":"Rugged tablets and waterproof electronic device for sailors","publisher":{"@id":"https:\/\/sailproof.shop\/es\/#organization"},"alternateName":"SailProof Shop","potentialAction":[{"@type":"SearchAction","target":{"@type":"EntryPoint","urlTemplate":"https:\/\/sailproof.shop\/es\/?s={search_term_string}"},"query-input":{"@type":"PropertyValueSpecification","valueRequired":true,"valueName":"search_term_string"}}],"inLanguage":"es"},{"@type":"Organization","@id":"https:\/\/sailproof.shop\/es\/#organization","name":"SailProof Shop","url":"https:\/\/sailproof.shop\/es\/","logo":{"@type":"ImageObject","inLanguage":"es","@id":"https:\/\/sailproof.shop\/es\/#\/schema\/logo\/image\/","url":"https:\/\/sailproof.shop\/wp-content\/uploads\/2024\/10\/Logo-SailProof.png","contentUrl":"https:\/\/sailproof.shop\/wp-content\/uploads\/2024\/10\/Logo-SailProof.png","width":160,"height":57,"caption":"SailProof Shop"},"image":{"@id":"https:\/\/sailproof.shop\/es\/#\/schema\/logo\/image\/"},"sameAs":["https:\/\/www.facebook.com\/sailproof","https:\/\/x.com\/SailproofShop","https:\/\/instagram.com\/sail.proof","https:\/\/www.linkedin.com\/company\/sailproofshop\/","https:\/\/www.pinterest.com\/SailProof\/","https:\/\/www.youtube.com\/channel\/UClR4lWJvI8KoSGnCbLYPaFg"]}]}},"_links":{"self":[{"href":"https:\/\/sailproof.shop\/es\/wp-json\/wp\/v2\/product\/99751","targetHints":{"allow":["GET"]}}],"collection":[{"href":"https:\/\/sailproof.shop\/es\/wp-json\/wp\/v2\/product"}],"about":[{"href":"https:\/\/sailproof.shop\/es\/wp-json\/wp\/v2\/types\/product"}],"wp:featuredmedia":[{"embeddable":true,"href":"https:\/\/sailproof.shop\/es\/wp-json\/wp\/v2\/media\/99732"}],"wp:attachment":[{"href":"https:\/\/sailproof.shop\/es\/wp-json\/wp\/v2\/media?parent=99751"}],"wp:term":[{"taxonomy":"product_brand","embeddable":true,"href":"https:\/\/sailproof.shop\/es\/wp-json\/wp\/v2\/product_brand?post=99751"},{"taxonomy":"product_cat","embeddable":true,"href":"https:\/\/sailproof.shop\/es\/wp-json\/wp\/v2\/product_cat?post=99751"},{"taxonomy":"product_tag","embeddable":true,"href":"https:\/\/sailproof.shop\/es\/wp-json\/wp\/v2\/product_tag?post=99751"}],"curies":[{"name":"wp","href":"https:\/\/api.w.org\/{rel}","templated":true}]}}