{"id":99779,"date":"2025-09-12T16:22:37","date_gmt":"2025-09-12T15:22:37","guid":{"rendered":"https:\/\/sailproof.shop\/?post_type=product&#038;p=99779"},"modified":"2026-03-31T17:40:22","modified_gmt":"2026-03-31T16:40:22","slug":"estacion-de-acoplamiento-para-la-tableta-sp10as-copy","status":"publish","type":"product","link":"https:\/\/sailproof.shop\/es\/producto\/estacion-de-acoplamiento-para-la-tableta-sp10as-copy\/","title":{"rendered":"Estaci\u00f3n de acoplamiento para tabletas SP10S y SP10X"},"content":{"rendered":"<p>Estaci\u00f3n de acoplamiento de mesa dise\u00f1ada para las tabletas resistentes SP10S y SP10X, que permite la carga simult\u00e1nea de la tableta y de una bater\u00eda adicional, con m\u00faltiples opciones de conectividad.<\/p>\n","protected":false},"excerpt":{"rendered":"<p>Estaci\u00f3n de acoplamiento de mesa para las tabletas resistentes SailProof de 10 pulgadas, modelos SP10S y SP10X<\/p>\n","protected":false},"featured_media":99815,"template":"","meta":[],"product_brand":[904],"product_cat":[667],"product_tag":[742,743],"class_list":{"0":"post-99779","1":"product","2":"type-product","3":"status-publish","4":"has-post-thumbnail","6":"product_brand-sailproof","7":"product_cat-soportes-para-tabletas","8":"product_tag-2-anos-de-garantia","9":"product_tag-entrega-rapida","11":"first","12":"onbackorder","13":"taxable","14":"shipping-taxable","15":"purchasable","16":"product-type-simple"},"supplier_id":null,"supplier_sku":"","barcode":null,"atum_controlled":true,"out_stock_date":"2026-04-08 19:52:13","out_stock_threshold":null,"inheritable":false,"inbound_stock":0,"stock_on_hold":1,"sold_today":0,"sales_last_days":0,"out_stock_days":3,"lost_sales":0,"has_location":false,"update_date":"2026-04-12T00:38:40","atum_locations":[],"atum_stock_status":"onbackorder","restock_status":false,"low_stock_amount":3,"sales_update_date":"2026-04-12T00:38:40","calc_backorders":0,"yoast_head":"<!-- This site is optimized with the Yoast SEO plugin v27.3 - https:\/\/yoast.com\/product\/yoast-seo-wordpress\/ -->\n<title>Estaci\u00f3n de acoplamiento para tabletas SP10S y SP10X - SailProof shop<\/title>\n<meta name=\"description\" content=\"Estaci\u00f3n de acoplamiento para las tabletas resistentes SP10S y SP10X, que permite la carga simult\u00e1nea de la tableta y de una bater\u00eda adicional, con m\u00faltiples opciones de conectividad.\" \/>\n<meta name=\"robots\" content=\"index, follow, max-snippet:-1, max-image-preview:large, max-video-preview:-1\" \/>\n<link rel=\"canonical\" href=\"https:\/\/sailproof.shop\/es\/producto\/estacion-de-acoplamiento-para-la-tableta-sp10as-copy\/\" \/>\n<meta property=\"og:locale\" content=\"es_ES\" \/>\n<meta property=\"og:type\" content=\"article\" \/>\n<meta property=\"og:title\" content=\"Estaci\u00f3n de acoplamiento para tabletas SP10S y SP10X - SailProof shop\" \/>\n<meta property=\"og:description\" content=\"Estaci\u00f3n de acoplamiento para las tabletas resistentes SP10S y SP10X, que permite la carga simult\u00e1nea de la tableta y de una bater\u00eda adicional, con m\u00faltiples opciones de conectividad.\" \/>\n<meta property=\"og:url\" content=\"https:\/\/sailproof.shop\/es\/producto\/estacion-de-acoplamiento-para-la-tableta-sp10as-copy\/\" \/>\n<meta property=\"og:site_name\" content=\"SailProof shop\" \/>\n<meta property=\"article:publisher\" content=\"https:\/\/www.facebook.com\/sailproof\" \/>\n<meta property=\"article:modified_time\" content=\"2026-03-31T16:40:22+00:00\" \/>\n<meta property=\"og:image\" content=\"https:\/\/sailproof.shop\/wp-content\/uploads\/2025\/09\/Sailproof-Docking-Station_SPR11_06-min.jpg\" \/>\n\t<meta property=\"og:image:width\" content=\"1000\" \/>\n\t<meta property=\"og:image:height\" content=\"1000\" \/>\n\t<meta property=\"og:image:type\" content=\"image\/jpeg\" \/>\n<meta name=\"twitter:card\" content=\"summary_large_image\" \/>\n<meta name=\"twitter:site\" content=\"@SailproofShop\" \/>\n<meta name=\"twitter:label1\" content=\"Tiempo de lectura\" \/>\n\t<meta name=\"twitter:data1\" content=\"1 minuto\" \/>\n<script type=\"application\/ld+json\" class=\"yoast-schema-graph\">{\"@context\":\"https:\\\/\\\/schema.org\",\"@graph\":[{\"@type\":\"WebPage\",\"@id\":\"https:\\\/\\\/sailproof.shop\\\/es\\\/producto\\\/estacion-de-acoplamiento-para-la-tableta-sp10as-copy\\\/\",\"url\":\"https:\\\/\\\/sailproof.shop\\\/es\\\/producto\\\/estacion-de-acoplamiento-para-la-tableta-sp10as-copy\\\/\",\"name\":\"Estaci\u00f3n de acoplamiento para tabletas SP10S y SP10X - SailProof shop\",\"isPartOf\":{\"@id\":\"https:\\\/\\\/sailproof.shop\\\/es\\\/#website\"},\"primaryImageOfPage\":{\"@id\":\"https:\\\/\\\/sailproof.shop\\\/es\\\/producto\\\/estacion-de-acoplamiento-para-la-tableta-sp10as-copy\\\/#primaryimage\"},\"image\":{\"@id\":\"https:\\\/\\\/sailproof.shop\\\/es\\\/producto\\\/estacion-de-acoplamiento-para-la-tableta-sp10as-copy\\\/#primaryimage\"},\"thumbnailUrl\":\"https:\\\/\\\/sailproof.shop\\\/wp-content\\\/uploads\\\/2025\\\/09\\\/Sailproof-Docking-Station_SPR11_06-min.jpg\",\"datePublished\":\"2025-09-12T15:22:37+00:00\",\"dateModified\":\"2026-03-31T16:40:22+00:00\",\"description\":\"Estaci\u00f3n de acoplamiento para las tabletas resistentes SP10S y SP10X, que permite la carga simult\u00e1nea de la tableta y de una bater\u00eda adicional, con m\u00faltiples opciones de conectividad.\",\"breadcrumb\":{\"@id\":\"https:\\\/\\\/sailproof.shop\\\/es\\\/producto\\\/estacion-de-acoplamiento-para-la-tableta-sp10as-copy\\\/#breadcrumb\"},\"inLanguage\":\"es\",\"potentialAction\":[{\"@type\":\"ReadAction\",\"target\":[\"https:\\\/\\\/sailproof.shop\\\/es\\\/producto\\\/estacion-de-acoplamiento-para-la-tableta-sp10as-copy\\\/\"]}]},{\"@type\":\"ImageObject\",\"inLanguage\":\"es\",\"@id\":\"https:\\\/\\\/sailproof.shop\\\/es\\\/producto\\\/estacion-de-acoplamiento-para-la-tableta-sp10as-copy\\\/#primaryimage\",\"url\":\"https:\\\/\\\/sailproof.shop\\\/wp-content\\\/uploads\\\/2025\\\/09\\\/Sailproof-Docking-Station_SPR11_06-min.jpg\",\"contentUrl\":\"https:\\\/\\\/sailproof.shop\\\/wp-content\\\/uploads\\\/2025\\\/09\\\/Sailproof-Docking-Station_SPR11_06-min.jpg\",\"width\":1000,\"height\":1000,\"caption\":\"SailProof Docking Station for SP10S and SP10X Rugged Tablets\"},{\"@type\":\"BreadcrumbList\",\"@id\":\"https:\\\/\\\/sailproof.shop\\\/es\\\/producto\\\/estacion-de-acoplamiento-para-la-tableta-sp10as-copy\\\/#breadcrumb\",\"itemListElement\":[{\"@type\":\"ListItem\",\"position\":1,\"name\":\"Inicio\",\"item\":\"https:\\\/\\\/sailproof.shop\\\/es\\\/\"},{\"@type\":\"ListItem\",\"position\":2,\"name\":\"Tienda\",\"item\":\"https:\\\/\\\/sailproof.shop\\\/es\\\/tienda\\\/\"},{\"@type\":\"ListItem\",\"position\":3,\"name\":\"Soportes\",\"item\":\"https:\\\/\\\/sailproof.shop\\\/es\\\/categoria-producto\\\/soportes\\\/\"},{\"@type\":\"ListItem\",\"position\":4,\"name\":\"Soportes para tabletas\",\"item\":\"https:\\\/\\\/sailproof.shop\\\/es\\\/categoria-producto\\\/soportes\\\/soportes-para-tabletas\\\/\"},{\"@type\":\"ListItem\",\"position\":5,\"name\":\"Estaci\u00f3n de acoplamiento para tabletas SP10S y SP10X\"}]},{\"@type\":\"WebSite\",\"@id\":\"https:\\\/\\\/sailproof.shop\\\/es\\\/#website\",\"url\":\"https:\\\/\\\/sailproof.shop\\\/es\\\/\",\"name\":\"SailProof Shop\",\"description\":\"Rugged tablets and waterproof electronic device for sailors\",\"publisher\":{\"@id\":\"https:\\\/\\\/sailproof.shop\\\/es\\\/#organization\"},\"alternateName\":\"SailProof Shop\",\"potentialAction\":[{\"@type\":\"SearchAction\",\"target\":{\"@type\":\"EntryPoint\",\"urlTemplate\":\"https:\\\/\\\/sailproof.shop\\\/es\\\/?s={search_term_string}\"},\"query-input\":{\"@type\":\"PropertyValueSpecification\",\"valueRequired\":true,\"valueName\":\"search_term_string\"}}],\"inLanguage\":\"es\"},{\"@type\":\"Organization\",\"@id\":\"https:\\\/\\\/sailproof.shop\\\/es\\\/#organization\",\"name\":\"SailProof Shop\",\"url\":\"https:\\\/\\\/sailproof.shop\\\/es\\\/\",\"logo\":{\"@type\":\"ImageObject\",\"inLanguage\":\"es\",\"@id\":\"https:\\\/\\\/sailproof.shop\\\/es\\\/#\\\/schema\\\/logo\\\/image\\\/\",\"url\":\"https:\\\/\\\/sailproof.shop\\\/wp-content\\\/uploads\\\/2024\\\/10\\\/Logo-SailProof.png\",\"contentUrl\":\"https:\\\/\\\/sailproof.shop\\\/wp-content\\\/uploads\\\/2024\\\/10\\\/Logo-SailProof.png\",\"width\":160,\"height\":57,\"caption\":\"SailProof Shop\"},\"image\":{\"@id\":\"https:\\\/\\\/sailproof.shop\\\/es\\\/#\\\/schema\\\/logo\\\/image\\\/\"},\"sameAs\":[\"https:\\\/\\\/www.facebook.com\\\/sailproof\",\"https:\\\/\\\/x.com\\\/SailproofShop\",\"https:\\\/\\\/instagram.com\\\/sail.proof\",\"https:\\\/\\\/www.linkedin.com\\\/company\\\/sailproofshop\\\/\",\"https:\\\/\\\/www.pinterest.com\\\/SailProof\\\/\",\"https:\\\/\\\/www.youtube.com\\\/channel\\\/UClR4lWJvI8KoSGnCbLYPaFg\"]}]}<\/script>\n<!-- \/ Yoast SEO plugin. -->","yoast_head_json":{"title":"Estaci\u00f3n de acoplamiento para tabletas SP10S y SP10X - SailProof shop","description":"Estaci\u00f3n de acoplamiento para las tabletas resistentes SP10S y SP10X, que permite la carga simult\u00e1nea de la tableta y de una bater\u00eda adicional, con m\u00faltiples opciones de conectividad.","robots":{"index":"index","follow":"follow","max-snippet":"max-snippet:-1","max-image-preview":"max-image-preview:large","max-video-preview":"max-video-preview:-1"},"canonical":"https:\/\/sailproof.shop\/es\/producto\/estacion-de-acoplamiento-para-la-tableta-sp10as-copy\/","og_locale":"es_ES","og_type":"article","og_title":"Estaci\u00f3n de acoplamiento para tabletas SP10S y SP10X - SailProof shop","og_description":"Estaci\u00f3n de acoplamiento para las tabletas resistentes SP10S y SP10X, que permite la carga simult\u00e1nea de la tableta y de una bater\u00eda adicional, con m\u00faltiples opciones de conectividad.","og_url":"https:\/\/sailproof.shop\/es\/producto\/estacion-de-acoplamiento-para-la-tableta-sp10as-copy\/","og_site_name":"SailProof shop","article_publisher":"https:\/\/www.facebook.com\/sailproof","article_modified_time":"2026-03-31T16:40:22+00:00","og_image":[{"width":1000,"height":1000,"url":"https:\/\/sailproof.shop\/wp-content\/uploads\/2025\/09\/Sailproof-Docking-Station_SPR11_06-min.jpg","type":"image\/jpeg"}],"twitter_card":"summary_large_image","twitter_site":"@SailproofShop","twitter_misc":{"Tiempo de lectura":"1 minuto"},"schema":{"@context":"https:\/\/schema.org","@graph":[{"@type":"WebPage","@id":"https:\/\/sailproof.shop\/es\/producto\/estacion-de-acoplamiento-para-la-tableta-sp10as-copy\/","url":"https:\/\/sailproof.shop\/es\/producto\/estacion-de-acoplamiento-para-la-tableta-sp10as-copy\/","name":"Estaci\u00f3n de acoplamiento para tabletas SP10S y SP10X - SailProof shop","isPartOf":{"@id":"https:\/\/sailproof.shop\/es\/#website"},"primaryImageOfPage":{"@id":"https:\/\/sailproof.shop\/es\/producto\/estacion-de-acoplamiento-para-la-tableta-sp10as-copy\/#primaryimage"},"image":{"@id":"https:\/\/sailproof.shop\/es\/producto\/estacion-de-acoplamiento-para-la-tableta-sp10as-copy\/#primaryimage"},"thumbnailUrl":"https:\/\/sailproof.shop\/wp-content\/uploads\/2025\/09\/Sailproof-Docking-Station_SPR11_06-min.jpg","datePublished":"2025-09-12T15:22:37+00:00","dateModified":"2026-03-31T16:40:22+00:00","description":"Estaci\u00f3n de acoplamiento para las tabletas resistentes SP10S y SP10X, que permite la carga simult\u00e1nea de la tableta y de una bater\u00eda adicional, con m\u00faltiples opciones de conectividad.","breadcrumb":{"@id":"https:\/\/sailproof.shop\/es\/producto\/estacion-de-acoplamiento-para-la-tableta-sp10as-copy\/#breadcrumb"},"inLanguage":"es","potentialAction":[{"@type":"ReadAction","target":["https:\/\/sailproof.shop\/es\/producto\/estacion-de-acoplamiento-para-la-tableta-sp10as-copy\/"]}]},{"@type":"ImageObject","inLanguage":"es","@id":"https:\/\/sailproof.shop\/es\/producto\/estacion-de-acoplamiento-para-la-tableta-sp10as-copy\/#primaryimage","url":"https:\/\/sailproof.shop\/wp-content\/uploads\/2025\/09\/Sailproof-Docking-Station_SPR11_06-min.jpg","contentUrl":"https:\/\/sailproof.shop\/wp-content\/uploads\/2025\/09\/Sailproof-Docking-Station_SPR11_06-min.jpg","width":1000,"height":1000,"caption":"SailProof Docking Station for SP10S and SP10X Rugged Tablets"},{"@type":"BreadcrumbList","@id":"https:\/\/sailproof.shop\/es\/producto\/estacion-de-acoplamiento-para-la-tableta-sp10as-copy\/#breadcrumb","itemListElement":[{"@type":"ListItem","position":1,"name":"Inicio","item":"https:\/\/sailproof.shop\/es\/"},{"@type":"ListItem","position":2,"name":"Tienda","item":"https:\/\/sailproof.shop\/es\/tienda\/"},{"@type":"ListItem","position":3,"name":"Soportes","item":"https:\/\/sailproof.shop\/es\/categoria-producto\/soportes\/"},{"@type":"ListItem","position":4,"name":"Soportes para tabletas","item":"https:\/\/sailproof.shop\/es\/categoria-producto\/soportes\/soportes-para-tabletas\/"},{"@type":"ListItem","position":5,"name":"Estaci\u00f3n de acoplamiento para tabletas SP10S y SP10X"}]},{"@type":"WebSite","@id":"https:\/\/sailproof.shop\/es\/#website","url":"https:\/\/sailproof.shop\/es\/","name":"SailProof Shop","description":"Rugged tablets and waterproof electronic device for sailors","publisher":{"@id":"https:\/\/sailproof.shop\/es\/#organization"},"alternateName":"SailProof Shop","potentialAction":[{"@type":"SearchAction","target":{"@type":"EntryPoint","urlTemplate":"https:\/\/sailproof.shop\/es\/?s={search_term_string}"},"query-input":{"@type":"PropertyValueSpecification","valueRequired":true,"valueName":"search_term_string"}}],"inLanguage":"es"},{"@type":"Organization","@id":"https:\/\/sailproof.shop\/es\/#organization","name":"SailProof Shop","url":"https:\/\/sailproof.shop\/es\/","logo":{"@type":"ImageObject","inLanguage":"es","@id":"https:\/\/sailproof.shop\/es\/#\/schema\/logo\/image\/","url":"https:\/\/sailproof.shop\/wp-content\/uploads\/2024\/10\/Logo-SailProof.png","contentUrl":"https:\/\/sailproof.shop\/wp-content\/uploads\/2024\/10\/Logo-SailProof.png","width":160,"height":57,"caption":"SailProof Shop"},"image":{"@id":"https:\/\/sailproof.shop\/es\/#\/schema\/logo\/image\/"},"sameAs":["https:\/\/www.facebook.com\/sailproof","https:\/\/x.com\/SailproofShop","https:\/\/instagram.com\/sail.proof","https:\/\/www.linkedin.com\/company\/sailproofshop\/","https:\/\/www.pinterest.com\/SailProof\/","https:\/\/www.youtube.com\/channel\/UClR4lWJvI8KoSGnCbLYPaFg"]}]}},"_links":{"self":[{"href":"https:\/\/sailproof.shop\/es\/wp-json\/wp\/v2\/product\/99779","targetHints":{"allow":["GET"]}}],"collection":[{"href":"https:\/\/sailproof.shop\/es\/wp-json\/wp\/v2\/product"}],"about":[{"href":"https:\/\/sailproof.shop\/es\/wp-json\/wp\/v2\/types\/product"}],"wp:featuredmedia":[{"embeddable":true,"href":"https:\/\/sailproof.shop\/es\/wp-json\/wp\/v2\/media\/99815"}],"wp:attachment":[{"href":"https:\/\/sailproof.shop\/es\/wp-json\/wp\/v2\/media?parent=99779"}],"wp:term":[{"taxonomy":"product_brand","embeddable":true,"href":"https:\/\/sailproof.shop\/es\/wp-json\/wp\/v2\/product_brand?post=99779"},{"taxonomy":"product_cat","embeddable":true,"href":"https:\/\/sailproof.shop\/es\/wp-json\/wp\/v2\/product_cat?post=99779"},{"taxonomy":"product_tag","embeddable":true,"href":"https:\/\/sailproof.shop\/es\/wp-json\/wp\/v2\/product_tag?post=99779"}],"curies":[{"name":"wp","href":"https:\/\/api.w.org\/{rel}","templated":true}]}}