{"id":1754,"date":"2024-11-18T11:31:49","date_gmt":"2024-11-18T10:31:49","guid":{"rendered":"https:\/\/sailproof.shop\/?page_id=1754"},"modified":"2026-03-24T14:34:45","modified_gmt":"2026-03-24T13:34:45","slug":"retours","status":"publish","type":"page","link":"https:\/\/sailproof.shop\/fr\/retours\/","title":{"rendered":"Retours"},"content":{"rendered":"\n<h2 class=\"wp-block-heading\">Retours<\/h2>\n\n\n\n<p>Nous serons heureux de remplacer ou rembourser la valeur de tout produit retourn\u00e9, d\u00e8s r\u00e9ception et v\u00e9rification de celui-ci. N\u2019h\u00e9sitez pas \u00e0 nous contacter par l\u2019interm\u00e9diaire du&nbsp;<a href=\"https:\/\/sailproof.shop\/?page_id=6931\">formulaire de contact disponible ici<\/a>.<\/p>\n\n\n\n<h3 class=\"wp-block-heading\">Droit de r\u00e9tractation<\/h3>\n\n\n\n<p>Conform\u00e9ment aux articles VI.47 et suivants du Code de droit \u00e9conomique, le consommateur qui commande des produits aupr\u00e8s du vendeur dispose d\u2019un d\u00e9lai de 14 jours calendriers \u00e0 dater du jour de la livraison des produits ou de la notification de leur disponibilit\u00e9 au point de retrait pr\u00e9vu, pour notifier au vendeur qu\u2019il renonce \u00e0 l\u2019achat, sans p\u00e9nalit\u00e9s et sans indication de motifs.<\/p>\n\n\n\n<p>Le consommateur peut notifier sa volont\u00e9 de renoncer \u00e0 l\u2019achat au moyen du\u00a0<a href=\"https:\/\/sailproof.shop\/retractationfr\/\">formulaire de r\u00e9tractation\u00a0disponible ici<\/a>. \u00a0Lorsque ce d\u00e9lai expire un samedi, un dimanche ou un jour f\u00e9ri\u00e9, il est prorog\u00e9 au premier jour ouvrable suivant. Le consommateur devra r\u00e9exp\u00e9dier le(s) produit(s) \u00e0 l\u2019achat duquel (desquels) il aura renonc\u00e9 en parfait \u00e9tat dans son\/leur emballage d\u2019origine. Seuls les frais directs de renvoi seront \u00e0 la charge exclusive du consommateur.<\/p>\n\n\n\n<p>Le vendeur restituera le montant pay\u00e9 d\u00e8s que possible et au plus tard dans un d\u00e9lai de 14 jours \u00e0 compter de la r\u00e9exp\u00e9dition.<\/p>\n\n\n\n<p>Le consommateur qui ouvre ou utilise un produit avant l\u2019expiration du d\u00e9lai de r\u00e9tractation est r\u00e9put\u00e9 avoir renonc\u00e9 \u00e0 exercer son droit de r\u00e9tractation relatif \u00e0 ce produit.<br>De m\u00eame, le consommateur ne pourra pas exercer le droit de r\u00e9tractation pour les produits vis\u00e9s \u00e0 l\u2019article 53 du livre VI du Code de droit \u00e9conomique.<\/p>\n","protected":false},"excerpt":{"rendered":"<p>Retours Nous serons heureux de remplacer ou rembourser la valeur de tout produit retourn\u00e9, d\u00e8s r\u00e9ception et v\u00e9rification de celui-ci. N\u2019h\u00e9sitez pas \u00e0 nous contacter par l\u2019interm\u00e9diaire du&nbsp;formulaire de contact disponible ici. Droit de r\u00e9tractation Conform\u00e9ment aux articles VI.47 et suivants du Code de droit \u00e9conomique, le consommateur qui commande des produits aupr\u00e8s du vendeur [&hellip;]<\/p>\n","protected":false},"author":1,"featured_media":0,"parent":0,"menu_order":0,"comment_status":"closed","ping_status":"closed","template":"","meta":{"footnotes":""},"class_list":["post-1754","page","type-page","status-publish","has-post-thumbnail","hentry"],"yoast_head":"<!-- This site is optimized with the Yoast SEO plugin v27.4 - https:\/\/yoast.com\/product\/yoast-seo-wordpress\/ -->\n<title>Retours<\/title>\n<meta name=\"description\" content=\"Toutes les informations n\u00e9cessaires \u00e0 propos de notre politique de retour et de votre droit de r\u00e9tractation\" \/>\n<meta name=\"robots\" content=\"index, follow, max-snippet:-1, max-image-preview:large, max-video-preview:-1\" \/>\n<link rel=\"canonical\" href=\"https:\/\/sailproof.shop\/fr\/retours\/\" \/>\n<meta property=\"og:locale\" content=\"fr_FR\" \/>\n<meta property=\"og:type\" content=\"article\" \/>\n<meta property=\"og:title\" content=\"Retours\" \/>\n<meta property=\"og:description\" content=\"Toutes les informations n\u00e9cessaires \u00e0 propos de notre politique de retour et de votre droit de r\u00e9tractation\" \/>\n<meta property=\"og:url\" content=\"https:\/\/sailproof.shop\/fr\/retours\/\" \/>\n<meta property=\"og:site_name\" content=\"SailProof shop\" \/>\n<meta property=\"article:publisher\" content=\"https:\/\/www.facebook.com\/sailproof\" \/>\n<meta property=\"article:modified_time\" content=\"2026-03-24T13:34:45+00:00\" \/>\n<meta property=\"og:image\" content=\"https:\/\/sailproof.shop\/wp-content\/uploads\/2025\/01\/SailProof.png\" \/>\n\t<meta property=\"og:image:width\" content=\"1200\" \/>\n\t<meta property=\"og:image:height\" content=\"675\" \/>\n\t<meta property=\"og:image:type\" content=\"image\/png\" \/>\n<meta name=\"twitter:card\" content=\"summary_large_image\" \/>\n<meta name=\"twitter:site\" content=\"@SailproofShop\" \/>\n<meta name=\"twitter:label1\" content=\"Dur\u00e9e de lecture estim\u00e9e\" \/>\n\t<meta name=\"twitter:data1\" content=\"2 minutes\" \/>\n<script type=\"application\/ld+json\" class=\"yoast-schema-graph\">{\"@context\":\"https:\\\/\\\/schema.org\",\"@graph\":[{\"@type\":\"WebPage\",\"@id\":\"https:\\\/\\\/sailproof.shop\\\/fr\\\/retours\\\/\",\"url\":\"https:\\\/\\\/sailproof.shop\\\/fr\\\/retours\\\/\",\"name\":\"Retours\",\"isPartOf\":{\"@id\":\"https:\\\/\\\/sailproof.shop\\\/fr\\\/#website\"},\"datePublished\":\"2024-11-18T10:31:49+00:00\",\"dateModified\":\"2026-03-24T13:34:45+00:00\",\"description\":\"Toutes les informations n\u00e9cessaires \u00e0 propos de notre politique de retour et de votre droit de r\u00e9tractation\",\"breadcrumb\":{\"@id\":\"https:\\\/\\\/sailproof.shop\\\/fr\\\/retours\\\/#breadcrumb\"},\"inLanguage\":\"fr-FR\",\"potentialAction\":[{\"@type\":\"ReadAction\",\"target\":[\"https:\\\/\\\/sailproof.shop\\\/fr\\\/retours\\\/\"]}]},{\"@type\":\"BreadcrumbList\",\"@id\":\"https:\\\/\\\/sailproof.shop\\\/fr\\\/retours\\\/#breadcrumb\",\"itemListElement\":[{\"@type\":\"ListItem\",\"position\":1,\"name\":\"Accueil\",\"item\":\"https:\\\/\\\/sailproof.shop\\\/fr\\\/\"},{\"@type\":\"ListItem\",\"position\":2,\"name\":\"Retours\"}]},{\"@type\":\"WebSite\",\"@id\":\"https:\\\/\\\/sailproof.shop\\\/fr\\\/#website\",\"url\":\"https:\\\/\\\/sailproof.shop\\\/fr\\\/\",\"name\":\"SailProof Shop\",\"description\":\"Rugged tablets and waterproof electronic device for sailors\",\"publisher\":{\"@id\":\"https:\\\/\\\/sailproof.shop\\\/fr\\\/#organization\"},\"alternateName\":\"SailProof Shop\",\"potentialAction\":[{\"@type\":\"SearchAction\",\"target\":{\"@type\":\"EntryPoint\",\"urlTemplate\":\"https:\\\/\\\/sailproof.shop\\\/fr\\\/?s={search_term_string}\"},\"query-input\":{\"@type\":\"PropertyValueSpecification\",\"valueRequired\":true,\"valueName\":\"search_term_string\"}}],\"inLanguage\":\"fr-FR\"},{\"@type\":\"Organization\",\"@id\":\"https:\\\/\\\/sailproof.shop\\\/fr\\\/#organization\",\"name\":\"SailProof Shop\",\"url\":\"https:\\\/\\\/sailproof.shop\\\/fr\\\/\",\"logo\":{\"@type\":\"ImageObject\",\"inLanguage\":\"fr-FR\",\"@id\":\"https:\\\/\\\/sailproof.shop\\\/fr\\\/#\\\/schema\\\/logo\\\/image\\\/\",\"url\":\"https:\\\/\\\/sailproof.shop\\\/wp-content\\\/uploads\\\/2024\\\/10\\\/Logo-SailProof.png\",\"contentUrl\":\"https:\\\/\\\/sailproof.shop\\\/wp-content\\\/uploads\\\/2024\\\/10\\\/Logo-SailProof.png\",\"width\":160,\"height\":57,\"caption\":\"SailProof Shop\"},\"image\":{\"@id\":\"https:\\\/\\\/sailproof.shop\\\/fr\\\/#\\\/schema\\\/logo\\\/image\\\/\"},\"sameAs\":[\"https:\\\/\\\/www.facebook.com\\\/sailproof\",\"https:\\\/\\\/x.com\\\/SailproofShop\",\"https:\\\/\\\/instagram.com\\\/sail.proof\",\"https:\\\/\\\/www.linkedin.com\\\/company\\\/sailproofshop\\\/\",\"https:\\\/\\\/www.pinterest.com\\\/SailProof\\\/\",\"https:\\\/\\\/www.youtube.com\\\/channel\\\/UClR4lWJvI8KoSGnCbLYPaFg\"]}]}<\/script>\n<!-- \/ Yoast SEO plugin. -->","yoast_head_json":{"title":"Retours","description":"Toutes les informations n\u00e9cessaires \u00e0 propos de notre politique de retour et de votre droit de r\u00e9tractation","robots":{"index":"index","follow":"follow","max-snippet":"max-snippet:-1","max-image-preview":"max-image-preview:large","max-video-preview":"max-video-preview:-1"},"canonical":"https:\/\/sailproof.shop\/fr\/retours\/","og_locale":"fr_FR","og_type":"article","og_title":"Retours","og_description":"Toutes les informations n\u00e9cessaires \u00e0 propos de notre politique de retour et de votre droit de r\u00e9tractation","og_url":"https:\/\/sailproof.shop\/fr\/retours\/","og_site_name":"SailProof shop","article_publisher":"https:\/\/www.facebook.com\/sailproof","article_modified_time":"2026-03-24T13:34:45+00:00","og_image":[{"width":1200,"height":675,"url":"https:\/\/sailproof.shop\/wp-content\/uploads\/2025\/01\/SailProof.png","type":"image\/png"}],"twitter_card":"summary_large_image","twitter_site":"@SailproofShop","twitter_misc":{"Dur\u00e9e de lecture estim\u00e9e":"2 minutes"},"schema":{"@context":"https:\/\/schema.org","@graph":[{"@type":"WebPage","@id":"https:\/\/sailproof.shop\/fr\/retours\/","url":"https:\/\/sailproof.shop\/fr\/retours\/","name":"Retours","isPartOf":{"@id":"https:\/\/sailproof.shop\/fr\/#website"},"datePublished":"2024-11-18T10:31:49+00:00","dateModified":"2026-03-24T13:34:45+00:00","description":"Toutes les informations n\u00e9cessaires \u00e0 propos de notre politique de retour et de votre droit de r\u00e9tractation","breadcrumb":{"@id":"https:\/\/sailproof.shop\/fr\/retours\/#breadcrumb"},"inLanguage":"fr-FR","potentialAction":[{"@type":"ReadAction","target":["https:\/\/sailproof.shop\/fr\/retours\/"]}]},{"@type":"BreadcrumbList","@id":"https:\/\/sailproof.shop\/fr\/retours\/#breadcrumb","itemListElement":[{"@type":"ListItem","position":1,"name":"Accueil","item":"https:\/\/sailproof.shop\/fr\/"},{"@type":"ListItem","position":2,"name":"Retours"}]},{"@type":"WebSite","@id":"https:\/\/sailproof.shop\/fr\/#website","url":"https:\/\/sailproof.shop\/fr\/","name":"SailProof Shop","description":"Rugged tablets and waterproof electronic device for sailors","publisher":{"@id":"https:\/\/sailproof.shop\/fr\/#organization"},"alternateName":"SailProof Shop","potentialAction":[{"@type":"SearchAction","target":{"@type":"EntryPoint","urlTemplate":"https:\/\/sailproof.shop\/fr\/?s={search_term_string}"},"query-input":{"@type":"PropertyValueSpecification","valueRequired":true,"valueName":"search_term_string"}}],"inLanguage":"fr-FR"},{"@type":"Organization","@id":"https:\/\/sailproof.shop\/fr\/#organization","name":"SailProof Shop","url":"https:\/\/sailproof.shop\/fr\/","logo":{"@type":"ImageObject","inLanguage":"fr-FR","@id":"https:\/\/sailproof.shop\/fr\/#\/schema\/logo\/image\/","url":"https:\/\/sailproof.shop\/wp-content\/uploads\/2024\/10\/Logo-SailProof.png","contentUrl":"https:\/\/sailproof.shop\/wp-content\/uploads\/2024\/10\/Logo-SailProof.png","width":160,"height":57,"caption":"SailProof Shop"},"image":{"@id":"https:\/\/sailproof.shop\/fr\/#\/schema\/logo\/image\/"},"sameAs":["https:\/\/www.facebook.com\/sailproof","https:\/\/x.com\/SailproofShop","https:\/\/instagram.com\/sail.proof","https:\/\/www.linkedin.com\/company\/sailproofshop\/","https:\/\/www.pinterest.com\/SailProof\/","https:\/\/www.youtube.com\/channel\/UClR4lWJvI8KoSGnCbLYPaFg"]}]}},"_links":{"self":[{"href":"https:\/\/sailproof.shop\/fr\/wp-json\/wp\/v2\/pages\/1754","targetHints":{"allow":["GET"]}}],"collection":[{"href":"https:\/\/sailproof.shop\/fr\/wp-json\/wp\/v2\/pages"}],"about":[{"href":"https:\/\/sailproof.shop\/fr\/wp-json\/wp\/v2\/types\/page"}],"author":[{"embeddable":true,"href":"https:\/\/sailproof.shop\/fr\/wp-json\/wp\/v2\/users\/1"}],"replies":[{"embeddable":true,"href":"https:\/\/sailproof.shop\/fr\/wp-json\/wp\/v2\/comments?post=1754"}],"version-history":[{"count":2,"href":"https:\/\/sailproof.shop\/fr\/wp-json\/wp\/v2\/pages\/1754\/revisions"}],"predecessor-version":[{"id":1918,"href":"https:\/\/sailproof.shop\/fr\/wp-json\/wp\/v2\/pages\/1754\/revisions\/1918"}],"wp:attachment":[{"href":"https:\/\/sailproof.shop\/fr\/wp-json\/wp\/v2\/media?parent=1754"}],"curies":[{"name":"wp","href":"https:\/\/api.w.org\/{rel}","templated":true}]}}