{"id":1780,"date":"2024-11-18T11:09:19","date_gmt":"2024-11-18T10:09:19","guid":{"rendered":"https:\/\/sailproof.shop\/?page_id=1780"},"modified":"2026-03-24T14:34:45","modified_gmt":"2026-03-24T13:34:45","slug":"vie-privee","status":"publish","type":"page","link":"https:\/\/sailproof.shop\/fr\/vie-privee\/","title":{"rendered":"Vie priv\u00e9e"},"content":{"rendered":"\n<h2 class=\"wp-block-heading\">Identit\u00e9<\/h2>\n\n\n\n<p>Le site sailproof.shop est \u00e9dit\u00e9 par SAIL AGENCY SRL dont le si\u00e8ge est situ\u00e9 Avenue des Dessus-de-Lives 2 \u00e0 LOYERS (Belgique), TVA BE0788460441<\/p>\n\n\n\n<h2 class=\"wp-block-heading\">Contact<\/h2>\n\n\n\n<p>Le service Clients de sailproof.shop est joignable via le&nbsp;<a href=\"https:\/\/sailproof.shop\/?page_id=6931\">lien Contact<\/a>&nbsp;de notre site sailproof.shop ou par email \u00e0 l\u2019adresse&nbsp;<a href=\"mailto:info@sailproof.shop\">info@sailproof.shop<\/a><\/p>\n\n\n\n<h2 class=\"wp-block-heading\">Politique de respect de la vie priv\u00e9e<\/h2>\n\n\n\n<p>Lorsque vous visitez le site sailproof.shop, il peut vous \u00eatre est demand\u00e9 de fournir plusieurs donn\u00e9es \u00e0 caract\u00e8re personnel telles que votre nom, votre adresse e-mail et votre adresse postale. Nous recueillons des donn\u00e9es personnelles d\u2019un utilisateur dans le strict respect de la loi du 8 d\u00e9cembre 1992 relative \u00e0 la protection de la vie priv\u00e9e ,modifi\u00e9e par la loi du 11 d\u00e9cembre 1998 transposant la directive 95\/46\/CE du 24 octobre 1995.<\/p>\n\n\n\n<p>Les donn\u00e9es personnelles de l\u2019utilisateur peuvent \u00eatre destin\u00e9es \u00e0 un usage interne et \u00e0 des fins de marketing. Vos donn\u00e9es personnelles seront trait\u00e9es uniquement dans les bases de donn\u00e9es de SAIL.AGENCY dont les coordonn\u00e9es sont indiqu\u00e9es ci-dessus. Vous donnez votre autorisation expresse pour ce traitement.<\/p>\n\n\n\n<p>L\u2019objectif de ce traitement est de vous tenir inform\u00e9 de nos produits et services. Elles ne seront jamais communiqu\u00e9es \u00e0 d\u2019autres soci\u00e9t\u00e9s sans votre consentement expresse. Vous conservez un droit d\u2019acc\u00e8s \u00e0 vos donn\u00e9es et pouvez les modifier en cas d\u2019erreur. Vous pouvez \u00e9galement vous opposer \u00e0 tout moment au traitement de vos donn\u00e9es personnelles \u00e0 des fins de marketing direct.<\/p>\n\n\n\n<h2 class=\"wp-block-heading\">Propri\u00e9t\u00e9 intellectuelle<\/h2>\n\n\n\n<p>Le pr\u00e9sent site est prot\u00e9g\u00e9 au titre de la propri\u00e9t\u00e9 intellectuelle, notamment droits d\u2019auteurs, dessins et mod\u00e8les, marques, noms de domaine, brevets, savoir-faire, logiciels ou bases de donn\u00e9es. SAIL AGENCY et\/ou ses partenaires reste(nt) propri\u00e9taire(s) de l\u2019ensemble de ces contenus et droits associ\u00e9s. Sur ces contenus, SAIL AGENCY vous accorde une licence limit\u00e9e, non-exclusive, r\u00e9vocable, sans droit de sous-licencier pour les simples acc\u00e8s, navigation et utilisation li\u00e9s au pr\u00e9sent Site. Cette licence ne vous accorde aucun autre droit, en particulier d\u2019exploitation commerciale de ces contenus.<\/p>\n\n\n\n<h2 class=\"wp-block-heading\">A propos des cookies<\/h2>\n\n\n\n<p>Les cookies sont g\u00e9n\u00e9ralement des petits fichiers de texte qui sont stock\u00e9s dans le r\u00e9pertoire ou dans les sous-dossiers de donn\u00e9es de programme du navigateur de votre ordinateur. Les cookies sont cr\u00e9\u00e9s lorsque vous utilisez votre navigateur pour consulter un site web qui utilise des cookies comme aide pour suivre vos mouvements sur le site, pour reprendre l\u00e0 o\u00f9 vous vous \u00eates arr\u00eat\u00e9 en quittant le site, pour se souvenir de vos identifiants de connexion, de vos pr\u00e9f\u00e9rences et d\u2019autres fonctions de personnalisation.<\/p>\n\n\n\n<p>En g\u00e9n\u00e9ral, les cookies ne contiennent pas beaucoup d\u2019informations, en dehors de l\u2019URL du site web qui a cr\u00e9\u00e9 le cookie, de la dur\u00e9e relative aux capacit\u00e9s et aux effets du cookie, ainsi qu\u2019un num\u00e9ro al\u00e9atoire. En raison du peu d\u2019informations contenues dans un cookie, il ne peut g\u00e9n\u00e9ralement pas \u00eatre utilis\u00e9 pour r\u00e9v\u00e9ler votre identit\u00e9 ou des informations vous identifiant personnellement.<\/p>\n\n\n\n<p>Il existe deux types de cookies : les cookies de session et les cookies persistants. Les cookies de session sont cr\u00e9\u00e9s de mani\u00e8re temporaire dans le sous-dossier de votre navigateur au moment o\u00f9 vous visitez un site web. Une fois que vous quittez le site, le cookie de session est supprim\u00e9. D\u2019un autre c\u00f4t\u00e9, les fichiers du cookie persistant restent dans le sous-dossier de votre navigateur et ils sont r\u00e9activ\u00e9s une fois que vous consultez le site web qui a cr\u00e9\u00e9 ce cookie sp\u00e9cifique. Un cookie persistant demeure dans le sous-dossier du navigateur pour la dur\u00e9e d\u00e9finie dans le fichier du cookie.<\/p>\n\n\n\n<p>Si vous ne souhaitez pas recevoir de cookies,&nbsp;vous pouvez param\u00e9trer votre navigateur pour les limiter ou les bloquer dans le menu Options ou Pr\u00e9f\u00e9rences. Vous pouvez accepter ou refuser les cookies au cas par cas ou bien les refuser une fois pour toutes.<\/p>\n\n\n\n<p>Cependant, ces modifications sont susceptibles d\u2019alt\u00e9rer vos conditions d\u2019acc\u00e8s \u00e0 nos services&nbsp;n\u00e9cessitant l\u2019utilisation de cookies. Ainsi, si votre navigateur est configur\u00e9 de mani\u00e8re \u00e0 refuser l\u2019ensemble des cookies,&nbsp;vous ne pourrez pas effectuer d\u2019achats&nbsp;ou&nbsp;profiter de fonctions essentielles&nbsp;de notre site, comme par exemple stocker des articles dans votre panier.<\/p>\n\n\n\n<p><strong>R\u00e9voquez les cookies \u00e0 tout moment en cliquant sur la roue dent\u00e9e dans le coin inf\u00e9rieur gauche<\/strong><\/p>\n","protected":false},"excerpt":{"rendered":"<p>Identit\u00e9 Le site sailproof.shop est \u00e9dit\u00e9 par SAIL AGENCY SRL dont le si\u00e8ge est situ\u00e9 Avenue des Dessus-de-Lives 2 \u00e0 LOYERS (Belgique), TVA BE0788460441 Contact Le service Clients de sailproof.shop est joignable via le&nbsp;lien Contact&nbsp;de notre site sailproof.shop ou par email \u00e0 l\u2019adresse&nbsp;info@sailproof.shop Politique de respect de la vie priv\u00e9e Lorsque vous visitez le site [&hellip;]<\/p>\n","protected":false},"author":1,"featured_media":0,"parent":0,"menu_order":0,"comment_status":"closed","ping_status":"closed","template":"","meta":{"footnotes":""},"class_list":["post-1780","page","type-page","status-publish","has-post-thumbnail","hentry"],"yoast_head":"<!-- This site is optimized with the Yoast SEO plugin v27.4 - https:\/\/yoast.com\/product\/yoast-seo-wordpress\/ -->\n<title>Vie priv\u00e9e<\/title>\n<meta name=\"description\" content=\"Tout ce qu&#039;il faut savoir \u00e0 propos de l&#039;usage que nous faisons de vos donn\u00e9es personnelles et comment r\u00e9voquer votre consentement sur l&#039;usage de celles-ci.\" \/>\n<meta name=\"robots\" content=\"index, follow, max-snippet:-1, max-image-preview:large, max-video-preview:-1\" \/>\n<link rel=\"canonical\" href=\"https:\/\/sailproof.shop\/fr\/vie-privee\/\" \/>\n<meta property=\"og:locale\" content=\"fr_FR\" \/>\n<meta property=\"og:type\" content=\"article\" \/>\n<meta property=\"og:title\" content=\"Vie priv\u00e9e\" \/>\n<meta property=\"og:description\" content=\"Tout ce qu&#039;il faut savoir \u00e0 propos de l&#039;usage que nous faisons de vos donn\u00e9es personnelles et comment r\u00e9voquer votre consentement sur l&#039;usage de celles-ci.\" \/>\n<meta property=\"og:url\" content=\"https:\/\/sailproof.shop\/fr\/vie-privee\/\" \/>\n<meta property=\"og:site_name\" content=\"SailProof shop\" \/>\n<meta property=\"article:publisher\" content=\"https:\/\/www.facebook.com\/sailproof\" \/>\n<meta property=\"article:modified_time\" content=\"2026-03-24T13:34:45+00:00\" \/>\n<meta property=\"og:image\" content=\"https:\/\/sailproof.shop\/wp-content\/uploads\/2025\/01\/SailProof.png\" \/>\n\t<meta property=\"og:image:width\" content=\"1200\" \/>\n\t<meta property=\"og:image:height\" content=\"675\" \/>\n\t<meta property=\"og:image:type\" content=\"image\/png\" \/>\n<meta name=\"twitter:card\" content=\"summary_large_image\" \/>\n<meta name=\"twitter:site\" content=\"@SailproofShop\" \/>\n<meta name=\"twitter:label1\" content=\"Dur\u00e9e de lecture estim\u00e9e\" \/>\n\t<meta name=\"twitter:data1\" content=\"3 minutes\" \/>\n<script type=\"application\/ld+json\" class=\"yoast-schema-graph\">{\"@context\":\"https:\\\/\\\/schema.org\",\"@graph\":[{\"@type\":\"WebPage\",\"@id\":\"https:\\\/\\\/sailproof.shop\\\/fr\\\/vie-privee\\\/\",\"url\":\"https:\\\/\\\/sailproof.shop\\\/fr\\\/vie-privee\\\/\",\"name\":\"Vie priv\u00e9e\",\"isPartOf\":{\"@id\":\"https:\\\/\\\/sailproof.shop\\\/fr\\\/#website\"},\"datePublished\":\"2024-11-18T10:09:19+00:00\",\"dateModified\":\"2026-03-24T13:34:45+00:00\",\"description\":\"Tout ce qu'il faut savoir \u00e0 propos de l'usage que nous faisons de vos donn\u00e9es personnelles et comment r\u00e9voquer votre consentement sur l'usage de celles-ci.\",\"breadcrumb\":{\"@id\":\"https:\\\/\\\/sailproof.shop\\\/fr\\\/vie-privee\\\/#breadcrumb\"},\"inLanguage\":\"fr-FR\",\"potentialAction\":[{\"@type\":\"ReadAction\",\"target\":[\"https:\\\/\\\/sailproof.shop\\\/fr\\\/vie-privee\\\/\"]}]},{\"@type\":\"BreadcrumbList\",\"@id\":\"https:\\\/\\\/sailproof.shop\\\/fr\\\/vie-privee\\\/#breadcrumb\",\"itemListElement\":[{\"@type\":\"ListItem\",\"position\":1,\"name\":\"Accueil\",\"item\":\"https:\\\/\\\/sailproof.shop\\\/fr\\\/\"},{\"@type\":\"ListItem\",\"position\":2,\"name\":\"Vie priv\u00e9e\"}]},{\"@type\":\"WebSite\",\"@id\":\"https:\\\/\\\/sailproof.shop\\\/fr\\\/#website\",\"url\":\"https:\\\/\\\/sailproof.shop\\\/fr\\\/\",\"name\":\"SailProof Shop\",\"description\":\"Rugged tablets and waterproof electronic device for sailors\",\"publisher\":{\"@id\":\"https:\\\/\\\/sailproof.shop\\\/fr\\\/#organization\"},\"alternateName\":\"SailProof Shop\",\"potentialAction\":[{\"@type\":\"SearchAction\",\"target\":{\"@type\":\"EntryPoint\",\"urlTemplate\":\"https:\\\/\\\/sailproof.shop\\\/fr\\\/?s={search_term_string}\"},\"query-input\":{\"@type\":\"PropertyValueSpecification\",\"valueRequired\":true,\"valueName\":\"search_term_string\"}}],\"inLanguage\":\"fr-FR\"},{\"@type\":\"Organization\",\"@id\":\"https:\\\/\\\/sailproof.shop\\\/fr\\\/#organization\",\"name\":\"SailProof Shop\",\"url\":\"https:\\\/\\\/sailproof.shop\\\/fr\\\/\",\"logo\":{\"@type\":\"ImageObject\",\"inLanguage\":\"fr-FR\",\"@id\":\"https:\\\/\\\/sailproof.shop\\\/fr\\\/#\\\/schema\\\/logo\\\/image\\\/\",\"url\":\"https:\\\/\\\/sailproof.shop\\\/wp-content\\\/uploads\\\/2024\\\/10\\\/Logo-SailProof.png\",\"contentUrl\":\"https:\\\/\\\/sailproof.shop\\\/wp-content\\\/uploads\\\/2024\\\/10\\\/Logo-SailProof.png\",\"width\":160,\"height\":57,\"caption\":\"SailProof Shop\"},\"image\":{\"@id\":\"https:\\\/\\\/sailproof.shop\\\/fr\\\/#\\\/schema\\\/logo\\\/image\\\/\"},\"sameAs\":[\"https:\\\/\\\/www.facebook.com\\\/sailproof\",\"https:\\\/\\\/x.com\\\/SailproofShop\",\"https:\\\/\\\/instagram.com\\\/sail.proof\",\"https:\\\/\\\/www.linkedin.com\\\/company\\\/sailproofshop\\\/\",\"https:\\\/\\\/www.pinterest.com\\\/SailProof\\\/\",\"https:\\\/\\\/www.youtube.com\\\/channel\\\/UClR4lWJvI8KoSGnCbLYPaFg\"]}]}<\/script>\n<!-- \/ Yoast SEO plugin. -->","yoast_head_json":{"title":"Vie priv\u00e9e","description":"Tout ce qu'il faut savoir \u00e0 propos de l'usage que nous faisons de vos donn\u00e9es personnelles et comment r\u00e9voquer votre consentement sur l'usage de celles-ci.","robots":{"index":"index","follow":"follow","max-snippet":"max-snippet:-1","max-image-preview":"max-image-preview:large","max-video-preview":"max-video-preview:-1"},"canonical":"https:\/\/sailproof.shop\/fr\/vie-privee\/","og_locale":"fr_FR","og_type":"article","og_title":"Vie priv\u00e9e","og_description":"Tout ce qu'il faut savoir \u00e0 propos de l'usage que nous faisons de vos donn\u00e9es personnelles et comment r\u00e9voquer votre consentement sur l'usage de celles-ci.","og_url":"https:\/\/sailproof.shop\/fr\/vie-privee\/","og_site_name":"SailProof shop","article_publisher":"https:\/\/www.facebook.com\/sailproof","article_modified_time":"2026-03-24T13:34:45+00:00","og_image":[{"width":1200,"height":675,"url":"https:\/\/sailproof.shop\/wp-content\/uploads\/2025\/01\/SailProof.png","type":"image\/png"}],"twitter_card":"summary_large_image","twitter_site":"@SailproofShop","twitter_misc":{"Dur\u00e9e de lecture estim\u00e9e":"3 minutes"},"schema":{"@context":"https:\/\/schema.org","@graph":[{"@type":"WebPage","@id":"https:\/\/sailproof.shop\/fr\/vie-privee\/","url":"https:\/\/sailproof.shop\/fr\/vie-privee\/","name":"Vie priv\u00e9e","isPartOf":{"@id":"https:\/\/sailproof.shop\/fr\/#website"},"datePublished":"2024-11-18T10:09:19+00:00","dateModified":"2026-03-24T13:34:45+00:00","description":"Tout ce qu'il faut savoir \u00e0 propos de l'usage que nous faisons de vos donn\u00e9es personnelles et comment r\u00e9voquer votre consentement sur l'usage de celles-ci.","breadcrumb":{"@id":"https:\/\/sailproof.shop\/fr\/vie-privee\/#breadcrumb"},"inLanguage":"fr-FR","potentialAction":[{"@type":"ReadAction","target":["https:\/\/sailproof.shop\/fr\/vie-privee\/"]}]},{"@type":"BreadcrumbList","@id":"https:\/\/sailproof.shop\/fr\/vie-privee\/#breadcrumb","itemListElement":[{"@type":"ListItem","position":1,"name":"Accueil","item":"https:\/\/sailproof.shop\/fr\/"},{"@type":"ListItem","position":2,"name":"Vie priv\u00e9e"}]},{"@type":"WebSite","@id":"https:\/\/sailproof.shop\/fr\/#website","url":"https:\/\/sailproof.shop\/fr\/","name":"SailProof Shop","description":"Rugged tablets and waterproof electronic device for sailors","publisher":{"@id":"https:\/\/sailproof.shop\/fr\/#organization"},"alternateName":"SailProof Shop","potentialAction":[{"@type":"SearchAction","target":{"@type":"EntryPoint","urlTemplate":"https:\/\/sailproof.shop\/fr\/?s={search_term_string}"},"query-input":{"@type":"PropertyValueSpecification","valueRequired":true,"valueName":"search_term_string"}}],"inLanguage":"fr-FR"},{"@type":"Organization","@id":"https:\/\/sailproof.shop\/fr\/#organization","name":"SailProof Shop","url":"https:\/\/sailproof.shop\/fr\/","logo":{"@type":"ImageObject","inLanguage":"fr-FR","@id":"https:\/\/sailproof.shop\/fr\/#\/schema\/logo\/image\/","url":"https:\/\/sailproof.shop\/wp-content\/uploads\/2024\/10\/Logo-SailProof.png","contentUrl":"https:\/\/sailproof.shop\/wp-content\/uploads\/2024\/10\/Logo-SailProof.png","width":160,"height":57,"caption":"SailProof Shop"},"image":{"@id":"https:\/\/sailproof.shop\/fr\/#\/schema\/logo\/image\/"},"sameAs":["https:\/\/www.facebook.com\/sailproof","https:\/\/x.com\/SailproofShop","https:\/\/instagram.com\/sail.proof","https:\/\/www.linkedin.com\/company\/sailproofshop\/","https:\/\/www.pinterest.com\/SailProof\/","https:\/\/www.youtube.com\/channel\/UClR4lWJvI8KoSGnCbLYPaFg"]}]}},"_links":{"self":[{"href":"https:\/\/sailproof.shop\/fr\/wp-json\/wp\/v2\/pages\/1780","targetHints":{"allow":["GET"]}}],"collection":[{"href":"https:\/\/sailproof.shop\/fr\/wp-json\/wp\/v2\/pages"}],"about":[{"href":"https:\/\/sailproof.shop\/fr\/wp-json\/wp\/v2\/types\/page"}],"author":[{"embeddable":true,"href":"https:\/\/sailproof.shop\/fr\/wp-json\/wp\/v2\/users\/1"}],"replies":[{"embeddable":true,"href":"https:\/\/sailproof.shop\/fr\/wp-json\/wp\/v2\/comments?post=1780"}],"version-history":[{"count":3,"href":"https:\/\/sailproof.shop\/fr\/wp-json\/wp\/v2\/pages\/1780\/revisions"}],"predecessor-version":[{"id":2297,"href":"https:\/\/sailproof.shop\/fr\/wp-json\/wp\/v2\/pages\/1780\/revisions\/2297"}],"wp:attachment":[{"href":"https:\/\/sailproof.shop\/fr\/wp-json\/wp\/v2\/media?parent=1780"}],"curies":[{"name":"wp","href":"https:\/\/api.w.org\/{rel}","templated":true}]}}