{"id":100267,"date":"2025-11-06T19:42:43","date_gmt":"2025-11-06T18:42:43","guid":{"rendered":"https:\/\/sailproof.shop\/product\/ecouteurs-a-conduction-osseuse\/"},"modified":"2026-03-24T14:34:45","modified_gmt":"2026-03-24T13:34:45","slug":"ecouteurs-a-conduction-osseuse","status":"publish","type":"product","link":"https:\/\/sailproof.shop\/fr\/produit\/ecouteurs-a-conduction-osseuse\/","title":{"rendered":"\u00c9couteurs \u00e0 conduction osseuse"},"content":{"rendered":"<p>Casque \u00e9tanche IPX8 sans fil pour le sport et la nage.<\/p>\n<p>Un casque \u00e0 conduction osseuse est un casque qui d\u00e9livre le son via des vibrations dans les pommettes et le cr\u00e2ne, en \u00e9vitant le tympan et le conduit auditif. Cela permet \u00e0 l\u2019utilisateur d\u2019\u00e9couter de l\u2019audio en priv\u00e9 tout en restant conscient de son environnement, ce qui le rend adapt\u00e9 aux activit\u00e9s de plein air ou pour les personnes souffrant de types sp\u00e9cifiques de perte auditive. <\/p>\n","protected":false},"excerpt":{"rendered":"<p>Le casque le plus adapt\u00e9 pour les marins. \u00c9tanche IPX8, excellent dans le cockpit ou en nageant. <\/p>\n","protected":false},"featured_media":100269,"template":"","meta":[],"product_brand":[900],"product_cat":[718],"product_tag":[732,735],"class_list":{"0":"post-100267","1":"product","2":"type-product","3":"status-publish","4":"has-post-thumbnail","6":"product_brand-sailproof","7":"product_cat-autres-accessoires-accessoires","8":"product_tag-garantie-2-ans","9":"product_tag-livraison-rapide","11":"first","12":"instock","13":"taxable","14":"shipping-taxable","15":"purchasable","16":"product-type-simple"},"supplier_id":null,"supplier_sku":"","barcode":null,"atum_controlled":true,"out_stock_date":null,"out_stock_threshold":null,"inheritable":false,"inbound_stock":0,"stock_on_hold":0,"sold_today":0,"sales_last_days":0,"out_stock_days":0,"lost_sales":0,"has_location":false,"update_date":"2026-05-02T01:38:16","atum_locations":[],"atum_stock_status":"instock","restock_status":false,"low_stock_amount":"","sales_update_date":"2026-05-02T01:38:16","calc_backorders":null,"yoast_head":"<!-- This site is optimized with the Yoast SEO plugin v27.4 - https:\/\/yoast.com\/product\/yoast-seo-wordpress\/ -->\n<title>\u00c9couteurs \u00e0 conduction osseuse - SailProof shop<\/title>\n<meta name=\"description\" content=\"Casque \u00e0 conduction osseuse par SailProof, les \u00e9couteurs les plus adapt\u00e9s pour les marins. IP68 \u00e9tanche, excellent dans le cockpit ou en nageant.\" \/>\n<meta name=\"robots\" content=\"index, follow, max-snippet:-1, max-image-preview:large, max-video-preview:-1\" \/>\n<link rel=\"canonical\" href=\"https:\/\/sailproof.shop\/fr\/produit\/ecouteurs-a-conduction-osseuse\/\" \/>\n<meta property=\"og:locale\" content=\"fr_FR\" \/>\n<meta property=\"og:type\" content=\"article\" \/>\n<meta property=\"og:title\" content=\"\u00c9couteurs \u00e0 conduction osseuse - SailProof shop\" \/>\n<meta property=\"og:description\" content=\"Casque \u00e0 conduction osseuse par SailProof, les \u00e9couteurs les plus adapt\u00e9s pour les marins. IP68 \u00e9tanche, excellent dans le cockpit ou en nageant.\" \/>\n<meta property=\"og:url\" content=\"https:\/\/sailproof.shop\/fr\/produit\/ecouteurs-a-conduction-osseuse\/\" \/>\n<meta property=\"og:site_name\" content=\"SailProof shop\" \/>\n<meta property=\"article:publisher\" content=\"https:\/\/www.facebook.com\/sailproof\" \/>\n<meta property=\"article:modified_time\" content=\"2026-03-24T13:34:45+00:00\" \/>\n<meta property=\"og:image\" content=\"https:\/\/sailproof.shop\/wp-content\/uploads\/2025\/11\/SPB98-SailProof-Bone-Conduction-Headphones-03-min.jpg\" \/>\n\t<meta property=\"og:image:width\" content=\"1000\" \/>\n\t<meta property=\"og:image:height\" content=\"1000\" \/>\n\t<meta property=\"og:image:type\" content=\"image\/jpeg\" \/>\n<meta name=\"twitter:card\" content=\"summary_large_image\" \/>\n<meta name=\"twitter:site\" content=\"@SailproofShop\" \/>\n<script type=\"application\/ld+json\" class=\"yoast-schema-graph\">{\"@context\":\"https:\\\/\\\/schema.org\",\"@graph\":[{\"@type\":\"WebPage\",\"@id\":\"https:\\\/\\\/sailproof.shop\\\/fr\\\/produit\\\/ecouteurs-a-conduction-osseuse\\\/\",\"url\":\"https:\\\/\\\/sailproof.shop\\\/fr\\\/produit\\\/ecouteurs-a-conduction-osseuse\\\/\",\"name\":\"\u00c9couteurs \u00e0 conduction osseuse - SailProof shop\",\"isPartOf\":{\"@id\":\"https:\\\/\\\/sailproof.shop\\\/fr\\\/#website\"},\"primaryImageOfPage\":{\"@id\":\"https:\\\/\\\/sailproof.shop\\\/fr\\\/produit\\\/ecouteurs-a-conduction-osseuse\\\/#primaryimage\"},\"image\":{\"@id\":\"https:\\\/\\\/sailproof.shop\\\/fr\\\/produit\\\/ecouteurs-a-conduction-osseuse\\\/#primaryimage\"},\"thumbnailUrl\":\"https:\\\/\\\/sailproof.shop\\\/wp-content\\\/uploads\\\/2025\\\/11\\\/SPB98-SailProof-Bone-Conduction-Headphones-03-min.jpg\",\"datePublished\":\"2025-11-06T18:42:43+00:00\",\"dateModified\":\"2026-03-24T13:34:45+00:00\",\"description\":\"Casque \u00e0 conduction osseuse par SailProof, les \u00e9couteurs les plus adapt\u00e9s pour les marins. IP68 \u00e9tanche, excellent dans le cockpit ou en nageant.\",\"breadcrumb\":{\"@id\":\"https:\\\/\\\/sailproof.shop\\\/fr\\\/produit\\\/ecouteurs-a-conduction-osseuse\\\/#breadcrumb\"},\"inLanguage\":\"fr-FR\",\"potentialAction\":[{\"@type\":\"ReadAction\",\"target\":[\"https:\\\/\\\/sailproof.shop\\\/fr\\\/produit\\\/ecouteurs-a-conduction-osseuse\\\/\"]}]},{\"@type\":\"ImageObject\",\"inLanguage\":\"fr-FR\",\"@id\":\"https:\\\/\\\/sailproof.shop\\\/fr\\\/produit\\\/ecouteurs-a-conduction-osseuse\\\/#primaryimage\",\"url\":\"https:\\\/\\\/sailproof.shop\\\/wp-content\\\/uploads\\\/2025\\\/11\\\/SPB98-SailProof-Bone-Conduction-Headphones-03-min.jpg\",\"contentUrl\":\"https:\\\/\\\/sailproof.shop\\\/wp-content\\\/uploads\\\/2025\\\/11\\\/SPB98-SailProof-Bone-Conduction-Headphones-03-min.jpg\",\"width\":1000,\"height\":1000,\"caption\":\"\u00c9couteurs \u00e0 conduction osseuse SailProof\"},{\"@type\":\"BreadcrumbList\",\"@id\":\"https:\\\/\\\/sailproof.shop\\\/fr\\\/produit\\\/ecouteurs-a-conduction-osseuse\\\/#breadcrumb\",\"itemListElement\":[{\"@type\":\"ListItem\",\"position\":1,\"name\":\"Accueil\",\"item\":\"https:\\\/\\\/sailproof.shop\\\/fr\\\/\"},{\"@type\":\"ListItem\",\"position\":2,\"name\":\"Boutique\",\"item\":\"https:\\\/\\\/sailproof.shop\\\/fr\\\/boutique\\\/\"},{\"@type\":\"ListItem\",\"position\":3,\"name\":\"Accessoires\",\"item\":\"https:\\\/\\\/sailproof.shop\\\/fr\\\/categorie-produit\\\/accessoires\\\/\"},{\"@type\":\"ListItem\",\"position\":4,\"name\":\"Autres accessoires\",\"item\":\"https:\\\/\\\/sailproof.shop\\\/fr\\\/categorie-produit\\\/accessoires\\\/autres-accessoires-accessoires\\\/\"},{\"@type\":\"ListItem\",\"position\":5,\"name\":\"Private: \u00c9couteurs \u00e0 conduction osseuse\"}]},{\"@type\":\"WebSite\",\"@id\":\"https:\\\/\\\/sailproof.shop\\\/fr\\\/#website\",\"url\":\"https:\\\/\\\/sailproof.shop\\\/fr\\\/\",\"name\":\"SailProof Shop\",\"description\":\"Rugged tablets and waterproof electronic device for sailors\",\"publisher\":{\"@id\":\"https:\\\/\\\/sailproof.shop\\\/fr\\\/#organization\"},\"alternateName\":\"SailProof Shop\",\"potentialAction\":[{\"@type\":\"SearchAction\",\"target\":{\"@type\":\"EntryPoint\",\"urlTemplate\":\"https:\\\/\\\/sailproof.shop\\\/fr\\\/?s={search_term_string}\"},\"query-input\":{\"@type\":\"PropertyValueSpecification\",\"valueRequired\":true,\"valueName\":\"search_term_string\"}}],\"inLanguage\":\"fr-FR\"},{\"@type\":\"Organization\",\"@id\":\"https:\\\/\\\/sailproof.shop\\\/fr\\\/#organization\",\"name\":\"SailProof Shop\",\"url\":\"https:\\\/\\\/sailproof.shop\\\/fr\\\/\",\"logo\":{\"@type\":\"ImageObject\",\"inLanguage\":\"fr-FR\",\"@id\":\"https:\\\/\\\/sailproof.shop\\\/fr\\\/#\\\/schema\\\/logo\\\/image\\\/\",\"url\":\"https:\\\/\\\/sailproof.shop\\\/wp-content\\\/uploads\\\/2024\\\/10\\\/Logo-SailProof.png\",\"contentUrl\":\"https:\\\/\\\/sailproof.shop\\\/wp-content\\\/uploads\\\/2024\\\/10\\\/Logo-SailProof.png\",\"width\":160,\"height\":57,\"caption\":\"SailProof Shop\"},\"image\":{\"@id\":\"https:\\\/\\\/sailproof.shop\\\/fr\\\/#\\\/schema\\\/logo\\\/image\\\/\"},\"sameAs\":[\"https:\\\/\\\/www.facebook.com\\\/sailproof\",\"https:\\\/\\\/x.com\\\/SailproofShop\",\"https:\\\/\\\/instagram.com\\\/sail.proof\",\"https:\\\/\\\/www.linkedin.com\\\/company\\\/sailproofshop\\\/\",\"https:\\\/\\\/www.pinterest.com\\\/SailProof\\\/\",\"https:\\\/\\\/www.youtube.com\\\/channel\\\/UClR4lWJvI8KoSGnCbLYPaFg\"]}]}<\/script>\n<!-- \/ Yoast SEO plugin. -->","yoast_head_json":{"title":"\u00c9couteurs \u00e0 conduction osseuse - SailProof shop","description":"Casque \u00e0 conduction osseuse par SailProof, les \u00e9couteurs les plus adapt\u00e9s pour les marins. IP68 \u00e9tanche, excellent dans le cockpit ou en nageant.","robots":{"index":"index","follow":"follow","max-snippet":"max-snippet:-1","max-image-preview":"max-image-preview:large","max-video-preview":"max-video-preview:-1"},"canonical":"https:\/\/sailproof.shop\/fr\/produit\/ecouteurs-a-conduction-osseuse\/","og_locale":"fr_FR","og_type":"article","og_title":"\u00c9couteurs \u00e0 conduction osseuse - SailProof shop","og_description":"Casque \u00e0 conduction osseuse par SailProof, les \u00e9couteurs les plus adapt\u00e9s pour les marins. IP68 \u00e9tanche, excellent dans le cockpit ou en nageant.","og_url":"https:\/\/sailproof.shop\/fr\/produit\/ecouteurs-a-conduction-osseuse\/","og_site_name":"SailProof shop","article_publisher":"https:\/\/www.facebook.com\/sailproof","article_modified_time":"2026-03-24T13:34:45+00:00","og_image":[{"width":1000,"height":1000,"url":"https:\/\/sailproof.shop\/wp-content\/uploads\/2025\/11\/SPB98-SailProof-Bone-Conduction-Headphones-03-min.jpg","type":"image\/jpeg"}],"twitter_card":"summary_large_image","twitter_site":"@SailproofShop","schema":{"@context":"https:\/\/schema.org","@graph":[{"@type":"WebPage","@id":"https:\/\/sailproof.shop\/fr\/produit\/ecouteurs-a-conduction-osseuse\/","url":"https:\/\/sailproof.shop\/fr\/produit\/ecouteurs-a-conduction-osseuse\/","name":"\u00c9couteurs \u00e0 conduction osseuse - SailProof shop","isPartOf":{"@id":"https:\/\/sailproof.shop\/fr\/#website"},"primaryImageOfPage":{"@id":"https:\/\/sailproof.shop\/fr\/produit\/ecouteurs-a-conduction-osseuse\/#primaryimage"},"image":{"@id":"https:\/\/sailproof.shop\/fr\/produit\/ecouteurs-a-conduction-osseuse\/#primaryimage"},"thumbnailUrl":"https:\/\/sailproof.shop\/wp-content\/uploads\/2025\/11\/SPB98-SailProof-Bone-Conduction-Headphones-03-min.jpg","datePublished":"2025-11-06T18:42:43+00:00","dateModified":"2026-03-24T13:34:45+00:00","description":"Casque \u00e0 conduction osseuse par SailProof, les \u00e9couteurs les plus adapt\u00e9s pour les marins. IP68 \u00e9tanche, excellent dans le cockpit ou en nageant.","breadcrumb":{"@id":"https:\/\/sailproof.shop\/fr\/produit\/ecouteurs-a-conduction-osseuse\/#breadcrumb"},"inLanguage":"fr-FR","potentialAction":[{"@type":"ReadAction","target":["https:\/\/sailproof.shop\/fr\/produit\/ecouteurs-a-conduction-osseuse\/"]}]},{"@type":"ImageObject","inLanguage":"fr-FR","@id":"https:\/\/sailproof.shop\/fr\/produit\/ecouteurs-a-conduction-osseuse\/#primaryimage","url":"https:\/\/sailproof.shop\/wp-content\/uploads\/2025\/11\/SPB98-SailProof-Bone-Conduction-Headphones-03-min.jpg","contentUrl":"https:\/\/sailproof.shop\/wp-content\/uploads\/2025\/11\/SPB98-SailProof-Bone-Conduction-Headphones-03-min.jpg","width":1000,"height":1000,"caption":"\u00c9couteurs \u00e0 conduction osseuse SailProof"},{"@type":"BreadcrumbList","@id":"https:\/\/sailproof.shop\/fr\/produit\/ecouteurs-a-conduction-osseuse\/#breadcrumb","itemListElement":[{"@type":"ListItem","position":1,"name":"Accueil","item":"https:\/\/sailproof.shop\/fr\/"},{"@type":"ListItem","position":2,"name":"Boutique","item":"https:\/\/sailproof.shop\/fr\/boutique\/"},{"@type":"ListItem","position":3,"name":"Accessoires","item":"https:\/\/sailproof.shop\/fr\/categorie-produit\/accessoires\/"},{"@type":"ListItem","position":4,"name":"Autres accessoires","item":"https:\/\/sailproof.shop\/fr\/categorie-produit\/accessoires\/autres-accessoires-accessoires\/"},{"@type":"ListItem","position":5,"name":"Private: \u00c9couteurs \u00e0 conduction osseuse"}]},{"@type":"WebSite","@id":"https:\/\/sailproof.shop\/fr\/#website","url":"https:\/\/sailproof.shop\/fr\/","name":"SailProof Shop","description":"Rugged tablets and waterproof electronic device for sailors","publisher":{"@id":"https:\/\/sailproof.shop\/fr\/#organization"},"alternateName":"SailProof Shop","potentialAction":[{"@type":"SearchAction","target":{"@type":"EntryPoint","urlTemplate":"https:\/\/sailproof.shop\/fr\/?s={search_term_string}"},"query-input":{"@type":"PropertyValueSpecification","valueRequired":true,"valueName":"search_term_string"}}],"inLanguage":"fr-FR"},{"@type":"Organization","@id":"https:\/\/sailproof.shop\/fr\/#organization","name":"SailProof Shop","url":"https:\/\/sailproof.shop\/fr\/","logo":{"@type":"ImageObject","inLanguage":"fr-FR","@id":"https:\/\/sailproof.shop\/fr\/#\/schema\/logo\/image\/","url":"https:\/\/sailproof.shop\/wp-content\/uploads\/2024\/10\/Logo-SailProof.png","contentUrl":"https:\/\/sailproof.shop\/wp-content\/uploads\/2024\/10\/Logo-SailProof.png","width":160,"height":57,"caption":"SailProof Shop"},"image":{"@id":"https:\/\/sailproof.shop\/fr\/#\/schema\/logo\/image\/"},"sameAs":["https:\/\/www.facebook.com\/sailproof","https:\/\/x.com\/SailproofShop","https:\/\/instagram.com\/sail.proof","https:\/\/www.linkedin.com\/company\/sailproofshop\/","https:\/\/www.pinterest.com\/SailProof\/","https:\/\/www.youtube.com\/channel\/UClR4lWJvI8KoSGnCbLYPaFg"]}]}},"_links":{"self":[{"href":"https:\/\/sailproof.shop\/fr\/wp-json\/wp\/v2\/product\/100267","targetHints":{"allow":["GET"]}}],"collection":[{"href":"https:\/\/sailproof.shop\/fr\/wp-json\/wp\/v2\/product"}],"about":[{"href":"https:\/\/sailproof.shop\/fr\/wp-json\/wp\/v2\/types\/product"}],"wp:featuredmedia":[{"embeddable":true,"href":"https:\/\/sailproof.shop\/fr\/wp-json\/wp\/v2\/media\/100269"}],"wp:attachment":[{"href":"https:\/\/sailproof.shop\/fr\/wp-json\/wp\/v2\/media?parent=100267"}],"wp:term":[{"taxonomy":"product_brand","embeddable":true,"href":"https:\/\/sailproof.shop\/fr\/wp-json\/wp\/v2\/product_brand?post=100267"},{"taxonomy":"product_cat","embeddable":true,"href":"https:\/\/sailproof.shop\/fr\/wp-json\/wp\/v2\/product_cat?post=100267"},{"taxonomy":"product_tag","embeddable":true,"href":"https:\/\/sailproof.shop\/fr\/wp-json\/wp\/v2\/product_tag?post=100267"}],"curies":[{"name":"wp","href":"https:\/\/api.w.org\/{rel}","templated":true}]}}