{"id":6220,"date":"2024-12-18T15:01:45","date_gmt":"2024-12-18T14:01:45","guid":{"rendered":"https:\/\/sailproof.shop\/product\/station-daccueil-pour-tablette-durcie-sp08\/"},"modified":"2026-03-24T14:34:45","modified_gmt":"2026-03-24T13:34:45","slug":"station-daccueil-pour-tablette-durcie-sp08","status":"publish","type":"product","link":"https:\/\/sailproof.shop\/fr\/produit\/station-daccueil-pour-tablette-durcie-sp08\/","title":{"rendered":"Station d\u2019accueil pour tablette durcie SP08"},"content":{"rendered":"<p>Station d&rsquo;accueil de table con\u00e7ue pour la tablette durcie de 8 pouces, permettant la recharge simultan\u00e9e et la connectivit\u00e9 \u00e0 divers \u00e9quipements par le biais de ports multiples.<\/p>\n","protected":false},"excerpt":{"rendered":"<p>Station d\u2019accueil pour la tablette 8 pouces SailProof SP08<\/p>\n","protected":false},"featured_media":5946,"template":"","meta":[],"product_brand":[900],"product_cat":[632],"product_tag":[732,735],"class_list":{"0":"post-6220","1":"product","2":"type-product","3":"status-publish","4":"has-post-thumbnail","6":"product_brand-sailproof","7":"product_cat-supports-de-tablette","8":"product_tag-garantie-2-ans","9":"product_tag-livraison-rapide","11":"first","12":"instock","13":"sale","14":"taxable","15":"shipping-taxable","16":"purchasable","17":"product-type-simple"},"supplier_id":null,"supplier_sku":"","barcode":null,"atum_controlled":true,"out_stock_date":null,"out_stock_threshold":null,"inheritable":false,"inbound_stock":0,"stock_on_hold":0,"sold_today":0,"sales_last_days":0,"out_stock_days":0,"lost_sales":0,"has_location":false,"update_date":"2026-04-11T00:29:26","atum_locations":[],"atum_stock_status":"instock","restock_status":false,"low_stock_amount":2,"sales_update_date":"2026-04-11T00:29:26","calc_backorders":0,"yoast_head":"<!-- This site is optimized with the Yoast SEO plugin v27.3 - https:\/\/yoast.com\/product\/yoast-seo-wordpress\/ -->\n<title>Station d\u2019accueil pour tablette durcie SP08 - SailProof shop<\/title>\n<meta name=\"description\" content=\"Une station d&#039;accueil de table adapt\u00e9e \u00e0 notre tablette durcie de 8 pouces. Vous pouvez recharger votre tablette et vous connecter \u00e0 d&#039;autres \u00e9quipements gr\u00e2ce \u00e0 diff\u00e9rents ports.\" \/>\n<meta name=\"robots\" content=\"index, follow, max-snippet:-1, max-image-preview:large, max-video-preview:-1\" \/>\n<link rel=\"canonical\" href=\"https:\/\/sailproof.shop\/fr\/produit\/station-daccueil-pour-tablette-durcie-sp08\/\" \/>\n<meta property=\"og:locale\" content=\"fr_FR\" \/>\n<meta property=\"og:type\" content=\"article\" \/>\n<meta property=\"og:title\" content=\"Station d\u2019accueil pour tablette durcie SP08 - SailProof shop\" \/>\n<meta property=\"og:description\" content=\"Une station d&#039;accueil de table adapt\u00e9e \u00e0 notre tablette durcie de 8 pouces. Vous pouvez recharger votre tablette et vous connecter \u00e0 d&#039;autres \u00e9quipements gr\u00e2ce \u00e0 diff\u00e9rents ports.\" \/>\n<meta property=\"og:url\" content=\"https:\/\/sailproof.shop\/fr\/produit\/station-daccueil-pour-tablette-durcie-sp08\/\" \/>\n<meta property=\"og:site_name\" content=\"SailProof shop\" \/>\n<meta property=\"article:publisher\" content=\"https:\/\/www.facebook.com\/sailproof\" \/>\n<meta property=\"article:modified_time\" content=\"2026-03-24T13:34:45+00:00\" \/>\n<meta property=\"og:image\" content=\"https:\/\/sailproof.shop\/wp-content\/uploads\/2024\/12\/SailProof_dock-SP08_001.jpg\" \/>\n\t<meta property=\"og:image:width\" content=\"900\" \/>\n\t<meta property=\"og:image:height\" content=\"900\" \/>\n\t<meta property=\"og:image:type\" content=\"image\/jpeg\" \/>\n<meta name=\"twitter:card\" content=\"summary_large_image\" \/>\n<meta name=\"twitter:site\" content=\"@SailproofShop\" \/>\n<meta name=\"twitter:label1\" content=\"Dur\u00e9e de lecture estim\u00e9e\" \/>\n\t<meta name=\"twitter:data1\" content=\"1 minute\" \/>\n<script type=\"application\/ld+json\" class=\"yoast-schema-graph\">{\"@context\":\"https:\\\/\\\/schema.org\",\"@graph\":[{\"@type\":\"WebPage\",\"@id\":\"https:\\\/\\\/sailproof.shop\\\/fr\\\/produit\\\/station-daccueil-pour-tablette-durcie-sp08\\\/\",\"url\":\"https:\\\/\\\/sailproof.shop\\\/fr\\\/produit\\\/station-daccueil-pour-tablette-durcie-sp08\\\/\",\"name\":\"Station d\u2019accueil pour tablette durcie SP08 - SailProof shop\",\"isPartOf\":{\"@id\":\"https:\\\/\\\/sailproof.shop\\\/fr\\\/#website\"},\"primaryImageOfPage\":{\"@id\":\"https:\\\/\\\/sailproof.shop\\\/fr\\\/produit\\\/station-daccueil-pour-tablette-durcie-sp08\\\/#primaryimage\"},\"image\":{\"@id\":\"https:\\\/\\\/sailproof.shop\\\/fr\\\/produit\\\/station-daccueil-pour-tablette-durcie-sp08\\\/#primaryimage\"},\"thumbnailUrl\":\"https:\\\/\\\/sailproof.shop\\\/wp-content\\\/uploads\\\/2024\\\/12\\\/SailProof_dock-SP08_001.jpg\",\"datePublished\":\"2024-12-18T14:01:45+00:00\",\"dateModified\":\"2026-03-24T13:34:45+00:00\",\"description\":\"Une station d'accueil de table adapt\u00e9e \u00e0 notre tablette durcie de 8 pouces. Vous pouvez recharger votre tablette et vous connecter \u00e0 d'autres \u00e9quipements gr\u00e2ce \u00e0 diff\u00e9rents ports.\",\"breadcrumb\":{\"@id\":\"https:\\\/\\\/sailproof.shop\\\/fr\\\/produit\\\/station-daccueil-pour-tablette-durcie-sp08\\\/#breadcrumb\"},\"inLanguage\":\"fr-FR\",\"potentialAction\":[{\"@type\":\"ReadAction\",\"target\":[\"https:\\\/\\\/sailproof.shop\\\/fr\\\/produit\\\/station-daccueil-pour-tablette-durcie-sp08\\\/\"]}]},{\"@type\":\"ImageObject\",\"inLanguage\":\"fr-FR\",\"@id\":\"https:\\\/\\\/sailproof.shop\\\/fr\\\/produit\\\/station-daccueil-pour-tablette-durcie-sp08\\\/#primaryimage\",\"url\":\"https:\\\/\\\/sailproof.shop\\\/wp-content\\\/uploads\\\/2024\\\/12\\\/SailProof_dock-SP08_001.jpg\",\"contentUrl\":\"https:\\\/\\\/sailproof.shop\\\/wp-content\\\/uploads\\\/2024\\\/12\\\/SailProof_dock-SP08_001.jpg\",\"width\":900,\"height\":900,\"caption\":\"Station d\u2019accueil de table pour tablette durcie SailProof 8 pouces SP08\"},{\"@type\":\"BreadcrumbList\",\"@id\":\"https:\\\/\\\/sailproof.shop\\\/fr\\\/produit\\\/station-daccueil-pour-tablette-durcie-sp08\\\/#breadcrumb\",\"itemListElement\":[{\"@type\":\"ListItem\",\"position\":1,\"name\":\"Accueil\",\"item\":\"https:\\\/\\\/sailproof.shop\\\/fr\\\/\"},{\"@type\":\"ListItem\",\"position\":2,\"name\":\"Boutique\",\"item\":\"https:\\\/\\\/sailproof.shop\\\/fr\\\/boutique\\\/\"},{\"@type\":\"ListItem\",\"position\":3,\"name\":\"Supports\",\"item\":\"https:\\\/\\\/sailproof.shop\\\/fr\\\/categorie-produit\\\/supports\\\/\"},{\"@type\":\"ListItem\",\"position\":4,\"name\":\"Supports de tablette bateau\",\"item\":\"https:\\\/\\\/sailproof.shop\\\/fr\\\/categorie-produit\\\/supports\\\/supports-de-tablette\\\/\"},{\"@type\":\"ListItem\",\"position\":5,\"name\":\"Station d\u2019accueil pour tablette durcie SP08\"}]},{\"@type\":\"WebSite\",\"@id\":\"https:\\\/\\\/sailproof.shop\\\/fr\\\/#website\",\"url\":\"https:\\\/\\\/sailproof.shop\\\/fr\\\/\",\"name\":\"SailProof Shop\",\"description\":\"Rugged tablets and waterproof electronic device for sailors\",\"publisher\":{\"@id\":\"https:\\\/\\\/sailproof.shop\\\/fr\\\/#organization\"},\"alternateName\":\"SailProof Shop\",\"potentialAction\":[{\"@type\":\"SearchAction\",\"target\":{\"@type\":\"EntryPoint\",\"urlTemplate\":\"https:\\\/\\\/sailproof.shop\\\/fr\\\/?s={search_term_string}\"},\"query-input\":{\"@type\":\"PropertyValueSpecification\",\"valueRequired\":true,\"valueName\":\"search_term_string\"}}],\"inLanguage\":\"fr-FR\"},{\"@type\":\"Organization\",\"@id\":\"https:\\\/\\\/sailproof.shop\\\/fr\\\/#organization\",\"name\":\"SailProof Shop\",\"url\":\"https:\\\/\\\/sailproof.shop\\\/fr\\\/\",\"logo\":{\"@type\":\"ImageObject\",\"inLanguage\":\"fr-FR\",\"@id\":\"https:\\\/\\\/sailproof.shop\\\/fr\\\/#\\\/schema\\\/logo\\\/image\\\/\",\"url\":\"https:\\\/\\\/sailproof.shop\\\/wp-content\\\/uploads\\\/2024\\\/10\\\/Logo-SailProof.png\",\"contentUrl\":\"https:\\\/\\\/sailproof.shop\\\/wp-content\\\/uploads\\\/2024\\\/10\\\/Logo-SailProof.png\",\"width\":160,\"height\":57,\"caption\":\"SailProof Shop\"},\"image\":{\"@id\":\"https:\\\/\\\/sailproof.shop\\\/fr\\\/#\\\/schema\\\/logo\\\/image\\\/\"},\"sameAs\":[\"https:\\\/\\\/www.facebook.com\\\/sailproof\",\"https:\\\/\\\/x.com\\\/SailproofShop\",\"https:\\\/\\\/instagram.com\\\/sail.proof\",\"https:\\\/\\\/www.linkedin.com\\\/company\\\/sailproofshop\\\/\",\"https:\\\/\\\/www.pinterest.com\\\/SailProof\\\/\",\"https:\\\/\\\/www.youtube.com\\\/channel\\\/UClR4lWJvI8KoSGnCbLYPaFg\"]}]}<\/script>\n<!-- \/ Yoast SEO plugin. -->","yoast_head_json":{"title":"Station d\u2019accueil pour tablette durcie SP08 - SailProof shop","description":"Une station d'accueil de table adapt\u00e9e \u00e0 notre tablette durcie de 8 pouces. Vous pouvez recharger votre tablette et vous connecter \u00e0 d'autres \u00e9quipements gr\u00e2ce \u00e0 diff\u00e9rents ports.","robots":{"index":"index","follow":"follow","max-snippet":"max-snippet:-1","max-image-preview":"max-image-preview:large","max-video-preview":"max-video-preview:-1"},"canonical":"https:\/\/sailproof.shop\/fr\/produit\/station-daccueil-pour-tablette-durcie-sp08\/","og_locale":"fr_FR","og_type":"article","og_title":"Station d\u2019accueil pour tablette durcie SP08 - SailProof shop","og_description":"Une station d'accueil de table adapt\u00e9e \u00e0 notre tablette durcie de 8 pouces. Vous pouvez recharger votre tablette et vous connecter \u00e0 d'autres \u00e9quipements gr\u00e2ce \u00e0 diff\u00e9rents ports.","og_url":"https:\/\/sailproof.shop\/fr\/produit\/station-daccueil-pour-tablette-durcie-sp08\/","og_site_name":"SailProof shop","article_publisher":"https:\/\/www.facebook.com\/sailproof","article_modified_time":"2026-03-24T13:34:45+00:00","og_image":[{"width":900,"height":900,"url":"https:\/\/sailproof.shop\/wp-content\/uploads\/2024\/12\/SailProof_dock-SP08_001.jpg","type":"image\/jpeg"}],"twitter_card":"summary_large_image","twitter_site":"@SailproofShop","twitter_misc":{"Dur\u00e9e de lecture estim\u00e9e":"1 minute"},"schema":{"@context":"https:\/\/schema.org","@graph":[{"@type":"WebPage","@id":"https:\/\/sailproof.shop\/fr\/produit\/station-daccueil-pour-tablette-durcie-sp08\/","url":"https:\/\/sailproof.shop\/fr\/produit\/station-daccueil-pour-tablette-durcie-sp08\/","name":"Station d\u2019accueil pour tablette durcie SP08 - SailProof shop","isPartOf":{"@id":"https:\/\/sailproof.shop\/fr\/#website"},"primaryImageOfPage":{"@id":"https:\/\/sailproof.shop\/fr\/produit\/station-daccueil-pour-tablette-durcie-sp08\/#primaryimage"},"image":{"@id":"https:\/\/sailproof.shop\/fr\/produit\/station-daccueil-pour-tablette-durcie-sp08\/#primaryimage"},"thumbnailUrl":"https:\/\/sailproof.shop\/wp-content\/uploads\/2024\/12\/SailProof_dock-SP08_001.jpg","datePublished":"2024-12-18T14:01:45+00:00","dateModified":"2026-03-24T13:34:45+00:00","description":"Une station d'accueil de table adapt\u00e9e \u00e0 notre tablette durcie de 8 pouces. Vous pouvez recharger votre tablette et vous connecter \u00e0 d'autres \u00e9quipements gr\u00e2ce \u00e0 diff\u00e9rents ports.","breadcrumb":{"@id":"https:\/\/sailproof.shop\/fr\/produit\/station-daccueil-pour-tablette-durcie-sp08\/#breadcrumb"},"inLanguage":"fr-FR","potentialAction":[{"@type":"ReadAction","target":["https:\/\/sailproof.shop\/fr\/produit\/station-daccueil-pour-tablette-durcie-sp08\/"]}]},{"@type":"ImageObject","inLanguage":"fr-FR","@id":"https:\/\/sailproof.shop\/fr\/produit\/station-daccueil-pour-tablette-durcie-sp08\/#primaryimage","url":"https:\/\/sailproof.shop\/wp-content\/uploads\/2024\/12\/SailProof_dock-SP08_001.jpg","contentUrl":"https:\/\/sailproof.shop\/wp-content\/uploads\/2024\/12\/SailProof_dock-SP08_001.jpg","width":900,"height":900,"caption":"Station d\u2019accueil de table pour tablette durcie SailProof 8 pouces SP08"},{"@type":"BreadcrumbList","@id":"https:\/\/sailproof.shop\/fr\/produit\/station-daccueil-pour-tablette-durcie-sp08\/#breadcrumb","itemListElement":[{"@type":"ListItem","position":1,"name":"Accueil","item":"https:\/\/sailproof.shop\/fr\/"},{"@type":"ListItem","position":2,"name":"Boutique","item":"https:\/\/sailproof.shop\/fr\/boutique\/"},{"@type":"ListItem","position":3,"name":"Supports","item":"https:\/\/sailproof.shop\/fr\/categorie-produit\/supports\/"},{"@type":"ListItem","position":4,"name":"Supports de tablette bateau","item":"https:\/\/sailproof.shop\/fr\/categorie-produit\/supports\/supports-de-tablette\/"},{"@type":"ListItem","position":5,"name":"Station d\u2019accueil pour tablette durcie SP08"}]},{"@type":"WebSite","@id":"https:\/\/sailproof.shop\/fr\/#website","url":"https:\/\/sailproof.shop\/fr\/","name":"SailProof Shop","description":"Rugged tablets and waterproof electronic device for sailors","publisher":{"@id":"https:\/\/sailproof.shop\/fr\/#organization"},"alternateName":"SailProof Shop","potentialAction":[{"@type":"SearchAction","target":{"@type":"EntryPoint","urlTemplate":"https:\/\/sailproof.shop\/fr\/?s={search_term_string}"},"query-input":{"@type":"PropertyValueSpecification","valueRequired":true,"valueName":"search_term_string"}}],"inLanguage":"fr-FR"},{"@type":"Organization","@id":"https:\/\/sailproof.shop\/fr\/#organization","name":"SailProof Shop","url":"https:\/\/sailproof.shop\/fr\/","logo":{"@type":"ImageObject","inLanguage":"fr-FR","@id":"https:\/\/sailproof.shop\/fr\/#\/schema\/logo\/image\/","url":"https:\/\/sailproof.shop\/wp-content\/uploads\/2024\/10\/Logo-SailProof.png","contentUrl":"https:\/\/sailproof.shop\/wp-content\/uploads\/2024\/10\/Logo-SailProof.png","width":160,"height":57,"caption":"SailProof Shop"},"image":{"@id":"https:\/\/sailproof.shop\/fr\/#\/schema\/logo\/image\/"},"sameAs":["https:\/\/www.facebook.com\/sailproof","https:\/\/x.com\/SailproofShop","https:\/\/instagram.com\/sail.proof","https:\/\/www.linkedin.com\/company\/sailproofshop\/","https:\/\/www.pinterest.com\/SailProof\/","https:\/\/www.youtube.com\/channel\/UClR4lWJvI8KoSGnCbLYPaFg"]}]}},"_links":{"self":[{"href":"https:\/\/sailproof.shop\/fr\/wp-json\/wp\/v2\/product\/6220","targetHints":{"allow":["GET"]}}],"collection":[{"href":"https:\/\/sailproof.shop\/fr\/wp-json\/wp\/v2\/product"}],"about":[{"href":"https:\/\/sailproof.shop\/fr\/wp-json\/wp\/v2\/types\/product"}],"wp:featuredmedia":[{"embeddable":true,"href":"https:\/\/sailproof.shop\/fr\/wp-json\/wp\/v2\/media\/5946"}],"wp:attachment":[{"href":"https:\/\/sailproof.shop\/fr\/wp-json\/wp\/v2\/media?parent=6220"}],"wp:term":[{"taxonomy":"product_brand","embeddable":true,"href":"https:\/\/sailproof.shop\/fr\/wp-json\/wp\/v2\/product_brand?post=6220"},{"taxonomy":"product_cat","embeddable":true,"href":"https:\/\/sailproof.shop\/fr\/wp-json\/wp\/v2\/product_cat?post=6220"},{"taxonomy":"product_tag","embeddable":true,"href":"https:\/\/sailproof.shop\/fr\/wp-json\/wp\/v2\/product_tag?post=6220"}],"curies":[{"name":"wp","href":"https:\/\/api.w.org\/{rel}","templated":true}]}}