{"id":6246,"date":"2024-12-18T10:04:40","date_gmt":"2024-12-18T09:04:40","guid":{"rendered":"https:\/\/sailproof.shop\/product\/power-bank-a-panneaux-solaires-20-000-mah\/"},"modified":"2026-03-31T17:22:43","modified_gmt":"2026-03-31T16:22:43","slug":"power-bank-a-panneaux-solaires-20-000-mah","status":"publish","type":"product","link":"https:\/\/sailproof.shop\/fr\/produit\/power-bank-a-panneaux-solaires-20-000-mah\/","title":{"rendered":"Power bank \u00e0 panneaux solaires 20.000 mah"},"content":{"rendered":"<p>Banque d&rsquo;\u00e9nergie solaire portable de grande capacit\u00e9 avec prise en charge de la charge rapide et panneaux solaires de 7 W.<\/p>\n","protected":false},"excerpt":{"rendered":"<p>Un power bank \u00e9tanche \u00e0 charge rapide d\u2019une capacit\u00e9 de 20.000 mAh, \u00e9quip\u00e9 de 7 W de panneaux solaires haute capacit\u00e9 pour tous vos appareils \u00e9lectroniques sur le bateau.<\/p>\n","protected":false},"featured_media":5496,"template":"","meta":[],"product_brand":[900],"product_cat":[718],"product_tag":[732,735],"class_list":{"0":"post-6246","1":"product","2":"type-product","3":"status-publish","4":"has-post-thumbnail","6":"product_brand-sailproof","7":"product_cat-autres-accessoires-accessoires","8":"product_tag-garantie-2-ans","9":"product_tag-livraison-rapide","11":"first","12":"instock","13":"taxable","14":"shipping-taxable","15":"purchasable","16":"product-type-simple"},"supplier_id":null,"supplier_sku":"","barcode":null,"atum_controlled":true,"out_stock_date":null,"out_stock_threshold":null,"inheritable":false,"inbound_stock":0,"stock_on_hold":1,"sold_today":0,"sales_last_days":1,"out_stock_days":0,"lost_sales":0,"has_location":false,"update_date":"2026-05-05T01:47:08","atum_locations":[],"atum_stock_status":"instock","restock_status":false,"low_stock_amount":6,"sales_update_date":"2026-05-05T01:47:08","calc_backorders":null,"yoast_head":"<!-- This site is optimized with the Yoast SEO plugin v27.4 - https:\/\/yoast.com\/product\/yoast-seo-wordpress\/ -->\n<title>Power bank \u00e0 panneaux solaires 20.000 mah - SailProof shop<\/title>\n<meta name=\"robots\" content=\"index, follow, max-snippet:-1, max-image-preview:large, max-video-preview:-1\" \/>\n<link rel=\"canonical\" href=\"https:\/\/sailproof.shop\/fr\/produit\/power-bank-a-panneaux-solaires-20-000-mah\/\" \/>\n<meta property=\"og:locale\" content=\"fr_FR\" \/>\n<meta property=\"og:type\" content=\"article\" \/>\n<meta property=\"og:title\" content=\"Power bank \u00e0 panneaux solaires 20.000 mah - SailProof shop\" \/>\n<meta property=\"og:url\" content=\"https:\/\/sailproof.shop\/fr\/produit\/power-bank-a-panneaux-solaires-20-000-mah\/\" \/>\n<meta property=\"og:site_name\" content=\"SailProof shop\" \/>\n<meta property=\"article:publisher\" content=\"https:\/\/www.facebook.com\/sailproof\" \/>\n<meta property=\"article:modified_time\" content=\"2026-03-31T16:22:43+00:00\" \/>\n<meta property=\"og:image\" content=\"https:\/\/sailproof.shop\/wp-content\/uploads\/2024\/12\/SailProof_waterproof_powerbank_SLE24_001-min.jpg\" \/>\n\t<meta property=\"og:image:width\" content=\"750\" \/>\n\t<meta property=\"og:image:height\" content=\"750\" \/>\n\t<meta property=\"og:image:type\" content=\"image\/jpeg\" \/>\n<meta name=\"twitter:card\" content=\"summary_large_image\" \/>\n<meta name=\"twitter:site\" content=\"@SailproofShop\" \/>\n<script type=\"application\/ld+json\" class=\"yoast-schema-graph\">{\"@context\":\"https:\\\/\\\/schema.org\",\"@graph\":[{\"@type\":\"WebPage\",\"@id\":\"https:\\\/\\\/sailproof.shop\\\/fr\\\/produit\\\/power-bank-a-panneaux-solaires-20-000-mah\\\/\",\"url\":\"https:\\\/\\\/sailproof.shop\\\/fr\\\/produit\\\/power-bank-a-panneaux-solaires-20-000-mah\\\/\",\"name\":\"Power bank \u00e0 panneaux solaires 20.000 mah - SailProof shop\",\"isPartOf\":{\"@id\":\"https:\\\/\\\/sailproof.shop\\\/fr\\\/#website\"},\"primaryImageOfPage\":{\"@id\":\"https:\\\/\\\/sailproof.shop\\\/fr\\\/produit\\\/power-bank-a-panneaux-solaires-20-000-mah\\\/#primaryimage\"},\"image\":{\"@id\":\"https:\\\/\\\/sailproof.shop\\\/fr\\\/produit\\\/power-bank-a-panneaux-solaires-20-000-mah\\\/#primaryimage\"},\"thumbnailUrl\":\"https:\\\/\\\/sailproof.shop\\\/wp-content\\\/uploads\\\/2024\\\/12\\\/SailProof_waterproof_powerbank_SLE24_001-min.jpg\",\"datePublished\":\"2024-12-18T09:04:40+00:00\",\"dateModified\":\"2026-03-31T16:22:43+00:00\",\"breadcrumb\":{\"@id\":\"https:\\\/\\\/sailproof.shop\\\/fr\\\/produit\\\/power-bank-a-panneaux-solaires-20-000-mah\\\/#breadcrumb\"},\"inLanguage\":\"fr-FR\",\"potentialAction\":[{\"@type\":\"ReadAction\",\"target\":[\"https:\\\/\\\/sailproof.shop\\\/fr\\\/produit\\\/power-bank-a-panneaux-solaires-20-000-mah\\\/\"]}]},{\"@type\":\"ImageObject\",\"inLanguage\":\"fr-FR\",\"@id\":\"https:\\\/\\\/sailproof.shop\\\/fr\\\/produit\\\/power-bank-a-panneaux-solaires-20-000-mah\\\/#primaryimage\",\"url\":\"https:\\\/\\\/sailproof.shop\\\/wp-content\\\/uploads\\\/2024\\\/12\\\/SailProof_waterproof_powerbank_SLE24_001-min.jpg\",\"contentUrl\":\"https:\\\/\\\/sailproof.shop\\\/wp-content\\\/uploads\\\/2024\\\/12\\\/SailProof_waterproof_powerbank_SLE24_001-min.jpg\",\"width\":750,\"height\":750,\"caption\":\"20,000 mAh Powerbank with solar panels\"},{\"@type\":\"BreadcrumbList\",\"@id\":\"https:\\\/\\\/sailproof.shop\\\/fr\\\/produit\\\/power-bank-a-panneaux-solaires-20-000-mah\\\/#breadcrumb\",\"itemListElement\":[{\"@type\":\"ListItem\",\"position\":1,\"name\":\"Accueil\",\"item\":\"https:\\\/\\\/sailproof.shop\\\/fr\\\/\"},{\"@type\":\"ListItem\",\"position\":2,\"name\":\"Boutique\",\"item\":\"https:\\\/\\\/sailproof.shop\\\/fr\\\/boutique\\\/\"},{\"@type\":\"ListItem\",\"position\":3,\"name\":\"Accessoires\",\"item\":\"https:\\\/\\\/sailproof.shop\\\/fr\\\/categorie-produit\\\/accessoires\\\/\"},{\"@type\":\"ListItem\",\"position\":4,\"name\":\"Autres accessoires\",\"item\":\"https:\\\/\\\/sailproof.shop\\\/fr\\\/categorie-produit\\\/accessoires\\\/autres-accessoires-accessoires\\\/\"},{\"@type\":\"ListItem\",\"position\":5,\"name\":\"Power bank \u00e0 panneaux solaires 20.000 mah\"}]},{\"@type\":\"WebSite\",\"@id\":\"https:\\\/\\\/sailproof.shop\\\/fr\\\/#website\",\"url\":\"https:\\\/\\\/sailproof.shop\\\/fr\\\/\",\"name\":\"SailProof Shop\",\"description\":\"Rugged tablets and waterproof electronic device for sailors\",\"publisher\":{\"@id\":\"https:\\\/\\\/sailproof.shop\\\/fr\\\/#organization\"},\"alternateName\":\"SailProof Shop\",\"potentialAction\":[{\"@type\":\"SearchAction\",\"target\":{\"@type\":\"EntryPoint\",\"urlTemplate\":\"https:\\\/\\\/sailproof.shop\\\/fr\\\/?s={search_term_string}\"},\"query-input\":{\"@type\":\"PropertyValueSpecification\",\"valueRequired\":true,\"valueName\":\"search_term_string\"}}],\"inLanguage\":\"fr-FR\"},{\"@type\":\"Organization\",\"@id\":\"https:\\\/\\\/sailproof.shop\\\/fr\\\/#organization\",\"name\":\"SailProof Shop\",\"url\":\"https:\\\/\\\/sailproof.shop\\\/fr\\\/\",\"logo\":{\"@type\":\"ImageObject\",\"inLanguage\":\"fr-FR\",\"@id\":\"https:\\\/\\\/sailproof.shop\\\/fr\\\/#\\\/schema\\\/logo\\\/image\\\/\",\"url\":\"https:\\\/\\\/sailproof.shop\\\/wp-content\\\/uploads\\\/2024\\\/10\\\/Logo-SailProof.png\",\"contentUrl\":\"https:\\\/\\\/sailproof.shop\\\/wp-content\\\/uploads\\\/2024\\\/10\\\/Logo-SailProof.png\",\"width\":160,\"height\":57,\"caption\":\"SailProof Shop\"},\"image\":{\"@id\":\"https:\\\/\\\/sailproof.shop\\\/fr\\\/#\\\/schema\\\/logo\\\/image\\\/\"},\"sameAs\":[\"https:\\\/\\\/www.facebook.com\\\/sailproof\",\"https:\\\/\\\/x.com\\\/SailproofShop\",\"https:\\\/\\\/instagram.com\\\/sail.proof\",\"https:\\\/\\\/www.linkedin.com\\\/company\\\/sailproofshop\\\/\",\"https:\\\/\\\/www.pinterest.com\\\/SailProof\\\/\",\"https:\\\/\\\/www.youtube.com\\\/channel\\\/UClR4lWJvI8KoSGnCbLYPaFg\"]}]}<\/script>\n<!-- \/ Yoast SEO plugin. -->","yoast_head_json":{"title":"Power bank \u00e0 panneaux solaires 20.000 mah - SailProof shop","robots":{"index":"index","follow":"follow","max-snippet":"max-snippet:-1","max-image-preview":"max-image-preview:large","max-video-preview":"max-video-preview:-1"},"canonical":"https:\/\/sailproof.shop\/fr\/produit\/power-bank-a-panneaux-solaires-20-000-mah\/","og_locale":"fr_FR","og_type":"article","og_title":"Power bank \u00e0 panneaux solaires 20.000 mah - SailProof shop","og_url":"https:\/\/sailproof.shop\/fr\/produit\/power-bank-a-panneaux-solaires-20-000-mah\/","og_site_name":"SailProof shop","article_publisher":"https:\/\/www.facebook.com\/sailproof","article_modified_time":"2026-03-31T16:22:43+00:00","og_image":[{"width":750,"height":750,"url":"https:\/\/sailproof.shop\/wp-content\/uploads\/2024\/12\/SailProof_waterproof_powerbank_SLE24_001-min.jpg","type":"image\/jpeg"}],"twitter_card":"summary_large_image","twitter_site":"@SailproofShop","schema":{"@context":"https:\/\/schema.org","@graph":[{"@type":"WebPage","@id":"https:\/\/sailproof.shop\/fr\/produit\/power-bank-a-panneaux-solaires-20-000-mah\/","url":"https:\/\/sailproof.shop\/fr\/produit\/power-bank-a-panneaux-solaires-20-000-mah\/","name":"Power bank \u00e0 panneaux solaires 20.000 mah - SailProof shop","isPartOf":{"@id":"https:\/\/sailproof.shop\/fr\/#website"},"primaryImageOfPage":{"@id":"https:\/\/sailproof.shop\/fr\/produit\/power-bank-a-panneaux-solaires-20-000-mah\/#primaryimage"},"image":{"@id":"https:\/\/sailproof.shop\/fr\/produit\/power-bank-a-panneaux-solaires-20-000-mah\/#primaryimage"},"thumbnailUrl":"https:\/\/sailproof.shop\/wp-content\/uploads\/2024\/12\/SailProof_waterproof_powerbank_SLE24_001-min.jpg","datePublished":"2024-12-18T09:04:40+00:00","dateModified":"2026-03-31T16:22:43+00:00","breadcrumb":{"@id":"https:\/\/sailproof.shop\/fr\/produit\/power-bank-a-panneaux-solaires-20-000-mah\/#breadcrumb"},"inLanguage":"fr-FR","potentialAction":[{"@type":"ReadAction","target":["https:\/\/sailproof.shop\/fr\/produit\/power-bank-a-panneaux-solaires-20-000-mah\/"]}]},{"@type":"ImageObject","inLanguage":"fr-FR","@id":"https:\/\/sailproof.shop\/fr\/produit\/power-bank-a-panneaux-solaires-20-000-mah\/#primaryimage","url":"https:\/\/sailproof.shop\/wp-content\/uploads\/2024\/12\/SailProof_waterproof_powerbank_SLE24_001-min.jpg","contentUrl":"https:\/\/sailproof.shop\/wp-content\/uploads\/2024\/12\/SailProof_waterproof_powerbank_SLE24_001-min.jpg","width":750,"height":750,"caption":"20,000 mAh Powerbank with solar panels"},{"@type":"BreadcrumbList","@id":"https:\/\/sailproof.shop\/fr\/produit\/power-bank-a-panneaux-solaires-20-000-mah\/#breadcrumb","itemListElement":[{"@type":"ListItem","position":1,"name":"Accueil","item":"https:\/\/sailproof.shop\/fr\/"},{"@type":"ListItem","position":2,"name":"Boutique","item":"https:\/\/sailproof.shop\/fr\/boutique\/"},{"@type":"ListItem","position":3,"name":"Accessoires","item":"https:\/\/sailproof.shop\/fr\/categorie-produit\/accessoires\/"},{"@type":"ListItem","position":4,"name":"Autres accessoires","item":"https:\/\/sailproof.shop\/fr\/categorie-produit\/accessoires\/autres-accessoires-accessoires\/"},{"@type":"ListItem","position":5,"name":"Power bank \u00e0 panneaux solaires 20.000 mah"}]},{"@type":"WebSite","@id":"https:\/\/sailproof.shop\/fr\/#website","url":"https:\/\/sailproof.shop\/fr\/","name":"SailProof Shop","description":"Rugged tablets and waterproof electronic device for sailors","publisher":{"@id":"https:\/\/sailproof.shop\/fr\/#organization"},"alternateName":"SailProof Shop","potentialAction":[{"@type":"SearchAction","target":{"@type":"EntryPoint","urlTemplate":"https:\/\/sailproof.shop\/fr\/?s={search_term_string}"},"query-input":{"@type":"PropertyValueSpecification","valueRequired":true,"valueName":"search_term_string"}}],"inLanguage":"fr-FR"},{"@type":"Organization","@id":"https:\/\/sailproof.shop\/fr\/#organization","name":"SailProof Shop","url":"https:\/\/sailproof.shop\/fr\/","logo":{"@type":"ImageObject","inLanguage":"fr-FR","@id":"https:\/\/sailproof.shop\/fr\/#\/schema\/logo\/image\/","url":"https:\/\/sailproof.shop\/wp-content\/uploads\/2024\/10\/Logo-SailProof.png","contentUrl":"https:\/\/sailproof.shop\/wp-content\/uploads\/2024\/10\/Logo-SailProof.png","width":160,"height":57,"caption":"SailProof Shop"},"image":{"@id":"https:\/\/sailproof.shop\/fr\/#\/schema\/logo\/image\/"},"sameAs":["https:\/\/www.facebook.com\/sailproof","https:\/\/x.com\/SailproofShop","https:\/\/instagram.com\/sail.proof","https:\/\/www.linkedin.com\/company\/sailproofshop\/","https:\/\/www.pinterest.com\/SailProof\/","https:\/\/www.youtube.com\/channel\/UClR4lWJvI8KoSGnCbLYPaFg"]}]}},"_links":{"self":[{"href":"https:\/\/sailproof.shop\/fr\/wp-json\/wp\/v2\/product\/6246","targetHints":{"allow":["GET"]}}],"collection":[{"href":"https:\/\/sailproof.shop\/fr\/wp-json\/wp\/v2\/product"}],"about":[{"href":"https:\/\/sailproof.shop\/fr\/wp-json\/wp\/v2\/types\/product"}],"wp:featuredmedia":[{"embeddable":true,"href":"https:\/\/sailproof.shop\/fr\/wp-json\/wp\/v2\/media\/5496"}],"wp:attachment":[{"href":"https:\/\/sailproof.shop\/fr\/wp-json\/wp\/v2\/media?parent=6246"}],"wp:term":[{"taxonomy":"product_brand","embeddable":true,"href":"https:\/\/sailproof.shop\/fr\/wp-json\/wp\/v2\/product_brand?post=6246"},{"taxonomy":"product_cat","embeddable":true,"href":"https:\/\/sailproof.shop\/fr\/wp-json\/wp\/v2\/product_cat?post=6246"},{"taxonomy":"product_tag","embeddable":true,"href":"https:\/\/sailproof.shop\/fr\/wp-json\/wp\/v2\/product_tag?post=6246"}],"curies":[{"name":"wp","href":"https:\/\/api.w.org\/{rel}","templated":true}]}}