{"id":6250,"date":"2024-12-18T09:51:54","date_gmt":"2024-12-18T08:51:54","guid":{"rendered":"https:\/\/sailproof.shop\/product\/sp10s-tablette-durcie-android-10-pouces\/"},"modified":"2026-04-15T09:09:13","modified_gmt":"2026-04-15T08:09:13","slug":"sp10s-tablette-durcie-android-10-pouces","status":"publish","type":"product","link":"https:\/\/sailproof.shop\/fr\/produit\/sp10s-tablette-durcie-android-10-pouces\/","title":{"rendered":"SP10S Tablette durcie Android 10 pouces"},"content":{"rendered":"<p>Tablette robuste de 10 pouces offrant un \u00e9cran lisible en plein soleil et une \u00e9tanch\u00e9it\u00e9 IP67.<\/p>\n","protected":false},"excerpt":{"rendered":"<p>Notre best-seller ! Une tablette durcie Android de 10 pouces d\u00e9di\u00e9e \u00e0 la plaisance :<\/p>\n<ul>\n<li>un \u00e9cran r\u00e9ellement lisible en plein soleil, utilisable avec des gants et sous projections d\u2019eau<\/li>\n<li>maintenant compatible avec les lunettes polarisantes<\/li>\n<li>une batterie robuste pour naviguer plus d\u2019une longue journ\u00e9e\u2026<\/li>\n<li>une puce GPS double fr\u00e9quence tr\u00e8s pr\u00e9cise<\/li>\n<li>un boitier durci IP67<\/li>\n<\/ul>\n","protected":false},"featured_media":8063,"template":"","meta":[],"product_brand":[900],"product_cat":[634],"product_tag":[732,735],"class_list":{"0":"post-6250","1":"product","2":"type-product","3":"status-publish","4":"has-post-thumbnail","6":"product_brand-sailproof","7":"product_cat-tablettes-durcies","8":"product_tag-garantie-2-ans","9":"product_tag-livraison-rapide","11":"first","12":"onbackorder","13":"taxable","14":"shipping-taxable","15":"purchasable","16":"product-type-simple"},"supplier_id":null,"supplier_sku":"","barcode":null,"atum_controlled":true,"out_stock_date":null,"out_stock_threshold":null,"inheritable":false,"inbound_stock":0,"stock_on_hold":10,"sold_today":0,"sales_last_days":5,"out_stock_days":0,"lost_sales":0,"has_location":false,"update_date":"2026-04-19T01:02:30","atum_locations":[],"atum_stock_status":"onbackorder","restock_status":false,"low_stock_amount":5,"sales_update_date":"2026-04-19T01:02:30","calc_backorders":-8,"yoast_head":"<!-- This site is optimized with the Yoast SEO plugin v27.3 - https:\/\/yoast.com\/product\/yoast-seo-wordpress\/ -->\n<title>SP10S Tablette durcie Android 10 pouces - SailProof shop<\/title>\n<meta name=\"description\" content=\"La nouvelle tablette robuste Android de 10 pouces pour les marins et les propri\u00e9taires de bateaux. Lisible \u00e0 la lumi\u00e8re du soleil, une batterie puissante et une puce GPS pr\u00e9cise dans un bo\u00eetier \u00e9tanche.\" \/>\n<meta name=\"robots\" content=\"index, follow, max-snippet:-1, max-image-preview:large, max-video-preview:-1\" \/>\n<link rel=\"canonical\" href=\"https:\/\/sailproof.shop\/fr\/produit\/sp10s-tablette-durcie-android-10-pouces\/\" \/>\n<meta property=\"og:locale\" content=\"fr_FR\" \/>\n<meta property=\"og:type\" content=\"article\" \/>\n<meta property=\"og:title\" content=\"SP10S Tablette durcie Android 10 pouces - SailProof shop\" \/>\n<meta property=\"og:description\" content=\"La nouvelle tablette robuste Android de 10 pouces pour les marins et les propri\u00e9taires de bateaux. Lisible \u00e0 la lumi\u00e8re du soleil, une batterie puissante et une puce GPS pr\u00e9cise dans un bo\u00eetier \u00e9tanche.\" \/>\n<meta property=\"og:url\" content=\"https:\/\/sailproof.shop\/fr\/produit\/sp10s-tablette-durcie-android-10-pouces\/\" \/>\n<meta property=\"og:site_name\" content=\"SailProof shop\" \/>\n<meta property=\"article:publisher\" content=\"https:\/\/www.facebook.com\/sailproof\" \/>\n<meta property=\"article:modified_time\" content=\"2026-04-15T08:09:13+00:00\" \/>\n<meta property=\"og:image\" content=\"https:\/\/sailproof.shop\/wp-content\/uploads\/2024\/12\/SP10S-SailProof-rugged-tablet.jpg\" \/>\n\t<meta property=\"og:image:width\" content=\"1000\" \/>\n\t<meta property=\"og:image:height\" content=\"1000\" \/>\n\t<meta property=\"og:image:type\" content=\"image\/jpeg\" \/>\n<meta name=\"twitter:card\" content=\"summary_large_image\" \/>\n<meta name=\"twitter:site\" content=\"@SailproofShop\" \/>\n<meta name=\"twitter:label1\" content=\"Dur\u00e9e de lecture estim\u00e9e\" \/>\n\t<meta name=\"twitter:data1\" content=\"1 minute\" \/>\n<script type=\"application\/ld+json\" class=\"yoast-schema-graph\">{\"@context\":\"https:\\\/\\\/schema.org\",\"@graph\":[{\"@type\":\"WebPage\",\"@id\":\"https:\\\/\\\/sailproof.shop\\\/fr\\\/produit\\\/sp10s-tablette-durcie-android-10-pouces\\\/\",\"url\":\"https:\\\/\\\/sailproof.shop\\\/fr\\\/produit\\\/sp10s-tablette-durcie-android-10-pouces\\\/\",\"name\":\"SP10S Tablette durcie Android 10 pouces - SailProof shop\",\"isPartOf\":{\"@id\":\"https:\\\/\\\/sailproof.shop\\\/fr\\\/#website\"},\"primaryImageOfPage\":{\"@id\":\"https:\\\/\\\/sailproof.shop\\\/fr\\\/produit\\\/sp10s-tablette-durcie-android-10-pouces\\\/#primaryimage\"},\"image\":{\"@id\":\"https:\\\/\\\/sailproof.shop\\\/fr\\\/produit\\\/sp10s-tablette-durcie-android-10-pouces\\\/#primaryimage\"},\"thumbnailUrl\":\"https:\\\/\\\/sailproof.shop\\\/wp-content\\\/uploads\\\/2024\\\/12\\\/SP10S-SailProof-rugged-tablet.jpg\",\"datePublished\":\"2024-12-18T08:51:54+00:00\",\"dateModified\":\"2026-04-15T08:09:13+00:00\",\"description\":\"La nouvelle tablette robuste Android de 10 pouces pour les marins et les propri\u00e9taires de bateaux. Lisible \u00e0 la lumi\u00e8re du soleil, une batterie puissante et une puce GPS pr\u00e9cise dans un bo\u00eetier \u00e9tanche.\",\"breadcrumb\":{\"@id\":\"https:\\\/\\\/sailproof.shop\\\/fr\\\/produit\\\/sp10s-tablette-durcie-android-10-pouces\\\/#breadcrumb\"},\"inLanguage\":\"fr-FR\",\"potentialAction\":[{\"@type\":\"ReadAction\",\"target\":[\"https:\\\/\\\/sailproof.shop\\\/fr\\\/produit\\\/sp10s-tablette-durcie-android-10-pouces\\\/\"]}]},{\"@type\":\"ImageObject\",\"inLanguage\":\"fr-FR\",\"@id\":\"https:\\\/\\\/sailproof.shop\\\/fr\\\/produit\\\/sp10s-tablette-durcie-android-10-pouces\\\/#primaryimage\",\"url\":\"https:\\\/\\\/sailproof.shop\\\/wp-content\\\/uploads\\\/2024\\\/12\\\/SP10S-SailProof-rugged-tablet.jpg\",\"contentUrl\":\"https:\\\/\\\/sailproof.shop\\\/wp-content\\\/uploads\\\/2024\\\/12\\\/SP10S-SailProof-rugged-tablet.jpg\",\"width\":1000,\"height\":1000},{\"@type\":\"BreadcrumbList\",\"@id\":\"https:\\\/\\\/sailproof.shop\\\/fr\\\/produit\\\/sp10s-tablette-durcie-android-10-pouces\\\/#breadcrumb\",\"itemListElement\":[{\"@type\":\"ListItem\",\"position\":1,\"name\":\"Accueil\",\"item\":\"https:\\\/\\\/sailproof.shop\\\/fr\\\/\"},{\"@type\":\"ListItem\",\"position\":2,\"name\":\"Boutique\",\"item\":\"https:\\\/\\\/sailproof.shop\\\/fr\\\/boutique\\\/\"},{\"@type\":\"ListItem\",\"position\":3,\"name\":\"Tablettes durcies\",\"item\":\"https:\\\/\\\/sailproof.shop\\\/fr\\\/categorie-produit\\\/tablettes-durcies\\\/\"},{\"@type\":\"ListItem\",\"position\":4,\"name\":\"SP10S Tablette durcie Android 10 pouces\"}]},{\"@type\":\"WebSite\",\"@id\":\"https:\\\/\\\/sailproof.shop\\\/fr\\\/#website\",\"url\":\"https:\\\/\\\/sailproof.shop\\\/fr\\\/\",\"name\":\"SailProof Shop\",\"description\":\"Rugged tablets and waterproof electronic device for sailors\",\"publisher\":{\"@id\":\"https:\\\/\\\/sailproof.shop\\\/fr\\\/#organization\"},\"alternateName\":\"SailProof Shop\",\"potentialAction\":[{\"@type\":\"SearchAction\",\"target\":{\"@type\":\"EntryPoint\",\"urlTemplate\":\"https:\\\/\\\/sailproof.shop\\\/fr\\\/?s={search_term_string}\"},\"query-input\":{\"@type\":\"PropertyValueSpecification\",\"valueRequired\":true,\"valueName\":\"search_term_string\"}}],\"inLanguage\":\"fr-FR\"},{\"@type\":\"Organization\",\"@id\":\"https:\\\/\\\/sailproof.shop\\\/fr\\\/#organization\",\"name\":\"SailProof Shop\",\"url\":\"https:\\\/\\\/sailproof.shop\\\/fr\\\/\",\"logo\":{\"@type\":\"ImageObject\",\"inLanguage\":\"fr-FR\",\"@id\":\"https:\\\/\\\/sailproof.shop\\\/fr\\\/#\\\/schema\\\/logo\\\/image\\\/\",\"url\":\"https:\\\/\\\/sailproof.shop\\\/wp-content\\\/uploads\\\/2024\\\/10\\\/Logo-SailProof.png\",\"contentUrl\":\"https:\\\/\\\/sailproof.shop\\\/wp-content\\\/uploads\\\/2024\\\/10\\\/Logo-SailProof.png\",\"width\":160,\"height\":57,\"caption\":\"SailProof Shop\"},\"image\":{\"@id\":\"https:\\\/\\\/sailproof.shop\\\/fr\\\/#\\\/schema\\\/logo\\\/image\\\/\"},\"sameAs\":[\"https:\\\/\\\/www.facebook.com\\\/sailproof\",\"https:\\\/\\\/x.com\\\/SailproofShop\",\"https:\\\/\\\/instagram.com\\\/sail.proof\",\"https:\\\/\\\/www.linkedin.com\\\/company\\\/sailproofshop\\\/\",\"https:\\\/\\\/www.pinterest.com\\\/SailProof\\\/\",\"https:\\\/\\\/www.youtube.com\\\/channel\\\/UClR4lWJvI8KoSGnCbLYPaFg\"]}]}<\/script>\n<!-- \/ Yoast SEO plugin. -->","yoast_head_json":{"title":"SP10S Tablette durcie Android 10 pouces - SailProof shop","description":"La nouvelle tablette robuste Android de 10 pouces pour les marins et les propri\u00e9taires de bateaux. Lisible \u00e0 la lumi\u00e8re du soleil, une batterie puissante et une puce GPS pr\u00e9cise dans un bo\u00eetier \u00e9tanche.","robots":{"index":"index","follow":"follow","max-snippet":"max-snippet:-1","max-image-preview":"max-image-preview:large","max-video-preview":"max-video-preview:-1"},"canonical":"https:\/\/sailproof.shop\/fr\/produit\/sp10s-tablette-durcie-android-10-pouces\/","og_locale":"fr_FR","og_type":"article","og_title":"SP10S Tablette durcie Android 10 pouces - SailProof shop","og_description":"La nouvelle tablette robuste Android de 10 pouces pour les marins et les propri\u00e9taires de bateaux. Lisible \u00e0 la lumi\u00e8re du soleil, une batterie puissante et une puce GPS pr\u00e9cise dans un bo\u00eetier \u00e9tanche.","og_url":"https:\/\/sailproof.shop\/fr\/produit\/sp10s-tablette-durcie-android-10-pouces\/","og_site_name":"SailProof shop","article_publisher":"https:\/\/www.facebook.com\/sailproof","article_modified_time":"2026-04-15T08:09:13+00:00","og_image":[{"width":1000,"height":1000,"url":"https:\/\/sailproof.shop\/wp-content\/uploads\/2024\/12\/SP10S-SailProof-rugged-tablet.jpg","type":"image\/jpeg"}],"twitter_card":"summary_large_image","twitter_site":"@SailproofShop","twitter_misc":{"Dur\u00e9e de lecture estim\u00e9e":"1 minute"},"schema":{"@context":"https:\/\/schema.org","@graph":[{"@type":"WebPage","@id":"https:\/\/sailproof.shop\/fr\/produit\/sp10s-tablette-durcie-android-10-pouces\/","url":"https:\/\/sailproof.shop\/fr\/produit\/sp10s-tablette-durcie-android-10-pouces\/","name":"SP10S Tablette durcie Android 10 pouces - SailProof shop","isPartOf":{"@id":"https:\/\/sailproof.shop\/fr\/#website"},"primaryImageOfPage":{"@id":"https:\/\/sailproof.shop\/fr\/produit\/sp10s-tablette-durcie-android-10-pouces\/#primaryimage"},"image":{"@id":"https:\/\/sailproof.shop\/fr\/produit\/sp10s-tablette-durcie-android-10-pouces\/#primaryimage"},"thumbnailUrl":"https:\/\/sailproof.shop\/wp-content\/uploads\/2024\/12\/SP10S-SailProof-rugged-tablet.jpg","datePublished":"2024-12-18T08:51:54+00:00","dateModified":"2026-04-15T08:09:13+00:00","description":"La nouvelle tablette robuste Android de 10 pouces pour les marins et les propri\u00e9taires de bateaux. Lisible \u00e0 la lumi\u00e8re du soleil, une batterie puissante et une puce GPS pr\u00e9cise dans un bo\u00eetier \u00e9tanche.","breadcrumb":{"@id":"https:\/\/sailproof.shop\/fr\/produit\/sp10s-tablette-durcie-android-10-pouces\/#breadcrumb"},"inLanguage":"fr-FR","potentialAction":[{"@type":"ReadAction","target":["https:\/\/sailproof.shop\/fr\/produit\/sp10s-tablette-durcie-android-10-pouces\/"]}]},{"@type":"ImageObject","inLanguage":"fr-FR","@id":"https:\/\/sailproof.shop\/fr\/produit\/sp10s-tablette-durcie-android-10-pouces\/#primaryimage","url":"https:\/\/sailproof.shop\/wp-content\/uploads\/2024\/12\/SP10S-SailProof-rugged-tablet.jpg","contentUrl":"https:\/\/sailproof.shop\/wp-content\/uploads\/2024\/12\/SP10S-SailProof-rugged-tablet.jpg","width":1000,"height":1000},{"@type":"BreadcrumbList","@id":"https:\/\/sailproof.shop\/fr\/produit\/sp10s-tablette-durcie-android-10-pouces\/#breadcrumb","itemListElement":[{"@type":"ListItem","position":1,"name":"Accueil","item":"https:\/\/sailproof.shop\/fr\/"},{"@type":"ListItem","position":2,"name":"Boutique","item":"https:\/\/sailproof.shop\/fr\/boutique\/"},{"@type":"ListItem","position":3,"name":"Tablettes durcies","item":"https:\/\/sailproof.shop\/fr\/categorie-produit\/tablettes-durcies\/"},{"@type":"ListItem","position":4,"name":"SP10S Tablette durcie Android 10 pouces"}]},{"@type":"WebSite","@id":"https:\/\/sailproof.shop\/fr\/#website","url":"https:\/\/sailproof.shop\/fr\/","name":"SailProof Shop","description":"Rugged tablets and waterproof electronic device for sailors","publisher":{"@id":"https:\/\/sailproof.shop\/fr\/#organization"},"alternateName":"SailProof Shop","potentialAction":[{"@type":"SearchAction","target":{"@type":"EntryPoint","urlTemplate":"https:\/\/sailproof.shop\/fr\/?s={search_term_string}"},"query-input":{"@type":"PropertyValueSpecification","valueRequired":true,"valueName":"search_term_string"}}],"inLanguage":"fr-FR"},{"@type":"Organization","@id":"https:\/\/sailproof.shop\/fr\/#organization","name":"SailProof Shop","url":"https:\/\/sailproof.shop\/fr\/","logo":{"@type":"ImageObject","inLanguage":"fr-FR","@id":"https:\/\/sailproof.shop\/fr\/#\/schema\/logo\/image\/","url":"https:\/\/sailproof.shop\/wp-content\/uploads\/2024\/10\/Logo-SailProof.png","contentUrl":"https:\/\/sailproof.shop\/wp-content\/uploads\/2024\/10\/Logo-SailProof.png","width":160,"height":57,"caption":"SailProof Shop"},"image":{"@id":"https:\/\/sailproof.shop\/fr\/#\/schema\/logo\/image\/"},"sameAs":["https:\/\/www.facebook.com\/sailproof","https:\/\/x.com\/SailproofShop","https:\/\/instagram.com\/sail.proof","https:\/\/www.linkedin.com\/company\/sailproofshop\/","https:\/\/www.pinterest.com\/SailProof\/","https:\/\/www.youtube.com\/channel\/UClR4lWJvI8KoSGnCbLYPaFg"]}]}},"_links":{"self":[{"href":"https:\/\/sailproof.shop\/fr\/wp-json\/wp\/v2\/product\/6250","targetHints":{"allow":["GET"]}}],"collection":[{"href":"https:\/\/sailproof.shop\/fr\/wp-json\/wp\/v2\/product"}],"about":[{"href":"https:\/\/sailproof.shop\/fr\/wp-json\/wp\/v2\/types\/product"}],"wp:featuredmedia":[{"embeddable":true,"href":"https:\/\/sailproof.shop\/fr\/wp-json\/wp\/v2\/media\/8063"}],"wp:attachment":[{"href":"https:\/\/sailproof.shop\/fr\/wp-json\/wp\/v2\/media?parent=6250"}],"wp:term":[{"taxonomy":"product_brand","embeddable":true,"href":"https:\/\/sailproof.shop\/fr\/wp-json\/wp\/v2\/product_brand?post=6250"},{"taxonomy":"product_cat","embeddable":true,"href":"https:\/\/sailproof.shop\/fr\/wp-json\/wp\/v2\/product_cat?post=6250"},{"taxonomy":"product_tag","embeddable":true,"href":"https:\/\/sailproof.shop\/fr\/wp-json\/wp\/v2\/product_tag?post=6250"}],"curies":[{"name":"wp","href":"https:\/\/api.w.org\/{rel}","templated":true}]}}