{"id":6256,"date":"2024-12-17T16:10:27","date_gmt":"2024-12-17T16:10:27","guid":{"rendered":"https:\/\/sailproof.shop\/product\/ecran-tactile-etanche-de-10-pouces-lisible-en-plein-soleil\/"},"modified":"2026-04-17T10:15:45","modified_gmt":"2026-04-17T09:15:45","slug":"ecran-tactile-etanche-de-10-pouces-lisible-en-plein-soleil","status":"publish","type":"product","link":"https:\/\/sailproof.shop\/fr\/produit\/ecran-tactile-etanche-de-10-pouces-lisible-en-plein-soleil\/","title":{"rendered":"\u00c9cran tactile \u00e9tanche de 10 pouces lisible en plein soleil"},"content":{"rendered":"<p>\u00c9cran tactile \u00e9tanche lisible en plein soleil pour la navigation sur PC<\/p>\n","protected":false},"excerpt":{"rendered":"<p>Adepte de la navigation sur PC avec des logiciels Windows comme OpenCPN, ScanNav, SimSail, Coastal Explorer, PC Plotter, Time Zero MaxSea, Adrena, Expedition ou tout autre logiciel de navigation PC ou Mac ?<br \/>\nVous avez toujours r\u00eav\u00e9 de suivre votre parcours sur la carte dans votre cockpit, malgr\u00e9 le soleil ou les embruns ?<\/p>\n<p>C\u2019est enfin possible avec notre \u00e9cran tactile \u00e9tanche de 10,1 pouces lisible en plein soleil.<br \/>\nBranchez-le comme un deuxi\u00e8me \u00e9cran sur votre PC \u00e0 la table de carte, installez-le sur un support VESA dans le cockpit et vous n\u2019aurez plus jamais \u00e0 quitter le cockpit et d\u00e9tourner les yeux de la mer pour v\u00e9rifier votre position.<\/p>\n","protected":false},"featured_media":100415,"template":"","meta":[],"product_brand":[900],"product_cat":[635],"product_tag":[732,735],"class_list":{"0":"post-6256","1":"product","2":"type-product","3":"status-publish","4":"has-post-thumbnail","6":"product_brand-sailproof","7":"product_cat-ecrans-tactiles","8":"product_tag-garantie-2-ans","9":"product_tag-livraison-rapide","11":"first","12":"onbackorder","13":"taxable","14":"shipping-taxable","15":"purchasable","16":"product-type-simple"},"supplier_id":null,"supplier_sku":"","barcode":null,"atum_controlled":true,"out_stock_date":"2026-04-22 11:19:03","out_stock_threshold":null,"inheritable":false,"inbound_stock":0,"stock_on_hold":1,"sold_today":0,"sales_last_days":8,"out_stock_days":11,"lost_sales":7593,"has_location":false,"update_date":"2026-05-04T01:45:39","atum_locations":[],"atum_stock_status":"onbackorder","restock_status":false,"low_stock_amount":6,"sales_update_date":"2026-05-04T01:45:39","calc_backorders":0,"yoast_head":"<!-- This site is optimized with the Yoast SEO plugin v27.4 - https:\/\/yoast.com\/product\/yoast-seo-wordpress\/ -->\n<title>\u00c9cran tactile \u00e9tanche de 10 pouces lisible en plein soleil - SailProof shop<\/title>\n<meta name=\"description\" content=\"Un \u00e9cran tactile \u00e9tanche de 10,1 pouces, lisible en plein soleil, \u00e0 installer dans le cockpit de votre bateau pour naviguer en toute s\u00e9curit\u00e9 avec la cartographie PC.\" \/>\n<meta name=\"robots\" content=\"index, follow, max-snippet:-1, max-image-preview:large, max-video-preview:-1\" \/>\n<link rel=\"canonical\" href=\"https:\/\/sailproof.shop\/fr\/produit\/ecran-tactile-etanche-de-10-pouces-lisible-en-plein-soleil\/\" \/>\n<meta property=\"og:locale\" content=\"fr_FR\" \/>\n<meta property=\"og:type\" content=\"article\" \/>\n<meta property=\"og:title\" content=\"\u00c9cran tactile \u00e9tanche de 10 pouces lisible en plein soleil - SailProof shop\" \/>\n<meta property=\"og:description\" content=\"Un \u00e9cran tactile \u00e9tanche de 10,1 pouces, lisible en plein soleil, \u00e0 installer dans le cockpit de votre bateau pour naviguer en toute s\u00e9curit\u00e9 avec la cartographie PC.\" \/>\n<meta property=\"og:url\" content=\"https:\/\/sailproof.shop\/fr\/produit\/ecran-tactile-etanche-de-10-pouces-lisible-en-plein-soleil\/\" \/>\n<meta property=\"og:site_name\" content=\"SailProof shop\" \/>\n<meta property=\"article:publisher\" content=\"https:\/\/www.facebook.com\/sailproof\" \/>\n<meta property=\"article:modified_time\" content=\"2026-04-17T09:15:45+00:00\" \/>\n<meta property=\"og:image\" content=\"https:\/\/sailproof.shop\/wp-content\/uploads\/2024\/12\/STS10_SailProofTouchscreen00-min-1.jpg\" \/>\n\t<meta property=\"og:image:width\" content=\"1000\" \/>\n\t<meta property=\"og:image:height\" content=\"793\" \/>\n\t<meta property=\"og:image:type\" content=\"image\/jpeg\" \/>\n<meta name=\"twitter:card\" content=\"summary_large_image\" \/>\n<meta name=\"twitter:site\" content=\"@SailproofShop\" \/>\n<script type=\"application\/ld+json\" class=\"yoast-schema-graph\">{\"@context\":\"https:\\\/\\\/schema.org\",\"@graph\":[{\"@type\":\"WebPage\",\"@id\":\"https:\\\/\\\/sailproof.shop\\\/fr\\\/produit\\\/ecran-tactile-etanche-de-10-pouces-lisible-en-plein-soleil\\\/\",\"url\":\"https:\\\/\\\/sailproof.shop\\\/fr\\\/produit\\\/ecran-tactile-etanche-de-10-pouces-lisible-en-plein-soleil\\\/\",\"name\":\"\u00c9cran tactile \u00e9tanche de 10 pouces lisible en plein soleil - SailProof shop\",\"isPartOf\":{\"@id\":\"https:\\\/\\\/sailproof.shop\\\/fr\\\/#website\"},\"primaryImageOfPage\":{\"@id\":\"https:\\\/\\\/sailproof.shop\\\/fr\\\/produit\\\/ecran-tactile-etanche-de-10-pouces-lisible-en-plein-soleil\\\/#primaryimage\"},\"image\":{\"@id\":\"https:\\\/\\\/sailproof.shop\\\/fr\\\/produit\\\/ecran-tactile-etanche-de-10-pouces-lisible-en-plein-soleil\\\/#primaryimage\"},\"thumbnailUrl\":\"https:\\\/\\\/sailproof.shop\\\/wp-content\\\/uploads\\\/2024\\\/12\\\/STS10_SailProofTouchscreen00-min-1.jpg\",\"datePublished\":\"2024-12-17T16:10:27+00:00\",\"dateModified\":\"2026-04-17T09:15:45+00:00\",\"description\":\"Un \u00e9cran tactile \u00e9tanche de 10,1 pouces, lisible en plein soleil, \u00e0 installer dans le cockpit de votre bateau pour naviguer en toute s\u00e9curit\u00e9 avec la cartographie PC.\",\"breadcrumb\":{\"@id\":\"https:\\\/\\\/sailproof.shop\\\/fr\\\/produit\\\/ecran-tactile-etanche-de-10-pouces-lisible-en-plein-soleil\\\/#breadcrumb\"},\"inLanguage\":\"fr-FR\",\"potentialAction\":[{\"@type\":\"ReadAction\",\"target\":[\"https:\\\/\\\/sailproof.shop\\\/fr\\\/produit\\\/ecran-tactile-etanche-de-10-pouces-lisible-en-plein-soleil\\\/\"]}]},{\"@type\":\"ImageObject\",\"inLanguage\":\"fr-FR\",\"@id\":\"https:\\\/\\\/sailproof.shop\\\/fr\\\/produit\\\/ecran-tactile-etanche-de-10-pouces-lisible-en-plein-soleil\\\/#primaryimage\",\"url\":\"https:\\\/\\\/sailproof.shop\\\/wp-content\\\/uploads\\\/2024\\\/12\\\/STS10_SailProofTouchscreen00-min-1.jpg\",\"contentUrl\":\"https:\\\/\\\/sailproof.shop\\\/wp-content\\\/uploads\\\/2024\\\/12\\\/STS10_SailProofTouchscreen00-min-1.jpg\",\"width\":1000,\"height\":793,\"caption\":\"SailProof STS10 sunlight readable waterproof touchscreen\"},{\"@type\":\"BreadcrumbList\",\"@id\":\"https:\\\/\\\/sailproof.shop\\\/fr\\\/produit\\\/ecran-tactile-etanche-de-10-pouces-lisible-en-plein-soleil\\\/#breadcrumb\",\"itemListElement\":[{\"@type\":\"ListItem\",\"position\":1,\"name\":\"Accueil\",\"item\":\"https:\\\/\\\/sailproof.shop\\\/fr\\\/\"},{\"@type\":\"ListItem\",\"position\":2,\"name\":\"Boutique\",\"item\":\"https:\\\/\\\/sailproof.shop\\\/fr\\\/boutique\\\/\"},{\"@type\":\"ListItem\",\"position\":3,\"name\":\"\u00c9crans tactiles\",\"item\":\"https:\\\/\\\/sailproof.shop\\\/fr\\\/categorie-produit\\\/ecrans-tactiles\\\/\"},{\"@type\":\"ListItem\",\"position\":4,\"name\":\"\u00c9cran tactile \u00e9tanche de 10 pouces lisible en plein soleil\"}]},{\"@type\":\"WebSite\",\"@id\":\"https:\\\/\\\/sailproof.shop\\\/fr\\\/#website\",\"url\":\"https:\\\/\\\/sailproof.shop\\\/fr\\\/\",\"name\":\"SailProof Shop\",\"description\":\"Rugged tablets and waterproof electronic device for sailors\",\"publisher\":{\"@id\":\"https:\\\/\\\/sailproof.shop\\\/fr\\\/#organization\"},\"alternateName\":\"SailProof Shop\",\"potentialAction\":[{\"@type\":\"SearchAction\",\"target\":{\"@type\":\"EntryPoint\",\"urlTemplate\":\"https:\\\/\\\/sailproof.shop\\\/fr\\\/?s={search_term_string}\"},\"query-input\":{\"@type\":\"PropertyValueSpecification\",\"valueRequired\":true,\"valueName\":\"search_term_string\"}}],\"inLanguage\":\"fr-FR\"},{\"@type\":\"Organization\",\"@id\":\"https:\\\/\\\/sailproof.shop\\\/fr\\\/#organization\",\"name\":\"SailProof Shop\",\"url\":\"https:\\\/\\\/sailproof.shop\\\/fr\\\/\",\"logo\":{\"@type\":\"ImageObject\",\"inLanguage\":\"fr-FR\",\"@id\":\"https:\\\/\\\/sailproof.shop\\\/fr\\\/#\\\/schema\\\/logo\\\/image\\\/\",\"url\":\"https:\\\/\\\/sailproof.shop\\\/wp-content\\\/uploads\\\/2024\\\/10\\\/Logo-SailProof.png\",\"contentUrl\":\"https:\\\/\\\/sailproof.shop\\\/wp-content\\\/uploads\\\/2024\\\/10\\\/Logo-SailProof.png\",\"width\":160,\"height\":57,\"caption\":\"SailProof Shop\"},\"image\":{\"@id\":\"https:\\\/\\\/sailproof.shop\\\/fr\\\/#\\\/schema\\\/logo\\\/image\\\/\"},\"sameAs\":[\"https:\\\/\\\/www.facebook.com\\\/sailproof\",\"https:\\\/\\\/x.com\\\/SailproofShop\",\"https:\\\/\\\/instagram.com\\\/sail.proof\",\"https:\\\/\\\/www.linkedin.com\\\/company\\\/sailproofshop\\\/\",\"https:\\\/\\\/www.pinterest.com\\\/SailProof\\\/\",\"https:\\\/\\\/www.youtube.com\\\/channel\\\/UClR4lWJvI8KoSGnCbLYPaFg\"]}]}<\/script>\n<!-- \/ Yoast SEO plugin. -->","yoast_head_json":{"title":"\u00c9cran tactile \u00e9tanche de 10 pouces lisible en plein soleil - SailProof shop","description":"Un \u00e9cran tactile \u00e9tanche de 10,1 pouces, lisible en plein soleil, \u00e0 installer dans le cockpit de votre bateau pour naviguer en toute s\u00e9curit\u00e9 avec la cartographie PC.","robots":{"index":"index","follow":"follow","max-snippet":"max-snippet:-1","max-image-preview":"max-image-preview:large","max-video-preview":"max-video-preview:-1"},"canonical":"https:\/\/sailproof.shop\/fr\/produit\/ecran-tactile-etanche-de-10-pouces-lisible-en-plein-soleil\/","og_locale":"fr_FR","og_type":"article","og_title":"\u00c9cran tactile \u00e9tanche de 10 pouces lisible en plein soleil - SailProof shop","og_description":"Un \u00e9cran tactile \u00e9tanche de 10,1 pouces, lisible en plein soleil, \u00e0 installer dans le cockpit de votre bateau pour naviguer en toute s\u00e9curit\u00e9 avec la cartographie PC.","og_url":"https:\/\/sailproof.shop\/fr\/produit\/ecran-tactile-etanche-de-10-pouces-lisible-en-plein-soleil\/","og_site_name":"SailProof shop","article_publisher":"https:\/\/www.facebook.com\/sailproof","article_modified_time":"2026-04-17T09:15:45+00:00","og_image":[{"width":1000,"height":793,"url":"https:\/\/sailproof.shop\/wp-content\/uploads\/2024\/12\/STS10_SailProofTouchscreen00-min-1.jpg","type":"image\/jpeg"}],"twitter_card":"summary_large_image","twitter_site":"@SailproofShop","schema":{"@context":"https:\/\/schema.org","@graph":[{"@type":"WebPage","@id":"https:\/\/sailproof.shop\/fr\/produit\/ecran-tactile-etanche-de-10-pouces-lisible-en-plein-soleil\/","url":"https:\/\/sailproof.shop\/fr\/produit\/ecran-tactile-etanche-de-10-pouces-lisible-en-plein-soleil\/","name":"\u00c9cran tactile \u00e9tanche de 10 pouces lisible en plein soleil - SailProof shop","isPartOf":{"@id":"https:\/\/sailproof.shop\/fr\/#website"},"primaryImageOfPage":{"@id":"https:\/\/sailproof.shop\/fr\/produit\/ecran-tactile-etanche-de-10-pouces-lisible-en-plein-soleil\/#primaryimage"},"image":{"@id":"https:\/\/sailproof.shop\/fr\/produit\/ecran-tactile-etanche-de-10-pouces-lisible-en-plein-soleil\/#primaryimage"},"thumbnailUrl":"https:\/\/sailproof.shop\/wp-content\/uploads\/2024\/12\/STS10_SailProofTouchscreen00-min-1.jpg","datePublished":"2024-12-17T16:10:27+00:00","dateModified":"2026-04-17T09:15:45+00:00","description":"Un \u00e9cran tactile \u00e9tanche de 10,1 pouces, lisible en plein soleil, \u00e0 installer dans le cockpit de votre bateau pour naviguer en toute s\u00e9curit\u00e9 avec la cartographie PC.","breadcrumb":{"@id":"https:\/\/sailproof.shop\/fr\/produit\/ecran-tactile-etanche-de-10-pouces-lisible-en-plein-soleil\/#breadcrumb"},"inLanguage":"fr-FR","potentialAction":[{"@type":"ReadAction","target":["https:\/\/sailproof.shop\/fr\/produit\/ecran-tactile-etanche-de-10-pouces-lisible-en-plein-soleil\/"]}]},{"@type":"ImageObject","inLanguage":"fr-FR","@id":"https:\/\/sailproof.shop\/fr\/produit\/ecran-tactile-etanche-de-10-pouces-lisible-en-plein-soleil\/#primaryimage","url":"https:\/\/sailproof.shop\/wp-content\/uploads\/2024\/12\/STS10_SailProofTouchscreen00-min-1.jpg","contentUrl":"https:\/\/sailproof.shop\/wp-content\/uploads\/2024\/12\/STS10_SailProofTouchscreen00-min-1.jpg","width":1000,"height":793,"caption":"SailProof STS10 sunlight readable waterproof touchscreen"},{"@type":"BreadcrumbList","@id":"https:\/\/sailproof.shop\/fr\/produit\/ecran-tactile-etanche-de-10-pouces-lisible-en-plein-soleil\/#breadcrumb","itemListElement":[{"@type":"ListItem","position":1,"name":"Accueil","item":"https:\/\/sailproof.shop\/fr\/"},{"@type":"ListItem","position":2,"name":"Boutique","item":"https:\/\/sailproof.shop\/fr\/boutique\/"},{"@type":"ListItem","position":3,"name":"\u00c9crans tactiles","item":"https:\/\/sailproof.shop\/fr\/categorie-produit\/ecrans-tactiles\/"},{"@type":"ListItem","position":4,"name":"\u00c9cran tactile \u00e9tanche de 10 pouces lisible en plein soleil"}]},{"@type":"WebSite","@id":"https:\/\/sailproof.shop\/fr\/#website","url":"https:\/\/sailproof.shop\/fr\/","name":"SailProof Shop","description":"Rugged tablets and waterproof electronic device for sailors","publisher":{"@id":"https:\/\/sailproof.shop\/fr\/#organization"},"alternateName":"SailProof Shop","potentialAction":[{"@type":"SearchAction","target":{"@type":"EntryPoint","urlTemplate":"https:\/\/sailproof.shop\/fr\/?s={search_term_string}"},"query-input":{"@type":"PropertyValueSpecification","valueRequired":true,"valueName":"search_term_string"}}],"inLanguage":"fr-FR"},{"@type":"Organization","@id":"https:\/\/sailproof.shop\/fr\/#organization","name":"SailProof Shop","url":"https:\/\/sailproof.shop\/fr\/","logo":{"@type":"ImageObject","inLanguage":"fr-FR","@id":"https:\/\/sailproof.shop\/fr\/#\/schema\/logo\/image\/","url":"https:\/\/sailproof.shop\/wp-content\/uploads\/2024\/10\/Logo-SailProof.png","contentUrl":"https:\/\/sailproof.shop\/wp-content\/uploads\/2024\/10\/Logo-SailProof.png","width":160,"height":57,"caption":"SailProof Shop"},"image":{"@id":"https:\/\/sailproof.shop\/fr\/#\/schema\/logo\/image\/"},"sameAs":["https:\/\/www.facebook.com\/sailproof","https:\/\/x.com\/SailproofShop","https:\/\/instagram.com\/sail.proof","https:\/\/www.linkedin.com\/company\/sailproofshop\/","https:\/\/www.pinterest.com\/SailProof\/","https:\/\/www.youtube.com\/channel\/UClR4lWJvI8KoSGnCbLYPaFg"]}]}},"_links":{"self":[{"href":"https:\/\/sailproof.shop\/fr\/wp-json\/wp\/v2\/product\/6256","targetHints":{"allow":["GET"]}}],"collection":[{"href":"https:\/\/sailproof.shop\/fr\/wp-json\/wp\/v2\/product"}],"about":[{"href":"https:\/\/sailproof.shop\/fr\/wp-json\/wp\/v2\/types\/product"}],"wp:featuredmedia":[{"embeddable":true,"href":"https:\/\/sailproof.shop\/fr\/wp-json\/wp\/v2\/media\/100415"}],"wp:attachment":[{"href":"https:\/\/sailproof.shop\/fr\/wp-json\/wp\/v2\/media?parent=6256"}],"wp:term":[{"taxonomy":"product_brand","embeddable":true,"href":"https:\/\/sailproof.shop\/fr\/wp-json\/wp\/v2\/product_brand?post=6256"},{"taxonomy":"product_cat","embeddable":true,"href":"https:\/\/sailproof.shop\/fr\/wp-json\/wp\/v2\/product_cat?post=6256"},{"taxonomy":"product_tag","embeddable":true,"href":"https:\/\/sailproof.shop\/fr\/wp-json\/wp\/v2\/product_tag?post=6256"}],"curies":[{"name":"wp","href":"https:\/\/api.w.org\/{rel}","templated":true}]}}