{"id":99704,"date":"2025-09-12T10:19:40","date_gmt":"2025-09-12T09:19:40","guid":{"rendered":"https:\/\/sailproof.shop\/?post_type=product&#038;p=99704"},"modified":"2026-03-24T14:34:45","modified_gmt":"2026-03-24T13:34:45","slug":"base-ram-mount-en-u-pour-rails-de-25-a-32-mm-copy-2","status":"publish","type":"product","link":"https:\/\/sailproof.shop\/fr\/produit\/base-ram-mount-en-u-pour-rails-de-25-a-32-mm-copy-2\/","title":{"rendered":"Bras long RAM MOUNT pour boule de taille C"},"content":{"rendered":"<p>Le RAM-201U-D se compose d\u2019un long bras qui peut accueillir des bases, supports et adaptateurs \u00e0 boule de taille C (1,5&Prime;). Avec une longueur totale de 23 cm, c\u2019est la plus longue taille de bras RAM. Le bouton facile \u00e0 ajuster permet une adaptabilit\u00e9 presque infinie.  <\/p>\n","protected":false},"excerpt":{"rendered":"<p>Bras RAM long pour bases \u00e0 boule de 1,5&Prime;, longueur +\/- 23cm. \u00c0 utiliser en combinaison avec une base et la plaque VESA 75x75mm comme support pour nos \u00e9crans tactiles marins STS13 et STS 15. <\/p>\n","protected":false},"featured_media":99717,"template":"","meta":[],"product_brand":[910],"product_cat":[633],"product_tag":[732,735],"class_list":{"0":"post-99704","1":"product","2":"type-product","3":"status-publish","4":"has-post-thumbnail","6":"product_brand-ram-mounts","7":"product_cat-supports-decran-tactile","8":"product_tag-garantie-2-ans","9":"product_tag-livraison-rapide","11":"first","12":"instock","13":"taxable","14":"shipping-taxable","15":"purchasable","16":"product-type-simple"},"supplier_id":null,"supplier_sku":"","barcode":null,"atum_controlled":true,"out_stock_date":null,"out_stock_threshold":0,"inheritable":false,"inbound_stock":0,"stock_on_hold":0,"sold_today":0,"sales_last_days":0,"out_stock_days":0,"lost_sales":0,"has_location":false,"update_date":"2026-04-15T00:47:45","atum_locations":[],"atum_stock_status":"instock","restock_status":false,"low_stock_amount":2,"sales_update_date":"2026-04-15T00:47:45","calc_backorders":0,"yoast_head":"<!-- This site is optimized with the Yoast SEO plugin v27.3 - https:\/\/yoast.com\/product\/yoast-seo-wordpress\/ -->\n<title>Bras long RAM MOUNT pour boule de taille C - SailProof shop<\/title>\n<meta name=\"description\" content=\"Long bras RAM-MOUNT pouvant accueillir des bases \u00e0 boule de taille C (1,5&quot;). Adapt\u00e9 \u00e0 nos \u00e9crans tactiles \u00e9tanches de 13,3&quot; et 15,5&quot;.\" \/>\n<meta name=\"robots\" content=\"index, follow, max-snippet:-1, max-image-preview:large, max-video-preview:-1\" \/>\n<link rel=\"canonical\" href=\"https:\/\/sailproof.shop\/fr\/produit\/base-ram-mount-en-u-pour-rails-de-25-a-32-mm-copy-2\/\" \/>\n<meta property=\"og:locale\" content=\"fr_FR\" \/>\n<meta property=\"og:type\" content=\"article\" \/>\n<meta property=\"og:title\" content=\"Bras long RAM MOUNT pour boule de taille C - SailProof shop\" \/>\n<meta property=\"og:description\" content=\"Long bras RAM-MOUNT pouvant accueillir des bases \u00e0 boule de taille C (1,5&quot;). Adapt\u00e9 \u00e0 nos \u00e9crans tactiles \u00e9tanches de 13,3&quot; et 15,5&quot;.\" \/>\n<meta property=\"og:url\" content=\"https:\/\/sailproof.shop\/fr\/produit\/base-ram-mount-en-u-pour-rails-de-25-a-32-mm-copy-2\/\" \/>\n<meta property=\"og:site_name\" content=\"SailProof shop\" \/>\n<meta property=\"article:publisher\" content=\"https:\/\/www.facebook.com\/sailproof\" \/>\n<meta property=\"article:modified_time\" content=\"2026-03-24T13:34:45+00:00\" \/>\n<meta property=\"og:image\" content=\"https:\/\/sailproof.shop\/wp-content\/uploads\/2025\/09\/RAM-201U-D-Arm.jpg\" \/>\n\t<meta property=\"og:image:width\" content=\"800\" \/>\n\t<meta property=\"og:image:height\" content=\"800\" \/>\n\t<meta property=\"og:image:type\" content=\"image\/jpeg\" \/>\n<meta name=\"twitter:card\" content=\"summary_large_image\" \/>\n<meta name=\"twitter:site\" content=\"@SailproofShop\" \/>\n<script type=\"application\/ld+json\" class=\"yoast-schema-graph\">{\"@context\":\"https:\\\/\\\/schema.org\",\"@graph\":[{\"@type\":\"WebPage\",\"@id\":\"https:\\\/\\\/sailproof.shop\\\/fr\\\/produit\\\/base-ram-mount-en-u-pour-rails-de-25-a-32-mm-copy-2\\\/\",\"url\":\"https:\\\/\\\/sailproof.shop\\\/fr\\\/produit\\\/base-ram-mount-en-u-pour-rails-de-25-a-32-mm-copy-2\\\/\",\"name\":\"Bras long RAM MOUNT pour boule de taille C - SailProof shop\",\"isPartOf\":{\"@id\":\"https:\\\/\\\/sailproof.shop\\\/fr\\\/#website\"},\"primaryImageOfPage\":{\"@id\":\"https:\\\/\\\/sailproof.shop\\\/fr\\\/produit\\\/base-ram-mount-en-u-pour-rails-de-25-a-32-mm-copy-2\\\/#primaryimage\"},\"image\":{\"@id\":\"https:\\\/\\\/sailproof.shop\\\/fr\\\/produit\\\/base-ram-mount-en-u-pour-rails-de-25-a-32-mm-copy-2\\\/#primaryimage\"},\"thumbnailUrl\":\"https:\\\/\\\/sailproof.shop\\\/wp-content\\\/uploads\\\/2025\\\/09\\\/RAM-201U-D-Arm.jpg\",\"datePublished\":\"2025-09-12T09:19:40+00:00\",\"dateModified\":\"2026-03-24T13:34:45+00:00\",\"description\":\"Long bras RAM-MOUNT pouvant accueillir des bases \u00e0 boule de taille C (1,5\\\"). Adapt\u00e9 \u00e0 nos \u00e9crans tactiles \u00e9tanches de 13,3\\\" et 15,5\\\".\",\"breadcrumb\":{\"@id\":\"https:\\\/\\\/sailproof.shop\\\/fr\\\/produit\\\/base-ram-mount-en-u-pour-rails-de-25-a-32-mm-copy-2\\\/#breadcrumb\"},\"inLanguage\":\"fr-FR\",\"potentialAction\":[{\"@type\":\"ReadAction\",\"target\":[\"https:\\\/\\\/sailproof.shop\\\/fr\\\/produit\\\/base-ram-mount-en-u-pour-rails-de-25-a-32-mm-copy-2\\\/\"]}]},{\"@type\":\"ImageObject\",\"inLanguage\":\"fr-FR\",\"@id\":\"https:\\\/\\\/sailproof.shop\\\/fr\\\/produit\\\/base-ram-mount-en-u-pour-rails-de-25-a-32-mm-copy-2\\\/#primaryimage\",\"url\":\"https:\\\/\\\/sailproof.shop\\\/wp-content\\\/uploads\\\/2025\\\/09\\\/RAM-201U-D-Arm.jpg\",\"contentUrl\":\"https:\\\/\\\/sailproof.shop\\\/wp-content\\\/uploads\\\/2025\\\/09\\\/RAM-201U-D-Arm.jpg\",\"width\":800,\"height\":800,\"caption\":\"RAM Long Double Socket Arm for 1.5\\\" Ball\"},{\"@type\":\"BreadcrumbList\",\"@id\":\"https:\\\/\\\/sailproof.shop\\\/fr\\\/produit\\\/base-ram-mount-en-u-pour-rails-de-25-a-32-mm-copy-2\\\/#breadcrumb\",\"itemListElement\":[{\"@type\":\"ListItem\",\"position\":1,\"name\":\"Accueil\",\"item\":\"https:\\\/\\\/sailproof.shop\\\/fr\\\/\"},{\"@type\":\"ListItem\",\"position\":2,\"name\":\"Boutique\",\"item\":\"https:\\\/\\\/sailproof.shop\\\/fr\\\/boutique\\\/\"},{\"@type\":\"ListItem\",\"position\":3,\"name\":\"Supports\",\"item\":\"https:\\\/\\\/sailproof.shop\\\/fr\\\/categorie-produit\\\/supports\\\/\"},{\"@type\":\"ListItem\",\"position\":4,\"name\":\"Supports d'\u00e9cran tactile\",\"item\":\"https:\\\/\\\/sailproof.shop\\\/fr\\\/categorie-produit\\\/supports\\\/supports-decran-tactile\\\/\"},{\"@type\":\"ListItem\",\"position\":5,\"name\":\"Private: Bras long RAM MOUNT pour boule de taille C\"}]},{\"@type\":\"WebSite\",\"@id\":\"https:\\\/\\\/sailproof.shop\\\/fr\\\/#website\",\"url\":\"https:\\\/\\\/sailproof.shop\\\/fr\\\/\",\"name\":\"SailProof Shop\",\"description\":\"Rugged tablets and waterproof electronic device for sailors\",\"publisher\":{\"@id\":\"https:\\\/\\\/sailproof.shop\\\/fr\\\/#organization\"},\"alternateName\":\"SailProof Shop\",\"potentialAction\":[{\"@type\":\"SearchAction\",\"target\":{\"@type\":\"EntryPoint\",\"urlTemplate\":\"https:\\\/\\\/sailproof.shop\\\/fr\\\/?s={search_term_string}\"},\"query-input\":{\"@type\":\"PropertyValueSpecification\",\"valueRequired\":true,\"valueName\":\"search_term_string\"}}],\"inLanguage\":\"fr-FR\"},{\"@type\":\"Organization\",\"@id\":\"https:\\\/\\\/sailproof.shop\\\/fr\\\/#organization\",\"name\":\"SailProof Shop\",\"url\":\"https:\\\/\\\/sailproof.shop\\\/fr\\\/\",\"logo\":{\"@type\":\"ImageObject\",\"inLanguage\":\"fr-FR\",\"@id\":\"https:\\\/\\\/sailproof.shop\\\/fr\\\/#\\\/schema\\\/logo\\\/image\\\/\",\"url\":\"https:\\\/\\\/sailproof.shop\\\/wp-content\\\/uploads\\\/2024\\\/10\\\/Logo-SailProof.png\",\"contentUrl\":\"https:\\\/\\\/sailproof.shop\\\/wp-content\\\/uploads\\\/2024\\\/10\\\/Logo-SailProof.png\",\"width\":160,\"height\":57,\"caption\":\"SailProof Shop\"},\"image\":{\"@id\":\"https:\\\/\\\/sailproof.shop\\\/fr\\\/#\\\/schema\\\/logo\\\/image\\\/\"},\"sameAs\":[\"https:\\\/\\\/www.facebook.com\\\/sailproof\",\"https:\\\/\\\/x.com\\\/SailproofShop\",\"https:\\\/\\\/instagram.com\\\/sail.proof\",\"https:\\\/\\\/www.linkedin.com\\\/company\\\/sailproofshop\\\/\",\"https:\\\/\\\/www.pinterest.com\\\/SailProof\\\/\",\"https:\\\/\\\/www.youtube.com\\\/channel\\\/UClR4lWJvI8KoSGnCbLYPaFg\"]}]}<\/script>\n<!-- \/ Yoast SEO plugin. -->","yoast_head_json":{"title":"Bras long RAM MOUNT pour boule de taille C - SailProof shop","description":"Long bras RAM-MOUNT pouvant accueillir des bases \u00e0 boule de taille C (1,5\"). Adapt\u00e9 \u00e0 nos \u00e9crans tactiles \u00e9tanches de 13,3\" et 15,5\".","robots":{"index":"index","follow":"follow","max-snippet":"max-snippet:-1","max-image-preview":"max-image-preview:large","max-video-preview":"max-video-preview:-1"},"canonical":"https:\/\/sailproof.shop\/fr\/produit\/base-ram-mount-en-u-pour-rails-de-25-a-32-mm-copy-2\/","og_locale":"fr_FR","og_type":"article","og_title":"Bras long RAM MOUNT pour boule de taille C - SailProof shop","og_description":"Long bras RAM-MOUNT pouvant accueillir des bases \u00e0 boule de taille C (1,5\"). Adapt\u00e9 \u00e0 nos \u00e9crans tactiles \u00e9tanches de 13,3\" et 15,5\".","og_url":"https:\/\/sailproof.shop\/fr\/produit\/base-ram-mount-en-u-pour-rails-de-25-a-32-mm-copy-2\/","og_site_name":"SailProof shop","article_publisher":"https:\/\/www.facebook.com\/sailproof","article_modified_time":"2026-03-24T13:34:45+00:00","og_image":[{"width":800,"height":800,"url":"https:\/\/sailproof.shop\/wp-content\/uploads\/2025\/09\/RAM-201U-D-Arm.jpg","type":"image\/jpeg"}],"twitter_card":"summary_large_image","twitter_site":"@SailproofShop","schema":{"@context":"https:\/\/schema.org","@graph":[{"@type":"WebPage","@id":"https:\/\/sailproof.shop\/fr\/produit\/base-ram-mount-en-u-pour-rails-de-25-a-32-mm-copy-2\/","url":"https:\/\/sailproof.shop\/fr\/produit\/base-ram-mount-en-u-pour-rails-de-25-a-32-mm-copy-2\/","name":"Bras long RAM MOUNT pour boule de taille C - SailProof shop","isPartOf":{"@id":"https:\/\/sailproof.shop\/fr\/#website"},"primaryImageOfPage":{"@id":"https:\/\/sailproof.shop\/fr\/produit\/base-ram-mount-en-u-pour-rails-de-25-a-32-mm-copy-2\/#primaryimage"},"image":{"@id":"https:\/\/sailproof.shop\/fr\/produit\/base-ram-mount-en-u-pour-rails-de-25-a-32-mm-copy-2\/#primaryimage"},"thumbnailUrl":"https:\/\/sailproof.shop\/wp-content\/uploads\/2025\/09\/RAM-201U-D-Arm.jpg","datePublished":"2025-09-12T09:19:40+00:00","dateModified":"2026-03-24T13:34:45+00:00","description":"Long bras RAM-MOUNT pouvant accueillir des bases \u00e0 boule de taille C (1,5\"). Adapt\u00e9 \u00e0 nos \u00e9crans tactiles \u00e9tanches de 13,3\" et 15,5\".","breadcrumb":{"@id":"https:\/\/sailproof.shop\/fr\/produit\/base-ram-mount-en-u-pour-rails-de-25-a-32-mm-copy-2\/#breadcrumb"},"inLanguage":"fr-FR","potentialAction":[{"@type":"ReadAction","target":["https:\/\/sailproof.shop\/fr\/produit\/base-ram-mount-en-u-pour-rails-de-25-a-32-mm-copy-2\/"]}]},{"@type":"ImageObject","inLanguage":"fr-FR","@id":"https:\/\/sailproof.shop\/fr\/produit\/base-ram-mount-en-u-pour-rails-de-25-a-32-mm-copy-2\/#primaryimage","url":"https:\/\/sailproof.shop\/wp-content\/uploads\/2025\/09\/RAM-201U-D-Arm.jpg","contentUrl":"https:\/\/sailproof.shop\/wp-content\/uploads\/2025\/09\/RAM-201U-D-Arm.jpg","width":800,"height":800,"caption":"RAM Long Double Socket Arm for 1.5\" Ball"},{"@type":"BreadcrumbList","@id":"https:\/\/sailproof.shop\/fr\/produit\/base-ram-mount-en-u-pour-rails-de-25-a-32-mm-copy-2\/#breadcrumb","itemListElement":[{"@type":"ListItem","position":1,"name":"Accueil","item":"https:\/\/sailproof.shop\/fr\/"},{"@type":"ListItem","position":2,"name":"Boutique","item":"https:\/\/sailproof.shop\/fr\/boutique\/"},{"@type":"ListItem","position":3,"name":"Supports","item":"https:\/\/sailproof.shop\/fr\/categorie-produit\/supports\/"},{"@type":"ListItem","position":4,"name":"Supports d'\u00e9cran tactile","item":"https:\/\/sailproof.shop\/fr\/categorie-produit\/supports\/supports-decran-tactile\/"},{"@type":"ListItem","position":5,"name":"Private: Bras long RAM MOUNT pour boule de taille C"}]},{"@type":"WebSite","@id":"https:\/\/sailproof.shop\/fr\/#website","url":"https:\/\/sailproof.shop\/fr\/","name":"SailProof Shop","description":"Rugged tablets and waterproof electronic device for sailors","publisher":{"@id":"https:\/\/sailproof.shop\/fr\/#organization"},"alternateName":"SailProof Shop","potentialAction":[{"@type":"SearchAction","target":{"@type":"EntryPoint","urlTemplate":"https:\/\/sailproof.shop\/fr\/?s={search_term_string}"},"query-input":{"@type":"PropertyValueSpecification","valueRequired":true,"valueName":"search_term_string"}}],"inLanguage":"fr-FR"},{"@type":"Organization","@id":"https:\/\/sailproof.shop\/fr\/#organization","name":"SailProof Shop","url":"https:\/\/sailproof.shop\/fr\/","logo":{"@type":"ImageObject","inLanguage":"fr-FR","@id":"https:\/\/sailproof.shop\/fr\/#\/schema\/logo\/image\/","url":"https:\/\/sailproof.shop\/wp-content\/uploads\/2024\/10\/Logo-SailProof.png","contentUrl":"https:\/\/sailproof.shop\/wp-content\/uploads\/2024\/10\/Logo-SailProof.png","width":160,"height":57,"caption":"SailProof Shop"},"image":{"@id":"https:\/\/sailproof.shop\/fr\/#\/schema\/logo\/image\/"},"sameAs":["https:\/\/www.facebook.com\/sailproof","https:\/\/x.com\/SailproofShop","https:\/\/instagram.com\/sail.proof","https:\/\/www.linkedin.com\/company\/sailproofshop\/","https:\/\/www.pinterest.com\/SailProof\/","https:\/\/www.youtube.com\/channel\/UClR4lWJvI8KoSGnCbLYPaFg"]}]}},"_links":{"self":[{"href":"https:\/\/sailproof.shop\/fr\/wp-json\/wp\/v2\/product\/99704","targetHints":{"allow":["GET"]}}],"collection":[{"href":"https:\/\/sailproof.shop\/fr\/wp-json\/wp\/v2\/product"}],"about":[{"href":"https:\/\/sailproof.shop\/fr\/wp-json\/wp\/v2\/types\/product"}],"wp:featuredmedia":[{"embeddable":true,"href":"https:\/\/sailproof.shop\/fr\/wp-json\/wp\/v2\/media\/99717"}],"wp:attachment":[{"href":"https:\/\/sailproof.shop\/fr\/wp-json\/wp\/v2\/media?parent=99704"}],"wp:term":[{"taxonomy":"product_brand","embeddable":true,"href":"https:\/\/sailproof.shop\/fr\/wp-json\/wp\/v2\/product_brand?post=99704"},{"taxonomy":"product_cat","embeddable":true,"href":"https:\/\/sailproof.shop\/fr\/wp-json\/wp\/v2\/product_cat?post=99704"},{"taxonomy":"product_tag","embeddable":true,"href":"https:\/\/sailproof.shop\/fr\/wp-json\/wp\/v2\/product_tag?post=99704"}],"curies":[{"name":"wp","href":"https:\/\/api.w.org\/{rel}","templated":true}]}}