{"id":99753,"date":"2025-09-12T11:28:21","date_gmt":"2025-09-12T10:28:21","guid":{"rendered":"https:\/\/sailproof.shop\/?post_type=product&#038;p=99753"},"modified":"2026-03-24T14:34:45","modified_gmt":"2026-03-24T13:34:45","slug":"support-ram-mount-avec-plaque-compatible-vesa-75x75mm-copy","status":"publish","type":"product","link":"https:\/\/sailproof.shop\/fr\/produit\/support-ram-mount-avec-plaque-compatible-vesa-75x75mm-copy\/","title":{"rendered":"Plaque VESA 75x75mm pour support RAM MOUNT"},"content":{"rendered":"<p>Le RAM-2461U se compose d\u2019une boule en caoutchouc de taille C de 1,5&Prime; reli\u00e9e \u00e0 une plaque carr\u00e9e de 92 mm adapt\u00e9e au standard VESA de 75 mm x 75 mm. Le RAM-2461U se fixera \u00e0 tous les bras de taille C. <\/p>\n","protected":false},"excerpt":{"rendered":"<p>Plaque RAM Mount VESA 75x75mm avec boule de taille C, adapt\u00e9e aux \u00e9crans tactiles SailProof STS10, STS13 et STS15, en combinaison avec un bras long et une base de taille C.<\/p>\n","protected":false},"featured_media":99741,"template":"","meta":[],"product_brand":[910],"product_cat":[633],"product_tag":[732,735],"class_list":{"0":"post-99753","1":"product","2":"type-product","3":"status-publish","4":"has-post-thumbnail","6":"product_brand-ram-mounts","7":"product_cat-supports-decran-tactile","8":"product_tag-garantie-2-ans","9":"product_tag-livraison-rapide","11":"first","12":"instock","13":"taxable","14":"shipping-taxable","15":"purchasable","16":"product-type-simple"},"supplier_id":null,"supplier_sku":"","barcode":null,"atum_controlled":true,"out_stock_date":null,"out_stock_threshold":null,"inheritable":false,"inbound_stock":0,"stock_on_hold":0,"sold_today":0,"sales_last_days":0,"out_stock_days":0,"lost_sales":0,"has_location":false,"update_date":"2026-04-17T00:55:20","atum_locations":[],"atum_stock_status":"instock","restock_status":false,"low_stock_amount":2,"sales_update_date":"2026-04-17T00:55:20","calc_backorders":0,"yoast_head":"<!-- This site is optimized with the Yoast SEO plugin v27.3 - https:\/\/yoast.com\/product\/yoast-seo-wordpress\/ -->\n<title>Plaque VESA 75x75mm pour support RAM MOUNT - SailProof shop<\/title>\n<meta name=\"description\" content=\"Boule en caoutchouc de taille C 1,5&quot; connect\u00e9e \u00e0 une plaque carr\u00e9eau standard VESA de 75mm x 75mm. Adapt\u00e9e \u00e0 tous les \u00e9crans tactiles marinis\u00e9s SailProof\" \/>\n<meta name=\"robots\" content=\"index, follow, max-snippet:-1, max-image-preview:large, max-video-preview:-1\" \/>\n<link rel=\"canonical\" href=\"https:\/\/sailproof.shop\/fr\/produit\/support-ram-mount-avec-plaque-compatible-vesa-75x75mm-copy\/\" \/>\n<meta property=\"og:locale\" content=\"fr_FR\" \/>\n<meta property=\"og:type\" content=\"article\" \/>\n<meta property=\"og:title\" content=\"Plaque VESA 75x75mm pour support RAM MOUNT - SailProof shop\" \/>\n<meta property=\"og:description\" content=\"Boule en caoutchouc de taille C 1,5&quot; connect\u00e9e \u00e0 une plaque carr\u00e9eau standard VESA de 75mm x 75mm. Adapt\u00e9e \u00e0 tous les \u00e9crans tactiles marinis\u00e9s SailProof\" \/>\n<meta property=\"og:url\" content=\"https:\/\/sailproof.shop\/fr\/produit\/support-ram-mount-avec-plaque-compatible-vesa-75x75mm-copy\/\" \/>\n<meta property=\"og:site_name\" content=\"SailProof shop\" \/>\n<meta property=\"article:publisher\" content=\"https:\/\/www.facebook.com\/sailproof\" \/>\n<meta property=\"article:modified_time\" content=\"2026-03-24T13:34:45+00:00\" \/>\n<meta property=\"og:image\" content=\"https:\/\/sailproof.shop\/wp-content\/uploads\/2025\/09\/RAM-2461U-75x75mm-plate.jpg\" \/>\n\t<meta property=\"og:image:width\" content=\"800\" \/>\n\t<meta property=\"og:image:height\" content=\"800\" \/>\n\t<meta property=\"og:image:type\" content=\"image\/jpeg\" \/>\n<meta name=\"twitter:card\" content=\"summary_large_image\" \/>\n<meta name=\"twitter:site\" content=\"@SailproofShop\" \/>\n<script type=\"application\/ld+json\" class=\"yoast-schema-graph\">{\"@context\":\"https:\\\/\\\/schema.org\",\"@graph\":[{\"@type\":\"WebPage\",\"@id\":\"https:\\\/\\\/sailproof.shop\\\/fr\\\/produit\\\/support-ram-mount-avec-plaque-compatible-vesa-75x75mm-copy\\\/\",\"url\":\"https:\\\/\\\/sailproof.shop\\\/fr\\\/produit\\\/support-ram-mount-avec-plaque-compatible-vesa-75x75mm-copy\\\/\",\"name\":\"Plaque VESA 75x75mm pour support RAM MOUNT - SailProof shop\",\"isPartOf\":{\"@id\":\"https:\\\/\\\/sailproof.shop\\\/fr\\\/#website\"},\"primaryImageOfPage\":{\"@id\":\"https:\\\/\\\/sailproof.shop\\\/fr\\\/produit\\\/support-ram-mount-avec-plaque-compatible-vesa-75x75mm-copy\\\/#primaryimage\"},\"image\":{\"@id\":\"https:\\\/\\\/sailproof.shop\\\/fr\\\/produit\\\/support-ram-mount-avec-plaque-compatible-vesa-75x75mm-copy\\\/#primaryimage\"},\"thumbnailUrl\":\"https:\\\/\\\/sailproof.shop\\\/wp-content\\\/uploads\\\/2025\\\/09\\\/RAM-2461U-75x75mm-plate.jpg\",\"datePublished\":\"2025-09-12T10:28:21+00:00\",\"dateModified\":\"2026-03-24T13:34:45+00:00\",\"description\":\"Boule en caoutchouc de taille C 1,5\\\" connect\u00e9e \u00e0 une plaque carr\u00e9eau standard VESA de 75mm x 75mm. Adapt\u00e9e \u00e0 tous les \u00e9crans tactiles marinis\u00e9s SailProof\",\"breadcrumb\":{\"@id\":\"https:\\\/\\\/sailproof.shop\\\/fr\\\/produit\\\/support-ram-mount-avec-plaque-compatible-vesa-75x75mm-copy\\\/#breadcrumb\"},\"inLanguage\":\"fr-FR\",\"potentialAction\":[{\"@type\":\"ReadAction\",\"target\":[\"https:\\\/\\\/sailproof.shop\\\/fr\\\/produit\\\/support-ram-mount-avec-plaque-compatible-vesa-75x75mm-copy\\\/\"]}]},{\"@type\":\"ImageObject\",\"inLanguage\":\"fr-FR\",\"@id\":\"https:\\\/\\\/sailproof.shop\\\/fr\\\/produit\\\/support-ram-mount-avec-plaque-compatible-vesa-75x75mm-copy\\\/#primaryimage\",\"url\":\"https:\\\/\\\/sailproof.shop\\\/wp-content\\\/uploads\\\/2025\\\/09\\\/RAM-2461U-75x75mm-plate.jpg\",\"contentUrl\":\"https:\\\/\\\/sailproof.shop\\\/wp-content\\\/uploads\\\/2025\\\/09\\\/RAM-2461U-75x75mm-plate.jpg\",\"width\":800,\"height\":800,\"caption\":\"RAM 75x75mm VESA Plate with Ball - C Size\"},{\"@type\":\"BreadcrumbList\",\"@id\":\"https:\\\/\\\/sailproof.shop\\\/fr\\\/produit\\\/support-ram-mount-avec-plaque-compatible-vesa-75x75mm-copy\\\/#breadcrumb\",\"itemListElement\":[{\"@type\":\"ListItem\",\"position\":1,\"name\":\"Accueil\",\"item\":\"https:\\\/\\\/sailproof.shop\\\/fr\\\/\"},{\"@type\":\"ListItem\",\"position\":2,\"name\":\"Boutique\",\"item\":\"https:\\\/\\\/sailproof.shop\\\/fr\\\/boutique\\\/\"},{\"@type\":\"ListItem\",\"position\":3,\"name\":\"Supports\",\"item\":\"https:\\\/\\\/sailproof.shop\\\/fr\\\/categorie-produit\\\/supports\\\/\"},{\"@type\":\"ListItem\",\"position\":4,\"name\":\"Supports d'\u00e9cran tactile\",\"item\":\"https:\\\/\\\/sailproof.shop\\\/fr\\\/categorie-produit\\\/supports\\\/supports-decran-tactile\\\/\"},{\"@type\":\"ListItem\",\"position\":5,\"name\":\"Private: Plaque VESA 75x75mm pour support RAM MOUNT\"}]},{\"@type\":\"WebSite\",\"@id\":\"https:\\\/\\\/sailproof.shop\\\/fr\\\/#website\",\"url\":\"https:\\\/\\\/sailproof.shop\\\/fr\\\/\",\"name\":\"SailProof Shop\",\"description\":\"Rugged tablets and waterproof electronic device for sailors\",\"publisher\":{\"@id\":\"https:\\\/\\\/sailproof.shop\\\/fr\\\/#organization\"},\"alternateName\":\"SailProof Shop\",\"potentialAction\":[{\"@type\":\"SearchAction\",\"target\":{\"@type\":\"EntryPoint\",\"urlTemplate\":\"https:\\\/\\\/sailproof.shop\\\/fr\\\/?s={search_term_string}\"},\"query-input\":{\"@type\":\"PropertyValueSpecification\",\"valueRequired\":true,\"valueName\":\"search_term_string\"}}],\"inLanguage\":\"fr-FR\"},{\"@type\":\"Organization\",\"@id\":\"https:\\\/\\\/sailproof.shop\\\/fr\\\/#organization\",\"name\":\"SailProof Shop\",\"url\":\"https:\\\/\\\/sailproof.shop\\\/fr\\\/\",\"logo\":{\"@type\":\"ImageObject\",\"inLanguage\":\"fr-FR\",\"@id\":\"https:\\\/\\\/sailproof.shop\\\/fr\\\/#\\\/schema\\\/logo\\\/image\\\/\",\"url\":\"https:\\\/\\\/sailproof.shop\\\/wp-content\\\/uploads\\\/2024\\\/10\\\/Logo-SailProof.png\",\"contentUrl\":\"https:\\\/\\\/sailproof.shop\\\/wp-content\\\/uploads\\\/2024\\\/10\\\/Logo-SailProof.png\",\"width\":160,\"height\":57,\"caption\":\"SailProof Shop\"},\"image\":{\"@id\":\"https:\\\/\\\/sailproof.shop\\\/fr\\\/#\\\/schema\\\/logo\\\/image\\\/\"},\"sameAs\":[\"https:\\\/\\\/www.facebook.com\\\/sailproof\",\"https:\\\/\\\/x.com\\\/SailproofShop\",\"https:\\\/\\\/instagram.com\\\/sail.proof\",\"https:\\\/\\\/www.linkedin.com\\\/company\\\/sailproofshop\\\/\",\"https:\\\/\\\/www.pinterest.com\\\/SailProof\\\/\",\"https:\\\/\\\/www.youtube.com\\\/channel\\\/UClR4lWJvI8KoSGnCbLYPaFg\"]}]}<\/script>\n<!-- \/ Yoast SEO plugin. -->","yoast_head_json":{"title":"Plaque VESA 75x75mm pour support RAM MOUNT - SailProof shop","description":"Boule en caoutchouc de taille C 1,5\" connect\u00e9e \u00e0 une plaque carr\u00e9eau standard VESA de 75mm x 75mm. Adapt\u00e9e \u00e0 tous les \u00e9crans tactiles marinis\u00e9s SailProof","robots":{"index":"index","follow":"follow","max-snippet":"max-snippet:-1","max-image-preview":"max-image-preview:large","max-video-preview":"max-video-preview:-1"},"canonical":"https:\/\/sailproof.shop\/fr\/produit\/support-ram-mount-avec-plaque-compatible-vesa-75x75mm-copy\/","og_locale":"fr_FR","og_type":"article","og_title":"Plaque VESA 75x75mm pour support RAM MOUNT - SailProof shop","og_description":"Boule en caoutchouc de taille C 1,5\" connect\u00e9e \u00e0 une plaque carr\u00e9eau standard VESA de 75mm x 75mm. Adapt\u00e9e \u00e0 tous les \u00e9crans tactiles marinis\u00e9s SailProof","og_url":"https:\/\/sailproof.shop\/fr\/produit\/support-ram-mount-avec-plaque-compatible-vesa-75x75mm-copy\/","og_site_name":"SailProof shop","article_publisher":"https:\/\/www.facebook.com\/sailproof","article_modified_time":"2026-03-24T13:34:45+00:00","og_image":[{"width":800,"height":800,"url":"https:\/\/sailproof.shop\/wp-content\/uploads\/2025\/09\/RAM-2461U-75x75mm-plate.jpg","type":"image\/jpeg"}],"twitter_card":"summary_large_image","twitter_site":"@SailproofShop","schema":{"@context":"https:\/\/schema.org","@graph":[{"@type":"WebPage","@id":"https:\/\/sailproof.shop\/fr\/produit\/support-ram-mount-avec-plaque-compatible-vesa-75x75mm-copy\/","url":"https:\/\/sailproof.shop\/fr\/produit\/support-ram-mount-avec-plaque-compatible-vesa-75x75mm-copy\/","name":"Plaque VESA 75x75mm pour support RAM MOUNT - SailProof shop","isPartOf":{"@id":"https:\/\/sailproof.shop\/fr\/#website"},"primaryImageOfPage":{"@id":"https:\/\/sailproof.shop\/fr\/produit\/support-ram-mount-avec-plaque-compatible-vesa-75x75mm-copy\/#primaryimage"},"image":{"@id":"https:\/\/sailproof.shop\/fr\/produit\/support-ram-mount-avec-plaque-compatible-vesa-75x75mm-copy\/#primaryimage"},"thumbnailUrl":"https:\/\/sailproof.shop\/wp-content\/uploads\/2025\/09\/RAM-2461U-75x75mm-plate.jpg","datePublished":"2025-09-12T10:28:21+00:00","dateModified":"2026-03-24T13:34:45+00:00","description":"Boule en caoutchouc de taille C 1,5\" connect\u00e9e \u00e0 une plaque carr\u00e9eau standard VESA de 75mm x 75mm. Adapt\u00e9e \u00e0 tous les \u00e9crans tactiles marinis\u00e9s SailProof","breadcrumb":{"@id":"https:\/\/sailproof.shop\/fr\/produit\/support-ram-mount-avec-plaque-compatible-vesa-75x75mm-copy\/#breadcrumb"},"inLanguage":"fr-FR","potentialAction":[{"@type":"ReadAction","target":["https:\/\/sailproof.shop\/fr\/produit\/support-ram-mount-avec-plaque-compatible-vesa-75x75mm-copy\/"]}]},{"@type":"ImageObject","inLanguage":"fr-FR","@id":"https:\/\/sailproof.shop\/fr\/produit\/support-ram-mount-avec-plaque-compatible-vesa-75x75mm-copy\/#primaryimage","url":"https:\/\/sailproof.shop\/wp-content\/uploads\/2025\/09\/RAM-2461U-75x75mm-plate.jpg","contentUrl":"https:\/\/sailproof.shop\/wp-content\/uploads\/2025\/09\/RAM-2461U-75x75mm-plate.jpg","width":800,"height":800,"caption":"RAM 75x75mm VESA Plate with Ball - C Size"},{"@type":"BreadcrumbList","@id":"https:\/\/sailproof.shop\/fr\/produit\/support-ram-mount-avec-plaque-compatible-vesa-75x75mm-copy\/#breadcrumb","itemListElement":[{"@type":"ListItem","position":1,"name":"Accueil","item":"https:\/\/sailproof.shop\/fr\/"},{"@type":"ListItem","position":2,"name":"Boutique","item":"https:\/\/sailproof.shop\/fr\/boutique\/"},{"@type":"ListItem","position":3,"name":"Supports","item":"https:\/\/sailproof.shop\/fr\/categorie-produit\/supports\/"},{"@type":"ListItem","position":4,"name":"Supports d'\u00e9cran tactile","item":"https:\/\/sailproof.shop\/fr\/categorie-produit\/supports\/supports-decran-tactile\/"},{"@type":"ListItem","position":5,"name":"Private: Plaque VESA 75x75mm pour support RAM MOUNT"}]},{"@type":"WebSite","@id":"https:\/\/sailproof.shop\/fr\/#website","url":"https:\/\/sailproof.shop\/fr\/","name":"SailProof Shop","description":"Rugged tablets and waterproof electronic device for sailors","publisher":{"@id":"https:\/\/sailproof.shop\/fr\/#organization"},"alternateName":"SailProof Shop","potentialAction":[{"@type":"SearchAction","target":{"@type":"EntryPoint","urlTemplate":"https:\/\/sailproof.shop\/fr\/?s={search_term_string}"},"query-input":{"@type":"PropertyValueSpecification","valueRequired":true,"valueName":"search_term_string"}}],"inLanguage":"fr-FR"},{"@type":"Organization","@id":"https:\/\/sailproof.shop\/fr\/#organization","name":"SailProof Shop","url":"https:\/\/sailproof.shop\/fr\/","logo":{"@type":"ImageObject","inLanguage":"fr-FR","@id":"https:\/\/sailproof.shop\/fr\/#\/schema\/logo\/image\/","url":"https:\/\/sailproof.shop\/wp-content\/uploads\/2024\/10\/Logo-SailProof.png","contentUrl":"https:\/\/sailproof.shop\/wp-content\/uploads\/2024\/10\/Logo-SailProof.png","width":160,"height":57,"caption":"SailProof Shop"},"image":{"@id":"https:\/\/sailproof.shop\/fr\/#\/schema\/logo\/image\/"},"sameAs":["https:\/\/www.facebook.com\/sailproof","https:\/\/x.com\/SailproofShop","https:\/\/instagram.com\/sail.proof","https:\/\/www.linkedin.com\/company\/sailproofshop\/","https:\/\/www.pinterest.com\/SailProof\/","https:\/\/www.youtube.com\/channel\/UClR4lWJvI8KoSGnCbLYPaFg"]}]}},"_links":{"self":[{"href":"https:\/\/sailproof.shop\/fr\/wp-json\/wp\/v2\/product\/99753","targetHints":{"allow":["GET"]}}],"collection":[{"href":"https:\/\/sailproof.shop\/fr\/wp-json\/wp\/v2\/product"}],"about":[{"href":"https:\/\/sailproof.shop\/fr\/wp-json\/wp\/v2\/types\/product"}],"wp:featuredmedia":[{"embeddable":true,"href":"https:\/\/sailproof.shop\/fr\/wp-json\/wp\/v2\/media\/99741"}],"wp:attachment":[{"href":"https:\/\/sailproof.shop\/fr\/wp-json\/wp\/v2\/media?parent=99753"}],"wp:term":[{"taxonomy":"product_brand","embeddable":true,"href":"https:\/\/sailproof.shop\/fr\/wp-json\/wp\/v2\/product_brand?post=99753"},{"taxonomy":"product_cat","embeddable":true,"href":"https:\/\/sailproof.shop\/fr\/wp-json\/wp\/v2\/product_cat?post=99753"},{"taxonomy":"product_tag","embeddable":true,"href":"https:\/\/sailproof.shop\/fr\/wp-json\/wp\/v2\/product_tag?post=99753"}],"curies":[{"name":"wp","href":"https:\/\/api.w.org\/{rel}","templated":true}]}}