{"id":99775,"date":"2025-09-12T16:22:37","date_gmt":"2025-09-12T15:22:37","guid":{"rendered":"https:\/\/sailproof.shop\/?post_type=product&#038;p=99775"},"modified":"2026-03-31T17:12:33","modified_gmt":"2026-03-31T16:12:33","slug":"station-daccueil-pour-tablette-sp10as-copy","status":"publish","type":"product","link":"https:\/\/sailproof.shop\/fr\/produit\/station-daccueil-pour-tablette-sp10as-copy\/","title":{"rendered":"Station d&rsquo;accueil pour tablettes SP10S et SP10X"},"content":{"rendered":"<p>Station d\u2019accueil de table con\u00e7ue pour les tablettes durcies SP10S et SP10X, permettant la charge simultan\u00e9e de votre tablette et une batterie suppl\u00e9mentaire, avec plusieurs options de connectivit\u00e9.<\/p>\n","protected":false},"excerpt":{"rendered":"<p>Station d\u2019accueil de table pour les tablettes durcies 10 pouces SailProof, mod\u00e8les SP10S et SP10X<\/p>\n","protected":false},"featured_media":99812,"template":"","meta":[],"product_brand":[900],"product_cat":[632],"product_tag":[732,735],"class_list":{"0":"post-99775","1":"product","2":"type-product","3":"status-publish","4":"has-post-thumbnail","6":"product_brand-sailproof","7":"product_cat-supports-de-tablette","8":"product_tag-garantie-2-ans","9":"product_tag-livraison-rapide","11":"first","12":"onbackorder","13":"taxable","14":"shipping-taxable","15":"purchasable","16":"product-type-simple"},"supplier_id":null,"supplier_sku":"","barcode":null,"atum_controlled":true,"out_stock_date":"2026-04-08 19:52:13","out_stock_threshold":null,"inheritable":false,"inbound_stock":0,"stock_on_hold":1,"sold_today":0,"sales_last_days":0,"out_stock_days":3,"lost_sales":0,"has_location":false,"update_date":"2026-04-12T00:38:40","atum_locations":[],"atum_stock_status":"onbackorder","restock_status":false,"low_stock_amount":3,"sales_update_date":"2026-04-12T00:38:40","calc_backorders":0,"yoast_head":"<!-- This site is optimized with the Yoast SEO plugin v27.3 - https:\/\/yoast.com\/product\/yoast-seo-wordpress\/ -->\n<title>Station d&#039;accueil pour tablettes SP10S et SP10X - SailProof shop<\/title>\n<meta name=\"description\" content=\"Station d\u2019accueil pour les tablettes robustes SP10S et SP10X, permettant la charge d\u2019une tablette et d\u2019une batterie suppl\u00e9mentaire, avec plusieurs options de connectivit\u00e9.\" \/>\n<meta name=\"robots\" content=\"index, follow, max-snippet:-1, max-image-preview:large, max-video-preview:-1\" \/>\n<link rel=\"canonical\" href=\"https:\/\/sailproof.shop\/fr\/produit\/station-daccueil-pour-tablette-sp10as-copy\/\" \/>\n<meta property=\"og:locale\" content=\"fr_FR\" \/>\n<meta property=\"og:type\" content=\"article\" \/>\n<meta property=\"og:title\" content=\"Station d&#039;accueil pour tablettes SP10S et SP10X - SailProof shop\" \/>\n<meta property=\"og:description\" content=\"Station d\u2019accueil pour les tablettes robustes SP10S et SP10X, permettant la charge d\u2019une tablette et d\u2019une batterie suppl\u00e9mentaire, avec plusieurs options de connectivit\u00e9.\" \/>\n<meta property=\"og:url\" content=\"https:\/\/sailproof.shop\/fr\/produit\/station-daccueil-pour-tablette-sp10as-copy\/\" \/>\n<meta property=\"og:site_name\" content=\"SailProof shop\" \/>\n<meta property=\"article:publisher\" content=\"https:\/\/www.facebook.com\/sailproof\" \/>\n<meta property=\"article:modified_time\" content=\"2026-03-31T16:12:33+00:00\" \/>\n<meta property=\"og:image\" content=\"https:\/\/sailproof.shop\/wp-content\/uploads\/2025\/09\/Sailproof-Docking-Station_SPR11_06-min.jpg\" \/>\n\t<meta property=\"og:image:width\" content=\"1000\" \/>\n\t<meta property=\"og:image:height\" content=\"1000\" \/>\n\t<meta property=\"og:image:type\" content=\"image\/jpeg\" \/>\n<meta name=\"twitter:card\" content=\"summary_large_image\" \/>\n<meta name=\"twitter:site\" content=\"@SailproofShop\" \/>\n<meta name=\"twitter:label1\" content=\"Dur\u00e9e de lecture estim\u00e9e\" \/>\n\t<meta name=\"twitter:data1\" content=\"1 minute\" \/>\n<script type=\"application\/ld+json\" class=\"yoast-schema-graph\">{\"@context\":\"https:\\\/\\\/schema.org\",\"@graph\":[{\"@type\":\"WebPage\",\"@id\":\"https:\\\/\\\/sailproof.shop\\\/fr\\\/produit\\\/station-daccueil-pour-tablette-sp10as-copy\\\/\",\"url\":\"https:\\\/\\\/sailproof.shop\\\/fr\\\/produit\\\/station-daccueil-pour-tablette-sp10as-copy\\\/\",\"name\":\"Station d'accueil pour tablettes SP10S et SP10X - SailProof shop\",\"isPartOf\":{\"@id\":\"https:\\\/\\\/sailproof.shop\\\/fr\\\/#website\"},\"primaryImageOfPage\":{\"@id\":\"https:\\\/\\\/sailproof.shop\\\/fr\\\/produit\\\/station-daccueil-pour-tablette-sp10as-copy\\\/#primaryimage\"},\"image\":{\"@id\":\"https:\\\/\\\/sailproof.shop\\\/fr\\\/produit\\\/station-daccueil-pour-tablette-sp10as-copy\\\/#primaryimage\"},\"thumbnailUrl\":\"https:\\\/\\\/sailproof.shop\\\/wp-content\\\/uploads\\\/2025\\\/09\\\/Sailproof-Docking-Station_SPR11_06-min.jpg\",\"datePublished\":\"2025-09-12T15:22:37+00:00\",\"dateModified\":\"2026-03-31T16:12:33+00:00\",\"description\":\"Station d\u2019accueil pour les tablettes robustes SP10S et SP10X, permettant la charge d\u2019une tablette et d\u2019une batterie suppl\u00e9mentaire, avec plusieurs options de connectivit\u00e9.\",\"breadcrumb\":{\"@id\":\"https:\\\/\\\/sailproof.shop\\\/fr\\\/produit\\\/station-daccueil-pour-tablette-sp10as-copy\\\/#breadcrumb\"},\"inLanguage\":\"fr-FR\",\"potentialAction\":[{\"@type\":\"ReadAction\",\"target\":[\"https:\\\/\\\/sailproof.shop\\\/fr\\\/produit\\\/station-daccueil-pour-tablette-sp10as-copy\\\/\"]}]},{\"@type\":\"ImageObject\",\"inLanguage\":\"fr-FR\",\"@id\":\"https:\\\/\\\/sailproof.shop\\\/fr\\\/produit\\\/station-daccueil-pour-tablette-sp10as-copy\\\/#primaryimage\",\"url\":\"https:\\\/\\\/sailproof.shop\\\/wp-content\\\/uploads\\\/2025\\\/09\\\/Sailproof-Docking-Station_SPR11_06-min.jpg\",\"contentUrl\":\"https:\\\/\\\/sailproof.shop\\\/wp-content\\\/uploads\\\/2025\\\/09\\\/Sailproof-Docking-Station_SPR11_06-min.jpg\",\"width\":1000,\"height\":1000,\"caption\":\"Station d\u2019accueil SailProof pour tablette durcie SP10S et SP10X\"},{\"@type\":\"BreadcrumbList\",\"@id\":\"https:\\\/\\\/sailproof.shop\\\/fr\\\/produit\\\/station-daccueil-pour-tablette-sp10as-copy\\\/#breadcrumb\",\"itemListElement\":[{\"@type\":\"ListItem\",\"position\":1,\"name\":\"Accueil\",\"item\":\"https:\\\/\\\/sailproof.shop\\\/fr\\\/\"},{\"@type\":\"ListItem\",\"position\":2,\"name\":\"Boutique\",\"item\":\"https:\\\/\\\/sailproof.shop\\\/fr\\\/boutique\\\/\"},{\"@type\":\"ListItem\",\"position\":3,\"name\":\"Supports\",\"item\":\"https:\\\/\\\/sailproof.shop\\\/fr\\\/categorie-produit\\\/supports\\\/\"},{\"@type\":\"ListItem\",\"position\":4,\"name\":\"Supports de tablette bateau\",\"item\":\"https:\\\/\\\/sailproof.shop\\\/fr\\\/categorie-produit\\\/supports\\\/supports-de-tablette\\\/\"},{\"@type\":\"ListItem\",\"position\":5,\"name\":\"Station d&#8217;accueil pour tablettes SP10S et SP10X\"}]},{\"@type\":\"WebSite\",\"@id\":\"https:\\\/\\\/sailproof.shop\\\/fr\\\/#website\",\"url\":\"https:\\\/\\\/sailproof.shop\\\/fr\\\/\",\"name\":\"SailProof Shop\",\"description\":\"Rugged tablets and waterproof electronic device for sailors\",\"publisher\":{\"@id\":\"https:\\\/\\\/sailproof.shop\\\/fr\\\/#organization\"},\"alternateName\":\"SailProof Shop\",\"potentialAction\":[{\"@type\":\"SearchAction\",\"target\":{\"@type\":\"EntryPoint\",\"urlTemplate\":\"https:\\\/\\\/sailproof.shop\\\/fr\\\/?s={search_term_string}\"},\"query-input\":{\"@type\":\"PropertyValueSpecification\",\"valueRequired\":true,\"valueName\":\"search_term_string\"}}],\"inLanguage\":\"fr-FR\"},{\"@type\":\"Organization\",\"@id\":\"https:\\\/\\\/sailproof.shop\\\/fr\\\/#organization\",\"name\":\"SailProof Shop\",\"url\":\"https:\\\/\\\/sailproof.shop\\\/fr\\\/\",\"logo\":{\"@type\":\"ImageObject\",\"inLanguage\":\"fr-FR\",\"@id\":\"https:\\\/\\\/sailproof.shop\\\/fr\\\/#\\\/schema\\\/logo\\\/image\\\/\",\"url\":\"https:\\\/\\\/sailproof.shop\\\/wp-content\\\/uploads\\\/2024\\\/10\\\/Logo-SailProof.png\",\"contentUrl\":\"https:\\\/\\\/sailproof.shop\\\/wp-content\\\/uploads\\\/2024\\\/10\\\/Logo-SailProof.png\",\"width\":160,\"height\":57,\"caption\":\"SailProof Shop\"},\"image\":{\"@id\":\"https:\\\/\\\/sailproof.shop\\\/fr\\\/#\\\/schema\\\/logo\\\/image\\\/\"},\"sameAs\":[\"https:\\\/\\\/www.facebook.com\\\/sailproof\",\"https:\\\/\\\/x.com\\\/SailproofShop\",\"https:\\\/\\\/instagram.com\\\/sail.proof\",\"https:\\\/\\\/www.linkedin.com\\\/company\\\/sailproofshop\\\/\",\"https:\\\/\\\/www.pinterest.com\\\/SailProof\\\/\",\"https:\\\/\\\/www.youtube.com\\\/channel\\\/UClR4lWJvI8KoSGnCbLYPaFg\"]}]}<\/script>\n<!-- \/ Yoast SEO plugin. -->","yoast_head_json":{"title":"Station d'accueil pour tablettes SP10S et SP10X - SailProof shop","description":"Station d\u2019accueil pour les tablettes robustes SP10S et SP10X, permettant la charge d\u2019une tablette et d\u2019une batterie suppl\u00e9mentaire, avec plusieurs options de connectivit\u00e9.","robots":{"index":"index","follow":"follow","max-snippet":"max-snippet:-1","max-image-preview":"max-image-preview:large","max-video-preview":"max-video-preview:-1"},"canonical":"https:\/\/sailproof.shop\/fr\/produit\/station-daccueil-pour-tablette-sp10as-copy\/","og_locale":"fr_FR","og_type":"article","og_title":"Station d'accueil pour tablettes SP10S et SP10X - SailProof shop","og_description":"Station d\u2019accueil pour les tablettes robustes SP10S et SP10X, permettant la charge d\u2019une tablette et d\u2019une batterie suppl\u00e9mentaire, avec plusieurs options de connectivit\u00e9.","og_url":"https:\/\/sailproof.shop\/fr\/produit\/station-daccueil-pour-tablette-sp10as-copy\/","og_site_name":"SailProof shop","article_publisher":"https:\/\/www.facebook.com\/sailproof","article_modified_time":"2026-03-31T16:12:33+00:00","og_image":[{"width":1000,"height":1000,"url":"https:\/\/sailproof.shop\/wp-content\/uploads\/2025\/09\/Sailproof-Docking-Station_SPR11_06-min.jpg","type":"image\/jpeg"}],"twitter_card":"summary_large_image","twitter_site":"@SailproofShop","twitter_misc":{"Dur\u00e9e de lecture estim\u00e9e":"1 minute"},"schema":{"@context":"https:\/\/schema.org","@graph":[{"@type":"WebPage","@id":"https:\/\/sailproof.shop\/fr\/produit\/station-daccueil-pour-tablette-sp10as-copy\/","url":"https:\/\/sailproof.shop\/fr\/produit\/station-daccueil-pour-tablette-sp10as-copy\/","name":"Station d'accueil pour tablettes SP10S et SP10X - SailProof shop","isPartOf":{"@id":"https:\/\/sailproof.shop\/fr\/#website"},"primaryImageOfPage":{"@id":"https:\/\/sailproof.shop\/fr\/produit\/station-daccueil-pour-tablette-sp10as-copy\/#primaryimage"},"image":{"@id":"https:\/\/sailproof.shop\/fr\/produit\/station-daccueil-pour-tablette-sp10as-copy\/#primaryimage"},"thumbnailUrl":"https:\/\/sailproof.shop\/wp-content\/uploads\/2025\/09\/Sailproof-Docking-Station_SPR11_06-min.jpg","datePublished":"2025-09-12T15:22:37+00:00","dateModified":"2026-03-31T16:12:33+00:00","description":"Station d\u2019accueil pour les tablettes robustes SP10S et SP10X, permettant la charge d\u2019une tablette et d\u2019une batterie suppl\u00e9mentaire, avec plusieurs options de connectivit\u00e9.","breadcrumb":{"@id":"https:\/\/sailproof.shop\/fr\/produit\/station-daccueil-pour-tablette-sp10as-copy\/#breadcrumb"},"inLanguage":"fr-FR","potentialAction":[{"@type":"ReadAction","target":["https:\/\/sailproof.shop\/fr\/produit\/station-daccueil-pour-tablette-sp10as-copy\/"]}]},{"@type":"ImageObject","inLanguage":"fr-FR","@id":"https:\/\/sailproof.shop\/fr\/produit\/station-daccueil-pour-tablette-sp10as-copy\/#primaryimage","url":"https:\/\/sailproof.shop\/wp-content\/uploads\/2025\/09\/Sailproof-Docking-Station_SPR11_06-min.jpg","contentUrl":"https:\/\/sailproof.shop\/wp-content\/uploads\/2025\/09\/Sailproof-Docking-Station_SPR11_06-min.jpg","width":1000,"height":1000,"caption":"Station d\u2019accueil SailProof pour tablette durcie SP10S et SP10X"},{"@type":"BreadcrumbList","@id":"https:\/\/sailproof.shop\/fr\/produit\/station-daccueil-pour-tablette-sp10as-copy\/#breadcrumb","itemListElement":[{"@type":"ListItem","position":1,"name":"Accueil","item":"https:\/\/sailproof.shop\/fr\/"},{"@type":"ListItem","position":2,"name":"Boutique","item":"https:\/\/sailproof.shop\/fr\/boutique\/"},{"@type":"ListItem","position":3,"name":"Supports","item":"https:\/\/sailproof.shop\/fr\/categorie-produit\/supports\/"},{"@type":"ListItem","position":4,"name":"Supports de tablette bateau","item":"https:\/\/sailproof.shop\/fr\/categorie-produit\/supports\/supports-de-tablette\/"},{"@type":"ListItem","position":5,"name":"Station d&#8217;accueil pour tablettes SP10S et SP10X"}]},{"@type":"WebSite","@id":"https:\/\/sailproof.shop\/fr\/#website","url":"https:\/\/sailproof.shop\/fr\/","name":"SailProof Shop","description":"Rugged tablets and waterproof electronic device for sailors","publisher":{"@id":"https:\/\/sailproof.shop\/fr\/#organization"},"alternateName":"SailProof Shop","potentialAction":[{"@type":"SearchAction","target":{"@type":"EntryPoint","urlTemplate":"https:\/\/sailproof.shop\/fr\/?s={search_term_string}"},"query-input":{"@type":"PropertyValueSpecification","valueRequired":true,"valueName":"search_term_string"}}],"inLanguage":"fr-FR"},{"@type":"Organization","@id":"https:\/\/sailproof.shop\/fr\/#organization","name":"SailProof Shop","url":"https:\/\/sailproof.shop\/fr\/","logo":{"@type":"ImageObject","inLanguage":"fr-FR","@id":"https:\/\/sailproof.shop\/fr\/#\/schema\/logo\/image\/","url":"https:\/\/sailproof.shop\/wp-content\/uploads\/2024\/10\/Logo-SailProof.png","contentUrl":"https:\/\/sailproof.shop\/wp-content\/uploads\/2024\/10\/Logo-SailProof.png","width":160,"height":57,"caption":"SailProof Shop"},"image":{"@id":"https:\/\/sailproof.shop\/fr\/#\/schema\/logo\/image\/"},"sameAs":["https:\/\/www.facebook.com\/sailproof","https:\/\/x.com\/SailproofShop","https:\/\/instagram.com\/sail.proof","https:\/\/www.linkedin.com\/company\/sailproofshop\/","https:\/\/www.pinterest.com\/SailProof\/","https:\/\/www.youtube.com\/channel\/UClR4lWJvI8KoSGnCbLYPaFg"]}]}},"_links":{"self":[{"href":"https:\/\/sailproof.shop\/fr\/wp-json\/wp\/v2\/product\/99775","targetHints":{"allow":["GET"]}}],"collection":[{"href":"https:\/\/sailproof.shop\/fr\/wp-json\/wp\/v2\/product"}],"about":[{"href":"https:\/\/sailproof.shop\/fr\/wp-json\/wp\/v2\/types\/product"}],"wp:featuredmedia":[{"embeddable":true,"href":"https:\/\/sailproof.shop\/fr\/wp-json\/wp\/v2\/media\/99812"}],"wp:attachment":[{"href":"https:\/\/sailproof.shop\/fr\/wp-json\/wp\/v2\/media?parent=99775"}],"wp:term":[{"taxonomy":"product_brand","embeddable":true,"href":"https:\/\/sailproof.shop\/fr\/wp-json\/wp\/v2\/product_brand?post=99775"},{"taxonomy":"product_cat","embeddable":true,"href":"https:\/\/sailproof.shop\/fr\/wp-json\/wp\/v2\/product_cat?post=99775"},{"taxonomy":"product_tag","embeddable":true,"href":"https:\/\/sailproof.shop\/fr\/wp-json\/wp\/v2\/product_tag?post=99775"}],"curies":[{"name":"wp","href":"https:\/\/api.w.org\/{rel}","templated":true}]}}