{"id":1739,"date":"2024-11-18T11:26:28","date_gmt":"2024-11-18T10:26:28","guid":{"rendered":"https:\/\/sailproof.shop\/?page_id=1739"},"modified":"2026-03-24T14:34:45","modified_gmt":"2026-03-24T13:34:45","slug":"spedizione","status":"publish","type":"page","link":"https:\/\/sailproof.shop\/it\/spedizione\/","title":{"rendered":"Spedizione"},"content":{"rendered":"\n<h2 class=\"wp-block-heading\">Spedizione<\/h2>\n\n\n\n<p>I nostri costi di spedizione includono i costi di imballaggio, gestione e spedizione. Sono calcolati durante il checkout e possono essere consultati prima della conferma dell\u2019ordine. A seconda della destinazione e del peso, le spese di spedizione possono essere offerte oltre un certo importo, a seconda dell\u2019operatore scelto. Tutti i prezzi sono IVA inclusa.<\/p>\n\n\n\n<p>Consegniamo in tutto il mondo. Ti verr\u00e0 inviato un link di tracciamento dopo la convalida dell\u2019ordine. Per noi \u00e8 un punto d\u2019onore inviare i tuoi pacchi il prima possibile. A seconda della destinazione, questi impiegheranno generalmente dai 3 agli 8 giorni lavorativi. I termini esatti saranno confermati nel link di tracciamento fornito al momento dell\u2019invio. Ci impegnamo molto per assicurarci che tu riceva il tuo articolo entro il periodo di tempo specificato. Tuttavia, questi tempi di consegna sono menzionati solo a scopo informativo e SailProof non pu\u00f2 essere ritenuta responsabile per eventuali ritardi.<\/p>\n\n\n\n<p>Siamo abituati a effettuare spedizioni verso <strong>aree remote<\/strong> (come i Caraibi, il Sud-est asiatico, l\u2019Oceano Indiano o le Isole del Pacifico). Non esitare a contattarci prima di effettuare il tuo ordine, cos\u00ec da poter trovare la soluzione migliore. Disponiamo inoltre di <strong>distributori <\/strong>in tutto il mondo: puoi <a href=\"https:\/\/sailproof.shop\/it\/dove-trovarci\/\"><u>consultare <\/u><\/a><u><a href=\"https:\/\/sailproof.shop\/it\/dove-trovarci\/\" target=\"_blank\" rel=\"noreferrer noopener\">l\u2019elenco<\/a><\/u><a href=\"https:\/\/sailproof.shop\/it\/dove-trovarci\/\"><u> completo qui.<\/u><\/a> \u00c8 possibile che non abbiano il dispositivo di cui hai bisogno in magazzino, ma puoi far spedire il tuo pacco in modo sicuro presso le loro sedi e ritirarlo quando arriverai in porto.<\/p>\n\n\n\n<h3 class=\"wp-block-heading\">Tempi di Consegna<\/h3>\n\n\n\n<p>Le spedizioni <strong>STANDARD <\/strong>(solo <strong>Unione Europea)<\/strong> vengono gestite tramite <strong>DPD<\/strong>. I tempi di consegna abituali sono:<\/p>\n\n\n\n<ul class=\"wp-block-list\">\n<li>Benelux: 1 giorno lavorativo<\/li>\n\n\n\n<li>Francia: 2 giorni lavorativi<\/li>\n\n\n\n<li>Germania: 2 giorni lavorativi<\/li>\n\n\n\n<li>Spagna, Italia: 3-4 giorni lavorativi<\/li>\n\n\n\n<li>Altri Paesi: 1-6 giorni lavorativi, ti invitiamo a <a href=\"https:\/\/www.dpd.com\/be\/en\/sending\/international-delivery\/delivery-time\/#calculator\"><u>verificare qui per informazioni pi\u00f9 precise<\/u><\/a>.<\/li>\n<\/ul>\n\n\n\n<p>Le\u00a0spedizioni <strong>EXPRESS<\/strong> vengono gestite tramite\u00a0<strong>DHL<\/strong>. I tempi di consegna abituali sono:<\/p>\n\n\n\n<ul class=\"wp-block-list\">\n<li>Benelux: 1 giorno lavorativo<\/li>\n\n\n\n<li>Francia: 1-2 giorni lavorativi<\/li>\n\n\n\n<li>Germania, Danimarca: 1-2 giorni lavorativi<\/li>\n\n\n\n<li>Spagna, Italia: 2-3 giorni lavorativi<\/li>\n\n\n\n<li>Altri Paesi UE: 1-4 giorni lavorativi<\/li>\n\n\n\n<li>USA \u2013 Canada: 2-4 giorni lavorativi (ad eccezione delle aree meno accessibili)<\/li>\n\n\n\n<li>Australia \u2013 Nuova Zelanda: 3-5 giorni lavorativi (ad eccezione delle aree meno accessibili)<\/li>\n\n\n\n<li>Resto del mondo: 3-7 giorni lavorativi<\/li>\n<\/ul>\n\n\n\n<p>Nota: Per garantire la massima sicurezza, le <strong>spedizioni di alto valore<\/strong> (superiori a 400 \u20ac IVA inclusa) vengono gestite esclusivamente tramite spedizione EXPRESS con DHL.<\/p>\n\n\n\n<h3 class=\"wp-block-heading\">Pacchetto danneggiato?<\/h3>\n\n\n\n<p>Ci occupiamo inoltre di imballare i prodotti nel miglior modo possibile per assicurarci che tu li riceva in perfette condizioni. Tuttavia, pu\u00f2 sempre accadere un incidente. Se il tuo pacco arriva danneggiato, ti preghiamo di contattarci al pi\u00f9 presto utilizzando il modulo nella pagina dei contatti o tramite e-mail. Non dimenticare di includere le foto del pacchetto.<\/p>\n\n\n\n<h3 class=\"wp-block-heading\">Consegne al di fuori dell&#8217;Unione Europea<\/h3>\n\n\n\n<p>Fuori dall\u2019Unione Europea, i prezzi si intendono IVA esclusa. Per questi ordini non addebitiamo alcuna tassa europea. A seconda della destinazione, questi ordini possono essere soggetti a tasse nazionali e dazi doganali che devi pagare al ricevimento del pacco nel paese. Eventuali costi generati dall\u2019ordine (dazi doganali, tasse, dazi all\u2019importazione, spese di giacenza o qualsiasi altro addebito) sono a carico del destinatario.<\/p>\n\n\n\n<p>SailProof copre eventuali danni di trasporto. La dogana ha il diritto di controllare e aprire i pacchi per effettuare i controlli. Se desideri maggiori informazioni sulle formalit\u00e0 doganali, i ritardi e il loro costo, contatta le autorit\u00e0 doganali del tuo paese. Fuori dall\u2019Europa, anche le spese di restituzione della merce sono a carico del cliente, salvo diverso accordo anticipato da SailProof.<\/p>\n\n\n\n<p>Va notato che le spedizioni internazionali in alcuni paesi possono essere soggette a restrizioni di consegna. \u00c8 tua responsabilit\u00e0 assicurarti che i prodotti ordinati siano conformi alla legge in vigore nel paese di destinazione. \u00c8 anche possibile che la garanzia del produttore non si applichi, che i servizi del produttore non siano forniti, che le istruzioni e le istruzioni di sicurezza non siano tradotte nella lingua locale, che i prodotti (e gli accessori) non siano conformi alla legislazione in vigore nel paese, che le indicazioni e i requisiti della marcatura non sono conformi agli standard locali e che i prodotti non sono adatti alle tensioni e agli standard elettrici attuali del paese di destinazione.<\/p>\n","protected":false},"excerpt":{"rendered":"<p>Spedizione I nostri costi di spedizione includono i costi di imballaggio, gestione e spedizione. Sono calcolati durante il checkout e possono essere consultati prima della conferma dell\u2019ordine. A seconda della destinazione e del peso, le spese di spedizione possono essere offerte oltre un certo importo, a seconda dell\u2019operatore scelto. Tutti i prezzi sono IVA inclusa. [&hellip;]<\/p>\n","protected":false},"author":1,"featured_media":0,"parent":0,"menu_order":0,"comment_status":"closed","ping_status":"closed","template":"","meta":{"footnotes":""},"class_list":["post-1739","page","type-page","status-publish","has-post-thumbnail","hentry"],"yoast_head":"<!-- This site is optimized with the Yoast SEO plugin v27.3 - https:\/\/yoast.com\/product\/yoast-seo-wordpress\/ -->\n<title>Informazioni sulle consegne<\/title>\n<meta name=\"description\" content=\"Consegniamo le nostre tablet robusti, attrezzature impermeabili per i marinai e proprietari di barche in tutto il mondo.\" \/>\n<meta name=\"robots\" content=\"index, follow, max-snippet:-1, max-image-preview:large, max-video-preview:-1\" \/>\n<link rel=\"canonical\" href=\"https:\/\/sailproof.shop\/it\/spedizione\/\" \/>\n<meta property=\"og:locale\" content=\"it_IT\" \/>\n<meta property=\"og:type\" content=\"article\" \/>\n<meta property=\"og:title\" content=\"Informazioni sulle consegne\" \/>\n<meta property=\"og:description\" content=\"Consegniamo le nostre tablet robusti, attrezzature impermeabili per i marinai e proprietari di barche in tutto il mondo.\" \/>\n<meta property=\"og:url\" content=\"https:\/\/sailproof.shop\/it\/spedizione\/\" \/>\n<meta property=\"og:site_name\" content=\"SailProof shop\" \/>\n<meta property=\"article:publisher\" content=\"https:\/\/www.facebook.com\/sailproof\" \/>\n<meta property=\"article:modified_time\" content=\"2026-03-24T13:34:45+00:00\" \/>\n<meta property=\"og:image\" content=\"https:\/\/sailproof.shop\/wp-content\/uploads\/2025\/01\/SailProof.png\" \/>\n\t<meta property=\"og:image:width\" content=\"1200\" \/>\n\t<meta property=\"og:image:height\" content=\"675\" \/>\n\t<meta property=\"og:image:type\" content=\"image\/png\" \/>\n<meta name=\"twitter:card\" content=\"summary_large_image\" \/>\n<meta name=\"twitter:site\" content=\"@SailproofShop\" \/>\n<meta name=\"twitter:label1\" content=\"Tempo di lettura stimato\" \/>\n\t<meta name=\"twitter:data1\" content=\"3 minuto\" \/>\n<script type=\"application\/ld+json\" class=\"yoast-schema-graph\">{\"@context\":\"https:\\\/\\\/schema.org\",\"@graph\":[{\"@type\":\"WebPage\",\"@id\":\"https:\\\/\\\/sailproof.shop\\\/it\\\/spedizione\\\/\",\"url\":\"https:\\\/\\\/sailproof.shop\\\/it\\\/spedizione\\\/\",\"name\":\"Informazioni sulle consegne\",\"isPartOf\":{\"@id\":\"https:\\\/\\\/sailproof.shop\\\/it\\\/#website\"},\"datePublished\":\"2024-11-18T10:26:28+00:00\",\"dateModified\":\"2026-03-24T13:34:45+00:00\",\"description\":\"Consegniamo le nostre tablet robusti, attrezzature impermeabili per i marinai e proprietari di barche in tutto il mondo.\",\"breadcrumb\":{\"@id\":\"https:\\\/\\\/sailproof.shop\\\/it\\\/spedizione\\\/#breadcrumb\"},\"inLanguage\":\"it-IT\",\"potentialAction\":[{\"@type\":\"ReadAction\",\"target\":[\"https:\\\/\\\/sailproof.shop\\\/it\\\/spedizione\\\/\"]}]},{\"@type\":\"BreadcrumbList\",\"@id\":\"https:\\\/\\\/sailproof.shop\\\/it\\\/spedizione\\\/#breadcrumb\",\"itemListElement\":[{\"@type\":\"ListItem\",\"position\":1,\"name\":\"Home\",\"item\":\"https:\\\/\\\/sailproof.shop\\\/it\\\/\"},{\"@type\":\"ListItem\",\"position\":2,\"name\":\"Spedizione\"}]},{\"@type\":\"WebSite\",\"@id\":\"https:\\\/\\\/sailproof.shop\\\/it\\\/#website\",\"url\":\"https:\\\/\\\/sailproof.shop\\\/it\\\/\",\"name\":\"SailProof Shop\",\"description\":\"Rugged tablets and waterproof electronic device for sailors\",\"publisher\":{\"@id\":\"https:\\\/\\\/sailproof.shop\\\/it\\\/#organization\"},\"alternateName\":\"SailProof Shop\",\"potentialAction\":[{\"@type\":\"SearchAction\",\"target\":{\"@type\":\"EntryPoint\",\"urlTemplate\":\"https:\\\/\\\/sailproof.shop\\\/it\\\/?s={search_term_string}\"},\"query-input\":{\"@type\":\"PropertyValueSpecification\",\"valueRequired\":true,\"valueName\":\"search_term_string\"}}],\"inLanguage\":\"it-IT\"},{\"@type\":\"Organization\",\"@id\":\"https:\\\/\\\/sailproof.shop\\\/it\\\/#organization\",\"name\":\"SailProof Shop\",\"url\":\"https:\\\/\\\/sailproof.shop\\\/it\\\/\",\"logo\":{\"@type\":\"ImageObject\",\"inLanguage\":\"it-IT\",\"@id\":\"https:\\\/\\\/sailproof.shop\\\/it\\\/#\\\/schema\\\/logo\\\/image\\\/\",\"url\":\"https:\\\/\\\/sailproof.shop\\\/wp-content\\\/uploads\\\/2024\\\/10\\\/Logo-SailProof.png\",\"contentUrl\":\"https:\\\/\\\/sailproof.shop\\\/wp-content\\\/uploads\\\/2024\\\/10\\\/Logo-SailProof.png\",\"width\":160,\"height\":57,\"caption\":\"SailProof Shop\"},\"image\":{\"@id\":\"https:\\\/\\\/sailproof.shop\\\/it\\\/#\\\/schema\\\/logo\\\/image\\\/\"},\"sameAs\":[\"https:\\\/\\\/www.facebook.com\\\/sailproof\",\"https:\\\/\\\/x.com\\\/SailproofShop\",\"https:\\\/\\\/instagram.com\\\/sail.proof\",\"https:\\\/\\\/www.linkedin.com\\\/company\\\/sailproofshop\\\/\",\"https:\\\/\\\/www.pinterest.com\\\/SailProof\\\/\",\"https:\\\/\\\/www.youtube.com\\\/channel\\\/UClR4lWJvI8KoSGnCbLYPaFg\"]}]}<\/script>\n<!-- \/ Yoast SEO plugin. -->","yoast_head_json":{"title":"Informazioni sulle consegne","description":"Consegniamo le nostre tablet robusti, attrezzature impermeabili per i marinai e proprietari di barche in tutto il mondo.","robots":{"index":"index","follow":"follow","max-snippet":"max-snippet:-1","max-image-preview":"max-image-preview:large","max-video-preview":"max-video-preview:-1"},"canonical":"https:\/\/sailproof.shop\/it\/spedizione\/","og_locale":"it_IT","og_type":"article","og_title":"Informazioni sulle consegne","og_description":"Consegniamo le nostre tablet robusti, attrezzature impermeabili per i marinai e proprietari di barche in tutto il mondo.","og_url":"https:\/\/sailproof.shop\/it\/spedizione\/","og_site_name":"SailProof shop","article_publisher":"https:\/\/www.facebook.com\/sailproof","article_modified_time":"2026-03-24T13:34:45+00:00","og_image":[{"width":1200,"height":675,"url":"https:\/\/sailproof.shop\/wp-content\/uploads\/2025\/01\/SailProof.png","type":"image\/png"}],"twitter_card":"summary_large_image","twitter_site":"@SailproofShop","twitter_misc":{"Tempo di lettura stimato":"3 minuto"},"schema":{"@context":"https:\/\/schema.org","@graph":[{"@type":"WebPage","@id":"https:\/\/sailproof.shop\/it\/spedizione\/","url":"https:\/\/sailproof.shop\/it\/spedizione\/","name":"Informazioni sulle consegne","isPartOf":{"@id":"https:\/\/sailproof.shop\/it\/#website"},"datePublished":"2024-11-18T10:26:28+00:00","dateModified":"2026-03-24T13:34:45+00:00","description":"Consegniamo le nostre tablet robusti, attrezzature impermeabili per i marinai e proprietari di barche in tutto il mondo.","breadcrumb":{"@id":"https:\/\/sailproof.shop\/it\/spedizione\/#breadcrumb"},"inLanguage":"it-IT","potentialAction":[{"@type":"ReadAction","target":["https:\/\/sailproof.shop\/it\/spedizione\/"]}]},{"@type":"BreadcrumbList","@id":"https:\/\/sailproof.shop\/it\/spedizione\/#breadcrumb","itemListElement":[{"@type":"ListItem","position":1,"name":"Home","item":"https:\/\/sailproof.shop\/it\/"},{"@type":"ListItem","position":2,"name":"Spedizione"}]},{"@type":"WebSite","@id":"https:\/\/sailproof.shop\/it\/#website","url":"https:\/\/sailproof.shop\/it\/","name":"SailProof Shop","description":"Rugged tablets and waterproof electronic device for sailors","publisher":{"@id":"https:\/\/sailproof.shop\/it\/#organization"},"alternateName":"SailProof Shop","potentialAction":[{"@type":"SearchAction","target":{"@type":"EntryPoint","urlTemplate":"https:\/\/sailproof.shop\/it\/?s={search_term_string}"},"query-input":{"@type":"PropertyValueSpecification","valueRequired":true,"valueName":"search_term_string"}}],"inLanguage":"it-IT"},{"@type":"Organization","@id":"https:\/\/sailproof.shop\/it\/#organization","name":"SailProof Shop","url":"https:\/\/sailproof.shop\/it\/","logo":{"@type":"ImageObject","inLanguage":"it-IT","@id":"https:\/\/sailproof.shop\/it\/#\/schema\/logo\/image\/","url":"https:\/\/sailproof.shop\/wp-content\/uploads\/2024\/10\/Logo-SailProof.png","contentUrl":"https:\/\/sailproof.shop\/wp-content\/uploads\/2024\/10\/Logo-SailProof.png","width":160,"height":57,"caption":"SailProof Shop"},"image":{"@id":"https:\/\/sailproof.shop\/it\/#\/schema\/logo\/image\/"},"sameAs":["https:\/\/www.facebook.com\/sailproof","https:\/\/x.com\/SailproofShop","https:\/\/instagram.com\/sail.proof","https:\/\/www.linkedin.com\/company\/sailproofshop\/","https:\/\/www.pinterest.com\/SailProof\/","https:\/\/www.youtube.com\/channel\/UClR4lWJvI8KoSGnCbLYPaFg"]}]}},"_links":{"self":[{"href":"https:\/\/sailproof.shop\/it\/wp-json\/wp\/v2\/pages\/1739","targetHints":{"allow":["GET"]}}],"collection":[{"href":"https:\/\/sailproof.shop\/it\/wp-json\/wp\/v2\/pages"}],"about":[{"href":"https:\/\/sailproof.shop\/it\/wp-json\/wp\/v2\/types\/page"}],"author":[{"embeddable":true,"href":"https:\/\/sailproof.shop\/it\/wp-json\/wp\/v2\/users\/1"}],"replies":[{"embeddable":true,"href":"https:\/\/sailproof.shop\/it\/wp-json\/wp\/v2\/comments?post=1739"}],"version-history":[{"count":3,"href":"https:\/\/sailproof.shop\/it\/wp-json\/wp\/v2\/pages\/1739\/revisions"}],"predecessor-version":[{"id":101102,"href":"https:\/\/sailproof.shop\/it\/wp-json\/wp\/v2\/pages\/1739\/revisions\/101102"}],"wp:attachment":[{"href":"https:\/\/sailproof.shop\/it\/wp-json\/wp\/v2\/media?parent=1739"}],"curies":[{"name":"wp","href":"https:\/\/api.w.org\/{rel}","templated":true}]}}